{"id":21261,"date":"2025-05-09T14:55:37","date_gmt":"2025-05-09T14:55:37","guid":{"rendered":"https:\/\/lexamedlab.com\/?page_id=21261"},"modified":"2025-05-10T08:08:19","modified_gmt":"2025-05-10T08:08:19","slug":"terms-of-use","status":"publish","type":"page","link":"https:\/\/lexamedlab.com\/de\/terms-of-use\/","title":{"rendered":"Nutzungsbedingungen"},"content":{"rendered":"<div data-elementor-type=\"wp-page\" data-elementor-id=\"21261\" class=\"elementor elementor-21261\" data-elementor-post-type=\"page\">\n\t\t\t\t<div class=\"wd-negative-gap elementor-element elementor-element-c0c7c97 e-flex e-con-boxed e-con e-parent\" data-id=\"c0c7c97\" data-element_type=\"container\">\n\t\t\t\t\t<div class=\"e-con-inner\">\n\t\t\t\t<div class=\"elementor-element elementor-element-4968077 elementor-widget elementor-widget-wd_text_block\" data-id=\"4968077\" data-element_type=\"widget\" data-widget_type=\"wd_text_block.default\">\n\t\t\t\t<div class=\"elementor-widget-container\">\n\t\t\t\t\t\t\t<div class=\"wd-text-block reset-last-child text-left\">\n\t\t\t\n\t\t\t<p data-pm-slice=\"1 1 []\"><strong>Einf\u00fchrung<\/strong> Willkommen bei <a>https:\/\/lexamedlab.com\/<\/a>Diese Nutzungsbedingungen regeln Ihren Zugriff auf unsere Website und deren Nutzung. Durch den Zugriff auf unsere Website erkl\u00e4ren Sie sich mit diesen Bedingungen einverstanden.<\/p><p><strong>Teilnahmeberechtigung<\/strong> Um unsere Website nutzen zu k\u00f6nnen, m\u00fcssen Sie mindestens 18 Jahre alt sein. Mit der Nutzung unserer Website best\u00e4tigen Sie, dass Sie diese Altersvoraussetzung erf\u00fcllen.<\/p><p><strong>Benutzerpflichten<\/strong><\/p><ul data-spread=\"false\"><li><p>Verwenden Sie die Website rechtm\u00e4\u00dfig und ethisch.<\/p><\/li><li><p>Unterlassen Sie den unbefugten Zugriff auf unsere Dienste und missbrauchen Sie diese auch nicht.<\/p><\/li><li><p>Geben Sie bei Bedarf genaue und aktuelle Informationen an.<\/p><\/li><\/ul><p><strong>Geistiges Eigentum<\/strong> Alle Inhalte, Marken, Logos und Materialien auf unserer Website sind Eigentum von Lexamedlab oder an uns lizenziert. Unbefugte Nutzung ist untersagt.<\/p><p><strong>Verbotene Aktivit\u00e4ten<\/strong><\/p><ul data-spread=\"false\"><li><p>Nutzung der Website f\u00fcr illegale Zwecke.<\/p><\/li><li><p>Versuch, die Sicherheit der Website zu verletzen.<\/p><\/li><li><p>Sich als eine andere Person oder Entit\u00e4t ausgeben.<\/p><\/li><\/ul><p><strong>Produkt- und Serviceinformationen<\/strong> Wir bem\u00fchen uns, genaue Informationen \u00fcber unsere Produkte und Dienstleistungen bereitzustellen, k\u00f6nnen jedoch nicht garantieren, dass alle Inhalte fehlerfrei sind.<\/p><p><strong>Links von Drittanbietern<\/strong> Unsere Website kann Links zu Websites Dritter enthalten. Wir sind nicht f\u00fcr deren Inhalt oder Datenschutzpraktiken verantwortlich.<\/p><p><strong>Haftungsbeschr\u00e4nkung<\/strong> Lexamedlab haftet nicht f\u00fcr indirekte, zuf\u00e4llige oder Folgesch\u00e4den, die sich aus Ihrer Nutzung unserer Website ergeben.<\/p><p><strong>\u00c4nderungen dieser Bedingungen<\/strong> Wir behalten uns das Recht vor, diese Nutzungsbedingungen jederzeit zu aktualisieren. \u00c4nderungen werden auf dieser Seite mit dem Datum der letzten Aktualisierung ver\u00f6ffentlicht.<\/p>\n\t\t\t\t\t<\/div>\n\t\t\t\t\t\t<\/div>\n\t\t\t\t<\/div>\n\t\t\t\t\t<\/div>\n\t\t\t\t<\/div>\n\t\t\t\t<\/div>","protected":false},"excerpt":{"rendered":"<p>Einleitung Willkommen bei https:\/\/lexamedlab.com\/. Diese Nutzungsbedingungen regeln Ihren Zugriff auf und Ihre Nutzung unserer Website. Durch den Zugriff auf unsere<\/p>","protected":false},"author":1,"featured_media":0,"parent":0,"menu_order":0,"comment_status":"closed","ping_status":"closed","template":"","meta":{"_acf_changed":false,"footnotes":""},"class_list":["post-21261","page","type-page","status-publish","hentry"],"acf":[],"_links":{"self":[{"href":"https:\/\/lexamedlab.com\/de\/wp-json\/wp\/v2\/pages\/21261","targetHints":{"allow":["GET"]}}],"collection":[{"href":"https:\/\/lexamedlab.com\/de\/wp-json\/wp\/v2\/pages"}],"about":[{"href":"https:\/\/lexamedlab.com\/de\/wp-json\/wp\/v2\/types\/page"}],"author":[{"embeddable":true,"href":"https:\/\/lexamedlab.com\/de\/wp-json\/wp\/v2\/users\/1"}],"replies":[{"embeddable":true,"href":"https:\/\/lexamedlab.com\/de\/wp-json\/wp\/v2\/comments?post=21261"}],"version-history":[{"count":4,"href":"https:\/\/lexamedlab.com\/de\/wp-json\/wp\/v2\/pages\/21261\/revisions"}],"predecessor-version":[{"id":21439,"href":"https:\/\/lexamedlab.com\/de\/wp-json\/wp\/v2\/pages\/21261\/revisions\/21439"}],"wp:attachment":[{"href":"https:\/\/lexamedlab.com\/de\/wp-json\/wp\/v2\/media?parent=21261"}],"curies":[{"name":"wp","href":"https:\/\/api.w.org\/{rel}","templated":true}]}}