{"id":3,"date":"2025-05-07T15:05:01","date_gmt":"2025-05-07T15:05:01","guid":{"rendered":"https:\/\/lexamedlab.com\/?page_id=3"},"modified":"2025-05-10T08:06:39","modified_gmt":"2025-05-10T08:06:39","slug":"privacy-policy","status":"publish","type":"page","link":"https:\/\/lexamedlab.com\/de\/privacy-policy\/","title":{"rendered":"Datenschutzrichtlinie"},"content":{"rendered":"<div data-elementor-type=\"wp-page\" data-elementor-id=\"3\" class=\"elementor elementor-3\" data-elementor-post-type=\"page\">\n\t\t\t\t<div class=\"wd-negative-gap elementor-element elementor-element-57f0b81d e-flex e-con-boxed e-con e-parent\" data-id=\"57f0b81d\" data-element_type=\"container\">\n\t\t\t\t\t<div class=\"e-con-inner\">\n\t\t\t\t<div class=\"elementor-element elementor-element-629844cd color-scheme-inherit text-left elementor-widget elementor-widget-text-editor\" data-id=\"629844cd\" data-element_type=\"widget\" data-widget_type=\"text-editor.default\">\n\t\t\t\t<div class=\"elementor-widget-container\">\n\t\t\t\t\t\t\t\t\t\n<p data-pm-slice=\"1 1 []\"><strong>Einf\u00fchrung<\/strong> Bei Lexamedlab legen wir gro\u00dfen Wert auf den Schutz Ihrer Privatsph\u00e4re. Diese Datenschutzrichtlinie erl\u00e4utert, wie wir Ihre Daten beim Besuch unserer Website erfassen, verwenden, weitergeben und sch\u00fctzen. <a>https:\/\/lexamedlab.com\/<\/a>.<\/p>\n<p><strong>Von uns erfasste Daten<\/strong><\/p>\n<ul data-spread=\"false\">\n<li>\n<p><strong>Pers\u00f6nliche Informationen:<\/strong> Name, E-Mail-Adresse, Telefonnummer und andere von Ihnen angegebene Kontaktdaten.<\/p>\n<\/li>\n<li>\n<p><strong>Automatisch erfasste Informationen:<\/strong> IP-Adresse, Browsertyp, Betriebssystem, Zugriffszeiten und aufgerufene Seiten.<\/p>\n<\/li>\n<li>\n<p><strong>Cookies und Tracking-Technologien:<\/strong> Wir verwenden Cookies, um Ihr Erlebnis zu verbessern und die Websitenutzung zu analysieren.<\/p>\n<\/li>\n<\/ul>\n<p><strong>Wie wir Ihre Daten verwenden<\/strong><\/p>\n<ul data-spread=\"false\">\n<li>\n<p>Bereitstellung, Betrieb und Wartung unserer Website.<\/p>\n<\/li>\n<li>\n<p>Um auf Ihre Anfragen zu antworten und Kundensupport bereitzustellen.<\/p>\n<\/li>\n<li>\n<p>Zum Senden von Marketing- und Werbemitteilungen.<\/p>\n<\/li>\n<li>\n<p>Zur Erf\u00fcllung gesetzlicher Verpflichtungen.<\/p>\n<\/li>\n<\/ul>\n<p><strong>Weitergabe Ihrer Informationen<\/strong> Wir verkaufen oder vermieten Ihre personenbezogenen Daten nicht an Dritte. Wir k\u00f6nnen Ihre Daten an Dienstleister weitergeben, die uns beim Betrieb unserer Website unterst\u00fctzen, an Justizbeh\u00f6rden oder mit Ihrer Zustimmung an andere Stellen.<\/p>\n<p><strong>Datensicherheit<\/strong> Wir ergreifen angemessene Sicherheitsma\u00dfnahmen, um Ihre personenbezogenen Daten zu sch\u00fctzen.<\/p>\n<p><strong>Ihre Datenschutzrechte<\/strong><\/p>\n<ul data-spread=\"false\">\n<li>\n<p>Greifen Sie auf Ihre pers\u00f6nlichen Daten zu, aktualisieren oder l\u00f6schen Sie sie.<\/p>\n<\/li>\n<li>\n<p>Sie k\u00f6nnen Ihre Einwilligung jederzeit widerrufen, wenn wir auf eine Einwilligung angewiesen sind.<\/p>\n<\/li>\n<\/ul>\n<p><strong>\u00c4nderungen dieser Datenschutzrichtlinie<\/strong> Wir behalten uns das Recht vor, diese Datenschutzrichtlinie von Zeit zu Zeit zu aktualisieren. Wir informieren Sie \u00fcber alle \u00c4nderungen, indem wir das Datum der letzten Aktualisierung dieser Richtlinie aktualisieren.<\/p>\n<p><strong>Kontaktieren Sie uns<\/strong> Wenn Sie Fragen zu dieser Datenschutzrichtlinie haben, kontaktieren Sie uns bitte unter <a>support@lexamedlab.com<\/a>.<\/p>\t\t\t\t\t\t\t\t<\/div>\n\t\t\t\t<\/div>\n\t\t\t\t\t<\/div>\n\t\t\t\t<\/div>\n\t\t\t\t<\/div>","protected":false},"excerpt":{"rendered":"<p>Einleitung Bei Lexamedlab sind wir dem Schutz Ihrer Privatsph\u00e4re verpflichtet. Diese Datenschutzrichtlinie erl\u00e4utert, wie wir sammeln, verwenden, offenlegen und<\/p>","protected":false},"author":1,"featured_media":0,"parent":0,"menu_order":0,"comment_status":"closed","ping_status":"closed","template":"","meta":{"_acf_changed":false,"footnotes":""},"class_list":["post-3","page","type-page","status-publish","hentry"],"acf":[],"_links":{"self":[{"href":"https:\/\/lexamedlab.com\/de\/wp-json\/wp\/v2\/pages\/3","targetHints":{"allow":["GET"]}}],"collection":[{"href":"https:\/\/lexamedlab.com\/de\/wp-json\/wp\/v2\/pages"}],"about":[{"href":"https:\/\/lexamedlab.com\/de\/wp-json\/wp\/v2\/types\/page"}],"author":[{"embeddable":true,"href":"https:\/\/lexamedlab.com\/de\/wp-json\/wp\/v2\/users\/1"}],"replies":[{"embeddable":true,"href":"https:\/\/lexamedlab.com\/de\/wp-json\/wp\/v2\/comments?post=3"}],"version-history":[{"count":4,"href":"https:\/\/lexamedlab.com\/de\/wp-json\/wp\/v2\/pages\/3\/revisions"}],"predecessor-version":[{"id":21436,"href":"https:\/\/lexamedlab.com\/de\/wp-json\/wp\/v2\/pages\/3\/revisions\/21436"}],"wp:attachment":[{"href":"https:\/\/lexamedlab.com\/de\/wp-json\/wp\/v2\/media?parent=3"}],"curies":[{"name":"wp","href":"https:\/\/api.w.org\/{rel}","templated":true}]}}