{"id":21851,"date":"2025-05-16T15:44:52","date_gmt":"2025-05-16T15:44:52","guid":{"rendered":"https:\/\/lexamedlab.com\/?post_type=product&#038;p=21851"},"modified":"2025-05-29T06:28:15","modified_gmt":"2025-05-29T06:28:15","slug":"benchtop-low-speed-centrifuge-td-6m","status":"publish","type":"product","link":"https:\/\/lexamedlab.com\/de\/produkt\/benchtop-low-speed-centrifuge-td-6m\/","title":{"rendered":"Tischzentrifuge mit niedriger Geschwindigkeit TD-6M"},"content":{"rendered":"<div style=\"width: 1280px;\" class=\"wp-video\"><!--[if lt IE 9]><script>document.createElement('video');<\/script><![endif]-->\n<video class=\"wp-video-shortcode\" id=\"video-21851-1\" width=\"1280\" height=\"720\" preload=\"metadata\" controls=\"controls\"><source type=\"video\/mp4\" src=\"https:\/\/lexamedlab.com\/wp-content\/uploads\/2025\/05\/td-5m-low-speed-centrifuge.mp4?_=1\" \/><a href=\"https:\/\/lexamedlab.com\/wp-content\/uploads\/2025\/05\/td-5m-low-speed-centrifuge.mp4\">https:\/\/lexamedlab.com\/wp-content\/uploads\/2025\/05\/td-5m-low-speed-centrifuge.mp4<\/a><\/video><\/div>\n<p><strong><span style=\"font-family: 'times new roman', times, serif; font-size: 18pt;\">Merkmale<\/span><\/strong><\/p>\n<table style=\"width: 100%; border-collapse: collapse; background-color: #35a1cc; height: 514px;\">\n<tbody>\n<tr style=\"height: 245px;\">\n<td style=\"width: 50%; height: 245px;\">\n<div>\n<div>\n<div><strong><span style=\"font-family: 'times new roman', times, serif; font-size: 18pt; color: #ffffff;\">Benutzerfreundliche Funktion\u00a0<\/span><\/strong><\/div>\n<div><span style=\"font-family: 'times new roman', times, serif; font-size: 14pt; color: #ffffff;\">&gt;12 benutzerdefinierte Programme<\/span><\/div>\n<div><span style=\"font-family: 'times new roman', times, serif; font-size: 14pt; color: #ffffff;\">&gt;19 Raten Beschleunigung und Verz\u00f6gerung<\/span><\/div>\n<div><span style=\"font-family: 'times new roman', times, serif; font-size: 14pt; color: #ffffff;\">&gt;1\u00a0Min. bis 9999\u00a0Min. 59\u00a0Sek. Zeitbereich<\/span><\/div>\n<div><span style=\"font-family: 'times new roman', times, serif; font-size: 14pt; color: #ffffff;\">&gt;LCD-Bildschirm zeigt alle Parameter einfach und \u00fcbersichtlich an<\/span><\/div>\n<div><span style=\"font-family: 'times new roman', times, serif; font-size: 14pt; color: #ffffff;\">&gt;RCF kann direkt eingestellt werden<\/span><\/div>\n<div><span style=\"font-family: 'times new roman', times, serif; font-size: 14pt; color: #ffffff;\">&gt;RPM und RCF werden automatisch konvertiert<\/span><\/div>\n<div><span style=\"font-family: 'times new roman', times, serif; font-size: 14pt; color: #ffffff;\">&gt;Der Benutzer kann die Parameter zur\u00fccksetzen, wenn sich der Rotor dreht<\/span><\/div>\n<\/div>\n<\/div>\n<\/td>\n<td style=\"width: 50%; height: 245px;\"><img fetchpriority=\"high\" decoding=\"async\" class=\"alignnone wp-image-21843\" src=\"https:\/\/lexamedlab.com\/wp-content\/uploads\/2025\/05\/44645.webp\" alt=\"\" width=\"389\" height=\"255\" \/><\/td>\n<\/tr>\n<tr style=\"height: 269px;\">\n<td style=\"width: 50%; height: 269px;\">\n<div>\n<div>\n<div>\n<div><strong><span style=\"font-family: 'times new roman', times, serif; font-size: 18pt; color: #ffffff;\">Sorgen Sie f\u00fcr Sicherheit<\/span><\/strong><\/div>\n<div><span style=\"font-family: 'times new roman', times, serif; font-size: 14pt; color: #ffffff;\">&gt;Mikroprozessorsteuerung<\/span><\/div>\n<div><span style=\"font-family: 'times new roman', times, serif; font-size: 14pt; color: #ffffff;\">&gt;Unwuchterkennung durch Dreiachsen-Gyroskop<\/span><\/div>\n<div><span style=\"font-family: 'times new roman', times, serif; font-size: 14pt; color: #ffffff;\">\u00a0 \u00a0\u00a2Fl\u00fcssigkeitsstopp mit Fehleranzeige<\/span><\/div>\n<div><span style=\"font-family: 'times new roman', times, serif; font-size: 14pt; color: #ffffff;\">&gt;Motorisiertes elektronisches T\u00fcrschloss<\/span><\/div>\n<div><span style=\"font-family: 'times new roman', times, serif; font-size: 14pt; color: #ffffff;\">&gt;T\u00fcr kann nicht ge\u00f6ffnet werden, wenn der Rotor sich dreht<\/span><\/div>\n<div><span style=\"font-family: 'times new roman', times, serif; font-size: 14pt; color: #ffffff;\">&gt;Gasscharnier, um ein Herunterfallen der T\u00fcr zu verhindern<\/span><\/div>\n<div><span style=\"font-family: 'times new roman', times, serif; font-size: 14pt; color: #ffffff;\">&gt;Anschluss in der T\u00fcr zur Kalibrierung und Funktionspr\u00fcfung<\/span><\/div>\n<div><span style=\"font-family: 'times new roman', times, serif; font-size: 14pt; color: #ffffff;\">&gt;Not\u00f6ffnung der T\u00fcrverriegelung<\/span><\/div>\n<\/div>\n<\/div>\n<\/div>\n<\/td>\n<td style=\"width: 50%; height: 269px;\">\n<div>\n<div>\n<div>\n<div><span style=\"font-size: 18pt;\"><strong><span style=\"color: #ffffff; font-family: 'times new roman', times, serif;\">Gute Komponenten<\/span><\/strong><\/span><\/div>\n<div><span style=\"color: #ffffff; font-family: 'times new roman', times, serif; font-size: 14pt;\">&gt;Motor: Motor mit variabler Frequenz.<\/span><\/div>\n<div><span style=\"color: #ffffff; font-family: 'times new roman', times, serif; font-size: 14pt;\">\u00a0 \u00a0 \u00a0 \u00a0 \u00a0 \u00a0 \u00a0 \u00a0 stabiler Lauf, wartungsfrei, lange Lebensdauer<\/span><\/div>\n<div><span style=\"color: #ffffff; font-family: 'times new roman', times, serif; font-size: 14pt;\">&gt;Geh\u00e4use: Dicker und starker Stahl<\/span><\/div>\n<div><span style=\"color: #ffffff; font-family: 'times new roman', times, serif; font-size: 14pt;\">&gt;Kammer: Lebensmittelechter Edelstahl 304.<\/span><\/div>\n<div><span style=\"color: #ffffff; font-family: 'times new roman', times, serif; font-size: 14pt;\">\u00a0 \u00a0 \u00a0 \u00a0 \u00a0 \u00a0 \u00a0 \u00a0 korrosionsbest\u00e4ndig und leicht zu reinigen<\/span><\/div>\n<div><span style=\"color: #ffffff; font-family: 'times new roman', times, serif; font-size: 14pt;\">&gt;Rotor: Ausschwingrotor aus Stahl\/Edelstahl.<\/span><\/div>\n<div><span style=\"color: #ffffff; font-family: 'times new roman', times, serif; font-size: 14pt;\">&gt;Rotoren sind autoklavierbar\u00a0<\/span><\/div>\n<\/div>\n<\/div>\n<\/div>\n<\/td>\n<\/tr>\n<\/tbody>\n<\/table>\n<blockquote><p><span style=\"font-family: 'times new roman', times, serif;\"><strong><span style=\"font-size: 18pt;\">&gt;Verf\u00fcgbare Rotoren\u00a0 \u00a0<\/span><\/strong><\/span><\/p><\/blockquote>\n<p><img decoding=\"async\" class=\"alignnone size-full wp-image-21852\" src=\"https:\/\/lexamedlab.com\/wp-content\/uploads\/2025\/05\/td-5m-1-1-scaled.webp\" alt=\"\" width=\"2560\" height=\"639\" \/> <img decoding=\"async\" class=\"alignnone size-medium wp-image-21853\" src=\"https:\/\/lexamedlab.com\/wp-content\/uploads\/2025\/05\/td-5m-2-scaled.webp\" alt=\"\" width=\"2560\" height=\"640\" \/> <img loading=\"lazy\" decoding=\"async\" class=\"alignnone size-medium wp-image-21854\" src=\"https:\/\/lexamedlab.com\/wp-content\/uploads\/2025\/05\/td-5m-3-scaled.webp\" alt=\"\" width=\"2560\" height=\"1138\" \/> <img loading=\"lazy\" decoding=\"async\" class=\"alignnone size-medium wp-image-21855\" src=\"https:\/\/lexamedlab.com\/wp-content\/uploads\/2025\/05\/td-5m-4-1-scaled.webp\" alt=\"\" width=\"2560\" height=\"640\" \/><\/p>","protected":false},"excerpt":{"rendered":"<div class=\"editor-text-wrap\">\n<div>\n<div class=\"editor-text-wrap\">\n<p><span style=\"font-family: 'times new roman', times, serif; font-size: 14pt;\">TD-6M ist eine ungek\u00fchlte Gro\u00dfraumzentrifuge mit einem maximalen Fassungsverm\u00f6gen von 2 l, die f\u00fcr R\u00f6hrchen\/Flaschen von 0,2\u2013500 ml, Standard-Blutr\u00f6hrchen und Mikrotiterplatten geeignet ist. Der Rotor ist wahlweise mit einer Biosicherheitskappe ausgestattet und kann verschiedene Zentrifugalanforderungen erf\u00fcllen.<\/span><\/p>\n<\/div>\n<\/div>\n<ul>\n<li><span style=\"font-family: 'times new roman', times, serif; font-size: 14pt;\">Maximalgeschwindigkeit\u00a0 \u00a0 \u00a0 \u00a0 \u00a0 \u00a0 \u00a0 \u00a0 \u00a0<span class=\"item-val\">6000 U\/min<\/span><\/span><\/li>\n<li><span style=\"font-family: 'times new roman', times, serif; font-size: 14pt;\">Max. Schwerefeld\u00a0 \u00a0 \u00a0 \u00a0 \u00a0 \u00a0 \u00a0 \u00a0 \u00a0 \u00a0<span class=\"item-val\">5200 x g<\/span><\/span><\/li>\n<li><span style=\"font-family: 'times new roman', times, serif; font-size: 14pt;\">Maximale Kapazit\u00e4t\u00a0 \u00a0 \u00a0 \u00a0 \u00a0 \u00a0 \u00a0<span class=\"item-val\">4x500ml<\/span><\/span><\/li>\n<li><span style=\"font-family: 'times new roman', times, serif; font-size: 14pt;\">Zeitbereich\u00a0 \u00a0 \u00a0 \u00a0 \u00a0 \u00a0 \u00a0 \u00a0<span class=\"item-val\">1\u00a0Min. bis 9999\u00a0Min. 59\u00a0Sek.<\/span><\/span><\/li>\n<li><span style=\"font-family: 'times new roman', times, serif; font-size: 14pt;\">Geschwindigkeitsgenauigkeit\u00a0 \u00a0 \u00a0 \u00a0 \u00a0 <span class=\"item-val\">\u00b110 U\/min<\/span><\/span><\/li>\n<li><span style=\"font-family: 'times new roman', times, serif; font-size: 14pt;\">L\u00e4rm\u00a0 \u00a0 \u00a0 \u00a0 \u00a0 \u00a0 \u00a0 \u00a0 \u00a0 \u00a0 \u00a0 \u00a0 \u00a0 <span class=\"item-val\">\u226460dB(A)<\/span><\/span><\/li>\n<li><span style=\"font-family: 'times new roman', times, serif; font-size: 14pt;\">Stromverbrauch\u00a0 \u00a0 <span class=\"item-val\">600 W<\/span><\/span><\/li>\n<li><span style=\"font-family: 'times new roman', times, serif; font-size: 14pt;\">Dimension\u00a0 \u00a0 \u00a0 \u00a0 \u00a0 \u00a0 \u00a0 \u00a0 \u00a0 <span class=\"item-val\">550x450x390mm<\/span><\/span><\/li>\n<li><span style=\"font-family: 'times new roman', times, serif; font-size: 14pt;\">Nettogewicht\u00a0 \u00a0 \u00a0 \u00a0 \u00a0 \u00a0 \u00a0 \u00a0 \u00a0 <span class=\"item-val\">50 kg<\/span><\/span><\/li>\n<\/ul>\n<\/div>","protected":false},"featured_media":22765,"comment_status":"open","ping_status":"closed","template":"","meta":{"_acf_changed":false},"product_brand":[],"product_cat":[20,95,80,87],"product_tag":[],"class_list":{"0":"post-21851","1":"product","2":"type-product","3":"status-publish","4":"has-post-thumbnail","6":"product_cat-all","7":"product_cat-benchtop-low-speed-centrifuge","8":"product_cat-centrifuge","9":"product_cat-low-speed-centrifuge","11":"first","12":"instock","13":"shipping-taxable","14":"product-type-simple"},"acf":[],"_links":{"self":[{"href":"https:\/\/lexamedlab.com\/de\/wp-json\/wp\/v2\/product\/21851","targetHints":{"allow":["GET"]}}],"collection":[{"href":"https:\/\/lexamedlab.com\/de\/wp-json\/wp\/v2\/product"}],"about":[{"href":"https:\/\/lexamedlab.com\/de\/wp-json\/wp\/v2\/types\/product"}],"replies":[{"embeddable":true,"href":"https:\/\/lexamedlab.com\/de\/wp-json\/wp\/v2\/comments?post=21851"}],"version-history":[{"count":3,"href":"https:\/\/lexamedlab.com\/de\/wp-json\/wp\/v2\/product\/21851\/revisions"}],"predecessor-version":[{"id":21959,"href":"https:\/\/lexamedlab.com\/de\/wp-json\/wp\/v2\/product\/21851\/revisions\/21959"}],"wp:featuredmedia":[{"embeddable":true,"href":"https:\/\/lexamedlab.com\/de\/wp-json\/wp\/v2\/media\/22765"}],"wp:attachment":[{"href":"https:\/\/lexamedlab.com\/de\/wp-json\/wp\/v2\/media?parent=21851"}],"wp:term":[{"taxonomy":"product_brand","embeddable":true,"href":"https:\/\/lexamedlab.com\/de\/wp-json\/wp\/v2\/product_brand?post=21851"},{"taxonomy":"product_cat","embeddable":true,"href":"https:\/\/lexamedlab.com\/de\/wp-json\/wp\/v2\/product_cat?post=21851"},{"taxonomy":"product_tag","embeddable":true,"href":"https:\/\/lexamedlab.com\/de\/wp-json\/wp\/v2\/product_tag?post=21851"}],"curies":[{"name":"wp","href":"https:\/\/api.w.org\/{rel}","templated":true}]}}