{"id":21941,"date":"2025-05-19T03:05:23","date_gmt":"2025-05-19T03:05:23","guid":{"rendered":"https:\/\/lexamedlab.com\/?post_type=product&#038;p=21941"},"modified":"2025-05-27T15:11:37","modified_gmt":"2025-05-27T15:11:37","slug":"floor-standing-low-speed-large-capacity-centrifuge-machine-dd-4000","status":"publish","type":"product","link":"https:\/\/lexamedlab.com\/de\/produkt\/floor-standing-low-speed-large-capacity-centrifuge-machine-dd-4000\/","title":{"rendered":"Bodenstehende Zentrifuge mit niedriger Geschwindigkeit und gro\u00dfer Kapazit\u00e4t DD-4000"},"content":{"rendered":"<blockquote><p><span style=\"font-family: 'times new roman', times, serif; font-size: 18pt;\"><strong>&gt;Funktionen<\/strong><\/span><\/p><\/blockquote>\n<table style=\"width: 100%; border-collapse: collapse; background-color: #35a1cc;\">\n<tbody>\n<tr>\n<td style=\"width: 50%;\">\n<div><span style=\"color: #ffffff;\"><strong><span style=\"font-family: 'times new roman', times, serif; font-size: 18pt;\">Benutzerfreundliche Funktionen\u00a0<\/span><\/strong><\/span><\/div>\n<div><span style=\"color: #ffffff; font-family: 'times new roman', times, serif; font-size: 14pt;\">&gt;12 benutzerdefinierte Programme<\/span><\/div>\n<div><span style=\"color: #ffffff; font-family: 'times new roman', times, serif; font-size: 14pt;\">&gt;40 Raten Beschleunigung und Verz\u00f6gerung<\/span><\/div>\n<div><span style=\"color: #ffffff; font-family: 'times new roman', times, serif; font-size: 14pt;\">&gt;1min bis 99h59m Timerbereich<\/span><\/div>\n<div><span style=\"color: #ffffff; font-family: 'times new roman', times, serif; font-size: 14pt;\">&gt; LCD- und LED-Bildschirm zeigen Parameter einfach und deutlich an<\/span><\/div>\n<div><span style=\"color: #ffffff; font-family: 'times new roman', times, serif; font-size: 14pt;\">&gt;Wasserdichtes Touch-Keypad, jeder Parameter hat\u00a0<\/span><\/div>\n<div><span style=\"color: #ffffff; font-family: 'times new roman', times, serif; font-size: 14pt;\">\u00a0 \u00a0entsprechende Taste zum Einstellen<\/span><\/div>\n<div><span style=\"color: #ffffff; font-family: 'times new roman', times, serif; font-size: 14pt;\">&gt;RCF kann direkt eingestellt werden.RPM\/RCF wird automatisch konvertiert<\/span><\/div>\n<div><span style=\"color: #ffffff; font-family: 'times new roman', times, serif; font-size: 14pt;\">&gt;Der Benutzer kann die Parameter zur\u00fccksetzen, wenn sich der Rotor dreht\u00a0<\/span><\/div>\n<\/td>\n<td style=\"width: 50%;\">\n<div><span style=\"font-family: 'times new roman', times, serif; font-size: 18pt; color: #ffffff;\"><strong>Gute Komponenten<\/strong><\/span><\/div>\n<div><span style=\"color: #ffffff; font-family: 'times new roman', times, serif; font-size: 14pt;\">&gt;Motor: Motor mit variabler Frequenz.<\/span><\/div>\n<div><span style=\"color: #ffffff; font-family: 'times new roman', times, serif; font-size: 14pt;\">\u00a0 \u00a0stabiler Lauf, wartungsfrei, lange Lebensdauer<\/span><\/div>\n<div><span style=\"color: #ffffff; font-family: 'times new roman', times, serif; font-size: 14pt;\">&gt;Geh\u00e4use: Dicker und starker Stahl<\/span><\/div>\n<div><span style=\"color: #ffffff; font-family: 'times new roman', times, serif; font-size: 14pt;\">&gt;Kammer: Lebensmittelechter Edelstahl 304.<\/span><\/div>\n<div><span style=\"color: #ffffff; font-family: 'times new roman', times, serif; font-size: 14pt;\">\u00a0 \u00a0korrosionsbest\u00e4ndig und leicht zu reinigen<\/span><\/div>\n<div><span style=\"color: #ffffff; font-family: 'times new roman', times, serif; font-size: 14pt;\">&gt;Rotor: Ausschwingrotor aus Stahl\/Edelstahl.<\/span><\/div>\n<div><span style=\"color: #ffffff; font-family: 'times new roman', times, serif; font-size: 14pt;\">&gt;Rotoren sind autoklavierbar\u00a0<\/span><\/div>\n<\/td>\n<\/tr>\n<tr>\n<td style=\"width: 50%;\">\n<div><span style=\"font-family: 'times new roman', times, serif; font-size: 18pt; color: #ffffff;\">Sorgen Sie f\u00fcr Sicherheit\u00a0<\/span><\/div>\n<div><span style=\"font-family: 'times new roman', times, serif; font-size: 14pt; color: #ffffff;\">&gt;Unwuchterkennung durch Dreiachsen-Gyroskop<\/span><\/div>\n<div><span style=\"font-family: 'times new roman', times, serif; font-size: 14pt; color: #ffffff;\">&gt;Mikroprozessorsteuerung<\/span><\/div>\n<div><span style=\"font-family: 'times new roman', times, serif; font-size: 14pt; color: #ffffff;\">&gt;Motorisiertes elektronisches T\u00fcrschloss<\/span><\/div>\n<div><span style=\"font-family: 'times new roman', times, serif; font-size: 14pt; color: #ffffff;\">&gt;T\u00fcr kann nicht ge\u00f6ffnet werden, wenn der Rotor sich dreht<\/span><\/div>\n<div><span style=\"font-family: 'times new roman', times, serif; font-size: 14pt; color: #ffffff;\">&gt;Gasscharniere verhindern das Herunterfallen der T\u00fcr<\/span><\/div>\n<div><span style=\"font-family: 'times new roman', times, serif; font-size: 14pt; color: #ffffff;\">&gt;Anschluss in der T\u00fcr zur Kalibrierung und Funktionspr\u00fcfung<\/span><\/div>\n<div><span style=\"font-family: 'times new roman', times, serif; font-size: 14pt; color: #ffffff;\">&gt;Not\u00f6ffnung der T\u00fcrverriegelung<\/span><\/div>\n<div><span style=\"font-family: 'times new roman', times, serif; font-size: 14pt; color: #ffffff;\">&gt;Verschiedene Schutzvorrichtungen gew\u00e4hrleisten eine sichere Zentrifugation<\/span><\/div>\n<\/td>\n<td style=\"width: 50%;\"><img fetchpriority=\"high\" decoding=\"async\" class=\"alignnone wp-image-21944\" src=\"https:\/\/lexamedlab.com\/wp-content\/uploads\/2025\/05\/6x500ml.webp\" alt=\"\" width=\"390\" height=\"260\" \/><\/td>\n<\/tr>\n<\/tbody>\n<\/table>\n<blockquote><p><strong><span style=\"font-size: 18pt; font-family: 'times new roman', times, serif;\">&gt;Verf\u00fcgbare Rotoren<\/span><\/strong><\/p><\/blockquote>\n<table style=\"width: 100%; border-collapse: collapse; background-color: #35a1cc; height: 144px;\">\n<tbody>\n<tr style=\"height: 24px;\">\n<td style=\"width: 25%; height: 24px;\"><img decoding=\"async\" class=\"alignnone size-full wp-image-21948\" src=\"https:\/\/lexamedlab.com\/wp-content\/uploads\/2025\/05\/4x1000ml-swing-out-rotor.webp\" alt=\"\" width=\"1500\" height=\"1000\" \/><\/td>\n<td style=\"width: 25%; height: 24px;\"><img decoding=\"async\" class=\"alignnone size-full wp-image-21949\" src=\"https:\/\/lexamedlab.com\/wp-content\/uploads\/2025\/05\/6x500ml-1.webp\" alt=\"\" width=\"1500\" height=\"1000\" \/><\/td>\n<td style=\"width: 25%; height: 24px;\"><img loading=\"lazy\" decoding=\"async\" class=\"alignnone size-full wp-image-21950\" src=\"https:\/\/lexamedlab.com\/wp-content\/uploads\/2025\/05\/4x500ml-1.webp\" alt=\"\" width=\"1500\" height=\"1000\" \/><\/td>\n<td style=\"width: 25%; height: 24px;\"><img loading=\"lazy\" decoding=\"async\" class=\"alignnone size-full wp-image-21951\" src=\"https:\/\/lexamedlab.com\/wp-content\/uploads\/2025\/05\/6x250ml.webp\" alt=\"\" width=\"1500\" height=\"1000\" \/><\/td>\n<\/tr>\n<tr style=\"height: 120px;\">\n<td style=\"width: 25%; height: 120px;\">\n<div>Rotor: Ausschwingrotor<\/div>\n<div>Kapazit\u00e4t: 4 \u00d7 1000 ml<\/div>\n<div>Maximale Geschwindigkeit: 3600 U\/min<\/div>\n<div>Max. Schwerefeld: 3280 \u00d7 g<\/div>\n<div>Rohrgr\u00f6\u00dfe: \u03a6100\u00d7175mm<\/div>\n<\/td>\n<td style=\"width: 25%; height: 120px;\">\n<div>Rotor: Ausschwingrotor<\/div>\n<div>Kapazit\u00e4t: 6 \u00d7 500 ml<\/div>\n<div>Maximale Geschwindigkeit: 3600 U\/min<\/div>\n<div>Max. Schwerefeld: 3031 \u00d7 g<\/div>\n<div>Rohrgr\u00f6\u00dfe: \u03a680\u00d7137mm<\/div>\n<\/td>\n<td style=\"width: 25%; height: 120px;\">\n<div>Rotor: Ausschwingrotor<\/div>\n<div>Kapazit\u00e4t: 4 \u00d7 500 ml<\/div>\n<div>Maximale Geschwindigkeit: 4000 U\/min<\/div>\n<div>Max. Schwerefeld: 3221 \u00d7 g<\/div>\n<div>Rohrgr\u00f6\u00dfe: \u03a680\u00d7137mm<\/div>\n<\/td>\n<td style=\"width: 25%; height: 120px;\">\n<section id=\"sectionIdzg6j8d7\" class=\"section-generalimgtext-wrap-block section-block-demo159-generalimgtext1\" data-section=\"section\" data-screen=\"screen-full\">\n<div class=\"layout sc-block-items aos-init aos-animate\" data-unable=\"demo159-application\" data-aos=\"fadeInUp\" data-aos-duration=\"600\">\n<div class=\"block-item sc-block-item\">\n<div>\n<div>\n<div>Rotor: Ausschwingrotor<\/div>\n<div>Kapazit\u00e4t: 6 \u00d7 250 ml<\/div>\n<div>Maximale Geschwindigkeit: 4000 U\/min<\/div>\n<div>Max. Schwerefeld: 3581 \u00d7 g<\/div>\n<div>Rohrgr\u00f6\u00dfe: \u03a663 \u00d7 111 mm<\/div>\n<\/div>\n<\/div>\n<\/div>\n<\/div>\n<\/section>\n<\/td>\n<\/tr>\n<\/tbody>\n<\/table>","protected":false},"excerpt":{"rendered":"<div><span style=\"font-family: 'times new roman', times, serif; font-size: 14pt;\">Die DD-4000 ist eine bodenstehende, langsam laufende Zentrifuge mit gro\u00dfem Fassungsverm\u00f6gen. Sie bietet Platz f\u00fcr variable Ausschwingrotoren f\u00fcr verschiedene R\u00f6hrchen. Die maximale Kapazit\u00e4t betr\u00e4gt 4 x 1000 ml.<\/span><\/div>\n<ul>\n<li><span style=\"font-family: 'times new roman', times, serif; font-size: 14pt;\">Maximalgeschwindigkeit\u00a0 \u00a0 \u00a0 \u00a0 \u00a0 <span class=\"item-val\">4000 U\/min<\/span><\/span><\/li>\n<li><span style=\"font-family: 'times new roman', times, serif; font-size: 14pt;\">Max. Schwerefeld\u00a0 \u00a0 \u00a0 \u00a0 \u00a0 \u00a0 <span class=\"item-val\">3580Xg<\/span><\/span><\/li>\n<li><span style=\"font-family: 'times new roman', times, serif; font-size: 14pt;\">Maximale Kapazit\u00e4t\u00a0 \u00a0 \u00a0 <span class=\"item-val\">4 x 1000 ml<\/span><\/span><\/li>\n<li><span style=\"font-family: 'times new roman', times, serif; font-size: 14pt;\">Motor<span class=\"item-val\">Motor mit variabler Frequenz<\/span><\/span><\/li>\n<li><span style=\"font-family: 'times new roman', times, serif; font-size: 14pt;\">Geschwindigkeitsgenauigkeit\u00a0 \u00a0<span class=\"item-val\">\u00b110 U\/min<\/span><\/span><\/li>\n<li><span style=\"font-family: 'times new roman', times, serif; font-size: 14pt;\">Gewicht\u00a0 \u00a0 \u00a0 \u00a0 \u00a0 \u00a0 \u00a0 \u00a0 \u00a0 <span class=\"item-val\">128 kg<\/span><\/span><\/li>\n<\/ul>","protected":false},"featured_media":21945,"comment_status":"open","ping_status":"closed","template":"","meta":{"_acf_changed":false},"product_brand":[],"product_cat":[20,80,96,87],"product_tag":[],"class_list":{"0":"post-21941","1":"product","2":"type-product","3":"status-publish","4":"has-post-thumbnail","6":"product_cat-all","7":"product_cat-centrifuge","8":"product_cat-floorstanding-low-speed-centrifuge","9":"product_cat-low-speed-centrifuge","11":"first","12":"instock","13":"shipping-taxable","14":"product-type-simple"},"acf":[],"_links":{"self":[{"href":"https:\/\/lexamedlab.com\/de\/wp-json\/wp\/v2\/product\/21941","targetHints":{"allow":["GET"]}}],"collection":[{"href":"https:\/\/lexamedlab.com\/de\/wp-json\/wp\/v2\/product"}],"about":[{"href":"https:\/\/lexamedlab.com\/de\/wp-json\/wp\/v2\/types\/product"}],"replies":[{"embeddable":true,"href":"https:\/\/lexamedlab.com\/de\/wp-json\/wp\/v2\/comments?post=21941"}],"version-history":[{"count":1,"href":"https:\/\/lexamedlab.com\/de\/wp-json\/wp\/v2\/product\/21941\/revisions"}],"predecessor-version":[{"id":21952,"href":"https:\/\/lexamedlab.com\/de\/wp-json\/wp\/v2\/product\/21941\/revisions\/21952"}],"wp:featuredmedia":[{"embeddable":true,"href":"https:\/\/lexamedlab.com\/de\/wp-json\/wp\/v2\/media\/21945"}],"wp:attachment":[{"href":"https:\/\/lexamedlab.com\/de\/wp-json\/wp\/v2\/media?parent=21941"}],"wp:term":[{"taxonomy":"product_brand","embeddable":true,"href":"https:\/\/lexamedlab.com\/de\/wp-json\/wp\/v2\/product_brand?post=21941"},{"taxonomy":"product_cat","embeddable":true,"href":"https:\/\/lexamedlab.com\/de\/wp-json\/wp\/v2\/product_cat?post=21941"},{"taxonomy":"product_tag","embeddable":true,"href":"https:\/\/lexamedlab.com\/de\/wp-json\/wp\/v2\/product_tag?post=21941"}],"curies":[{"name":"wp","href":"https:\/\/api.w.org\/{rel}","templated":true}]}}