{"id":22004,"date":"2025-05-19T11:06:58","date_gmt":"2025-05-19T11:06:58","guid":{"rendered":"https:\/\/lexamedlab.com\/?post_type=product&#038;p=22004"},"modified":"2025-05-29T03:28:27","modified_gmt":"2025-05-29T03:28:27","slug":"benchtop-high-speed-centrifuge-tg-18","status":"publish","type":"product","link":"https:\/\/lexamedlab.com\/de\/produkt\/benchtop-high-speed-centrifuge-tg-18\/","title":{"rendered":"Tisch-Hochgeschwindigkeitszentrifuge TG-18"},"content":{"rendered":"<div style=\"width: 1280px;\" class=\"wp-video\"><!--[if lt IE 9]><script>document.createElement('video');<\/script><![endif]-->\n<video class=\"wp-video-shortcode\" id=\"video-22004-1\" width=\"1280\" height=\"720\" preload=\"metadata\" controls=\"controls\"><source type=\"video\/mp4\" src=\"https:\/\/lexamedlab.com\/wp-content\/uploads\/2025\/05\/8027e336-5b81-4746-8987-2e35c6445db5-h264-hd.mp4?_=1\" \/><a href=\"https:\/\/lexamedlab.com\/wp-content\/uploads\/2025\/05\/8027e336-5b81-4746-8987-2e35c6445db5-h264-hd.mp4\">https:\/\/lexamedlab.com\/wp-content\/uploads\/2025\/05\/8027e336-5b81-4746-8987-2e35c6445db5-h264-hd.mp4<\/a><\/video><\/div>\n<blockquote><p><strong><span style=\"font-family: 'times new roman', times, serif; font-size: 18pt;\">&gt;Funktionen<\/span><\/strong><\/p><\/blockquote>\n<table style=\"width: 100%; border-collapse: collapse; background-color: #35a1cc; height: 48px;\">\n<tbody>\n<tr style=\"height: 24px;\">\n<td style=\"width: 50%; height: 24px;\">\n<div><span style=\"font-size: 18pt;\"><strong><span style=\"font-family: 'times new roman', times, serif; color: #ffffff;\">Benutzerfreundliche Funktion\u00a0<\/span><\/strong><\/span><\/div>\n<div><span style=\"font-family: 'times new roman', times, serif; font-size: 14pt; color: #ffffff;\">&gt;bis zu 1000 benutzerdefinierte Programme<\/span><\/div>\n<div><span style=\"font-family: 'times new roman', times, serif; font-size: 14pt; color: #ffffff;\">&gt;bis zu 1000 Laufhistorien, k\u00f6nnen \u00fcber USB exportiert werden<\/span><\/div>\n<div><span style=\"font-family: 'times new roman', times, serif; font-size: 14pt; color: #ffffff;\">&gt;bis zu 40 Beschleunigungs- und Verz\u00f6gerungsraten<\/span><\/div>\n<div><span style=\"font-family: 'times new roman', times, serif; font-size: 14pt; color: #ffffff;\">&gt;bis zu 5-stufiger mehrstufiger Zentrifugationsmodus verf\u00fcgbar<\/span><\/div>\n<div><span style=\"font-family: 'times new roman', times, serif; font-size: 14pt; color: #ffffff;\">&gt;Timerbereich bis zu 99h59m59s, 1s-Schritte<\/span><\/div>\n<\/td>\n<td style=\"width: 50%; height: 24px;\">\n<div><span style=\"font-size: 18pt;\"><strong><span style=\"font-family: 'times new roman', times, serif; color: #ffffff;\">LCD-Touchscreen\u00a0<\/span><\/strong><\/span><\/div>\n<div><span style=\"font-size: 14pt; font-family: 'times new roman', times, serif; color: #ffffff;\">&gt;Einfache und \u00fcbersichtliche Darstellung aller Parameter<\/span><\/div>\n<div><span style=\"font-size: 14pt; font-family: 'times new roman', times, serif; color: #ffffff;\">&gt; Touchscreen, einfache Parametereinstellung<\/span><\/div>\n<div><span style=\"font-size: 14pt; font-family: 'times new roman', times, serif; color: #ffffff;\">&gt;RCF kann direkt eingestellt werden<\/span><\/div>\n<div><span style=\"font-size: 14pt; font-family: 'times new roman', times, serif; color: #ffffff;\">&gt;RPM und RCF werden automatisch konvertiert<\/span><\/div>\n<div><span style=\"font-size: 14pt; font-family: 'times new roman', times, serif; color: #ffffff;\">&gt;Benutzer kann Parameter auch mit Handschuhen einstellen<\/span><\/div>\n<div><span style=\"font-size: 14pt; font-family: 'times new roman', times, serif; color: #ffffff;\">&gt;Der Benutzer kann die Parameter zur\u00fccksetzen, wenn sich der Rotor dreht<\/span><\/div>\n<\/td>\n<\/tr>\n<tr style=\"height: 24px;\">\n<td style=\"width: 50%; height: 24px;\">\n<div><strong><span style=\"font-family: 'times new roman', times, serif; font-size: 18pt; color: #ffffff;\">Sorgen Sie f\u00fcr Sicherheit\u00a0<\/span><\/strong><\/div>\n<div><span style=\"font-family: 'times new roman', times, serif; font-size: 14pt; color: #ffffff;\">&gt;Automatische Rotorerkennung zur Vermeidung von \u00dcberdrehzahlen<\/span><\/div>\n<div><span style=\"font-family: 'times new roman', times, serif; font-size: 14pt; color: #ffffff;\">&gt;Unwuchterkennung durch Dreiachsen-Gyroskop<\/span><\/div>\n<div><span style=\"font-family: 'times new roman', times, serif; font-size: 14pt; color: #ffffff;\">&gt;Motorisiertes elektronisches T\u00fcrschloss<\/span><\/div>\n<div><span style=\"font-family: 'times new roman', times, serif; font-size: 14pt; color: #ffffff;\">&gt;T\u00fcr kann nicht ge\u00f6ffnet werden, wenn der Rotor sich dreht<\/span><\/div>\n<div><span style=\"font-family: 'times new roman', times, serif; font-size: 14pt; color: #ffffff;\">&gt;Gasscharnier, um ein Herunterfallen der T\u00fcr zu verhindern<\/span><\/div>\n<div><span style=\"font-family: 'times new roman', times, serif; font-size: 14pt; color: #ffffff;\">&gt;Anschluss in der T\u00fcr zur Kalibrierung und Funktionspr\u00fcfung<\/span><\/div>\n<div><span style=\"font-family: 'times new roman', times, serif; font-size: 14pt; color: #ffffff;\">&gt;Not\u00f6ffnung der T\u00fcrverriegelung<\/span><\/div>\n<div><span style=\"font-family: 'times new roman', times, serif; font-size: 14pt; color: #ffffff;\">&gt;Passwort zum Sperren des Ger\u00e4ts<\/span><\/div>\n<\/td>\n<td style=\"width: 50%; height: 24px;\">\n<div><strong><span style=\"color: #ffffff; font-size: 18pt; font-family: 'times new roman', times, serif;\">Gute Komponenten\u00a0<\/span><\/strong><\/div>\n<div><span style=\"color: #ffffff; font-size: 14pt; font-family: 'times new roman', times, serif;\">&gt;Motor: Motor mit variabler Frequenz.<\/span><\/div>\n<div><span style=\"color: #ffffff; font-size: 14pt; font-family: 'times new roman', times, serif;\">\u00a0 \u00a0stabiler Lauf, wartungsfrei, lange Lebensdauer<\/span><\/div>\n<div><span style=\"color: #ffffff; font-size: 14pt; font-family: 'times new roman', times, serif;\">&gt;Geh\u00e4use: Dicker und starker Stahl<\/span><\/div>\n<div><span style=\"color: #ffffff; font-size: 14pt; font-family: 'times new roman', times, serif;\">&gt;Kammer: Edelstahl 304 mit Teflonbeschichtung.<\/span><\/div>\n<div><span style=\"color: #ffffff; font-size: 14pt; font-family: 'times new roman', times, serif;\">\u00a0 \u00a0korrosionsbest\u00e4ndig und leicht zu reinigen<\/span><\/div>\n<div><span style=\"color: #ffffff; font-size: 14pt; font-family: 'times new roman', times, serif;\">&gt;Rotor: Festwinkelrotor aus Aluminiumlegierung;<\/span><\/div>\n<div><span style=\"color: #ffffff; font-size: 14pt; font-family: 'times new roman', times, serif;\">\u00a0 \u00a0 \u00a0 \u00a0 \u00a0 \u00a0 \u00a0Ausschwenkrotor aus Stahl.<\/span><\/div>\n<div><span style=\"color: #ffffff; font-size: 14pt; font-family: 'times new roman', times, serif;\">&gt;Rotoren sind autoklavierbar\u00a0<\/span><\/div>\n<\/td>\n<\/tr>\n<\/tbody>\n<\/table>\n<blockquote><p><strong><span style=\"font-family: 'times new roman', times, serif; font-size: 18pt;\">&gt;Verf\u00fcgbare Rotoren<\/span><\/strong><\/p><\/blockquote>\n<table style=\"border-collapse: collapse; width: 100%;\">\n<tbody>\n<tr>\n<td style=\"width: 20%;\"><img fetchpriority=\"high\" decoding=\"async\" class=\"alignnone size-full wp-image-22005\" src=\"https:\/\/lexamedlab.com\/wp-content\/uploads\/2025\/05\/12x1-5ml-2.webp\" alt=\"\" width=\"1500\" height=\"1000\" \/><\/td>\n<td style=\"width: 20%;\"><img decoding=\"async\" class=\"alignnone size-full wp-image-22006\" src=\"https:\/\/lexamedlab.com\/wp-content\/uploads\/2025\/05\/12x5ml-1.webp\" alt=\"\" width=\"1500\" height=\"1000\" \/><\/td>\n<td style=\"width: 20%;\"><img decoding=\"async\" class=\"alignnone size-full wp-image-22008\" src=\"https:\/\/lexamedlab.com\/wp-content\/uploads\/2025\/05\/24x1-5ml-1-2.webp\" alt=\"\" width=\"1500\" height=\"1000\" \/><\/td>\n<td style=\"width: 20%;\"><img loading=\"lazy\" decoding=\"async\" class=\"alignnone size-full wp-image-22007\" src=\"https:\/\/lexamedlab.com\/wp-content\/uploads\/2025\/05\/24x1-5ml-metal-cap-1.webp\" alt=\"\" width=\"1500\" height=\"1000\" \/><\/td>\n<td style=\"width: 20%;\"><img loading=\"lazy\" decoding=\"async\" class=\"alignnone size-full wp-image-22009\" src=\"https:\/\/lexamedlab.com\/wp-content\/uploads\/2025\/05\/12x10ml-2.webp\" alt=\"\" width=\"1500\" height=\"1000\" \/><\/td>\n<\/tr>\n<tr>\n<td style=\"width: 20%;\">\n<div>Rotor: Festwinkelrotor<\/div>\n<div>Kapazit\u00e4t: 12 \u00d7 1,5\/2,2 ml<\/div>\n<div>Maximale Geschwindigkeit: 18000 U\/min<\/div>\n<div>Max. Schwerefeld: 22675 x g<\/div>\n<div>Rohrgr\u00f6\u00dfe: \u03a611x42mm<\/div>\n<\/td>\n<td style=\"width: 20%;\">\n<div>Rotor: Festwinkelrotor<\/div>\n<div>Kapazit\u00e4t: 12 x 5 ml<\/div>\n<div>Maximale Geschwindigkeit: 15.000 U\/min<\/div>\n<div>Max. Schwerefeld: 18287 \u00d7 g<\/div>\n<div>Rohrgr\u00f6\u00dfe: \u03a614x54mm<\/div>\n<\/td>\n<td style=\"width: 20%;\">\n<div>Rotor: Festwinkelrotor<\/div>\n<div>Kapazit\u00e4t: 24 \u00d7 1,5\/2,2 ml<\/div>\n<div>Maximale Geschwindigkeit: 16000 U\/min<\/div>\n<div>Max. Schwerefeld: 24814 \u00d7 g<\/div>\n<div>Rohrgr\u00f6\u00dfe: \u03a611x42mm<\/div>\n<\/td>\n<td style=\"width: 20%;\">\n<div>Rotor: Festwinkelrotor<\/div>\n<div>\u00a0 \u00a0 \u00a0 \u00a0 \u00a0 \u00a0 (aerosoldicht)<\/div>\n<div>Kapazit\u00e4t: 24 \u00d7 1,5\/2,2 ml<\/div>\n<div>Maximale Geschwindigkeit: 16000 U\/min<\/div>\n<div>Max. Schwerefeld: 24814 \u00d7 g<\/div>\n<div>Rohrgr\u00f6\u00dfe: \u03a611x42mm<\/div>\n<\/td>\n<td style=\"width: 20%;\">\n<div>Rotor: Festwinkelrotor<\/div>\n<div>Kapazit\u00e4t: 12 \u00d7 10 ml<\/div>\n<div>Maximale Geschwindigkeit: 13.000 U\/min<\/div>\n<div>Max. Schwerefeld: 15625 \u00d7 g<\/div>\n<div>Rohrgr\u00f6\u00dfe: \u03a616 \u00d7 86 mm<\/div>\n<\/td>\n<\/tr>\n<tr>\n<td style=\"width: 20%;\"><img loading=\"lazy\" decoding=\"async\" class=\"alignnone size-full wp-image-22010\" src=\"https:\/\/lexamedlab.com\/wp-content\/uploads\/2025\/05\/36x1-5ml-2.webp\" alt=\"\" width=\"1500\" height=\"1000\" \/><\/td>\n<td style=\"width: 20%;\"><img loading=\"lazy\" decoding=\"async\" class=\"alignnone size-full wp-image-22011\" src=\"https:\/\/lexamedlab.com\/wp-content\/uploads\/2025\/05\/6x50ml-pointed-bottom-2.webp\" alt=\"\" width=\"1500\" height=\"1000\" \/><\/td>\n<td style=\"width: 20%;\"><img loading=\"lazy\" decoding=\"async\" class=\"alignnone size-full wp-image-22014\" src=\"https:\/\/lexamedlab.com\/wp-content\/uploads\/2025\/05\/6x50ml-round-bottom-4.webp\" alt=\"\" width=\"1500\" height=\"1000\" \/><\/td>\n<td style=\"width: 20%;\"><img loading=\"lazy\" decoding=\"async\" class=\"alignnone size-full wp-image-22015\" src=\"https:\/\/lexamedlab.com\/wp-content\/uploads\/2025\/05\/48x1-5ml-2.webp\" alt=\"\" width=\"1500\" height=\"1000\" \/><\/td>\n<td style=\"width: 20%;\"><img loading=\"lazy\" decoding=\"async\" class=\"alignnone size-full wp-image-22016\" src=\"https:\/\/lexamedlab.com\/wp-content\/uploads\/2025\/05\/4x100ml-1.webp\" alt=\"\" width=\"1500\" height=\"1000\" \/><\/td>\n<\/tr>\n<tr>\n<td style=\"width: 20%;\">\n<div>Rotor: Festwinkelrotor<\/div>\n<div>Kapazit\u00e4t: 36 \u00d7 1,5\/2,2 ml<\/div>\n<div>Maximale Geschwindigkeit: 13.000 U\/min<\/div>\n<div>Max. Schwerefeld: 15625 \u00d7 g<\/div>\n<div>Rohrgr\u00f6\u00dfe: \u03a611x42mm<\/div>\n<\/td>\n<td style=\"width: 20%;\">\n<div>Rotor: Festwinkelrotor<\/div>\n<div>Kapazit\u00e4t: 6 \u00d7 50 ml konischer Boden<\/div>\n<div>Maximale Geschwindigkeit: 12000 U\/min<\/div>\n<div>Max. Schwerefeld: 15712 \u00d7 g<\/div>\n<div>Rohrgr\u00f6\u00dfe: \u03a629 \u00d7 116 mm<\/div>\n<\/td>\n<td style=\"width: 20%;\">\n<div>Rotor: Festwinkelrotor<\/div>\n<div>Kapazit\u00e4t: 6 \u00d7 50 ml, runder Boden<\/div>\n<div>Maximale Geschwindigkeit: 12000 U\/min<\/div>\n<div>Max. Schwerefeld: 15712 \u00d7 g<\/div>\n<div>Rohrgr\u00f6\u00dfe: \u03a629 \u00d7 111 mm<\/div>\n<\/td>\n<td style=\"width: 20%;\">\n<div>Rotor: Festwinkelrotor<\/div>\n<div>Kapazit\u00e4t: 48 \u00d7 1,5\/2,2 ml<\/div>\n<div>Maximale Geschwindigkeit: 12000 U\/min<\/div>\n<div>Max. Schwerefeld: 15712 \u00d7 g<\/div>\n<div>Rohrgr\u00f6\u00dfe: \u03a611 \u00d7 42 mm<\/div>\n<\/td>\n<td style=\"width: 20%;\">\n<div>Rotor: Festwinkelrotor<\/div>\n<div>Kapazit\u00e4t: 4x100ml<\/div>\n<div>Maximale Geschwindigkeit: 10.000 U\/min<\/div>\n<div>Max. Schwerefeld: 11045 \u00d7 g<\/div>\n<div>Rohrgr\u00f6\u00dfe: \u03a638x123mm<\/div>\n<\/td>\n<\/tr>\n<tr>\n<td style=\"width: 20%;\"><img loading=\"lazy\" decoding=\"async\" class=\"alignnone size-full wp-image-22017\" src=\"https:\/\/lexamedlab.com\/wp-content\/uploads\/2025\/05\/8x50ml-pointed-bottom-1.webp\" alt=\"\" width=\"1500\" height=\"1000\" \/><\/td>\n<td style=\"width: 20%;\"><img loading=\"lazy\" decoding=\"async\" class=\"alignnone size-full wp-image-22018\" src=\"https:\/\/lexamedlab.com\/wp-content\/uploads\/2025\/05\/8x50ml-round-bottom-1.webp\" alt=\"\" width=\"1500\" height=\"1000\" \/><\/td>\n<td style=\"width: 20%;\"><img loading=\"lazy\" decoding=\"async\" class=\"alignnone size-full wp-image-22019\" src=\"https:\/\/lexamedlab.com\/wp-content\/uploads\/2025\/05\/12x15ml-1.webp\" alt=\"\" width=\"1500\" height=\"1000\" \/><\/td>\n<td style=\"width: 20%;\"><img loading=\"lazy\" decoding=\"async\" class=\"alignnone size-full wp-image-22020\" src=\"https:\/\/lexamedlab.com\/wp-content\/uploads\/2025\/05\/24x10-1.webp\" alt=\"\" width=\"1500\" height=\"1000\" \/><\/td>\n<td style=\"width: 20%;\"><img loading=\"lazy\" decoding=\"async\" class=\"alignnone size-full wp-image-22021\" src=\"https:\/\/lexamedlab.com\/wp-content\/uploads\/2025\/05\/6x10ml-1.webp\" alt=\"\" width=\"1500\" height=\"1000\" \/><\/td>\n<\/tr>\n<tr>\n<td style=\"width: 20%;\">\n<div>Rotor: Festwinkelrotor<\/div>\n<div>Kapazit\u00e4t: 8x50ml konischer Boden<\/div>\n<div>Maximale Geschwindigkeit: 10.000 U\/min<\/div>\n<div>Max. Schwerefeld: 11045 \u00d7 g<\/div>\n<div>Rohrgr\u00f6\u00dfe: \u03a629x116mm<\/div>\n<\/td>\n<td style=\"width: 20%;\">\n<div>Rotor: Festwinkelrotor<\/div>\n<div>Kapazit\u00e4t: 8x50ml runder Boden<\/div>\n<div>Maximale Geschwindigkeit: 10.000 U\/min<\/div>\n<div>Max. Schwerefeld: 11045 \u00d7 g<\/div>\n<div>Rohrgr\u00f6\u00dfe: \u03a629x111mm<\/div>\n<\/td>\n<td style=\"width: 20%;\">\n<div>Rotor: Festwinkelrotor<\/div>\n<div>Kapazit\u00e4t: 12 x 15 ml<\/div>\n<div>Maximale Geschwindigkeit: 10.000 U\/min<\/div>\n<div>Max. Schwerefeld: 11045 \u00d7 g<\/div>\n<div>Rohrgr\u00f6\u00dfe: \u03a617x121mm<\/div>\n<\/td>\n<td style=\"width: 20%;\">\n<div>Rotor: Festwinkelrotor<\/div>\n<div>Kapazit\u00e4t: 24 x 10 ml<\/div>\n<div>Maximale Geschwindigkeit: 10.000 U\/min<\/div>\n<div>Max. Schwerefeld: 11045 \u00d7 g<\/div>\n<div>Rohrgr\u00f6\u00dfe: \u03a616x86mm<\/div>\n<\/td>\n<td style=\"width: 20%;\">\n<div>Rotor: Festwinkelrotor<\/div>\n<div>Kapazit\u00e4t: 6 x 10 ml<\/div>\n<div>Maximale Geschwindigkeit: 16000 U\/min<\/div>\n<div>Max. Schwerefeld: 19004 \u00d7 g<\/div>\n<div>Rohrgr\u00f6\u00dfe: \u03a616x86mm<\/div>\n<\/td>\n<\/tr>\n<tr>\n<td style=\"width: 20%;\"><img loading=\"lazy\" decoding=\"async\" class=\"alignnone size-full wp-image-22022\" src=\"https:\/\/lexamedlab.com\/wp-content\/uploads\/2025\/05\/8x15ml-1-1.webp\" alt=\"\" width=\"1500\" height=\"1000\" \/><\/td>\n<td style=\"width: 20%;\"><img loading=\"lazy\" decoding=\"async\" class=\"alignnone size-full wp-image-22023\" src=\"https:\/\/lexamedlab.com\/wp-content\/uploads\/2025\/05\/6x30ml-1.webp\" alt=\"\" width=\"1500\" height=\"1000\" \/><\/td>\n<td style=\"width: 20%;\"><img loading=\"lazy\" decoding=\"async\" class=\"alignnone size-full wp-image-22024\" src=\"https:\/\/lexamedlab.com\/wp-content\/uploads\/2025\/05\/8x0-2ml-pcr-strip-1.webp\" alt=\"\" width=\"1500\" height=\"1000\" \/><\/td>\n<td style=\"width: 20%;\"><img loading=\"lazy\" decoding=\"async\" class=\"alignnone size-full wp-image-22025\" src=\"https:\/\/lexamedlab.com\/wp-content\/uploads\/2025\/05\/6x100ml-1.webp\" alt=\"\" width=\"1500\" height=\"1000\" \/><\/td>\n<td style=\"width: 20%;\"><img loading=\"lazy\" decoding=\"async\" class=\"alignnone size-full wp-image-22026\" src=\"https:\/\/lexamedlab.com\/wp-content\/uploads\/2025\/05\/2x2x48-1.webp\" alt=\"\" width=\"1500\" height=\"1000\" \/><\/td>\n<\/tr>\n<tr>\n<td style=\"width: 20%;\">\n<div>Rotor: Festwinkelrotor<\/div>\n<div>Kapazit\u00e4t: 8 x 15 ml<\/div>\n<div>Maximale Geschwindigkeit: 13.000 U\/min<\/div>\n<div>Max. Schwerefeld: 14945 \u00d7 g<\/div>\n<div>Rohrgr\u00f6\u00dfe: \u03a617x121mm<\/div>\n<\/td>\n<td style=\"width: 20%;\">\n<div>Rotor: Festwinkelrotor<\/div>\n<div>Kapazit\u00e4t: 6x30ml<\/div>\n<div>Maximale Geschwindigkeit: 13.000 U\/min<\/div>\n<div>Max. Schwerefeld: 14945 \u00d7 g<\/div>\n<div>Rohrgr\u00f6\u00dfe: \u03a625,5 x 100 mm<\/div>\n<\/td>\n<td style=\"width: 20%;\">\n<div>Rotor: Festwinkelrotor<\/div>\n<div>Kapazit\u00e4t: 8 \u00d7 0,2 ml PCR-Streifen<\/div>\n<div>Maximale Geschwindigkeit: 13.000 U\/min<\/div>\n<div>Max. Schwerefeld: 14643 \u00d7 g<\/div>\n<\/td>\n<td style=\"width: 20%;\">\n<div>Rotor: Festwinkelrotor<\/div>\n<div>Kapazit\u00e4t: 6x100ml<\/div>\n<div>Maximale Geschwindigkeit: 8000 U\/min<\/div>\n<div>Max. Schwerefeld: 7720 \u00d7 g<\/div>\n<div>Rohrgr\u00f6\u00dfe: \u03a638x123mm<\/div>\n<\/td>\n<td style=\"width: 20%;\">\n<div>Rotor: Mikroplattenrotor<\/div>\n<div>Kapazit\u00e4t: 2 \u00d7 2 \u00d7 48-Well-Platte<\/div>\n<div>Maximale Geschwindigkeit: 4000 U\/min<\/div>\n<div>Max. Schwerefeld: 1538 \u00d7 g<\/div>\n<div>max: 128\u00d748x60mm<\/div>\n<\/td>\n<\/tr>\n<\/tbody>\n<\/table>","protected":false},"excerpt":{"rendered":"<div>\n<p><span style=\"font-family: 'times new roman', times, serif; font-size: 14pt;\">Die Hochgeschwindigkeits-Tischzentrifuge TG-18 zentrifugiert Probenvolumina bis zu 6 x 100 ml, 48 x 1,5\/2,2 ml R\u00f6hrchen oder 8 x 50 ml konische R\u00f6hrchen und verf\u00fcgt \u00fcber einen intelligenten LCD-Touchscreen. F\u00fcr 24 x 1,5\/2,2 ml R\u00f6hrchen ist ein aerosoldichter Rotor optional erh\u00e4ltlich. \u00a0<\/span><\/p>\n<\/div>\n<ul>\n<li><span style=\"font-family: 'times new roman', times, serif; font-size: 14pt;\">Maximalgeschwindigkeit\u00a0 \u00a0 \u00a0 \u00a0 \u00a0 \u00a0 \u00a0 \u00a0 \u00a0 <span class=\"item-val\">18000 U\/min<\/span><\/span><\/li>\n<li><span style=\"font-family: 'times new roman', times, serif; font-size: 14pt;\">Max. Schwerefeld\u00a0 \u00a0 \u00a0 \u00a0 \u00a0 \u00a0 \u00a0 \u00a0 \u00a0 \u00a0 <span class=\"item-val\">24814xg<\/span><\/span><\/li>\n<li><span style=\"font-family: 'times new roman', times, serif; font-size: 14pt;\">Maximale Kapazit\u00e4t\u00a0 \u00a0 \u00a0 \u00a0 \u00a0 \u00a0 \u00a0 \u00a0<span class=\"item-val\">6 x 100 ml<\/span><\/span><\/li>\n<li><span style=\"font-family: 'times new roman', times, serif; font-size: 14pt;\">Zeitbereich\u00a0 \u00a0 \u00a0 \u00a0 \u00a0 \u00a0 \u00a0 \u00a0 \u00a0<span class=\"item-val\">1s bis 99h59m59s<\/span><\/span><\/li>\n<li><span style=\"font-family: 'times new roman', times, serif; font-size: 14pt;\">Geschwindigkeitsgenauigkeit\u00a0 \u00a0 \u00a0 \u00a0 \u00a0 \u00a0 <span class=\"item-val\">\u00b110 U\/min<\/span><\/span><\/li>\n<li><span style=\"font-family: 'times new roman', times, serif; font-size: 14pt;\">L\u00e4rm\u00a0 \u00a0 \u00a0 \u00a0 \u00a0 \u00a0 \u00a0 \u00a0 \u00a0 \u00a0 \u00a0 \u00a0 \u00a0 \u00a0 <span class=\"item-val\">\u226460dB(A)<\/span><\/span><\/li>\n<li><span style=\"font-family: 'times new roman', times, serif; font-size: 14pt;\">Stromverbrauch\u00a0 \u00a0 \u00a0 <span class=\"item-val\">500 W<\/span><\/span><\/li>\n<li><span style=\"font-family: 'times new roman', times, serif; font-size: 14pt;\">Dimension\u00a0 \u00a0 \u00a0 \u00a0 \u00a0 \u00a0 \u00a0 \u00a0 \u00a0 \u00a0 <span class=\"item-val\">440x360x315mm<\/span><\/span><\/li>\n<li><span style=\"font-family: 'times new roman', times, serif; font-size: 14pt;\">Nettogewicht\u00a0 \u00a0 \u00a0 \u00a0 \u00a0 \u00a0 \u00a0 \u00a0 \u00a0 \u00a0 <span class=\"item-val\">29 kg<\/span><\/span><\/li>\n<\/ul>","protected":false},"featured_media":22762,"comment_status":"open","ping_status":"closed","template":"","meta":{"_acf_changed":false},"product_brand":[],"product_cat":[20,80,88],"product_tag":[],"class_list":{"0":"post-22004","1":"product","2":"type-product","3":"status-publish","4":"has-post-thumbnail","6":"product_cat-all","7":"product_cat-centrifuge","8":"product_cat-high-speed-centrifuge","10":"first","11":"instock","12":"shipping-taxable","13":"product-type-simple"},"acf":[],"_links":{"self":[{"href":"https:\/\/lexamedlab.com\/de\/wp-json\/wp\/v2\/product\/22004","targetHints":{"allow":["GET"]}}],"collection":[{"href":"https:\/\/lexamedlab.com\/de\/wp-json\/wp\/v2\/product"}],"about":[{"href":"https:\/\/lexamedlab.com\/de\/wp-json\/wp\/v2\/types\/product"}],"replies":[{"embeddable":true,"href":"https:\/\/lexamedlab.com\/de\/wp-json\/wp\/v2\/comments?post=22004"}],"version-history":[{"count":1,"href":"https:\/\/lexamedlab.com\/de\/wp-json\/wp\/v2\/product\/22004\/revisions"}],"predecessor-version":[{"id":22032,"href":"https:\/\/lexamedlab.com\/de\/wp-json\/wp\/v2\/product\/22004\/revisions\/22032"}],"wp:featuredmedia":[{"embeddable":true,"href":"https:\/\/lexamedlab.com\/de\/wp-json\/wp\/v2\/media\/22762"}],"wp:attachment":[{"href":"https:\/\/lexamedlab.com\/de\/wp-json\/wp\/v2\/media?parent=22004"}],"wp:term":[{"taxonomy":"product_brand","embeddable":true,"href":"https:\/\/lexamedlab.com\/de\/wp-json\/wp\/v2\/product_brand?post=22004"},{"taxonomy":"product_cat","embeddable":true,"href":"https:\/\/lexamedlab.com\/de\/wp-json\/wp\/v2\/product_cat?post=22004"},{"taxonomy":"product_tag","embeddable":true,"href":"https:\/\/lexamedlab.com\/de\/wp-json\/wp\/v2\/product_tag?post=22004"}],"curies":[{"name":"wp","href":"https:\/\/api.w.org\/{rel}","templated":true}]}}