{"id":22093,"date":"2025-05-20T07:14:11","date_gmt":"2025-05-20T07:14:11","guid":{"rendered":"https:\/\/lexamedlab.com\/?post_type=product&#038;p=22093"},"modified":"2025-05-27T15:11:37","modified_gmt":"2025-05-27T15:11:37","slug":"benchtop-high-speed-micro-centrifuge-h16s","status":"publish","type":"product","link":"https:\/\/lexamedlab.com\/de\/produkt\/benchtop-high-speed-micro-centrifuge-h16s\/","title":{"rendered":"Tisch-Hochgeschwindigkeits-Mikrozentrifuge H16S"},"content":{"rendered":"<div style=\"width: 1280px;\" class=\"wp-video\"><!--[if lt IE 9]><script>document.createElement('video');<\/script><![endif]-->\n<video class=\"wp-video-shortcode\" id=\"video-22093-1\" width=\"1280\" height=\"720\" preload=\"metadata\" controls=\"controls\"><source type=\"video\/mp4\" src=\"https:\/\/lexamedlab.com\/wp-content\/uploads\/2025\/05\/97913924-97af-4032-a078-c0a1ee36e696-h264-hd.mp4?_=1\" \/><a href=\"https:\/\/lexamedlab.com\/wp-content\/uploads\/2025\/05\/97913924-97af-4032-a078-c0a1ee36e696-h264-hd.mp4\">https:\/\/lexamedlab.com\/wp-content\/uploads\/2025\/05\/97913924-97af-4032-a078-c0a1ee36e696-h264-hd.mp4<\/a><\/video><\/div>\n<blockquote><p><span style=\"font-family: 'times new roman', times, serif; font-size: 18pt;\"><strong>&gt;Funktionen<\/strong><\/span><\/p><\/blockquote>\n<table style=\"width: 100%; border-collapse: collapse; background-color: #35a1cc;\">\n<tbody>\n<tr>\n<td style=\"width: 58.1541%;\">\n<div><span style=\"font-size: 18pt;\"><strong><span style=\"color: #ffffff; font-family: 'times new roman', times, serif;\">BLDC-Motor<\/span><\/strong><\/span><\/div>\n<div>\n<div><span style=\"color: #ffffff; font-size: 14pt; font-family: 'times new roman', times, serif;\">Geringer Temperaturanstieg: Temperaturanstieg \u22646\u2103<\/span><\/div>\n<div><span style=\"color: #ffffff; font-size: 14pt; font-family: 'times new roman', times, serif;\">Ger\u00e4uscharm: Ger\u00e4usch \u2264 56 dB (A)<\/span><\/div>\n<div><span style=\"color: #ffffff; font-size: 14pt; font-family: 'times new roman', times, serif;\">Wartungsfrei: B\u00fcrstenloser Motor, wartungsfrei<\/span><\/div>\n<div><span style=\"color: #ffffff; font-size: 14pt; font-family: 'times new roman', times, serif;\">Schnelle Beschleunigung: einstellbare Geschwindigkeitsrate. Die Beschleunigung auf die H\u00f6chstgeschwindigkeit dauert bei h\u00f6chster Rate nur 10 Sekunden\u00a0<\/span><\/div>\n<\/div>\n<div><span style=\"font-size: 18pt;\"><strong><span style=\"color: #ffffff; font-family: 'times new roman', times, serif;\">Bequemer<\/span><\/strong><\/span><\/div>\n<div>\n<div><strong><span style=\"color: #ffffff; font-size: 14pt; font-family: 'times new roman', times, serif;\">Resistiver Touchscreen<\/span><\/strong><\/div>\n<div><span style=\"color: #ffffff; font-size: 14pt; font-family: 'times new roman', times, serif;\">\u00b7 Farb-LCD-Bildschirm, Parameteranzeige in ganzen Ziffern<\/span><\/div>\n<div><span style=\"color: #ffffff; font-size: 14pt; font-family: 'times new roman', times, serif;\">\u00b7 Automatische Umrechnung zwischen RPM und RCF<\/span><\/div>\n<div><span style=\"color: #ffffff; font-size: 14pt; font-family: 'times new roman', times, serif;\">\u00b7 Resistiver Touchscreen, das Ger\u00e4t l\u00e4sst sich auch mit Handschuhen normal bedienen<\/span><\/div>\n<div><span style=\"color: #ffffff; font-size: 14pt; font-family: 'times new roman', times, serif;\">\u00b7 Kann Parameter im laufenden Betrieb \u00e4ndern<\/span><\/div>\n<div><span style=\"color: #ffffff; font-size: 14pt; font-family: 'times new roman', times, serif;\"><strong>Intelligentes T\u00fcrschloss<\/strong>:T\u00fcrschnalle aus Stahl + intelligentes T\u00fcrschloss, das die Arbeit mit der Zentrifuge bequemer macht;<\/span><\/div>\n<div><span style=\"color: #ffffff; font-size: 14pt; font-family: 'times new roman', times, serif;\"><strong>Automatisches Induktionst\u00fcrschloss<\/strong>, \u00fcberwachen Sie aktiv den \u00d6ffnungs- und Schlie\u00dfzustand der T\u00fcr und \u00f6ffnen Sie die T\u00fcr nach der Zentrifugation automatisch, was die Entnahme von Proben erleichtert.<\/span><\/div>\n<div><\/div>\n<div><span style=\"color: #ffffff; font-size: 14pt; font-family: 'times new roman', times, serif;\"><strong>D\u00e4mpfung T\u00fcr offen<\/strong>: Das Design der D\u00e4mpfungst\u00fcr: Nachdem die Zentrifugalarbeit abgeschlossen ist, \u00f6ffnet sich die T\u00fcr automatisch langsam, w\u00e4hrend des gesamten Vorgangs treten keine Vibrationen auf.<\/span><\/div>\n<div><\/div>\n<div><span style=\"color: #ffffff; font-size: 14pt; font-family: 'times new roman', times, serif;\"><strong>Bionischer Saugnapfsockel<\/strong>:Es verf\u00fcgt \u00fcber einen bionischen Saugnapf mit starker Adsorption, der einfach zu befestigen und leicht zu bewegen ist.<\/span><\/div>\n<div><span style=\"color: #ffffff; font-size: 14pt; font-family: 'times new roman', times, serif;\"><strong>Magnetischer Rotordeckel<\/strong>:Der hochmagnetische selbstadsorbierende Rotordeckel<\/span><\/div>\n<\/div>\n<p><span style=\"font-size: 18pt;\"><strong><span style=\"color: #ffffff; font-family: 'times new roman', times, serif;\">Sicherer<\/span><\/strong><\/span><\/p>\n<div>\n<div><strong><span style=\"color: #ffffff; font-size: 14pt; font-family: 'times new roman', times, serif;\">Innenabdeckung aus Aluminiumlegierung<\/span><\/strong><\/div>\n<div><span style=\"color: #ffffff; font-size: 14pt; font-family: 'times new roman', times, serif;\">Die Innenabdeckung aus superharter Aluminiumlegierung macht den Betrieb sicherer; gleichzeitig kann der interne Luftauslass die W\u00e4rme schnell ableiten.<\/span><\/div>\n<div><\/div>\n<div><strong><span style=\"color: #ffffff; font-size: 14pt; font-family: 'times new roman', times, serif;\">10 mm Edelstahlwelle<\/span><\/strong><\/div>\n<div><span style=\"color: #ffffff; font-size: 14pt; font-family: 'times new roman', times, serif;\">Die Verbindung zwischen der T\u00fcrabdeckung und dem Korpus besteht aus einer Edelstahlwelle und die T\u00fcr konnte im Versuch \u00fcber 100.000 Mal ohne Besch\u00e4digung ge\u00f6ffnet und geschlossen werden, was ihre Verwendung sicherer macht.<\/span><\/div>\n<div><\/div>\n<div><strong><span style=\"color: #ffffff; font-size: 14pt; font-family: 'times new roman', times, serif;\">Rotordeckel aus Edelstahl<\/span><\/strong><\/div>\n<div><span style=\"color: #ffffff; font-size: 14pt; font-family: 'times new roman', times, serif;\">Die spezielle Rotorabdeckung aus Edelstahl ist mit einer magnetischen Pick-and-Place-Schnittstelle ausgestattet, die beim Aufnehmen und Platzieren von Proben Zeit und Aufwand spart.<\/span><\/div>\n<\/div>\n<\/td>\n<td style=\"width: 41.8458%;\"><img fetchpriority=\"high\" decoding=\"async\" class=\"alignnone size-full wp-image-22095\" src=\"https:\/\/lexamedlab.com\/wp-content\/uploads\/2025\/05\/44-2-1.webp\" alt=\"\" width=\"1000\" height=\"1000\" \/><\/td>\n<\/tr>\n<\/tbody>\n<\/table>\n<blockquote><p><strong><span style=\"font-family: 'times new roman', times, serif; font-size: 18pt;\">&gt;Verf\u00fcgbare Rotoren\u00a0 \u00a0<\/span><\/strong><\/p><\/blockquote>\n<table style=\"border-collapse: collapse; width: 100%; height: 142px;\">\n<tbody>\n<tr style=\"height: 30px;\">\n<td style=\"width: 50%; height: 30px;\"><img decoding=\"async\" class=\"alignnone  wp-image-22096\" src=\"https:\/\/lexamedlab.com\/wp-content\/uploads\/2025\/05\/12x1-5-h15k-1.webp\" alt=\"\" width=\"359\" height=\"239\" \/><\/td>\n<td style=\"width: 50%; height: 30px;\"><img decoding=\"async\" class=\"alignnone  wp-image-22097\" src=\"https:\/\/lexamedlab.com\/wp-content\/uploads\/2025\/05\/8x5ml-h15k-1.webp\" alt=\"\" width=\"396\" height=\"264\" \/><\/td>\n<\/tr>\n<tr style=\"height: 112px;\">\n<td style=\"width: 50%; height: 112px;\">\n<div><span style=\"color: #000000; font-size: 14pt; font-family: 'times new roman', times, serif;\">Rotor: Festwinkelrotor (Standard)<\/span><\/div>\n<div><span style=\"color: #000000; font-size: 14pt; font-family: 'times new roman', times, serif;\">Kapazit\u00e4t: 12\u00d71,5\/2,2ml<\/span><\/div>\n<div><span style=\"color: #000000; font-size: 14pt; font-family: 'times new roman', times, serif;\">Maximale Geschwindigkeit: 16500 U\/min<\/span><\/div>\n<div><span style=\"color: #000000; font-size: 14pt; font-family: 'times new roman', times, serif;\">Max. Schwerefeld: 18262\u00d7g<\/span><\/div>\n<\/td>\n<td style=\"width: 50%; height: 112px;\">\n<div><span style=\"color: #000000; font-size: 14pt; font-family: 'times new roman', times, serif;\">Rotor: Festwinkelrotor (optional)<\/span><\/div>\n<div><span style=\"color: #000000; font-size: 14pt; font-family: 'times new roman', times, serif;\">Fassungsverm\u00f6gen: 8 x 5 ml<\/span><\/div>\n<div><span style=\"color: #000000; font-size: 14pt; font-family: 'times new roman', times, serif;\">Maximale Geschwindigkeit: 16500 U\/min<\/span><\/div>\n<div><span style=\"color: #000000; font-size: 14pt; font-family: 'times new roman', times, serif;\">Max. Schwerefeld: 18262\u00d7g<\/span><\/div>\n<\/td>\n<\/tr>\n<\/tbody>\n<\/table>","protected":false},"excerpt":{"rendered":"<div>\n<div>\n<p><span style=\"font-size: 14pt; font-family: 'times new roman', times, serif;\">Die Mikro-Hochgeschwindigkeitszentrifuge H16S wird mit einem 12 x 1,5\/2,2 ml Winkelrotor (mit 0,2\/0,5 ml Adapter) geliefert. Sie ist kompakt, benutzerfreundlich, schnell, ger\u00e4uscharm und bietet eine hohe F\u00f6rdergeschwindigkeit.<\/span><\/p>\n<\/div>\n<ul>\n<li><span style=\"font-size: 14pt; font-family: 'times new roman', times, serif;\">Maximalgeschwindigkeit\u00a0 \u00a0 \u00a0 \u00a0 \u00a0 \u00a0 \u00a0 \u00a0 \u00a0<span class=\"item-val\">16500 U\/min<\/span><\/span><\/li>\n<li><span style=\"font-size: 14pt; font-family: 'times new roman', times, serif;\">Max. Schwerefeld\u00a0 \u00a0 \u00a0 \u00a0 \u00a0 \u00a0 \u00a0 \u00a0 \u00a0 <span class=\"item-val\">18262xg<\/span><\/span><\/li>\n<li><span style=\"font-size: 14pt; font-family: 'times new roman', times, serif;\">Standardkapazit\u00e4t\u00a0 \u00a0 \u00a0<span class=\"item-val\">12*1,5\/2,2 ml<\/span><\/span><\/li>\n<li><span style=\"font-size: 14pt; font-family: 'times new roman', times, serif;\">Zeitbereich\u00a0 \u00a0 \u00a0 \u00a0 \u00a0 \u00a0 \u00a0 <span class=\"item-val\">1 s bis 99 m59 s<\/span><\/span><\/li>\n<li><span style=\"font-size: 14pt; font-family: 'times new roman', times, serif;\">Geschwindigkeitsgenauigkeit\u00a0 \u00a0 \u00a0 \u00a0 <span class=\"item-val\">\u00b110 U\/min<\/span><\/span><\/li>\n<li><span style=\"font-size: 14pt; font-family: 'times new roman', times, serif;\">L\u00e4rm\u00a0 \u00a0 \u00a0 \u00a0 \u00a0 \u00a0 \u00a0 \u00a0 \u00a0 \u00a0 \u00a0 \u00a0<span class=\"item-val\">\u226456dB(A)<\/span><\/span><\/li>\n<li><span style=\"font-size: 14pt; font-family: 'times new roman', times, serif;\">Stromversorgung\u00a0 \u00a0 \u00a0 \u00a0 \u00a0 <span class=\"item-val\">100 V bis 250 V<\/span><\/span><\/li>\n<li><span style=\"font-size: 14pt; font-family: 'times new roman', times, serif;\">Dimension\u00a0 \u00a0 \u00a0 \u00a0 \u00a0 \u00a0 \u00a0 <span class=\"item-val\">240x220x170mm<\/span><\/span><\/li>\n<li><span style=\"font-size: 14pt; font-family: 'times new roman', times, serif;\">Nettogewicht\u00a0 \u00a0 \u00a0 \u00a0 \u00a0 \u00a0 \u00a0 <span class=\"item-val\">3,8 kg<\/span><\/span><\/li>\n<\/ul>\n<\/div>\n<ul>\n<li><\/li>\n<\/ul>","protected":false},"featured_media":22095,"comment_status":"open","ping_status":"closed","template":"","meta":{"_acf_changed":false},"product_brand":[],"product_cat":[20,80,88],"product_tag":[],"class_list":{"0":"post-22093","1":"product","2":"type-product","3":"status-publish","4":"has-post-thumbnail","6":"product_cat-all","7":"product_cat-centrifuge","8":"product_cat-high-speed-centrifuge","10":"first","11":"instock","12":"shipping-taxable","13":"product-type-simple"},"acf":[],"_links":{"self":[{"href":"https:\/\/lexamedlab.com\/de\/wp-json\/wp\/v2\/product\/22093","targetHints":{"allow":["GET"]}}],"collection":[{"href":"https:\/\/lexamedlab.com\/de\/wp-json\/wp\/v2\/product"}],"about":[{"href":"https:\/\/lexamedlab.com\/de\/wp-json\/wp\/v2\/types\/product"}],"replies":[{"embeddable":true,"href":"https:\/\/lexamedlab.com\/de\/wp-json\/wp\/v2\/comments?post=22093"}],"version-history":[{"count":1,"href":"https:\/\/lexamedlab.com\/de\/wp-json\/wp\/v2\/product\/22093\/revisions"}],"predecessor-version":[{"id":22098,"href":"https:\/\/lexamedlab.com\/de\/wp-json\/wp\/v2\/product\/22093\/revisions\/22098"}],"wp:featuredmedia":[{"embeddable":true,"href":"https:\/\/lexamedlab.com\/de\/wp-json\/wp\/v2\/media\/22095"}],"wp:attachment":[{"href":"https:\/\/lexamedlab.com\/de\/wp-json\/wp\/v2\/media?parent=22093"}],"wp:term":[{"taxonomy":"product_brand","embeddable":true,"href":"https:\/\/lexamedlab.com\/de\/wp-json\/wp\/v2\/product_brand?post=22093"},{"taxonomy":"product_cat","embeddable":true,"href":"https:\/\/lexamedlab.com\/de\/wp-json\/wp\/v2\/product_cat?post=22093"},{"taxonomy":"product_tag","embeddable":true,"href":"https:\/\/lexamedlab.com\/de\/wp-json\/wp\/v2\/product_tag?post=22093"}],"curies":[{"name":"wp","href":"https:\/\/api.w.org\/{rel}","templated":true}]}}