{"id":22302,"date":"2025-05-21T11:24:56","date_gmt":"2025-05-21T11:24:56","guid":{"rendered":"https:\/\/lexamedlab.com\/?post_type=product&#038;p=22302"},"modified":"2025-05-28T17:16:09","modified_gmt":"2025-05-28T17:16:09","slug":"benchtop-high-speed-refrigerated-centrifuge-tgl-16s","status":"publish","type":"product","link":"https:\/\/lexamedlab.com\/de\/produkt\/benchtop-high-speed-refrigerated-centrifuge-tgl-16s\/","title":{"rendered":"Tisch-Hochgeschwindigkeits-K\u00fchlzentrifuge TGL-16S"},"content":{"rendered":"<div style=\"width: 1280px;\" class=\"wp-video\"><!--[if lt IE 9]><script>document.createElement('video');<\/script><![endif]-->\n<video class=\"wp-video-shortcode\" id=\"video-22302-1\" width=\"1280\" height=\"720\" preload=\"metadata\" controls=\"controls\"><source type=\"video\/mp4\" src=\"https:\/\/lexamedlab.com\/wp-content\/uploads\/2025\/05\/date-16.mp4?_=1\" \/><a href=\"https:\/\/lexamedlab.com\/wp-content\/uploads\/2025\/05\/date-16.mp4\">https:\/\/lexamedlab.com\/wp-content\/uploads\/2025\/05\/date-16.mp4<\/a><\/video><\/div>\n<blockquote><p><span style=\"font-size: 18pt; font-family: 'times new roman', times, serif;\"><strong>&gt;Funktionen<\/strong><\/span><\/p><\/blockquote>\n<table style=\"width: 100%; border-collapse: collapse; background-color: #53a1cc;\">\n<tbody>\n<tr>\n<td style=\"width: 50%;\">\n<div><span style=\"font-size: 18pt;\"><strong><span style=\"color: #ffffff; font-family: 'times new roman', times, serif;\">Benutzerfreundliche Funktion\u00a0<\/span><\/strong><\/span><\/div>\n<div><span style=\"color: #ffffff; font-size: 14pt; font-family: 'times new roman', times, serif;\">&gt;12 benutzerdefinierte Programme<\/span><\/div>\n<div><span style=\"color: #ffffff; font-size: 14pt; font-family: 'times new roman', times, serif;\">&gt;40 Raten Beschleunigung und Verz\u00f6gerung<\/span><\/div>\n<div><span style=\"color: #ffffff; font-size: 14pt; font-family: 'times new roman', times, serif;\">&gt;bis zu 99h59m Timerbereich<\/span><\/div>\n<div><span style=\"color: #ffffff; font-size: 14pt; font-family: 'times new roman', times, serif;\">&gt;RCF kann direkt eingestellt werden.<\/span><\/div>\n<div><span style=\"color: #ffffff; font-size: 14pt; font-family: 'times new roman', times, serif;\">&gt; LCD- und LED-Bildschirm zeigen Parameter einfach und deutlich an<\/span><\/div>\n<div><span style=\"color: #ffffff; font-size: 14pt; font-family: 'times new roman', times, serif;\">&gt;Wasserdichtes Touch-Keypad, jeder Parameter hat\u00a0<\/span><\/div>\n<div><span style=\"color: #ffffff; font-size: 14pt; font-family: 'times new roman', times, serif;\">\u00a0 \u00a0entsprechende Taste zum Einstellen<\/span><\/div>\n<div><span style=\"color: #ffffff; font-size: 14pt; font-family: 'times new roman', times, serif;\">&gt;Der Benutzer kann die Parameter zur\u00fccksetzen, wenn sich der Rotor dreht<\/span><\/div>\n<\/td>\n<td style=\"width: 50%;\">\n<div><strong><span style=\"color: #ffffff; font-size: 18pt; font-family: 'times new roman', times, serif;\">K\u00fchlung<\/span><\/strong><\/div>\n<div><span style=\"color: #ffffff; font-size: 14pt; font-family: 'times new roman', times, serif;\">&gt;Gute Kompressoreinheit<\/span><\/div>\n<div><span style=\"color: #ffffff; font-size: 14pt; font-family: 'times new roman', times, serif;\">&gt;-20\u00b0C bis +40\u00b0C, 1\u00b0C-Schritte<\/span><\/div>\n<div><span style=\"color: #ffffff; font-size: 14pt; font-family: 'times new roman', times, serif;\">&gt;\u00b11\u2103 hohe Temperaturgenauigkeit<\/span><\/div>\n<div><span style=\"color: #ffffff; font-size: 14pt; font-family: 'times new roman', times, serif;\">&gt;FCKW-freies K\u00e4ltemittel<\/span><\/div>\n<div><span style=\"color: #ffffff; font-size: 14pt; font-family: 'times new roman', times, serif;\">&gt;Temperatursensor in der Kammer<\/span><\/div>\n<div><span style=\"color: #ffffff; font-size: 14pt; font-family: 'times new roman', times, serif;\">&gt;Startet die K\u00fchlung beim Einschalten<\/span><\/div>\n<div><span style=\"color: #ffffff; font-size: 14pt; font-family: 'times new roman', times, serif;\">&gt;H\u00e4lt die K\u00fchlung nach dem Schleudern aufrecht<\/span><\/div>\n<\/td>\n<\/tr>\n<tr>\n<td style=\"width: 50%;\">\n<div><strong><span style=\"color: #ffffff; font-size: 18pt; font-family: 'times new roman', times, serif;\">Sorgen Sie f\u00fcr Sicherheit\u00a0<\/span><\/strong><\/div>\n<div><span style=\"color: #ffffff; font-size: 14pt; font-family: 'times new roman', times, serif;\">&gt;Automatische Rotorerkennung zur Vermeidung von \u00dcberdrehzahlen<\/span><\/div>\n<div><span style=\"color: #ffffff; font-size: 14pt; font-family: 'times new roman', times, serif;\">&gt;Unwuchterkennung durch Dreiachsen-Gyroskop<\/span><\/div>\n<div><span style=\"color: #ffffff; font-size: 14pt; font-family: 'times new roman', times, serif;\">&gt;Motorisiertes elektronisches T\u00fcrschloss<\/span><\/div>\n<div><span style=\"color: #ffffff; font-size: 14pt; font-family: 'times new roman', times, serif;\">&gt;T\u00fcr kann nicht ge\u00f6ffnet werden, wenn der Rotor sich dreht<\/span><\/div>\n<div><span style=\"color: #ffffff; font-size: 14pt; font-family: 'times new roman', times, serif;\">&gt;Gasscharnier, um ein Herunterfallen der T\u00fcr zu verhindern<\/span><\/div>\n<div><span style=\"color: #ffffff; font-size: 14pt; font-family: 'times new roman', times, serif;\">&gt;Anschluss in der T\u00fcr zur Kalibrierung und Funktionspr\u00fcfung<\/span><\/div>\n<div><span style=\"color: #ffffff; font-size: 14pt; font-family: 'times new roman', times, serif;\">&gt;Not\u00f6ffnung der T\u00fcrverriegelung<\/span><\/div>\n<div><span style=\"color: #ffffff; font-size: 14pt; font-family: 'times new roman', times, serif;\">&gt;Verschiedene Schutzvorrichtungen gew\u00e4hrleisten eine sichere Zentrifugation<\/span><\/div>\n<\/td>\n<td style=\"width: 50%;\">\n<div><strong><span style=\"color: #ffffff; font-size: 18pt; font-family: 'times new roman', times, serif;\">Gute Komponenten\u00a0<\/span><\/strong><\/div>\n<div><span style=\"color: #ffffff; font-size: 14pt; font-family: 'times new roman', times, serif;\">&gt;Motor: Motor mit variabler Frequenz.<\/span><\/div>\n<div><span style=\"color: #ffffff; font-size: 14pt; font-family: 'times new roman', times, serif;\">\u00a0 \u00a0stabiler Lauf, wartungsfrei, lange Lebensdauer<\/span><\/div>\n<div><span style=\"color: #ffffff; font-size: 14pt; font-family: 'times new roman', times, serif;\">&gt;Geh\u00e4use: Dicker und starker Stahl<\/span><\/div>\n<div><span style=\"color: #ffffff; font-size: 14pt; font-family: 'times new roman', times, serif;\">&gt;Kammer: Edelstahl 316 mit Teflonbeschichtung.<\/span><\/div>\n<div><span style=\"color: #ffffff; font-size: 14pt; font-family: 'times new roman', times, serif;\">\u00a0 \u00a0korrosionsbest\u00e4ndig und leicht zu reinigen<\/span><\/div>\n<div><span style=\"color: #ffffff; font-size: 14pt; font-family: 'times new roman', times, serif;\">&gt; Rotor: Rotor aus Aluminiumlegierung<\/span><\/div>\n<div><span style=\"color: #ffffff; font-size: 14pt; font-family: 'times new roman', times, serif;\">&gt;Rotoren sind autoklavierbar\u00a0<\/span><\/div>\n<\/td>\n<\/tr>\n<\/tbody>\n<\/table>\n<blockquote><p><strong><span style=\"font-size: 18pt; font-family: 'times new roman', times, serif;\">&gt;Verf\u00fcgbare Rotoren<\/span><\/strong><\/p><\/blockquote>\n<table style=\"border-collapse: collapse; width: 100%;\">\n<tbody>\n<tr>\n<td style=\"width: 20%;\">\u00a0 \u00a0\u00a0<img fetchpriority=\"high\" decoding=\"async\" class=\"alignnone size-medium wp-image-22308\" src=\"https:\/\/lexamedlab.com\/wp-content\/uploads\/2025\/05\/12x1-5ml-10.webp\" alt=\"\" width=\"1500\" height=\"1000\" \/><\/td>\n<td style=\"width: 20%;\"><img decoding=\"async\" class=\"alignnone size-full wp-image-22309\" src=\"https:\/\/lexamedlab.com\/wp-content\/uploads\/2025\/05\/12x5ml-6.webp\" alt=\"\" width=\"1500\" height=\"1000\" \/><\/td>\n<td style=\"width: 20%;\"><img decoding=\"async\" class=\"alignnone size-full wp-image-22310\" src=\"https:\/\/lexamedlab.com\/wp-content\/uploads\/2025\/05\/24x1-5ml-1-6.webp\" alt=\"\" width=\"1500\" height=\"1000\" \/><\/td>\n<td style=\"width: 20%;\"><img loading=\"lazy\" decoding=\"async\" class=\"alignnone size-full wp-image-22311\" src=\"https:\/\/lexamedlab.com\/wp-content\/uploads\/2025\/05\/12x10ml-9.webp\" alt=\"\" width=\"1500\" height=\"1000\" \/><\/td>\n<td style=\"width: 20%;\"><img loading=\"lazy\" decoding=\"async\" class=\"alignnone size-full wp-image-22312\" src=\"https:\/\/lexamedlab.com\/wp-content\/uploads\/2025\/05\/48x1-5ml-9.webp\" alt=\"\" width=\"1500\" height=\"1000\" \/><\/td>\n<\/tr>\n<tr>\n<td style=\"width: 20%;\">\n<div><span style=\"font-size: 14pt; font-family: 'times new roman', times, serif;\">Rotor: Festwinkelrotor<\/span><\/div>\n<div><span style=\"font-size: 14pt; font-family: 'times new roman', times, serif;\">Kapazit\u00e4t: 12 \u00d7 1,5\/2,2 ml<\/span><\/div>\n<div><span style=\"font-size: 14pt; font-family: 'times new roman', times, serif;\">Maximale Geschwindigkeit: 16500 U\/min<\/span><\/div>\n<div><span style=\"font-size: 14pt; font-family: 'times new roman', times, serif;\">Max. Schwerefeld: 19000 \u00d7 g<\/span><\/div>\n<div><span style=\"font-size: 14pt; font-family: 'times new roman', times, serif;\">Rohrgr\u00f6\u00dfe: \u03a611x42mm<\/span><\/div>\n<\/td>\n<td style=\"width: 20%;\">\n<div><span style=\"font-size: 14pt; font-family: 'times new roman', times, serif;\">Rotor: Festwinkelrotor<\/span><\/div>\n<div><span style=\"font-size: 14pt; font-family: 'times new roman', times, serif;\">Kapazit\u00e4t: 12 x 5 ml<\/span><\/div>\n<div><span style=\"font-size: 14pt; font-family: 'times new roman', times, serif;\">Maximale Geschwindigkeit: 15.000 U\/min<\/span><\/div>\n<div><span style=\"font-size: 14pt; font-family: 'times new roman', times, serif;\">Max. Schwerefeld: 18270 \u00d7 g<\/span><\/div>\n<div><span style=\"font-size: 14pt; font-family: 'times new roman', times, serif;\">Rohrgr\u00f6\u00dfe: \u03a614 \u00d7 54 mm<\/span><\/div>\n<\/td>\n<td style=\"width: 20%;\">\n<div><span style=\"font-size: 14pt; font-family: 'times new roman', times, serif;\">Rotor: Festwinkelrotor<\/span><\/div>\n<div><span style=\"font-size: 14pt; font-family: 'times new roman', times, serif;\">Kapazit\u00e4t: 24 \u00d7 1,5\/2,2 ml<\/span><\/div>\n<div><span style=\"font-size: 14pt; font-family: 'times new roman', times, serif;\">Maximale Geschwindigkeit: 15.000 U\/min<\/span><\/div>\n<div><span style=\"font-size: 14pt; font-family: 'times new roman', times, serif;\">Max. Schwerefeld: 21630 \u00d7 g<\/span><\/div>\n<div><span style=\"font-size: 14pt; font-family: 'times new roman', times, serif;\">Rohrgr\u00f6\u00dfe: \u03a611x42mm<\/span><\/div>\n<\/td>\n<td style=\"width: 20%;\">\n<div><span style=\"font-size: 14pt; font-family: 'times new roman', times, serif;\">Rotor: Festwinkelrotor<\/span><\/div>\n<div><span style=\"font-size: 14pt; font-family: 'times new roman', times, serif;\">Kapazit\u00e4t: 12 x 10 ml<\/span><\/div>\n<div><span style=\"font-size: 14pt; font-family: 'times new roman', times, serif;\">Maximale Geschwindigkeit: 12000 U\/min<\/span><\/div>\n<div><span style=\"font-size: 14pt; font-family: 'times new roman', times, serif;\">Max. Schwerefeld: 13310 \u00d7 g<\/span><\/div>\n<div><span style=\"font-size: 14pt; font-family: 'times new roman', times, serif;\">Rohrgr\u00f6\u00dfe: \u03a616x86mm<\/span><\/div>\n<\/td>\n<td style=\"width: 20%;\">\n<div><span style=\"font-size: 14pt; font-family: 'times new roman', times, serif;\">Rotor: Festwinkelrotor<\/span><\/div>\n<div><span style=\"font-size: 14pt; font-family: 'times new roman', times, serif;\">Kapazit\u00e4t: 48 \u00d7 1,5\/2,2 ml<\/span><\/div>\n<div><span style=\"font-size: 14pt; font-family: 'times new roman', times, serif;\">Maximale Geschwindigkeit: 12000 U\/min<\/span><\/div>\n<div><span style=\"font-size: 14pt; font-family: 'times new roman', times, serif;\">Max. Schwerefeld: 15970 \u00d7 g<\/span><\/div>\n<div><span style=\"font-size: 14pt; font-family: 'times new roman', times, serif;\">Rohrgr\u00f6\u00dfe: \u03a611x42mm<\/span><\/div>\n<\/td>\n<\/tr>\n<\/tbody>\n<\/table>","protected":false},"excerpt":{"rendered":"<div>\n<p><span style=\"font-size: 14pt; font-family: 'times new roman', times, serif;\">TGL-16S ist eine praktische Tischk\u00fchlzentrifuge, die Probenvolumina von 0,2 bis 10 ml aufnehmen kann. Vollst\u00e4ndig aus Stahl gefertigtes Geh\u00e4use, LCD- und LED-Doppelbildschirmanzeige. Die H\u00f6chstgeschwindigkeit kann 16.500 U\/min erreichen. Dieses Ger\u00e4t verf\u00fcgt \u00fcber eine K\u00fchlung mit einem Temperaturbereich von -20 \u00b0C bis +40 \u00b0C.<\/span><\/p>\n<\/div>\n<ul>\n<li><span style=\"font-size: 14pt; font-family: 'times new roman', times, serif;\">Maximalgeschwindigkeit\u00a0 \u00a0 \u00a0 \u00a0 \u00a0 \u00a0 \u00a0 \u00a0 \u00a0 \u00a0 \u00a0 \u00a0<span class=\"item-val\">16500 U\/min<\/span><\/span><\/li>\n<li><span style=\"font-size: 14pt; font-family: 'times new roman', times, serif;\">Max. Schwerefeld\u00a0 \u00a0 \u00a0 \u00a0 \u00a0 \u00a0 \u00a0 \u00a0 \u00a0 \u00a0 \u00a0 \u00a0 \u00a0<span class=\"item-val\">21630xg<\/span><\/span><\/li>\n<li><span style=\"font-size: 14pt; font-family: 'times new roman', times, serif;\">Temperaturbereich\u00a0 \u00a0 \u00a0 \u00a0 \u00a0 \u00a0<span class=\"item-val\">-20\u2103 bis +40\u2103<\/span><\/span><\/li>\n<li><span style=\"font-size: 14pt; font-family: 'times new roman', times, serif;\">Temperaturgenauigkeit\u00a0 \u00a0 \u00a0 <span class=\"item-val\">\u00b11\u2103<\/span><\/span><\/li>\n<li><span style=\"font-size: 14pt; font-family: 'times new roman', times, serif;\">Zeitbereich\u00a0 \u00a0 \u00a0 \u00a0 \u00a0 \u00a0 \u00a0 \u00a0 \u00a0 \u00a0 \u00a0 <span class=\"item-val\">1 Min. bis 99 Std. 59 Min.<\/span><\/span><\/li>\n<li><span style=\"font-size: 14pt; font-family: 'times new roman', times, serif;\">Maximale Kapazit\u00e4t\u00a0 \u00a0 \u00a0 \u00a0 \u00a0 \u00a0 \u00a0 \u00a0 \u00a0 \u00a0 <span class=\"item-val\">12 x 10 ml<\/span><\/span><\/li>\n<li><span style=\"font-size: 14pt; font-family: 'times new roman', times, serif;\">Geschwindigkeitsgenauigkeit\u00a0 \u00a0 \u00a0 \u00a0 \u00a0 \u00a0 \u00a0 \u00a0 \u00a0<span class=\"item-val\">\u00b110 U\/min<\/span><\/span><\/li>\n<li><span style=\"font-size: 14pt; font-family: 'times new roman', times, serif;\">L\u00e4rm\u00a0 \u00a0 \u00a0 \u00a0 \u00a0 \u00a0 \u00a0 \u00a0 \u00a0 \u00a0 \u00a0 \u00a0 \u00a0 \u00a0 \u00a0 \u00a0 <span class=\"item-val\">\u226460dB(A)<\/span><\/span><\/li>\n<li><span style=\"font-size: 14pt; font-family: 'times new roman', times, serif;\">Stromverbrauch\u00a0 \u00a0 \u00a0 \u00a0 \u00a0<span class=\"item-val\">1000 W<\/span><\/span><\/li>\n<li><span style=\"font-size: 14pt; font-family: 'times new roman', times, serif;\">Dimension\u00a0 \u00a0 \u00a0 \u00a0 \u00a0 \u00a0 \u00a0 \u00a0 \u00a0 \u00a0 \u00a0 \u00a0<span class=\"item-val\">420x625x370mm<\/span><\/span><\/li>\n<li><span style=\"font-size: 14pt; font-family: 'times new roman', times, serif;\">Nettogewicht\u00a0 \u00a0 \u00a0 \u00a0 \u00a0 \u00a0 \u00a0 \u00a0 \u00a0 \u00a0 \u00a0 \u00a0<span class=\"item-val\">53 kg<\/span><\/span><\/li>\n<\/ul>","protected":false},"featured_media":22304,"comment_status":"open","ping_status":"closed","template":"","meta":{"_acf_changed":false},"product_brand":[],"product_cat":[20,80,88,89],"product_tag":[],"class_list":{"0":"post-22302","1":"product","2":"type-product","3":"status-publish","4":"has-post-thumbnail","6":"product_cat-all","7":"product_cat-centrifuge","8":"product_cat-high-speed-centrifuge","9":"product_cat-high-speed-refrigerated-centrifuge","11":"first","12":"instock","13":"shipping-taxable","14":"product-type-simple"},"acf":[],"_links":{"self":[{"href":"https:\/\/lexamedlab.com\/de\/wp-json\/wp\/v2\/product\/22302","targetHints":{"allow":["GET"]}}],"collection":[{"href":"https:\/\/lexamedlab.com\/de\/wp-json\/wp\/v2\/product"}],"about":[{"href":"https:\/\/lexamedlab.com\/de\/wp-json\/wp\/v2\/types\/product"}],"replies":[{"embeddable":true,"href":"https:\/\/lexamedlab.com\/de\/wp-json\/wp\/v2\/comments?post=22302"}],"version-history":[{"count":1,"href":"https:\/\/lexamedlab.com\/de\/wp-json\/wp\/v2\/product\/22302\/revisions"}],"predecessor-version":[{"id":22314,"href":"https:\/\/lexamedlab.com\/de\/wp-json\/wp\/v2\/product\/22302\/revisions\/22314"}],"wp:featuredmedia":[{"embeddable":true,"href":"https:\/\/lexamedlab.com\/de\/wp-json\/wp\/v2\/media\/22304"}],"wp:attachment":[{"href":"https:\/\/lexamedlab.com\/de\/wp-json\/wp\/v2\/media?parent=22302"}],"wp:term":[{"taxonomy":"product_brand","embeddable":true,"href":"https:\/\/lexamedlab.com\/de\/wp-json\/wp\/v2\/product_brand?post=22302"},{"taxonomy":"product_cat","embeddable":true,"href":"https:\/\/lexamedlab.com\/de\/wp-json\/wp\/v2\/product_cat?post=22302"},{"taxonomy":"product_tag","embeddable":true,"href":"https:\/\/lexamedlab.com\/de\/wp-json\/wp\/v2\/product_tag?post=22302"}],"curies":[{"name":"wp","href":"https:\/\/api.w.org\/{rel}","templated":true}]}}