{"id":22329,"date":"2025-05-21T11:46:25","date_gmt":"2025-05-21T11:46:25","guid":{"rendered":"https:\/\/lexamedlab.com\/?post_type=product&#038;p=22329"},"modified":"2025-05-28T17:16:09","modified_gmt":"2025-05-28T17:16:09","slug":"benchtop-high-speed-micro-refrigerated-centrifuge-tgl-2150","status":"publish","type":"product","link":"https:\/\/lexamedlab.com\/de\/produkt\/benchtop-high-speed-micro-refrigerated-centrifuge-tgl-2150\/","title":{"rendered":"Tisch-Hochgeschwindigkeits-Mikrok\u00fchlzentrifuge TGL-2150"},"content":{"rendered":"<div style=\"width: 1280px;\" class=\"wp-video\"><!--[if lt IE 9]><script>document.createElement('video');<\/script><![endif]-->\n<video class=\"wp-video-shortcode\" id=\"video-22329-1\" width=\"1280\" height=\"720\" preload=\"metadata\" controls=\"controls\"><source type=\"video\/mp4\" src=\"https:\/\/lexamedlab.com\/wp-content\/uploads\/2025\/05\/tgl-1850-high-speed-micro-refrigerated-centrifuge.mp4?_=1\" \/><a href=\"https:\/\/lexamedlab.com\/wp-content\/uploads\/2025\/05\/tgl-1850-high-speed-micro-refrigerated-centrifuge.mp4\">https:\/\/lexamedlab.com\/wp-content\/uploads\/2025\/05\/tgl-1850-high-speed-micro-refrigerated-centrifuge.mp4<\/a><\/video><\/div>\n<blockquote><p><strong><span style=\"font-size: 18pt; font-family: 'times new roman', times, serif;\">&gt;Funktionen<\/span><\/strong><\/p><\/blockquote>\n<table style=\"width: 100%; border-collapse: collapse; background-color: #35a1cc;\">\n<tbody>\n<tr>\n<td style=\"width: 50%;\"><img fetchpriority=\"high\" decoding=\"async\" class=\"alignnone  wp-image-22320\" src=\"https:\/\/lexamedlab.com\/wp-content\/uploads\/2025\/05\/24x1-5ml-angle-rotor.webp\" alt=\"\" width=\"482\" height=\"260\" \/><\/td>\n<td style=\"width: 50%;\">\n<div><strong><span style=\"font-size: 18pt; font-family: 'times new roman', times, serif; color: #ffffff;\">Merkmale\u00a0<\/span><\/strong><\/div>\n<div><span style=\"font-size: 14pt; font-family: 'times new roman', times, serif; color: #ffffff;\">&gt;Automatische Rotoridentifikation durch RFID<\/span><\/div>\n<div><span style=\"font-size: 14pt; font-family: 'times new roman', times, serif; color: #ffffff;\">&gt;Unwuchterkennung mit automatischem Laufstopp<\/span><\/div>\n<div><span style=\"font-size: 14pt; font-family: 'times new roman', times, serif; color: #ffffff;\">&gt; Kompaktes Design, geringes Gewicht<\/span><\/div>\n<div><span style=\"font-size: 14pt; font-family: 'times new roman', times, serif; color: #ffffff;\">&gt;Motor mit variabler Frequenz, Mikroprozessorsteuerung<\/span><\/div>\n<div><span style=\"font-size: 14pt; font-family: 'times new roman', times, serif; color: #ffffff;\">&gt;LCD-Touchscreen zum Anzeigen und Einstellen von Parametern<\/span><\/div>\n<div><span style=\"font-size: 14pt; font-family: 'times new roman', times, serif; color: #ffffff;\">&gt;Motorisierte elektronische selbstansaugende Deckelverriegelung<\/span><\/div>\n<div><span style=\"font-size: 14pt; font-family: 'times new roman', times, serif; color: #ffffff;\">&gt;bis zu 1000 Programme und 1000 Laufhistorien<\/span><\/div>\n<div><span style=\"font-size: 14pt; font-family: 'times new roman', times, serif; color: #ffffff;\">&gt;bis zu 40 Beschleunigungs- und Verz\u00f6gerungsrate<\/span><\/div>\n<div><span style=\"font-size: 14pt; font-family: 'times new roman', times, serif; color: #ffffff;\">&gt;Bis zu 7-stufiger mehrstufiger Zentrifugationsmodus verf\u00fcgbar<\/span><\/div>\n<div><span style=\"font-size: 14pt; font-family: 'times new roman', times, serif; color: #ffffff;\">&gt;Unterst\u00fctzt Kurzzentrifugation und kontinuierliche Zentrifugation<\/span><\/div>\n<\/td>\n<\/tr>\n<tr>\n<td style=\"width: 50%;\">\n<div><strong><span style=\"color: #ffffff; font-size: 18pt; font-family: 'times new roman', times, serif;\">K\u00fchlung\u00a0<\/span><\/strong><\/div>\n<div><span style=\"color: #ffffff; font-size: 14pt; font-family: 'times new roman', times, serif;\">&gt;-10\u00b0C bis +40\u00b0C, 1\u00b0C-Schritte<\/span><\/div>\n<div><span style=\"color: #ffffff; font-size: 14pt; font-family: 'times new roman', times, serif;\">&gt;\u00b11\u2103 hohe Temperaturgenauigkeit<\/span><\/div>\n<div><span style=\"color: #ffffff; font-size: 14pt; font-family: 'times new roman', times, serif;\">&gt;FCKW-freies K\u00e4ltemittel<\/span><\/div>\n<div><span style=\"color: #ffffff; font-size: 14pt; font-family: 'times new roman', times, serif;\">&gt;Temperatursensor in der Kammer<\/span><\/div>\n<div><span style=\"color: #ffffff; font-size: 14pt; font-family: 'times new roman', times, serif;\">&gt;Startet die K\u00fchlung beim Einschalten<\/span><\/div>\n<div><span style=\"color: #ffffff; font-size: 14pt; font-family: 'times new roman', times, serif;\">&gt;H\u00e4lt die K\u00fchlung nach dem Schleudern aufrecht<\/span><\/div>\n<div><span style=\"color: #ffffff; font-size: 14pt; font-family: 'times new roman', times, serif;\">&gt; Mit Fast Temp-Taste<\/span><\/div>\n<div><span style=\"color: #ffffff; font-size: 14pt; font-family: 'times new roman', times, serif;\">&gt;Kann die K\u00fchlstoppzeit an der T\u00fcr\/im Standby einstellen<\/span><\/div>\n<\/td>\n<td style=\"width: 50%;\"><img decoding=\"async\" class=\"alignnone  wp-image-22321\" src=\"https:\/\/lexamedlab.com\/wp-content\/uploads\/2025\/05\/6465456.webp\" alt=\"\" width=\"323\" height=\"215\" \/><\/td>\n<\/tr>\n<\/tbody>\n<\/table>\n<blockquote><p><strong><span style=\"font-size: 18pt; font-family: 'times new roman', times, serif;\">&gt;Verf\u00fcgbare Rotoren<\/span><\/strong><\/p><\/blockquote>\n<p><img decoding=\"async\" class=\"alignnone size-full wp-image-22331\" src=\"https:\/\/lexamedlab.com\/wp-content\/uploads\/2025\/05\/tgl-2150-1-scaled.webp\" alt=\"\" width=\"2560\" height=\"641\" \/><\/p>","protected":false},"excerpt":{"rendered":"<div>\n<div class=\"editor-text-wrap\">\n<p><span style=\"font-size: 14pt; font-family: 'times new roman', times, serif;\">Die Tisch-Hochgeschwindigkeits-Mikrok\u00fchlzentrifuge TGL-2150 ist f\u00fcr Mikrokapazit\u00e4ten ausgelegt und kann mit Festwinkelrotoren f\u00fcr 1,5\/2,2 ml, 5 ml und 0,2 ml betrieben werden. Sie ist die ideale Zentrifuge f\u00fcr Biologie, Mikrobiologie und PCR.<\/span><\/p>\n<\/div>\n<\/div>\n<ul>\n<li><span style=\"font-size: 14pt; font-family: 'times new roman', times, serif;\">Maximalgeschwindigkeit\u00a0 \u00a0 \u00a0 \u00a0 \u00a0 \u00a0 \u00a0 \u00a0 \u00a0 \u00a0 \u00a0 \u00a0<span class=\"item-val\">15000 U\/min<\/span><\/span><\/li>\n<li><span style=\"font-size: 14pt; font-family: 'times new roman', times, serif;\">Max. Schwerefeld\u00a0 \u00a0 \u00a0 \u00a0 \u00a0 \u00a0 \u00a0 \u00a0 \u00a0 \u00a0 \u00a0 \u00a0 \u00a0<span class=\"item-val\">21633xg<\/span><\/span><\/li>\n<li><span style=\"font-size: 14pt; font-family: 'times new roman', times, serif;\">Temperaturbereich\u00a0 \u00a0 \u00a0 \u00a0 \u00a0 <span class=\"item-val\">-10\u2103 bis +40\u2103<\/span><\/span><\/li>\n<li><span style=\"font-size: 14pt; font-family: 'times new roman', times, serif;\">Temperaturgenauigkeit\u00a0 \u00a0 \u00a0<span class=\"item-val\">\u00b11\u2103<\/span><\/span><\/li>\n<li><span style=\"font-size: 14pt; font-family: 'times new roman', times, serif;\">Zeitbereich\u00a0 \u00a0 \u00a0 \u00a0 \u00a0 \u00a0 \u00a0 \u00a0 \u00a0 \u00a0 <span class=\"item-val\">1s bis 99h59m<\/span><\/span><\/li>\n<li><span style=\"font-size: 14pt; font-family: 'times new roman', times, serif;\">Maximale Kapazit\u00e4t\u00a0 \u00a0 \u00a0 \u00a0 \u00a0 \u00a0 \u00a0 \u00a0 \u00a0 <span class=\"item-val\">12 x 5 ml<\/span><\/span><\/li>\n<li><span style=\"font-size: 14pt; font-family: 'times new roman', times, serif;\">Geschwindigkeitsgenauigkeit\u00a0 \u00a0 \u00a0 \u00a0 \u00a0 \u00a0 \u00a0 <span class=\"item-val\">\u00b110 U\/min<\/span><\/span><\/li>\n<li><span style=\"font-size: 14pt; font-family: 'times new roman', times, serif;\">L\u00e4rm\u00a0 \u00a0 \u00a0 \u00a0 \u00a0 \u00a0 \u00a0 \u00a0 \u00a0 \u00a0 \u00a0 \u00a0 \u00a0 \u00a0 \u00a0<span class=\"item-val\">\u226456dB(A)<\/span><\/span><\/li>\n<li><span style=\"font-size: 14pt; font-family: 'times new roman', times, serif;\">Stromverbrauch\u00a0 \u00a0 \u00a0 <span class=\"item-val\">400 W<\/span><\/span><\/li>\n<li><span style=\"font-size: 14pt; font-family: 'times new roman', times, serif;\">Dimension\u00a0 \u00a0 \u00a0 \u00a0 \u00a0 \u00a0 \u00a0 \u00a0 \u00a0 \u00a0 <span class=\"item-val\">510x300x280mm<\/span><\/span><\/li>\n<li><span style=\"font-size: 14pt; font-family: 'times new roman', times, serif;\"><span style=\"font-size: 14pt; font-family: 'times new roman', times, serif;\">Nettogewicht\u00a0 \u00a0 \u00a0 \u00a0 \u00a0 \u00a0 \u00a0 \u00a0 \u00a0 \u00a0<\/span><\/span><span style=\"font-size: 14pt; font-family: 'times new roman', times, serif;\"><span class=\"item-val\">29 kg<\/span><\/span><\/li>\n<\/ul>","protected":false},"featured_media":22324,"comment_status":"open","ping_status":"closed","template":"","meta":{"_acf_changed":false},"product_brand":[],"product_cat":[20,80,88,89],"product_tag":[],"class_list":{"0":"post-22329","1":"product","2":"type-product","3":"status-publish","4":"has-post-thumbnail","6":"product_cat-all","7":"product_cat-centrifuge","8":"product_cat-high-speed-centrifuge","9":"product_cat-high-speed-refrigerated-centrifuge","11":"first","12":"instock","13":"shipping-taxable","14":"product-type-simple"},"acf":[],"_links":{"self":[{"href":"https:\/\/lexamedlab.com\/de\/wp-json\/wp\/v2\/product\/22329","targetHints":{"allow":["GET"]}}],"collection":[{"href":"https:\/\/lexamedlab.com\/de\/wp-json\/wp\/v2\/product"}],"about":[{"href":"https:\/\/lexamedlab.com\/de\/wp-json\/wp\/v2\/types\/product"}],"replies":[{"embeddable":true,"href":"https:\/\/lexamedlab.com\/de\/wp-json\/wp\/v2\/comments?post=22329"}],"version-history":[{"count":1,"href":"https:\/\/lexamedlab.com\/de\/wp-json\/wp\/v2\/product\/22329\/revisions"}],"predecessor-version":[{"id":22332,"href":"https:\/\/lexamedlab.com\/de\/wp-json\/wp\/v2\/product\/22329\/revisions\/22332"}],"wp:featuredmedia":[{"embeddable":true,"href":"https:\/\/lexamedlab.com\/de\/wp-json\/wp\/v2\/media\/22324"}],"wp:attachment":[{"href":"https:\/\/lexamedlab.com\/de\/wp-json\/wp\/v2\/media?parent=22329"}],"wp:term":[{"taxonomy":"product_brand","embeddable":true,"href":"https:\/\/lexamedlab.com\/de\/wp-json\/wp\/v2\/product_brand?post=22329"},{"taxonomy":"product_cat","embeddable":true,"href":"https:\/\/lexamedlab.com\/de\/wp-json\/wp\/v2\/product_cat?post=22329"},{"taxonomy":"product_tag","embeddable":true,"href":"https:\/\/lexamedlab.com\/de\/wp-json\/wp\/v2\/product_tag?post=22329"}],"curies":[{"name":"wp","href":"https:\/\/api.w.org\/{rel}","templated":true}]}}