{"id":22369,"date":"2025-05-21T12:28:02","date_gmt":"2025-05-21T12:28:02","guid":{"rendered":"https:\/\/lexamedlab.com\/?post_type=product&#038;p=22369"},"modified":"2025-05-28T17:16:09","modified_gmt":"2025-05-28T17:16:09","slug":"floor-standing-high-speed-refrigerated-centrifuge-machine-lg-21m","status":"publish","type":"product","link":"https:\/\/lexamedlab.com\/de\/produkt\/floor-standing-high-speed-refrigerated-centrifuge-machine-lg-21m\/","title":{"rendered":"Stand-Hochgeschwindigkeits-K\u00fchlzentrifuge LG-21M"},"content":{"rendered":"<blockquote><p><span style=\"font-family: 'times new roman', times, serif;\"><strong><span style=\"font-size: 18pt;\">&gt;Funktionen<\/span><\/strong><\/span><\/p><\/blockquote>\n<table style=\"height: 48px; width: 100%; border-collapse: collapse; background-color: #35a1cc;\">\n<tbody>\n<tr style=\"height: 24px;\">\n<td style=\"width: 50%; height: 24px;\">\n<div><span style=\"font-size: 18pt;\"><strong><span style=\"color: #ffffff; font-family: 'times new roman', times, serif;\">Benutzerfreundliche Funktion\u00a0<\/span><\/strong><\/span><\/div>\n<div>\n<div><span style=\"color: #ffffff; font-size: 14pt; font-family: 'times new roman', times, serif;\">&gt;12 benutzerdefinierte Programme<\/span><\/div>\n<div><span style=\"color: #ffffff; font-size: 14pt; font-family: 'times new roman', times, serif;\">&gt;40 Raten Beschleunigung und Verz\u00f6gerung<\/span><\/div>\n<div><span style=\"color: #ffffff; font-size: 14pt; font-family: 'times new roman', times, serif;\">&gt;1min bis 99h59m Timerbereich<\/span><\/div>\n<div><span style=\"color: #ffffff; font-size: 14pt; font-family: 'times new roman', times, serif;\">&gt; LCD- und LED-Bildschirm zeigen Parameter einfach und deutlich an<\/span><\/div>\n<div><span style=\"color: #ffffff; font-size: 14pt; font-family: 'times new roman', times, serif;\">&gt;Wasserdichtes Touch-Keypad, jeder Parameter hat\u00a0<\/span><\/div>\n<div><span style=\"color: #ffffff; font-size: 14pt; font-family: 'times new roman', times, serif;\">\u00a0 \u00a0entsprechende Taste zum Einstellen<\/span><\/div>\n<div><span style=\"color: #ffffff; font-size: 14pt; font-family: 'times new roman', times, serif;\">&gt;RCF kann direkt eingestellt werden.RPM\/RCF wird automatisch konvertiert<\/span><\/div>\n<div><span style=\"color: #ffffff; font-size: 14pt; font-family: 'times new roman', times, serif;\">&gt;Der Benutzer kann die Parameter zur\u00fccksetzen, wenn sich der Rotor dreht<\/span><\/div>\n<div><span style=\"color: #ffffff; font-size: 14pt; font-family: 'times new roman', times, serif;\">&gt;Automatische Rotorverriegelung ohne Werkzeug<\/span><\/div>\n<\/div>\n<\/td>\n<td style=\"width: 50%; height: 24px;\">\n<div><strong><span style=\"color: #ffffff; font-size: 18pt; font-family: 'times new roman', times, serif;\">K\u00fchlung\u00a0<\/span><\/strong><\/div>\n<div>\n<div><span style=\"font-size: 14pt; font-family: 'times new roman', times, serif; color: #ffffff;\">&gt;Hochwertige Kompressoreinheit<\/span><\/div>\n<div><span style=\"font-size: 14pt; font-family: 'times new roman', times, serif; color: #ffffff;\">&gt;-20\u00b0C bis +40\u00b0C, 1\u00b0C-Schritte<\/span><\/div>\n<div><span style=\"font-size: 14pt; font-family: 'times new roman', times, serif; color: #ffffff;\">&gt;\u00b11\u2103 hohe Temperaturgenauigkeit<\/span><\/div>\n<div><span style=\"font-size: 14pt; font-family: 'times new roman', times, serif; color: #ffffff;\">&gt;FCKW-freies K\u00e4ltemittel<\/span><\/div>\n<div><span style=\"font-size: 14pt; font-family: 'times new roman', times, serif; color: #ffffff;\">&gt;Temperatursensor in der Kammer<\/span><\/div>\n<div><span style=\"font-size: 14pt; font-family: 'times new roman', times, serif; color: #ffffff;\">&gt;Startet die K\u00fchlung beim Einschalten<\/span><\/div>\n<div><span style=\"font-size: 14pt; font-family: 'times new roman', times, serif; color: #ffffff;\">&gt;H\u00e4lt die K\u00fchlung nach dem Schleudern aufrecht<\/span><\/div>\n<\/div>\n<\/td>\n<\/tr>\n<tr style=\"height: 24px;\">\n<td style=\"width: 50%; height: 24px;\">\n<div><span style=\"font-size: 18pt;\"><strong><span style=\"color: #ffffff; font-family: 'times new roman', times, serif;\">Sorgen Sie f\u00fcr Sicherheit\u00a0<\/span><\/strong><\/span><\/div>\n<div>\n<div><span style=\"color: #ffffff; font-size: 14pt; font-family: 'times new roman', times, serif;\">&gt;Automatische Rotorerkennung zur Vermeidung von \u00dcberdrehzahlen<\/span><\/div>\n<div><span style=\"color: #ffffff; font-size: 14pt; font-family: 'times new roman', times, serif;\">&gt;Mikroprozessorsteuerung<\/span><\/div>\n<div><span style=\"color: #ffffff; font-size: 14pt; font-family: 'times new roman', times, serif;\">&gt;Motorisiertes elektronisches T\u00fcrschloss<\/span><\/div>\n<div><span style=\"color: #ffffff; font-size: 14pt; font-family: 'times new roman', times, serif;\">&gt;T\u00fcr kann nicht ge\u00f6ffnet werden, wenn der Rotor sich dreht<\/span><\/div>\n<div><span style=\"color: #ffffff; font-size: 14pt; font-family: 'times new roman', times, serif;\">&gt;Gasscharniere verhindern das Herunterfallen der T\u00fcr<\/span><\/div>\n<div><span style=\"color: #ffffff; font-size: 14pt; font-family: 'times new roman', times, serif;\">&gt;Anschluss in der T\u00fcr zur Kalibrierung und Funktionspr\u00fcfung<\/span><\/div>\n<div><span style=\"color: #ffffff; font-size: 14pt; font-family: 'times new roman', times, serif;\">&gt;Not\u00f6ffnung der T\u00fcrverriegelung<\/span><\/div>\n<div><span style=\"color: #ffffff; font-size: 14pt; font-family: 'times new roman', times, serif;\">&gt;Verschiedene Schutzvorrichtungen gew\u00e4hrleisten eine sichere Zentrifugation<\/span><\/div>\n<\/div>\n<\/td>\n<td style=\"width: 50%; height: 24px;\">\n<div><strong><span style=\"color: #ffffff; font-size: 18pt; font-family: 'times new roman', times, serif;\">Gute Komponenten\u00a0<\/span><\/strong><\/div>\n<div>\n<div><span style=\"color: #ffffff; font-size: 14pt; font-family: 'times new roman', times, serif;\">&gt;Motor: Motor mit variabler Frequenz.<\/span><\/div>\n<div><span style=\"color: #ffffff; font-size: 14pt; font-family: 'times new roman', times, serif;\">\u00a0 \u00a0stabiler Lauf, wartungsfrei, lange Lebensdauer<\/span><\/div>\n<div><span style=\"color: #ffffff; font-size: 14pt; font-family: 'times new roman', times, serif;\">&gt;Geh\u00e4use: Dicker und starker Stahl<\/span><\/div>\n<div><span style=\"color: #ffffff; font-size: 14pt; font-family: 'times new roman', times, serif;\">&gt;Kammer: Medizinischer Edelstahl 316.<\/span><\/div>\n<div><span style=\"color: #ffffff; font-size: 14pt; font-family: 'times new roman', times, serif;\">\u00a0 \u00a0korrosionsbest\u00e4ndig und leicht zu reinigen<\/span><\/div>\n<div><span style=\"color: #ffffff; font-size: 14pt; font-family: 'times new roman', times, serif;\">&gt;Rotor: Festwinkelrotor aus Aluminiumlegierung;<\/span><\/div>\n<div><span style=\"color: #ffffff; font-size: 14pt; font-family: 'times new roman', times, serif;\">\u00a0 \u00a0 \u00a0 \u00a0 \u00a0 \u00a0 \u00a0Ausschwingrotor aus Stahl<\/span><\/div>\n<div><span style=\"color: #ffffff; font-size: 14pt; font-family: 'times new roman', times, serif;\">&gt;Rotoren sind autoklavierbar\u00a0<\/span><\/div>\n<\/div>\n<\/td>\n<\/tr>\n<\/tbody>\n<\/table>\n<blockquote><p><span style=\"font-family: 'times new roman', times, serif;\"><strong><span style=\"font-size: 18pt;\">Verf\u00fcgbare Rotoren<\/span><\/strong><\/span><\/p>\n<p><img fetchpriority=\"high\" decoding=\"async\" class=\"alignnone size-full wp-image-22375\" src=\"https:\/\/lexamedlab.com\/wp-content\/uploads\/2025\/05\/lg-21m-1-scaled.webp\" alt=\"\" width=\"2560\" height=\"2279\" \/><\/p><\/blockquote>","protected":false},"excerpt":{"rendered":"<div><span style=\"font-family: 'times new roman', times, serif; font-size: 14pt;\">Die LG-21M ist eine Hochgeschwindigkeitszentrifuge mit einer maximalen Kapazit\u00e4t von 21.000 U\/min. Sie kann Volumen von 1,5 ml bis 500 ml zentrifugieren. Bei Rotoren mit 24 x 1,5 ml erreicht die Drehzahl bis zu 21.000 U\/min; bei Rotoren mit 6 x 500 ml bis zu 10.000 U\/min. Diese Zentrifuge ist die ideale L\u00f6sung f\u00fcr gro\u00dfe Zentrifugen mit hoher Kapazit\u00e4t und hoher Geschwindigkeit.<\/span><\/div>\n<ul>\n<li><span style=\"font-size: 14pt; font-family: 'times new roman', times, serif;\">Maximalgeschwindigkeit\u00a0 \u00a0 \u00a0 \u00a0 \u00a0 \u00a0 \u00a0 \u00a0 \u00a0 \u00a0 \u00a0 <span class=\"item-val\">21000 U\/min<\/span><\/span><\/li>\n<li><span style=\"font-size: 14pt; font-family: 'times new roman', times, serif;\">Maximale Zentrifugalkraft\u00a0 \u00a0 <span class=\"item-val\">47400Xg<\/span><\/span><\/li>\n<li><span style=\"font-size: 14pt; font-family: 'times new roman', times, serif;\">Maximale Kapazit\u00e4t\u00a0 \u00a0 \u00a0 \u00a0 \u00a0 \u00a0 \u00a0 \u00a0 \u00a0 <span class=\"item-val\">6 x 500 ml<\/span><\/span><\/li>\n<li><span style=\"font-size: 14pt; font-family: 'times new roman', times, serif;\">Temperaturbereich\u00a0 \u00a0 \u00a0 \u00a0 \u00a0<span class=\"item-val\">-20\u2103-40\u2103<\/span><\/span><\/li>\n<li><span style=\"font-size: 14pt; font-family: 'times new roman', times, serif;\">Temperaturgenauigkeit\u00a0 \u00a0 <span class=\"item-val\">\u00b11\u2103<\/span><\/span><\/li>\n<li><span style=\"font-size: 14pt; font-family: 'times new roman', times, serif;\">Geschwindigkeitsgenauigkeit\u00a0 \u00a0 \u00a0 \u00a0 \u00a0 \u00a0 \u00a0 <span class=\"item-val\">\u00b110 U\/min<\/span><\/span><\/li>\n<li><span style=\"font-size: 14pt; font-family: 'times new roman', times, serif;\">Gewicht\u00a0 \u00a0 \u00a0 \u00a0 \u00a0 \u00a0 \u00a0 \u00a0 \u00a0 \u00a0 \u00a0 \u00a0 \u00a0 \u00a0 <span class=\"item-val\">240 kg<\/span><\/span><\/li>\n<\/ul>","protected":false},"featured_media":22370,"comment_status":"open","ping_status":"closed","template":"","meta":{"_acf_changed":false},"product_brand":[],"product_cat":[20,80,93,88,89],"product_tag":[],"class_list":{"0":"post-22369","1":"product","2":"type-product","3":"status-publish","4":"has-post-thumbnail","6":"product_cat-all","7":"product_cat-centrifuge","8":"product_cat-floorstanding-high-speed-refrigerated-centrifuge","9":"product_cat-high-speed-centrifuge","10":"product_cat-high-speed-refrigerated-centrifuge","12":"first","13":"instock","14":"shipping-taxable","15":"product-type-simple"},"acf":[],"_links":{"self":[{"href":"https:\/\/lexamedlab.com\/de\/wp-json\/wp\/v2\/product\/22369","targetHints":{"allow":["GET"]}}],"collection":[{"href":"https:\/\/lexamedlab.com\/de\/wp-json\/wp\/v2\/product"}],"about":[{"href":"https:\/\/lexamedlab.com\/de\/wp-json\/wp\/v2\/types\/product"}],"replies":[{"embeddable":true,"href":"https:\/\/lexamedlab.com\/de\/wp-json\/wp\/v2\/comments?post=22369"}],"version-history":[{"count":1,"href":"https:\/\/lexamedlab.com\/de\/wp-json\/wp\/v2\/product\/22369\/revisions"}],"predecessor-version":[{"id":22377,"href":"https:\/\/lexamedlab.com\/de\/wp-json\/wp\/v2\/product\/22369\/revisions\/22377"}],"wp:featuredmedia":[{"embeddable":true,"href":"https:\/\/lexamedlab.com\/de\/wp-json\/wp\/v2\/media\/22370"}],"wp:attachment":[{"href":"https:\/\/lexamedlab.com\/de\/wp-json\/wp\/v2\/media?parent=22369"}],"wp:term":[{"taxonomy":"product_brand","embeddable":true,"href":"https:\/\/lexamedlab.com\/de\/wp-json\/wp\/v2\/product_brand?post=22369"},{"taxonomy":"product_cat","embeddable":true,"href":"https:\/\/lexamedlab.com\/de\/wp-json\/wp\/v2\/product_cat?post=22369"},{"taxonomy":"product_tag","embeddable":true,"href":"https:\/\/lexamedlab.com\/de\/wp-json\/wp\/v2\/product_tag?post=22369"}],"curies":[{"name":"wp","href":"https:\/\/api.w.org\/{rel}","templated":true}]}}