{"id":22431,"date":"2025-05-22T02:47:17","date_gmt":"2025-05-22T02:47:17","guid":{"rendered":"https:\/\/lexamedlab.com\/?post_type=product&#038;p=22431"},"modified":"2025-05-28T17:16:39","modified_gmt":"2025-05-28T17:16:39","slug":"floor-standing-low-speed-refrigerated-centrifuge-machine-ld-6m","status":"publish","type":"product","link":"https:\/\/lexamedlab.com\/de\/produkt\/floor-standing-low-speed-refrigerated-centrifuge-machine-ld-6m\/","title":{"rendered":"Stand-K\u00fchlzentrifuge mit niedriger Geschwindigkeit LD-6M"},"content":{"rendered":"<blockquote><p><strong><span style=\"font-family: 'times new roman', times, serif; font-size: 18pt;\">&gt;Funktionen<\/span><\/strong><\/p><\/blockquote>\n<table style=\"width: 100%; border-collapse: collapse; background-color: #53a1cc; height: 48px;\">\n<tbody>\n<tr style=\"height: 24px;\">\n<td style=\"width: 50%; height: 24px;\">\n<div><strong><span style=\"color: #ffffff; font-size: 18pt; font-family: 'times new roman', times, serif;\">Benutzerfreundliche Funktion\u00a0<\/span><\/strong><\/div>\n<div><span style=\"color: #ffffff; font-size: 14pt; font-family: 'times new roman', times, serif;\">&gt;12 benutzerdefinierte Programme<\/span><\/div>\n<div><span style=\"color: #ffffff; font-size: 14pt; font-family: 'times new roman', times, serif;\">&gt;40 Raten Beschleunigung und Verz\u00f6gerung<\/span><\/div>\n<div><span style=\"color: #ffffff; font-size: 14pt; font-family: 'times new roman', times, serif;\">&gt;bis zu 99h59m Timerbereich<\/span><\/div>\n<div><span style=\"color: #ffffff; font-size: 14pt; font-family: 'times new roman', times, serif;\">&gt;RCF kann direkt eingestellt werden<\/span><\/div>\n<div><span style=\"color: #ffffff; font-size: 14pt; font-family: 'times new roman', times, serif;\">&gt; LCD- und LED-Bildschirm zeigen Parameter einfach und deutlich an<\/span><\/div>\n<div><span style=\"color: #ffffff; font-size: 14pt; font-family: 'times new roman', times, serif;\">&gt;Der Benutzer kann die Parameter zur\u00fccksetzen, wenn sich der Rotor dreht<\/span><\/div>\n<div><span style=\"color: #ffffff; font-size: 14pt; font-family: 'times new roman', times, serif;\">&gt;210\u00d72\u20137\u00a0ml Blutr\u00f6hrchen-Ausschwingrotor mit Deckel<\/span><\/div>\n<\/td>\n<td style=\"width: 50%; height: 24px;\">\n<div><strong><span style=\"color: #ffffff; font-size: 18pt; font-family: 'times new roman', times, serif;\">K\u00fchlung\u00a0<\/span><\/strong><\/div>\n<div><span style=\"color: #ffffff; font-size: 14pt; font-family: 'times new roman', times, serif;\">&gt;Hochwertige Kompressoreinheit<\/span><\/div>\n<div><span style=\"color: #ffffff; font-size: 14pt; font-family: 'times new roman', times, serif;\">&gt;-20\u00b0C bis +40\u00b0C, 1\u00b0C-Schritte<\/span><\/div>\n<div><span style=\"color: #ffffff; font-size: 14pt; font-family: 'times new roman', times, serif;\">&gt;\u00b11\u2103 hohe Temperaturgenauigkeit<\/span><\/div>\n<div><span style=\"color: #ffffff; font-size: 14pt; font-family: 'times new roman', times, serif;\">&gt;FCKW-freies K\u00e4ltemittel<\/span><\/div>\n<div><span style=\"color: #ffffff; font-size: 14pt; font-family: 'times new roman', times, serif;\">&gt;Temperatursensor in der Kammer<\/span><\/div>\n<div><span style=\"color: #ffffff; font-size: 14pt; font-family: 'times new roman', times, serif;\">&gt;Startet die K\u00fchlung beim Einschalten<\/span><\/div>\n<div><span style=\"color: #ffffff; font-size: 14pt; font-family: 'times new roman', times, serif;\">&gt;H\u00e4lt die K\u00fchlung nach dem Schleudern aufrecht<\/span><\/div>\n<\/td>\n<\/tr>\n<tr style=\"height: 24px;\">\n<td style=\"width: 50%; height: 24px;\">\n<div><strong><span style=\"color: #ffffff; font-size: 18pt; font-family: 'times new roman', times, serif;\">Sorgen Sie f\u00fcr Sicherheit\u00a0<\/span><\/strong><\/div>\n<div><span style=\"color: #ffffff; font-size: 14pt; font-family: 'times new roman', times, serif;\">&gt;Mikroprozessorsteuerung<\/span><\/div>\n<div><span style=\"color: #ffffff; font-size: 14pt; font-family: 'times new roman', times, serif;\">&gt;Motorisiertes elektronisches T\u00fcrschloss<\/span><\/div>\n<div><span style=\"color: #ffffff; font-size: 14pt; font-family: 'times new roman', times, serif;\">&gt;T\u00fcr kann nicht ge\u00f6ffnet werden, wenn der Rotor sich dreht<\/span><\/div>\n<div><span style=\"color: #ffffff; font-size: 14pt; font-family: 'times new roman', times, serif;\">&gt;Gasscharniere verhindern das Herunterfallen der T\u00fcr<\/span><\/div>\n<div><span style=\"color: #ffffff; font-size: 14pt; font-family: 'times new roman', times, serif;\">&gt;Anschluss in der T\u00fcr zur Kalibrierung und Funktionspr\u00fcfung<\/span><\/div>\n<div><span style=\"color: #ffffff; font-size: 14pt; font-family: 'times new roman', times, serif;\">&gt;Not\u00f6ffnung der T\u00fcrverriegelung<\/span><\/div>\n<div><span style=\"color: #ffffff; font-size: 14pt; font-family: 'times new roman', times, serif;\">&gt;Verschiedene Schutzvorrichtungen gew\u00e4hrleisten eine sichere Zentrifugation<\/span><\/div>\n<div><span style=\"color: #ffffff; font-size: 14pt; font-family: 'times new roman', times, serif;\">&gt;Saldoerkennung: Elektronisch mit Alarm und Abschaltung<\/span><\/div>\n<\/td>\n<td style=\"width: 50%; height: 24px;\">\n<div><strong><span style=\"color: #ffffff; font-size: 18pt; font-family: 'times new roman', times, serif;\">Gute Komponenten<\/span><\/strong><\/div>\n<div><span style=\"color: #ffffff; font-size: 14pt; font-family: 'times new roman', times, serif;\">&gt;Motor: B\u00fcrstenloser Induktionsmotor.<\/span><\/div>\n<div><span style=\"color: #ffffff; font-size: 14pt; font-family: 'times new roman', times, serif;\">\u00a0 \u00a0stabiler Lauf, wartungsfrei, lange Lebensdauer<\/span><\/div>\n<div><span style=\"color: #ffffff; font-size: 14pt; font-family: 'times new roman', times, serif;\">&gt;Geh\u00e4use: Dicker und starker Stahl<\/span><\/div>\n<div><span style=\"color: #ffffff; font-size: 14pt; font-family: 'times new roman', times, serif;\">&gt;Kammer: Medizinischer Edelstahl 316.<\/span><\/div>\n<div><span style=\"color: #ffffff; font-size: 14pt; font-family: 'times new roman', times, serif;\">\u00a0 \u00a0korrosionsbest\u00e4ndig und leicht zu reinigen<\/span><\/div>\n<div><span style=\"color: #ffffff; font-size: 14pt; font-family: 'times new roman', times, serif;\">&gt;Rotor: Festwinkelrotor aus Aluminiumlegierung;<\/span><\/div>\n<div><span style=\"color: #ffffff; font-size: 14pt; font-family: 'times new roman', times, serif;\">\u00a0 \u00a0 \u00a0 \u00a0 \u00a0 \u00a0 \u00a0Ausschwingrotor aus Stahl\/Edelstahl<\/span><\/div>\n<div><span style=\"color: #ffffff; font-size: 14pt; font-family: 'times new roman', times, serif;\">&gt;Rotoren sind autoklavierbar\u00a0<\/span><\/div>\n<\/td>\n<\/tr>\n<\/tbody>\n<\/table>\n<blockquote><p><span style=\"font-family: 'times new roman', times, serif;\"><strong><span style=\"font-size: 18pt;\">&gt;Verf\u00fcgbare Rotoren<\/span><\/strong><\/span><\/p><\/blockquote>\n<table style=\"border-collapse: collapse; width: 100%;\">\n<tbody>\n<tr>\n<td style=\"width: 25%;\"><img fetchpriority=\"high\" decoding=\"async\" class=\"alignnone size-full wp-image-22432\" src=\"https:\/\/lexamedlab.com\/wp-content\/uploads\/2025\/05\/6x500ml-1-2.webp\" alt=\"\" width=\"1500\" height=\"1000\" \/><\/td>\n<td style=\"width: 25%;\"><img decoding=\"async\" class=\"alignnone size-full wp-image-22433\" src=\"https:\/\/lexamedlab.com\/wp-content\/uploads\/2025\/05\/6x1000ml.webp\" alt=\"\" width=\"1500\" height=\"1000\" \/><\/td>\n<td style=\"width: 25%;\"><img decoding=\"async\" class=\"alignnone size-full wp-image-22434\" src=\"https:\/\/lexamedlab.com\/wp-content\/uploads\/2025\/05\/6x1000ml-blood-bag-rotor.webp\" alt=\"\" width=\"1500\" height=\"1000\" \/><\/td>\n<td style=\"width: 25%;\"><img loading=\"lazy\" decoding=\"async\" class=\"alignnone size-full wp-image-22435\" src=\"https:\/\/lexamedlab.com\/wp-content\/uploads\/2025\/05\/210x7ml.webp\" alt=\"\" width=\"1500\" height=\"1000\" \/><\/td>\n<\/tr>\n<tr>\n<td style=\"width: 25%;\">\n<div>Rotor: Festwinkelrotor<\/div>\n<div>Kapazit\u00e4t: 6x500ml<\/div>\n<div>Maximale Geschwindigkeit: 6000 U\/min<\/div>\n<div>Max. Schwerefeld: 6880 \u00d7 g<\/div>\n<div>Rohrgr\u00f6\u00dfe: \u03a674x170mm<\/div>\n<\/td>\n<td style=\"width: 25%;\">\n<div>Rotor: Ausschwingrotor<\/div>\n<div>Kapazit\u00e4t: 6 \u00d7 1000 ml<\/div>\n<div>Maximale Geschwindigkeit: 4500 U\/min<\/div>\n<div>Max. Schwerefeld: 5880 \u00d7 g<\/div>\n<div>Rohrgr\u00f6\u00dfe: \u03a6100x175mm<\/div>\n<\/td>\n<td style=\"width: 25%;\">\n<div>Rotor: Ausschwingrotor<\/div>\n<div>Kapazit\u00e4t: 6 \u00d7 Blutbeutel<\/div>\n<div>Maximale Geschwindigkeit: 4500 U\/min<\/div>\n<div>Max. Schwerefeld: 5880 \u00d7 g<\/div>\n<\/td>\n<td style=\"width: 25%;\">\n<div>Rotor: Ausschwingrotor<\/div>\n<div>Kapazit\u00e4t: 210 \u00d7 2\u20137 ml Blutr\u00f6hrchen<\/div>\n<div>Maximale Geschwindigkeit: 4200 U\/min<\/div>\n<div>Max. Schwerefeld: 5180 \u00d7 g<\/div>\n<div>Rohrgr\u00f6\u00dfe: \u03a613 \u00d7 75\u2013100 mm<\/div>\n<\/td>\n<\/tr>\n<\/tbody>\n<\/table>","protected":false},"excerpt":{"rendered":"<div>\n<div class=\"editor-text-wrap\"><span style=\"font-family: 'times new roman', times, serif; font-size: 14pt;\">Die LD-6M ist eine bodenstehende, langsam gek\u00fchlte Zentrifuge mit einem maximalen Fassungsverm\u00f6gen von 6 x 1000 ml. Sie ist ideal f\u00fcr Zentrifugationen mit gro\u00dfem Fassungsverm\u00f6gen. Sie kann sechs Blutbeutel gleichzeitig verarbeiten.<\/span><\/div>\n<\/div>\n<ul>\n<li><span style=\"font-family: 'times new roman', times, serif; font-size: 14pt;\">Maximalgeschwindigkeit\u00a0 \u00a0 \u00a0 \u00a0 \u00a0 \u00a0 \u00a0 \u00a0 \u00a0 \u00a0 \u00a0 \u00a0 \u00a0<span class=\"item-val\">6000 U\/min<\/span><\/span><\/li>\n<li><span style=\"font-family: 'times new roman', times, serif; font-size: 14pt;\">Max. Schwerefeld\u00a0 \u00a0 \u00a0 \u00a0 \u00a0 \u00a0 \u00a0 \u00a0 \u00a0 \u00a0 \u00a0 \u00a0 \u00a0 \u00a0<span class=\"item-val\">6880Xg<\/span><\/span><\/li>\n<li><span style=\"font-family: 'times new roman', times, serif; font-size: 14pt;\">Maximale Kapazit\u00e4t\u00a0 \u00a0 \u00a0 \u00a0 \u00a0 \u00a0 \u00a0 \u00a0 \u00a0 \u00a0 \u00a0<span class=\"item-val\">6 x 1000 ml (4500 U\/min)<\/span><\/span><\/li>\n<li><span style=\"font-family: 'times new roman', times, serif; font-size: 14pt;\">Temperaturbereich\u00a0 \u00a0 \u00a0 \u00a0 \u00a0 \u00a0<span class=\"item-val\">-20\u2103-40\u2103<\/span><\/span><\/li>\n<li><span style=\"font-family: 'times new roman', times, serif; font-size: 14pt;\">Temperaturgenauigkeit\u00a0 \u00a0 \u00a0 <span class=\"item-val\">\u00b11\u2103<\/span><\/span><\/li>\n<li><span style=\"font-family: 'times new roman', times, serif; font-size: 14pt;\">Geschwindigkeitsgenauigkeit\u00a0 \u00a0 \u00a0 \u00a0 \u00a0 \u00a0 \u00a0 \u00a0 <span class=\"item-val\">\u00b110 U\/min<\/span><\/span><\/li>\n<li><span style=\"font-family: 'times new roman', times, serif; font-size: 14pt;\">Gewicht\u00a0 \u00a0 \u00a0 \u00a0 \u00a0 \u00a0 \u00a0 \u00a0 \u00a0 \u00a0 \u00a0 \u00a0 \u00a0 \u00a0 \u00a0 <span class=\"item-val\">255 kg<\/span><\/span><\/li>\n<\/ul>","protected":false},"featured_media":22436,"comment_status":"open","ping_status":"closed","template":"","meta":{"_acf_changed":false},"product_brand":[],"product_cat":[20,80,92,87,90],"product_tag":[],"class_list":{"0":"post-22431","1":"product","2":"type-product","3":"status-publish","4":"has-post-thumbnail","6":"product_cat-all","7":"product_cat-centrifuge","8":"product_cat-floorstanding-low-speed-refrigerated-centrifuge","9":"product_cat-low-speed-centrifuge","10":"product_cat-low-speed-refrigerated-centrifuge","12":"first","13":"instock","14":"shipping-taxable","15":"product-type-simple"},"acf":[],"_links":{"self":[{"href":"https:\/\/lexamedlab.com\/de\/wp-json\/wp\/v2\/product\/22431","targetHints":{"allow":["GET"]}}],"collection":[{"href":"https:\/\/lexamedlab.com\/de\/wp-json\/wp\/v2\/product"}],"about":[{"href":"https:\/\/lexamedlab.com\/de\/wp-json\/wp\/v2\/types\/product"}],"replies":[{"embeddable":true,"href":"https:\/\/lexamedlab.com\/de\/wp-json\/wp\/v2\/comments?post=22431"}],"version-history":[{"count":1,"href":"https:\/\/lexamedlab.com\/de\/wp-json\/wp\/v2\/product\/22431\/revisions"}],"predecessor-version":[{"id":22441,"href":"https:\/\/lexamedlab.com\/de\/wp-json\/wp\/v2\/product\/22431\/revisions\/22441"}],"wp:featuredmedia":[{"embeddable":true,"href":"https:\/\/lexamedlab.com\/de\/wp-json\/wp\/v2\/media\/22436"}],"wp:attachment":[{"href":"https:\/\/lexamedlab.com\/de\/wp-json\/wp\/v2\/media?parent=22431"}],"wp:term":[{"taxonomy":"product_brand","embeddable":true,"href":"https:\/\/lexamedlab.com\/de\/wp-json\/wp\/v2\/product_brand?post=22431"},{"taxonomy":"product_cat","embeddable":true,"href":"https:\/\/lexamedlab.com\/de\/wp-json\/wp\/v2\/product_cat?post=22431"},{"taxonomy":"product_tag","embeddable":true,"href":"https:\/\/lexamedlab.com\/de\/wp-json\/wp\/v2\/product_tag?post=22431"}],"curies":[{"name":"wp","href":"https:\/\/api.w.org\/{rel}","templated":true}]}}