{"id":22452,"date":"2025-05-22T03:05:31","date_gmt":"2025-05-22T03:05:31","guid":{"rendered":"https:\/\/lexamedlab.com\/?post_type=product&#038;p=22452"},"modified":"2025-05-28T17:16:39","modified_gmt":"2025-05-28T17:16:39","slug":"floor-standing-low-speed-refrigerated-centrifuge-machine-ld-8m","status":"publish","type":"product","link":"https:\/\/lexamedlab.com\/de\/produkt\/floor-standing-low-speed-refrigerated-centrifuge-machine-ld-8m\/","title":{"rendered":"Stand-K\u00fchlzentrifuge mit niedriger Geschwindigkeit LD-8M"},"content":{"rendered":"<blockquote><p><strong><span style=\"font-family: 'times new roman', times, serif; font-size: 18pt;\">&gt;Funktionen<\/span><\/strong><\/p><\/blockquote>\n<table style=\"width: 100%; border-collapse: collapse; background-color: #53a1cc; height: 48px;\">\n<tbody>\n<tr style=\"height: 24px;\">\n<td style=\"width: 50%; height: 24px;\">\n<div><span style=\"color: #ffffff; font-size: 18pt; font-family: 'times new roman', times, serif;\"><strong>Benutzerfreundliche Funktion\u00a0<\/strong><\/span><\/div>\n<div>\n<div><span style=\"font-family: 'times new roman', times, serif; font-size: 14pt; color: #ffffff;\">&gt;bis zu 1000 benutzerdefinierte Programme, mit Passwortschutz<\/span><\/div>\n<div><span style=\"font-family: 'times new roman', times, serif; font-size: 14pt; color: #ffffff;\">&gt;bis zu 100.000 Laufhistorien<\/span><\/div>\n<div><span style=\"font-family: 'times new roman', times, serif; font-size: 14pt; color: #ffffff;\">&gt;bis zu 40 Beschleunigungs- und Verz\u00f6gerungsraten<\/span><\/div>\n<div><span style=\"font-family: 'times new roman', times, serif; font-size: 14pt; color: #ffffff;\">&gt;bis zu 5-stufiger mehrstufiger Zentrifugationsmodus verf\u00fcgbar<\/span><\/div>\n<div><span style=\"font-family: 'times new roman', times, serif; font-size: 14pt; color: #ffffff;\">&gt;Timerbereich bis zu 99h59m59s, 1s-Schritte<\/span><\/div>\n<div><span style=\"font-family: 'times new roman', times, serif; font-size: 14pt; color: #ffffff;\">&gt;Unterst\u00fctzt Kurzzentrifugation und kontinuierliche Zentrifugation<\/span><\/div>\n<div><span style=\"font-family: 'times new roman', times, serif; font-size: 14pt; color: #ffffff;\">&gt;Kurvenanzeige \u2013 Geschwindigkeitskurve, RCF-Kurve und Temperaturkurve\u00a0<\/span><\/div>\n<div><span style=\"font-family: 'times new roman', times, serif; font-size: 14pt; color: #ffffff;\">\u00a0 \u00a0werden zusammen angezeigt, klar, um ihre Ver\u00e4nderungen und Beziehungen zu sehen<\/span><\/div>\n<div><span style=\"font-family: 'times new roman', times, serif; font-size: 14pt; color: #ffffff;\">&gt;Kann 12 Blutbeutel gleichzeitig verarbeiten<\/span><\/div>\n<div><span style=\"font-family: 'times new roman', times, serif; font-size: 14pt; color: #ffffff;\">&gt;Kann 384 Blutbeutel gleichzeitig verarbeiten<\/span><\/div>\n<\/div>\n<\/td>\n<td style=\"width: 50%; height: 24px;\">\n<div><span style=\"color: #ffffff; font-size: 14pt; font-family: 'times new roman', times, serif;\"><strong><span style=\"font-size: 18pt;\">K\u00fchlung<\/span>\u00a0<\/strong><\/span><\/div>\n<div>\n<div><span style=\"color: #ffffff; font-size: 14pt; font-family: 'times new roman', times, serif;\">&gt;Hochwertige Kompressoreinheit<\/span><\/div>\n<div><span style=\"color: #ffffff; font-size: 14pt; font-family: 'times new roman', times, serif;\">&gt;-20\u00b0C bis +40\u00b0C, 1\u00b0C-Schritte<\/span><\/div>\n<div><span style=\"color: #ffffff; font-size: 14pt; font-family: 'times new roman', times, serif;\">&gt;\u00b11\u2103 hohe Temperaturgenauigkeit<\/span><\/div>\n<div><span style=\"color: #ffffff; font-size: 14pt; font-family: 'times new roman', times, serif;\">&gt;FCKW-freies K\u00e4ltemittel<\/span><\/div>\n<div><span style=\"color: #ffffff; font-size: 14pt; font-family: 'times new roman', times, serif;\">&gt;PID dynamische Temperaturregelung<\/span><\/div>\n<div><span style=\"color: #ffffff; font-size: 14pt; font-family: 'times new roman', times, serif;\">&gt;Temperatursensor in der Kammer<\/span><\/div>\n<div><span style=\"color: #ffffff; font-size: 14pt; font-family: 'times new roman', times, serif;\">&gt;Startet die K\u00fchlung beim Einschalten<\/span><\/div>\n<div><span style=\"color: #ffffff; font-size: 14pt; font-family: 'times new roman', times, serif;\">&gt;H\u00e4lt die K\u00fchlung nach dem Schleudern aufrecht<\/span><\/div>\n<div><span style=\"color: #ffffff; font-size: 14pt; font-family: 'times new roman', times, serif;\">&gt;Mit ECO Energiesparmodul<\/span><\/div>\n<\/div>\n<\/td>\n<\/tr>\n<tr style=\"height: 24px;\">\n<td style=\"width: 50%; height: 24px;\">\n<div><span style=\"color: #ffffff; font-size: 18pt; font-family: 'times new roman', times, serif;\"><strong>Sorgen Sie f\u00fcr Sicherheit\u00a0<\/strong><\/span><\/div>\n<div>\n<div><span style=\"font-size: 14pt; font-family: 'times new roman', times, serif; color: #ffffff;\">&gt;Motorisiertes elektronisches selbstansaugendes T\u00fcrschloss<\/span><\/div>\n<div><span style=\"font-size: 14pt; font-family: 'times new roman', times, serif; color: #ffffff;\">&gt;T\u00fcr kann nicht ge\u00f6ffnet werden, wenn der Rotor sich dreht<\/span><\/div>\n<div><span style=\"font-size: 14pt; font-family: 'times new roman', times, serif; color: #ffffff;\">&gt;Gasscharniere verhindern das Herunterfallen der T\u00fcr<\/span><\/div>\n<div><span style=\"font-size: 14pt; font-family: 'times new roman', times, serif; color: #ffffff;\">&gt;Anschluss in der T\u00fcr zur Kalibrierung und Funktionspr\u00fcfung<\/span><\/div>\n<div><span style=\"font-size: 14pt; font-family: 'times new roman', times, serif; color: #ffffff;\">&gt;Not\u00f6ffnung der T\u00fcrverriegelung<\/span><\/div>\n<div><span style=\"font-size: 14pt; font-family: 'times new roman', times, serif; color: #ffffff;\">&gt;Passwort zum Sperren des Ger\u00e4ts<\/span><\/div>\n<div><span style=\"font-size: 14pt; font-family: 'times new roman', times, serif; color: #ffffff;\">&gt;Verschiedene Schutzvorrichtungen gew\u00e4hrleisten eine sichere Zentrifugation<\/span><\/div>\n<\/div>\n<\/td>\n<td style=\"width: 50%; height: 24px;\">\n<div><span style=\"color: #ffffff; font-size: 18pt; font-family: 'times new roman', times, serif;\"><strong>Gute Komponenten<\/strong><\/span><\/div>\n<div>\n<div><span style=\"color: #ffffff; font-size: 14pt; font-family: 'times new roman', times, serif;\">&gt;Motor: Motor mit variabler Frequenz.<\/span><\/div>\n<div><span style=\"color: #ffffff; font-size: 14pt; font-family: 'times new roman', times, serif;\">\u00a0 \u00a0stabiler Lauf, wartungsfrei, lange Lebensdauer<\/span><\/div>\n<div><span style=\"color: #ffffff; font-size: 14pt; font-family: 'times new roman', times, serif;\">&gt;Geh\u00e4use: Dicker und starker Stahl<\/span><\/div>\n<div><span style=\"color: #ffffff; font-size: 14pt; font-family: 'times new roman', times, serif;\">&gt;Kammer: Medizinischer Edelstahl 316.<\/span><\/div>\n<div><span style=\"color: #ffffff; font-size: 14pt; font-family: 'times new roman', times, serif;\">\u00a0 \u00a0korrosionsbest\u00e4ndig und leicht zu reinigen<\/span><\/div>\n<div><span style=\"color: #ffffff; font-size: 14pt; font-family: 'times new roman', times, serif;\">&gt;Rotor: Ausschwingrotor aus Stahl\/Edelstahl.<\/span><\/div>\n<div><span style=\"color: #ffffff; font-size: 14pt; font-family: 'times new roman', times, serif;\">&gt;Rotoren sind autoklavierbar\u00a0<\/span><\/div>\n<\/div>\n<\/td>\n<\/tr>\n<tr>\n<td style=\"width: 50%;\">\n<div>\n<div><strong><span style=\"font-size: 18pt; font-family: 'times new roman', times, serif; color: #ffffff;\">LCD-Touchscreen\u00a0<\/span><\/strong><\/div>\n<div><span style=\"font-size: 14pt; font-family: 'times new roman', times, serif; color: #ffffff;\">&gt;Einfache und \u00fcbersichtliche Darstellung aller Parameter<\/span><\/div>\n<div><span style=\"font-size: 14pt; font-family: 'times new roman', times, serif; color: #ffffff;\">&gt; Touchscreen, einfache Parametereinstellung<\/span><\/div>\n<div><span style=\"font-size: 14pt; font-family: 'times new roman', times, serif; color: #ffffff;\">&gt; RCF kann direkt eingestellt werden; RCF und RPM werden automatisch konvertiert<\/span><\/div>\n<div><span style=\"font-size: 14pt; font-family: 'times new roman', times, serif; color: #ffffff;\">&gt;Intelligente Statusanzeige, Echtzeit und reale Werte<\/span><\/div>\n<div><span style=\"font-size: 14pt; font-family: 'times new roman', times, serif; color: #ffffff;\">&gt;Benutzer kann Parameter auch mit Handschuhen einstellen<\/span><\/div>\n<div><span style=\"font-size: 14pt; font-family: 'times new roman', times, serif; color: #ffffff;\">&gt;Der Benutzer kann die Parameter zur\u00fccksetzen, wenn sich der Rotor dreht<\/span><\/div>\n<\/div>\n<\/td>\n<td style=\"width: 50%;\">\n<div><span style=\"color: #ffffff; font-size: 18pt; font-family: 'times new roman', times, serif;\"><strong><img fetchpriority=\"high\" decoding=\"async\" class=\"alignnone  wp-image-22455\" src=\"https:\/\/lexamedlab.com\/wp-content\/uploads\/2025\/05\/blood-bag-12.webp\" alt=\"\" width=\"281\" height=\"188\" \/><\/strong><\/span><\/div>\n<\/td>\n<\/tr>\n<\/tbody>\n<\/table>\n<blockquote><p><span style=\"font-family: 'times new roman', times, serif;\"><strong><span style=\"font-size: 18pt;\">Verf\u00fcgbare Rotoren<\/span><\/strong><\/span><\/p>\n<p>&nbsp;<\/p>\n<table style=\"border-collapse: collapse; width: 100%;\">\n<tbody>\n<tr>\n<td style=\"width: 20%;\"><img decoding=\"async\" class=\"alignnone size-full wp-image-22456\" src=\"https:\/\/lexamedlab.com\/wp-content\/uploads\/2025\/05\/6x2400ml.webp\" alt=\"\" width=\"1500\" height=\"1000\" \/><\/td>\n<td style=\"width: 20%;\"><img decoding=\"async\" class=\"alignnone size-full wp-image-22457\" src=\"https:\/\/lexamedlab.com\/wp-content\/uploads\/2025\/05\/blood-bag-12-1.webp\" alt=\"\" width=\"1500\" height=\"1000\" \/><\/td>\n<td style=\"width: 20%;\"><img loading=\"lazy\" decoding=\"async\" class=\"alignnone size-full wp-image-22458\" src=\"https:\/\/lexamedlab.com\/wp-content\/uploads\/2025\/05\/6x1000ml-1-1.webp\" alt=\"\" width=\"1500\" height=\"1000\" \/><\/td>\n<td style=\"width: 20%;\"><img loading=\"lazy\" decoding=\"async\" class=\"alignnone size-full wp-image-22459\" src=\"https:\/\/lexamedlab.com\/wp-content\/uploads\/2025\/05\/6x500ml-1-3.webp\" alt=\"\" width=\"1500\" height=\"1000\" \/><\/td>\n<td style=\"width: 20%;\"><img loading=\"lazy\" decoding=\"async\" class=\"alignnone size-full wp-image-22460\" src=\"https:\/\/lexamedlab.com\/wp-content\/uploads\/2025\/05\/384pcs.webp\" alt=\"\" width=\"1500\" height=\"1000\" \/><\/td>\n<\/tr>\n<tr>\n<td style=\"width: 20%;\">\n<div><span style=\"font-size: 14pt; font-family: 'times new roman', times, serif;\">Rotor: Ausschwingrotor<\/span><\/div>\n<div><span style=\"font-size: 14pt; font-family: 'times new roman', times, serif;\">Fassungsverm\u00f6gen: 6\u00d72400ml<\/span><\/div>\n<div><span style=\"font-size: 14pt; font-family: 'times new roman', times, serif;\">Maximale Geschwindigkeit: 4500 U\/min<\/span><\/div>\n<div><span style=\"font-size: 14pt; font-family: 'times new roman', times, serif;\">Max. Schwerefeld: 7095 \u00d7 g<\/span><\/div>\n<\/td>\n<td style=\"width: 20%;\">\n<div><span style=\"font-size: 14pt; font-family: 'times new roman', times, serif;\">Rotor: Ausschwingrotor<\/span><\/div>\n<div><span style=\"font-size: 14pt; font-family: 'times new roman', times, serif;\">Kapazit\u00e4t: 12 x 400 ml Blutbeutel<\/span><\/div>\n<div><span style=\"font-size: 14pt; font-family: 'times new roman', times, serif;\">Maximale Geschwindigkeit: 4500 U\/min<\/span><\/div>\n<div><span style=\"font-size: 14pt; font-family: 'times new roman', times, serif;\">Max. Schwerefeld: 7095 \u00d7 g<\/span><\/div>\n<\/td>\n<td style=\"width: 20%;\">\n<div><span style=\"font-size: 14pt; font-family: 'times new roman', times, serif;\">Rotor: Festwinkelrotor<\/span><\/div>\n<div><span style=\"font-size: 14pt; font-family: 'times new roman', times, serif;\">Fassungsverm\u00f6gen: 6\u00d71000ml<\/span><\/div>\n<div><span style=\"font-size: 14pt; font-family: 'times new roman', times, serif;\">Maximale Geschwindigkeit: 8000 U\/min<\/span><\/div>\n<div><span style=\"font-size: 14pt; font-family: 'times new roman', times, serif;\">Max. Schwerefeld: 14500\u00d7g<\/span><\/div>\n<div><span style=\"font-size: 14pt; font-family: 'times new roman', times, serif;\">Rohrgr\u00f6\u00dfe: \u03a697\u00d7166mm<\/span><\/div>\n<\/td>\n<td style=\"width: 20%;\">\n<div><span style=\"font-size: 14pt; font-family: 'times new roman', times, serif;\">Rotor: Festwinkelrotor<\/span><\/div>\n<div><span style=\"font-size: 14pt; font-family: 'times new roman', times, serif;\">Fassungsverm\u00f6gen: 6\u00d7500ml<\/span><\/div>\n<div><span style=\"font-size: 14pt; font-family: 'times new roman', times, serif;\">Maximale Geschwindigkeit: 8000 U\/min<\/span><\/div>\n<div><span style=\"font-size: 14pt; font-family: 'times new roman', times, serif;\">Max. Schwerefeld: 11860\u00d7g<\/span><\/div>\n<div><span style=\"font-size: 14pt; font-family: 'times new roman', times, serif;\">Rohrgr\u00f6\u00dfe: \u03a674\u00d7170mm<\/span><\/div>\n<\/td>\n<td style=\"width: 20%;\">\n<div><span style=\"font-size: 14pt; font-family: 'times new roman', times, serif;\">Rotor: Ausschwingrotor<\/span><\/div>\n<div><span style=\"font-size: 14pt; font-family: 'times new roman', times, serif;\">Kapazit\u00e4t: 384 Blutr\u00f6hrchen<\/span><\/div>\n<div><span style=\"font-size: 14pt; font-family: 'times new roman', times, serif;\">Maximale Geschwindigkeit: 4000 U\/min<\/span><\/div>\n<div><span style=\"font-size: 14pt; font-family: 'times new roman', times, serif;\">Max. Schwerefeld: 4710\u00d7g<\/span><\/div>\n<div><span style=\"font-size: 14pt; font-family: 'times new roman', times, serif;\">Rohrgr\u00f6\u00dfe: \u03a613\u00d775~100mm<\/span><\/div>\n<\/td>\n<\/tr>\n<\/tbody>\n<\/table>\n<\/blockquote>","protected":false},"excerpt":{"rendered":"<div>\n<div class=\"editor-text-wrap\"><span style=\"font-family: 'times new roman', times, serif; font-size: 14pt;\">Die LD-8M ist eine bodenstehende, langsam laufende K\u00fchlzentrifuge mit gro\u00dfem Fassungsverm\u00f6gen. Sie wird h\u00e4ufig in Blutbanken, Pharmafabriken, der Biochemie, der Herstellung biologischer Produkte und anderen Produktions- und Forschungseinrichtungen eingesetzt. Das maximale Fassungsverm\u00f6gen betr\u00e4gt 12 Liter. Sie eignet sich ideal f\u00fcr die Bluttrennung, Proteinf\u00e4llung sowie Zelltrennung und -sammlung in gro\u00dfen Mengen.<\/span><\/div>\n<\/div>\n<ul>\n<li><span style=\"font-family: 'times new roman', times, serif; font-size: 14pt;\">Maximalgeschwindigkeit\u00a0 \u00a0 \u00a0 \u00a0 \u00a0 \u00a0 \u00a0 \u00a0 \u00a0 \u00a0 \u00a0 \u00a0 \u00a0<span class=\"item-val\">8000 U\/min<\/span><\/span><\/li>\n<li><span style=\"font-family: 'times new roman', times, serif; font-size: 14pt;\">Max. Schwerefeld\u00a0 \u00a0 \u00a0 \u00a0 \u00a0 \u00a0 \u00a0 \u00a0 \u00a0 \u00a0 \u00a0 \u00a0 \u00a0 \u00a0<span class=\"item-val\">14500Xg<\/span><\/span><\/li>\n<li><span style=\"font-family: 'times new roman', times, serif; font-size: 14pt;\">Maximale Kapazit\u00e4t\u00a0 \u00a0 \u00a0 \u00a0 \u00a0 \u00a0 \u00a0 \u00a0 \u00a0 \u00a0 \u00a0<span class=\"item-val\">6*2400ml oder 12*400 Blutbeutel<\/span><\/span><\/li>\n<li><span style=\"font-family: 'times new roman', times, serif; font-size: 14pt;\">Temperaturbereich\u00a0 \u00a0 \u00a0 \u00a0 \u00a0 \u00a0<span class=\"item-val\">-20\u2103-40\u2103<\/span><\/span><\/li>\n<li><span style=\"font-family: 'times new roman', times, serif; font-size: 14pt;\">Temperaturgenauigkeit\u00a0 \u00a0 \u00a0 <span class=\"item-val\">\u00b11\u2103<\/span><\/span><\/li>\n<li><span style=\"font-family: 'times new roman', times, serif; font-size: 14pt;\">Geschwindigkeitsgenauigkeit\u00a0 \u00a0 \u00a0 \u00a0 \u00a0 \u00a0 \u00a0 \u00a0 <span class=\"item-val\">\u00b110 U\/min<\/span><\/span><\/li>\n<li><span style=\"font-family: 'times new roman', times, serif; font-size: 14pt;\">Gewicht\u00a0 \u00a0 \u00a0 \u00a0 \u00a0 \u00a0 \u00a0 \u00a0 \u00a0 \u00a0 \u00a0 \u00a0 \u00a0 \u00a0 \u00a0 <span class=\"item-val\">471 kg<\/span><\/span><\/li>\n<\/ul>","protected":false},"featured_media":22453,"comment_status":"open","ping_status":"closed","template":"","meta":{"_acf_changed":false},"product_brand":[],"product_cat":[20,80,92,87,90],"product_tag":[],"class_list":{"0":"post-22452","1":"product","2":"type-product","3":"status-publish","4":"has-post-thumbnail","6":"product_cat-all","7":"product_cat-centrifuge","8":"product_cat-floorstanding-low-speed-refrigerated-centrifuge","9":"product_cat-low-speed-centrifuge","10":"product_cat-low-speed-refrigerated-centrifuge","12":"first","13":"instock","14":"shipping-taxable","15":"product-type-simple"},"acf":[],"_links":{"self":[{"href":"https:\/\/lexamedlab.com\/de\/wp-json\/wp\/v2\/product\/22452","targetHints":{"allow":["GET"]}}],"collection":[{"href":"https:\/\/lexamedlab.com\/de\/wp-json\/wp\/v2\/product"}],"about":[{"href":"https:\/\/lexamedlab.com\/de\/wp-json\/wp\/v2\/types\/product"}],"replies":[{"embeddable":true,"href":"https:\/\/lexamedlab.com\/de\/wp-json\/wp\/v2\/comments?post=22452"}],"version-history":[{"count":1,"href":"https:\/\/lexamedlab.com\/de\/wp-json\/wp\/v2\/product\/22452\/revisions"}],"predecessor-version":[{"id":22462,"href":"https:\/\/lexamedlab.com\/de\/wp-json\/wp\/v2\/product\/22452\/revisions\/22462"}],"wp:featuredmedia":[{"embeddable":true,"href":"https:\/\/lexamedlab.com\/de\/wp-json\/wp\/v2\/media\/22453"}],"wp:attachment":[{"href":"https:\/\/lexamedlab.com\/de\/wp-json\/wp\/v2\/media?parent=22452"}],"wp:term":[{"taxonomy":"product_brand","embeddable":true,"href":"https:\/\/lexamedlab.com\/de\/wp-json\/wp\/v2\/product_brand?post=22452"},{"taxonomy":"product_cat","embeddable":true,"href":"https:\/\/lexamedlab.com\/de\/wp-json\/wp\/v2\/product_cat?post=22452"},{"taxonomy":"product_tag","embeddable":true,"href":"https:\/\/lexamedlab.com\/de\/wp-json\/wp\/v2\/product_tag?post=22452"}],"curies":[{"name":"wp","href":"https:\/\/api.w.org\/{rel}","templated":true}]}}