{"id":22473,"date":"2025-05-22T05:50:06","date_gmt":"2025-05-22T05:50:06","guid":{"rendered":"https:\/\/lexamedlab.com\/?post_type=product&#038;p=22473"},"modified":"2025-05-27T15:11:36","modified_gmt":"2025-05-27T15:11:36","slug":"benchtop-prp-ppp-centrifuge-td-450","status":"publish","type":"product","link":"https:\/\/lexamedlab.com\/de\/produkt\/benchtop-prp-ppp-centrifuge-td-450\/","title":{"rendered":"Tisch-PRP\/PPP-Zentrifuge TD-450"},"content":{"rendered":"<p><strong><span style=\"font-family: 'times new roman', times, serif; font-size: 14pt;\">Besonderheit\u00a0<\/span><\/strong><\/p>\n<p><span style=\"font-family: 'times new roman', times, serif; font-size: 14pt;\">1. Frequenzumrichtermotor. Es gibt drei Motorarten: B\u00fcrstenmotor, b\u00fcrstenloser Motor und Frequenzumrichtermotor. Letzterer ist der beste. Er zeichnet sich durch geringe Ausfallrate, Umweltfreundlichkeit, Wartungsfreiheit und hohe Leistung aus. Dank seiner guten Leistung erreicht er eine Drehzahlgenauigkeit von bis zu \u00b110 U\/min.<\/span><\/p>\n<p><span style=\"font-family: 'times new roman', times, serif; font-size: 14pt;\"> 2. Ganzstahlgeh\u00e4use und 304SS-Kammer. Um einen sicheren Betrieb zu gew\u00e4hrleisten und die Zentrifuge robust und langlebig zu machen, verwenden wir teures Stahlmaterial und Edelstahl 304. <\/span><\/p>\n<p><span style=\"font-family: 'times new roman', times, serif; font-size: 14pt;\">3. Elektronisches T\u00fcrschloss: Wenn die Zentrifuge in Betrieb ist, m\u00fcssen wir sicherstellen, dass sich die T\u00fcr nicht \u00f6ffnet. Um die Sicherheit zu gew\u00e4hrleisten, verwenden wir ein elektronisches T\u00fcrschloss. <\/span><\/p>\n<p><span style=\"font-family: 'times new roman', times, serif; font-size: 14pt;\">4. Spezialzentrifuge f\u00fcr PRP \/ PPP. Geeignet f\u00fcr 10 ml \/ 20 ml \/ 50 ml Spritze, 10 ml Vakuum-Blutentnahmer\u00f6hrchen und verschiedene PRP-Spezialkits. <\/span><\/p>\n<p><span style=\"font-family: 'times new roman', times, serif; font-size: 14pt;\">5. Mehr Sicherheit, mehr Hygiene. Alle Rotoren und Rotorzubeh\u00f6rteile sind autoklavierbar. <\/span><\/p>\n<p><span style=\"font-family: 'times new roman', times, serif; font-size: 18pt;\"><strong>Rotoren\u00a0<\/strong><\/span><\/p>\n<table style=\"border-collapse: collapse; width: 100%;\">\n<tbody>\n<tr>\n<td style=\"width: 18.9214%;\"><span style=\"font-family: 'times new roman', times, serif; font-size: 14pt;\">Ausschwingrotor Nr. 1<\/span><\/td>\n<td style=\"width: 19.1439%;\"><span style=\"font-family: 'times new roman', times, serif; font-size: 14pt;\">Ausschwingrotor Nr. 2<\/span><\/td>\n<td style=\"width: 19.6626%;\"><span style=\"font-family: 'times new roman', times, serif; font-size: 14pt;\">Ausschwingrotor Nr. 3<\/span><\/td>\n<td style=\"width: 19.3941%;\"><span style=\"font-family: 'times new roman', times, serif; font-size: 14pt;\">Ausschwingrotor Nr. 4<\/span><\/td>\n<td style=\"width: 22.878%;\"><span style=\"font-family: 'times new roman', times, serif; font-size: 14pt;\">Nr. 5 Ausschwenkrotor<\/span><\/td>\n<\/tr>\n<tr>\n<td style=\"width: 18.9214%;\"><img fetchpriority=\"high\" decoding=\"async\" class=\"alignnone size-full wp-image-22474\" src=\"https:\/\/lexamedlab.com\/wp-content\/uploads\/2025\/05\/16x10ml-syringe-scaled.png\" alt=\"\" width=\"2560\" height=\"2021\" \/><\/td>\n<td style=\"width: 19.1439%;\"><img decoding=\"async\" class=\"alignnone size-full wp-image-22475\" src=\"https:\/\/lexamedlab.com\/wp-content\/uploads\/2025\/05\/8x20ml-syringe-scaled.png\" alt=\"\" width=\"2560\" height=\"1939\" \/><\/td>\n<td style=\"width: 19.6626%;\"><img decoding=\"async\" class=\"alignnone size-full wp-image-22476\" src=\"https:\/\/lexamedlab.com\/wp-content\/uploads\/2025\/05\/4x50syringe.png\" alt=\"\" width=\"2472\" height=\"2352\" \/><\/td>\n<td style=\"width: 19.3941%;\"><img loading=\"lazy\" decoding=\"async\" class=\"alignnone size-full wp-image-22477\" src=\"https:\/\/lexamedlab.com\/wp-content\/uploads\/2025\/05\/4x100ml\u6c34\u5e73-scaled.png\" alt=\"\" width=\"2560\" height=\"2350\" \/><\/td>\n<td style=\"width: 22.878%;\"><img loading=\"lazy\" decoding=\"async\" class=\"alignnone size-full wp-image-22478\" src=\"https:\/\/lexamedlab.com\/wp-content\/uploads\/2025\/05\/24x7ml.png\" alt=\"\" width=\"2526\" height=\"2442\" \/><\/td>\n<\/tr>\n<tr>\n<td style=\"width: 18.9214%;\">\n<div><span style=\"font-family: 'times new roman', times, serif; font-size: 14pt;\">Rotor: Ausschwingrotor<\/span><\/div>\n<div><span style=\"font-family: 'times new roman', times, serif; font-size: 14pt;\">Kapazit\u00e4t: 16 x 10 ml<\/span><\/div>\n<div><span style=\"font-family: 'times new roman', times, serif; font-size: 14pt;\">Maximale Geschwindigkeit: 4000 U\/min<\/span><\/div>\n<div><span style=\"font-family: 'times new roman', times, serif; font-size: 14pt;\">Max. Schwerefeld: 300 x g<\/span><\/div>\n<\/td>\n<td style=\"width: 19.1439%;\">\n<div><span style=\"font-family: 'times new roman', times, serif; font-size: 14pt;\">Rotor: Ausschwingrotor<\/span><\/div>\n<div><span style=\"font-family: 'times new roman', times, serif; font-size: 14pt;\">Kapazit\u00e4t: 8 x 20 ml Spritze\u00a0<\/span><\/div>\n<div><span style=\"font-family: 'times new roman', times, serif; font-size: 14pt;\">Maximale Geschwindigkeit: 4000 U\/min<\/span><\/div>\n<div><span style=\"font-family: 'times new roman', times, serif; font-size: 14pt;\">Max. Schwerefeld: 3100 x g<\/span><\/div>\n<\/td>\n<td style=\"width: 19.6626%;\">\n<div><span style=\"font-family: 'times new roman', times, serif; font-size: 14pt;\">Rotor: Ausschwingrotor<\/span><\/div>\n<div><span style=\"font-family: 'times new roman', times, serif; font-size: 14pt;\">Kapazit\u00e4t: 4 L\u00f6cher PRP-Sets\u00a0<\/span><\/div>\n<div><span style=\"font-family: 'times new roman', times, serif; font-size: 14pt;\">Maximale Geschwindigkeit: 4000 U\/min<\/span><\/div>\n<div><span style=\"font-family: 'times new roman', times, serif; font-size: 14pt;\">Max. Schwerefeld: 3380 x g<\/span><\/div>\n<\/td>\n<td style=\"width: 19.3941%;\">\n<div><span style=\"font-family: 'times new roman', times, serif; font-size: 14pt;\">Rotor: Ausschwingrotor<\/span><\/div>\n<div><span style=\"font-family: 'times new roman', times, serif; font-size: 14pt;\">Kapazit\u00e4t: 4 x 50 ml Spritze\u00a0<\/span><\/div>\n<div><span style=\"font-family: 'times new roman', times, serif; font-size: 14pt;\">Maximale Geschwindigkeit: 4000 U\/min<\/span><\/div>\n<div><span style=\"font-family: 'times new roman', times, serif; font-size: 14pt;\">Max. Schwerefeld: 3380 x g<\/span><\/div>\n<\/td>\n<td style=\"width: 22.878%;\">\n<div>\n<div><span style=\"font-family: 'times new roman', times, serif; font-size: 14pt;\">Rotor: Ausschwingrotor<\/span><\/div>\n<div><span style=\"font-family: 'times new roman', times, serif; font-size: 14pt;\">Kapazit\u00e4t: 24 St\u00fcck Blutentnahmer\u00f6hrchen\u00a0<\/span><\/div>\n<div><span style=\"font-family: 'times new roman', times, serif; font-size: 14pt;\">Maximale Geschwindigkeit: 4000 U\/min<\/span><\/div>\n<div><span style=\"font-family: 'times new roman', times, serif; font-size: 14pt;\">Max. Schwerefeld: 2890 x g<\/span><\/div>\n<\/div>\n<\/td>\n<\/tr>\n<\/tbody>\n<\/table>\n<p>&nbsp;<\/p>","protected":false},"excerpt":{"rendered":"<div class=\"item-meta\" data-module=\"6\">\n<div><span style=\"font-family: 'times new roman', times, serif; font-size: 14pt;\">TD-450 ist auf PRP und PPP spezialisiert und eignet sich f\u00fcr 10 ml\/20 ml\/50 ml Spritzen, 10 ml Vakuum-Blutentnahmer\u00f6hrchen und verschiedene PRP-Spezialkits. Alle Rotoren und Rotorzubeh\u00f6rteile sind autoklavierbar.<\/span><\/div>\n<\/div>\n<ul>\n<li><span style=\"font-size: 14pt; font-family: 'times new roman', times, serif;\">Maximalgeschwindigkeit\u00a0 \u00a0 \u00a0 \u00a0 \u00a0 \u00a0 \u00a0 \u00a0 \u00a0 \u00a0<span class=\"item-val\">5000 U\/min<\/span><\/span><\/li>\n<li><span style=\"font-size: 14pt; font-family: 'times new roman', times, serif;\">Max. Schwerefeld\u00a0 \u00a0 \u00a0 \u00a0 \u00a0 \u00a0 \u00a0 \u00a0 \u00a0 \u00a0 \u00a0<span class=\"item-val\">3380xg<\/span><\/span><\/li>\n<li><span style=\"font-size: 14pt; font-family: 'times new roman', times, serif;\">Maximale Kapazit\u00e4t\u00a0 \u00a0 \u00a0 \u00a0 \u00a0 \u00a0 \u00a0 \u00a0<span class=\"item-val\">6 x 50 ml<\/span><\/span><\/li>\n<li><span style=\"font-size: 14pt; font-family: 'times new roman', times, serif;\">Zeitbereich\u00a0 \u00a0 \u00a0 \u00a0 \u00a0 \u00a0 \u00a0 \u00a0 \u00a0<span class=\"item-val\">1s bis 99h59m59s<\/span><\/span><\/li>\n<li><span style=\"font-size: 14pt; font-family: 'times new roman', times, serif;\">Geschwindigkeitsgenauigkeit\u00a0 \u00a0 \u00a0 \u00a0 \u00a0 \u00a0 <span class=\"item-val\">\u00b110 U\/min<\/span><\/span><\/li>\n<li><span style=\"font-size: 14pt; font-family: 'times new roman', times, serif;\">L\u00e4rm\u00a0 \u00a0 \u00a0 \u00a0 \u00a0 \u00a0 \u00a0 \u00a0 \u00a0 \u00a0 \u00a0 \u00a0 \u00a0 \u00a0 <span class=\"item-val\">\u226460dB(A)<\/span><\/span><\/li>\n<li><span style=\"font-size: 14pt; font-family: 'times new roman', times, serif;\">Stromverbrauch\u00a0 \u00a0 \u00a0<span class=\"item-val\">500 W<\/span><\/span><\/li>\n<li><span style=\"font-size: 14pt; font-family: 'times new roman', times, serif;\">Dimension\u00a0 \u00a0 \u00a0 \u00a0 \u00a0 \u00a0 \u00a0 \u00a0 \u00a0 \u00a0<span class=\"item-val\">550x430x350mm<\/span><\/span><\/li>\n<li><span style=\"font-size: 14pt; font-family: 'times new roman', times, serif;\">Nettogewicht\u00a0 \u00a0 \u00a0 \u00a0 \u00a0 \u00a0 \u00a0 \u00a0 \u00a0 \u00a0<span class=\"item-val\">40 kg<\/span><\/span><\/li>\n<\/ul>","protected":false},"featured_media":22480,"comment_status":"open","ping_status":"closed","template":"","meta":{"_acf_changed":false},"product_brand":[],"product_cat":[20,80,97],"product_tag":[],"class_list":{"0":"post-22473","1":"product","2":"type-product","3":"status-publish","4":"has-post-thumbnail","6":"product_cat-all","7":"product_cat-centrifuge","8":"product_cat-special-purpose-centrifuge","10":"first","11":"instock","12":"shipping-taxable","13":"product-type-simple"},"acf":[],"_links":{"self":[{"href":"https:\/\/lexamedlab.com\/de\/wp-json\/wp\/v2\/product\/22473","targetHints":{"allow":["GET"]}}],"collection":[{"href":"https:\/\/lexamedlab.com\/de\/wp-json\/wp\/v2\/product"}],"about":[{"href":"https:\/\/lexamedlab.com\/de\/wp-json\/wp\/v2\/types\/product"}],"replies":[{"embeddable":true,"href":"https:\/\/lexamedlab.com\/de\/wp-json\/wp\/v2\/comments?post=22473"}],"version-history":[{"count":1,"href":"https:\/\/lexamedlab.com\/de\/wp-json\/wp\/v2\/product\/22473\/revisions"}],"predecessor-version":[{"id":22483,"href":"https:\/\/lexamedlab.com\/de\/wp-json\/wp\/v2\/product\/22473\/revisions\/22483"}],"wp:featuredmedia":[{"embeddable":true,"href":"https:\/\/lexamedlab.com\/de\/wp-json\/wp\/v2\/media\/22480"}],"wp:attachment":[{"href":"https:\/\/lexamedlab.com\/de\/wp-json\/wp\/v2\/media?parent=22473"}],"wp:term":[{"taxonomy":"product_brand","embeddable":true,"href":"https:\/\/lexamedlab.com\/de\/wp-json\/wp\/v2\/product_brand?post=22473"},{"taxonomy":"product_cat","embeddable":true,"href":"https:\/\/lexamedlab.com\/de\/wp-json\/wp\/v2\/product_cat?post=22473"},{"taxonomy":"product_tag","embeddable":true,"href":"https:\/\/lexamedlab.com\/de\/wp-json\/wp\/v2\/product_tag?post=22473"}],"curies":[{"name":"wp","href":"https:\/\/api.w.org\/{rel}","templated":true}]}}