{"id":22484,"date":"2025-05-22T06:21:50","date_gmt":"2025-05-22T06:21:50","guid":{"rendered":"https:\/\/lexamedlab.com\/?post_type=product&#038;p=22484"},"modified":"2025-05-27T15:11:36","modified_gmt":"2025-05-27T15:11:36","slug":"benchtop-cgf-variable-speed-program-centrifuge-td-4","status":"publish","type":"product","link":"https:\/\/lexamedlab.com\/de\/produkt\/benchtop-cgf-variable-speed-program-centrifuge-td-4\/","title":{"rendered":"Tischzentrifuge CGF mit variabler Geschwindigkeitsprogrammierung TD-4"},"content":{"rendered":"<p><strong><span style=\"font-family: 'times new roman', times, serif; font-size: 14pt;\">Besonderheit\u00a0<\/span><\/strong><\/p>\n<p><span style=\"font-family: 'times new roman', times, serif; font-size: 14pt;\">1. Frequenzumrichtermotor. Es gibt drei Motortypen: B\u00fcrstenmotor, b\u00fcrstenloser Motor und Frequenzumrichtermotor. Letzterer ist der beste. Er zeichnet sich durch eine geringe Ausfallrate, Umweltfreundlichkeit, Wartungsfreiheit und gute Leistung aus. <\/span><\/p>\n<p><span style=\"font-family: 'times new roman', times, serif; font-size: 14pt;\">2. Ganzstahlgeh\u00e4use und 304SS-Kammer. Um einen sicheren Betrieb zu gew\u00e4hrleisten und die Zentrifuge robust und langlebig zu machen, verwenden wir teures Stahlmaterial und Edelstahl 304.<\/span><\/p>\n<p><span style=\"font-family: 'times new roman', times, serif; font-size: 14pt;\"> 3. Elektronisches T\u00fcrschloss Die T\u00fcr \u00f6ffnet sich nach der Zentrifugation automatisch und die hydraulische Gasfeder st\u00fctzt die T\u00fcrabdeckung <\/span><\/p>\n<p><span style=\"font-family: 'times new roman', times, serif; font-size: 14pt;\">4. Spezialzentrifuge f\u00fcr CGF \/ Plasma \/ PRP \/ APRF \/ iPRF. Diese Maschine verf\u00fcgt \u00fcber integrierte spezielle Zentrifugationsprogramme f\u00fcr Plasma, PRP, APRF, iPRF und CGF mit Ein-Tasten-Bedienung.<\/span><\/p>\n<p><span style=\"font-family: 'times new roman', times, serif; font-size: 14pt;\"> 5. Mehr Sicherheit, mehr Hygiene. 12 x 10 ml Metallrotor, superharte Kunststoffr\u00f6hrenh\u00fclse, die bei 121 Grad sterilisiert werden kann.<\/span><\/p>","protected":false},"excerpt":{"rendered":"<div class=\"item-meta\" data-module=\"6\"><span style=\"font-family: 'times new roman', times, serif; font-size: 14pt;\">Die TD-4 ist eine Mehrzweckzentrifuge zur pl\u00e4ttchenreichen Fibrin-Zentrifuge. Diese Maschine wurde gemeinsam vom Unternehmen und vielen namhaften Krankenh\u00e4usern sowie kosmetischen und plastischen Kliniken in China entwickelt und von zahlreichen klinischen Einrichtungen getestet. Sie ist einfach zu bedienen und bietet eine stabile und zuverl\u00e4ssige Leistung. Sie wird h\u00e4ufig in der Zahnmedizin, plastischen Chirurgie, Orthop\u00e4die, Rehabilitation, Schmerztherapie und anderen Bereichen eingesetzt.<\/span><\/div>\n<ul>\n<li><span style=\"font-size: 14pt; font-family: 'times new roman', times, serif;\">Maximalgeschwindigkeit\u00a0 \u00a0 \u00a0 \u00a0 \u00a0 \u00a0 \u00a0 \u00a0 \u00a0 \u00a0<span class=\"item-val\">3500 U\/min<\/span><\/span><\/li>\n<li><span style=\"font-size: 14pt; font-family: 'times new roman', times, serif;\">Max. Schwerefeld\u00a0 \u00a0 \u00a0 \u00a0 \u00a0 \u00a0 \u00a0 \u00a0 \u00a0 \u00a0 \u00a0<span class=\"item-val\">1640xg<\/span><\/span><\/li>\n<li><span style=\"font-size: 14pt; font-family: 'times new roman', times, serif;\">Maximale Kapazit\u00e4t\u00a0 \u00a0 \u00a0 \u00a0 \u00a0 \u00a0 \u00a0 \u00a0<span class=\"item-val\">12 x 10 ml<\/span><\/span><\/li>\n<li><span style=\"font-size: 14pt; font-family: 'times new roman', times, serif;\">Geschwindigkeitsgenauigkeit\u00a0 \u00a0 \u00a0 \u00a0 \u00a0 \u00a0 <span class=\"item-val\">\u00b120 U\/min<\/span><\/span><\/li>\n<li><span style=\"font-size: 14pt; font-family: 'times new roman', times, serif;\">L\u00e4rm\u00a0 \u00a0 \u00a0 \u00a0 \u00a0 \u00a0 \u00a0 \u00a0 \u00a0 \u00a0 \u00a0 \u00a0 \u00a0 \u00a0 <span class=\"item-val\">\u226455dB(A)<\/span><\/span><\/li>\n<li><span style=\"font-size: 14pt; font-family: 'times new roman', times, serif;\">Stromverbrauch\u00a0 \u00a0 \u00a0<span class=\"item-val\">200 W<\/span><\/span><\/li>\n<li><span style=\"font-size: 14pt; font-family: 'times new roman', times, serif;\">Dimension\u00a0 \u00a0 \u00a0 \u00a0 \u00a0 \u00a0 \u00a0 \u00a0 \u00a0 \u00a0<span class=\"item-val\">430x340x330mm<\/span><\/span><\/li>\n<li><span style=\"font-size: 14pt; font-family: 'times new roman', times, serif;\">Nettogewicht\u00a0 \u00a0 \u00a0 \u00a0 \u00a0 \u00a0 \u00a0 \u00a0 \u00a0 \u00a0<span class=\"item-val\">17 kg<\/span><\/span><\/li>\n<\/ul>","protected":false},"featured_media":22486,"comment_status":"open","ping_status":"closed","template":"","meta":{"_acf_changed":false},"product_brand":[],"product_cat":[20,80,97],"product_tag":[],"class_list":{"0":"post-22484","1":"product","2":"type-product","3":"status-publish","4":"has-post-thumbnail","6":"product_cat-all","7":"product_cat-centrifuge","8":"product_cat-special-purpose-centrifuge","10":"first","11":"instock","12":"shipping-taxable","13":"product-type-simple"},"acf":[],"_links":{"self":[{"href":"https:\/\/lexamedlab.com\/de\/wp-json\/wp\/v2\/product\/22484","targetHints":{"allow":["GET"]}}],"collection":[{"href":"https:\/\/lexamedlab.com\/de\/wp-json\/wp\/v2\/product"}],"about":[{"href":"https:\/\/lexamedlab.com\/de\/wp-json\/wp\/v2\/types\/product"}],"replies":[{"embeddable":true,"href":"https:\/\/lexamedlab.com\/de\/wp-json\/wp\/v2\/comments?post=22484"}],"version-history":[{"count":1,"href":"https:\/\/lexamedlab.com\/de\/wp-json\/wp\/v2\/product\/22484\/revisions"}],"predecessor-version":[{"id":22489,"href":"https:\/\/lexamedlab.com\/de\/wp-json\/wp\/v2\/product\/22484\/revisions\/22489"}],"wp:featuredmedia":[{"embeddable":true,"href":"https:\/\/lexamedlab.com\/de\/wp-json\/wp\/v2\/media\/22486"}],"wp:attachment":[{"href":"https:\/\/lexamedlab.com\/de\/wp-json\/wp\/v2\/media?parent=22484"}],"wp:term":[{"taxonomy":"product_brand","embeddable":true,"href":"https:\/\/lexamedlab.com\/de\/wp-json\/wp\/v2\/product_brand?post=22484"},{"taxonomy":"product_cat","embeddable":true,"href":"https:\/\/lexamedlab.com\/de\/wp-json\/wp\/v2\/product_cat?post=22484"},{"taxonomy":"product_tag","embeddable":true,"href":"https:\/\/lexamedlab.com\/de\/wp-json\/wp\/v2\/product_tag?post=22484"}],"curies":[{"name":"wp","href":"https:\/\/api.w.org\/{rel}","templated":true}]}}