{"id":22490,"date":"2025-05-22T06:30:46","date_gmt":"2025-05-22T06:30:46","guid":{"rendered":"https:\/\/lexamedlab.com\/?post_type=product&#038;p=22490"},"modified":"2025-05-27T15:11:36","modified_gmt":"2025-05-27T15:11:36","slug":"benchtop-cell-washing-centrifuge-td-4b","status":"publish","type":"product","link":"https:\/\/lexamedlab.com\/de\/produkt\/benchtop-cell-washing-centrifuge-td-4b\/","title":{"rendered":"Tisch-Zellwaschzentrifuge TD-4B"},"content":{"rendered":"<p><strong><span style=\"font-family: 'times new roman', times, serif; font-size: 14pt;\">Besonderheit\u00a0<\/span><\/strong><\/p>\n<p><span style=\"font-family: 'times new roman', times, serif; font-size: 14pt;\">1. Frequenzumrichtermotor. Es gibt drei Motortypen: B\u00fcrstenmotor, b\u00fcrstenloser Motor und Frequenzumrichtermotor. Letzterer ist der beste. Er zeichnet sich durch eine geringe Ausfallrate, Umweltfreundlichkeit, Wartungsfreiheit und gute Leistung aus.<\/span><\/p>\n<p><span style=\"font-family: 'times new roman', times, serif; font-size: 14pt;\"> 2. Ganzstahlgeh\u00e4use und 304SS-Kammer. Um einen sicheren Betrieb zu gew\u00e4hrleisten und die Zentrifuge robust und langlebig zu machen, verwenden wir teures Stahlmaterial und Edelstahl 304.<\/span><\/p>\n<p><span style=\"font-family: 'times new roman', times, serif; font-size: 14pt;\"> 3. Elektronisches T\u00fcrschloss: Wenn die Zentrifuge in Betrieb ist, m\u00fcssen wir sicherstellen, dass sich die T\u00fcr nicht \u00f6ffnet. Um die Sicherheit zu gew\u00e4hrleisten, verwenden wir ein elektronisches T\u00fcrschloss. <\/span><\/p>\n<p><span style=\"font-family: 'times new roman', times, serif; font-size: 14pt;\">4. Spezialzentrifuge zum Waschen von Erythrozyten und Lymphozyten. Diese Maschine verf\u00fcgt \u00fcber integrierte Zentrifugationsprogramme f\u00fcr HLA- und SERO-Rotoren. Einfach zu bedienen. <\/span><\/p>\n<p><span style=\"font-family: 'times new roman', times, serif; font-size: 14pt;\">5. Beschleunigungs- und Verz\u00f6gerungszeit nur 7 Sekunden. <\/span><\/p>","protected":false},"excerpt":{"rendered":"<div class=\"item-meta\" data-module=\"6\"><span style=\"font-family: 'times new roman', times, serif; font-size: 14pt;\">Die Zellwaschzentrifuge TD-4B ist eine Spezialmaschine f\u00fcr Experimente zum Waschen roter Blutk\u00f6rperchen und Lymphozyten. Sie wird h\u00e4ufig in der klinischen Medizin, Biochemie, Immunologie und anderen Bereichen eingesetzt und ist ein unverzichtbares Ger\u00e4t f\u00fcr Blutbanken, Labore, Blutspendestationen, medizinische Fakult\u00e4ten und medizinische Forschungseinrichtungen in Krankenh\u00e4usern.<\/span><\/div>\n<ul>\n<li><span style=\"font-size: 14pt; font-family: 'times new roman', times, serif;\">Maximalgeschwindigkeit\u00a0 \u00a0 \u00a0 \u00a0 \u00a0 \u00a0 \u00a0 \u00a0 \u00a0 \u00a0<span class=\"item-val\">4700 U\/min<\/span><\/span><\/li>\n<li><span style=\"font-size: 14pt; font-family: 'times new roman', times, serif;\">Max. Schwerefeld\u00a0 \u00a0 \u00a0 \u00a0 \u00a0 \u00a0 \u00a0 \u00a0 \u00a0 \u00a0 \u00a0<span class=\"item-val\">2000 x g<\/span><\/span><\/li>\n<li><span style=\"font-size: 14pt; font-family: 'times new roman', times, serif;\">Maximale Kapazit\u00e4t\u00a0 \u00a0 \u00a0 \u00a0 \u00a0 \u00a0 \u00a0 \u00a0<span class=\"item-val\">12 x 7 ml<\/span><\/span><\/li>\n<li><span style=\"font-size: 14pt; font-family: 'times new roman', times, serif;\">Geschwindigkeitsgenauigkeit\u00a0 \u00a0 \u00a0 \u00a0 \u00a0 \u00a0 <span class=\"item-val\">\u00b120 U\/min<\/span><\/span><\/li>\n<li><span style=\"font-size: 14pt; font-family: 'times new roman', times, serif;\">L\u00e4rm\u00a0 \u00a0 \u00a0 \u00a0 \u00a0 \u00a0 \u00a0 \u00a0 \u00a0 \u00a0 \u00a0 \u00a0 \u00a0 \u00a0 <span class=\"item-val\">\u226455dB(A)<\/span><\/span><\/li>\n<li><span style=\"font-size: 14pt; font-family: 'times new roman', times, serif;\">Zeiteinteilung 1S-99min<\/span><\/li>\n<li><span style=\"font-size: 14pt; font-family: 'times new roman', times, serif;\">Stromverbrauch\u00a0 \u00a0 \u00a0<span class=\"item-val\">200 W<\/span><\/span><\/li>\n<li><span style=\"font-size: 14pt; font-family: 'times new roman', times, serif;\">Dimension\u00a0 \u00a0 \u00a0 \u00a0 \u00a0 \u00a0 \u00a0 \u00a0 \u00a0 \u00a0<span class=\"item-val\">375 x 300 x 360 mm<\/span><\/span><\/li>\n<li><span style=\"font-size: 14pt; font-family: 'times new roman', times, serif;\">Nettogewicht\u00a0 \u00a0 \u00a0 \u00a0 \u00a0 \u00a0 \u00a0 \u00a0 \u00a0 \u00a0<span class=\"item-val\">17 kg<\/span><\/span><\/li>\n<\/ul>","protected":false},"featured_media":22491,"comment_status":"open","ping_status":"closed","template":"","meta":{"_acf_changed":false},"product_brand":[],"product_cat":[20,80,97],"product_tag":[],"class_list":{"0":"post-22490","1":"product","2":"type-product","3":"status-publish","4":"has-post-thumbnail","6":"product_cat-all","7":"product_cat-centrifuge","8":"product_cat-special-purpose-centrifuge","10":"first","11":"instock","12":"shipping-taxable","13":"product-type-simple"},"acf":[],"_links":{"self":[{"href":"https:\/\/lexamedlab.com\/de\/wp-json\/wp\/v2\/product\/22490","targetHints":{"allow":["GET"]}}],"collection":[{"href":"https:\/\/lexamedlab.com\/de\/wp-json\/wp\/v2\/product"}],"about":[{"href":"https:\/\/lexamedlab.com\/de\/wp-json\/wp\/v2\/types\/product"}],"replies":[{"embeddable":true,"href":"https:\/\/lexamedlab.com\/de\/wp-json\/wp\/v2\/comments?post=22490"}],"version-history":[{"count":1,"href":"https:\/\/lexamedlab.com\/de\/wp-json\/wp\/v2\/product\/22490\/revisions"}],"predecessor-version":[{"id":22494,"href":"https:\/\/lexamedlab.com\/de\/wp-json\/wp\/v2\/product\/22490\/revisions\/22494"}],"wp:featuredmedia":[{"embeddable":true,"href":"https:\/\/lexamedlab.com\/de\/wp-json\/wp\/v2\/media\/22491"}],"wp:attachment":[{"href":"https:\/\/lexamedlab.com\/de\/wp-json\/wp\/v2\/media?parent=22490"}],"wp:term":[{"taxonomy":"product_brand","embeddable":true,"href":"https:\/\/lexamedlab.com\/de\/wp-json\/wp\/v2\/product_brand?post=22490"},{"taxonomy":"product_cat","embeddable":true,"href":"https:\/\/lexamedlab.com\/de\/wp-json\/wp\/v2\/product_cat?post=22490"},{"taxonomy":"product_tag","embeddable":true,"href":"https:\/\/lexamedlab.com\/de\/wp-json\/wp\/v2\/product_tag?post=22490"}],"curies":[{"name":"wp","href":"https:\/\/api.w.org\/{rel}","templated":true}]}}