{"id":22508,"date":"2025-05-22T07:08:01","date_gmt":"2025-05-22T07:08:01","guid":{"rendered":"https:\/\/lexamedlab.com\/?post_type=product&#038;p=22508"},"modified":"2025-05-27T15:11:36","modified_gmt":"2025-05-27T15:11:36","slug":"floor-rock-core-centrifuge-yx-1850r","status":"publish","type":"product","link":"https:\/\/lexamedlab.com\/de\/produkt\/floor-rock-core-centrifuge-yx-1850r\/","title":{"rendered":"Boden-Gesteinskernzentrifuge YX-1850R"},"content":{"rendered":"<p><strong><span style=\"font-family: 'times new roman', times, serif; font-size: 14pt;\">Besonderheit\u00a0<\/span><\/strong><\/p>\n<p><span style=\"font-family: 'times new roman', times, serif; font-size: 14pt;\">1. Importierter Kompressor, FCKW-freies K\u00e4ltemittel. In dieser Zentrifuge werden ein hochwertiger Kompressor und FCKW-freies K\u00e4ltemittel verwendet. Die Temperatur l\u00e4sst sich zwischen -20 \u00b0C und 40 \u00b0C einstellen. Die Temperaturgenauigkeit betr\u00e4gt bis zu \u00b11 \u00b0C. <\/span><\/p>\n<p><span style=\"font-family: 'times new roman', times, serif; font-size: 14pt;\">2. Frequenzumrichtermotor, Mikrocomputersteuerung. Es gibt drei Motortypen: B\u00fcrstenmotor, b\u00fcrstenloser Motor und Frequenzumrichtermotor. Letzterer ist der beste. Er zeichnet sich durch geringe Ausfallrate, Umweltfreundlichkeit, Wartungsfreiheit und hohe Leistung aus. Dank seiner guten Leistung erreicht er eine Drehzahlgenauigkeit von bis zu \u00b110 U\/min.<\/span><\/p>\n<p><span style=\"font-family: 'times new roman', times, serif; font-size: 14pt;\"> 3. Rotor automatisch verriegeln. Legen Sie den Rotor ab, die Zentrifuge verriegelt ihn automatisch ohne Schraubenschl\u00fcssel. Das Be- und Entladen ist sehr bequem.<\/span><\/p>\n<p><span style=\"font-family: 'times new roman', times, serif; font-size: 14pt;\"> 4. RCF kann direkt eingestellt werden. Wenn wir die relative Zentrifugalkraft vor dem Betrieb kennen, k\u00f6nnen wir RCF direkt einstellen, ohne zwischen RPM und RCF umrechnen zu m\u00fcssen.<\/span><\/p>\n<p><span style=\"font-family: 'times new roman', times, serif; font-size: 14pt;\">. 5. Parameter k\u00f6nnen w\u00e4hrend des Betriebs zur\u00fcckgesetzt werden. Manchmal m\u00fcssen wir Parameter wie Geschwindigkeit, RCF und Zeit zur\u00fccksetzen, wenn die Zentrifuge in Betrieb ist und wir sie nicht stoppen m\u00f6chten. Wir k\u00f6nnen die Parameter direkt zur\u00fccksetzen, ohne anzuhalten. Verwenden Sie einfach Ihren Finger, um diese Zahlen zu \u00e4ndern. <\/span><\/p>\n<p><span style=\"font-family: 'times new roman', times, serif; font-size: 14pt;\">6. 40 Stufen der Beschleunigungs- und Verz\u00f6gerungsrate. Wie funktioniert die Funktion? Ein Beispiel: Wir stellen die Geschwindigkeit auf 5000 U\/min ein und dr\u00fccken die START-Taste. Die Zentrifuge beschleunigt dann von 0 U\/min auf 5000 U\/min. Kann die Geschwindigkeit von 0 U\/min auf 5000 U\/min verk\u00fcrzt oder verl\u00e4ngert werden, also schneller oder langsamer laufen? Ja, diese Zentrifuge unterst\u00fctzt dies. <\/span><\/p>\n<p><span style=\"font-family: 'times new roman', times, serif; font-size: 14pt;\">7. 12 Programme speicherbar. Im Alltag m\u00fcssen wir m\u00f6glicherweise unterschiedliche Parameter f\u00fcr unterschiedliche Zwecke einstellen. Diese Einstellungen k\u00f6nnen als Betriebsprogramme gespeichert werden. Beim n\u00e4chsten Mal m\u00fcssen wir nur das richtige Programm ausw\u00e4hlen und loslegen. <\/span><\/p>\n<p><span style=\"font-family: 'times new roman', times, serif; font-size: 14pt;\">8. Automatische Fehlerdiagnose. Wenn ein Fehler auftritt, f\u00fchrt die Zentrifuge eine automatische Diagnose durch und zeigt den FEHLERCODE auf dem Bildschirm an. So wissen Sie, wo der Fehler liegt. <\/span><\/p>\n<p><span style=\"font-family: 'times new roman', times, serif; font-size: 14pt;\">9. Der Rotor mit 12 L\u00f6chern erreicht 18.500 Umdrehungen und trennt das Wasser in den 10,74 nm gro\u00dfen Mikroporen. Ausgestattet mit speziellen Trennstahlkugeln. Wir verwenden den besten Motor mit variabler Frequenz, der hohe Drehzahlgenauigkeit und stabilen Betrieb gew\u00e4hrleistet. F\u00fcr eine gute K\u00fchlleistung der Zentrifuge verwenden wir einen importierten, hochwertigen Kompressor. Das Stahlgeh\u00e4use macht die Zentrifuge robuster und langlebiger. <\/span><\/p>\n<p>&nbsp;<\/p>","protected":false},"excerpt":{"rendered":"<div class=\"item-meta\" data-module=\"6\">\n<div><span style=\"font-family: 'times new roman', times, serif; font-size: 14pt;\">Die Gesteinskernzentrifuge YX-1850R ist auf Gesteinskernanalyseexperimente unter verschiedenen \u00d6lreservoirbedingungen spezialisiert und wird zur Messung von Kernfeuchtigkeit, relativer Permeabilit\u00e4t, Kapillardruck, relativer S\u00e4ttigung, Hohlraumradius usw. verwendet.<\/span><\/div>\n<\/div>\n<ul>\n<li><span style=\"font-size: 14pt; font-family: 'times new roman', times, serif;\">Maximalgeschwindigkeit\u00a0 \u00a0 \u00a0 \u00a0 \u00a0 \u00a0 \u00a0 \u00a0 \u00a0 \u00a0<span class=\"item-val\">18500 U\/min<\/span><\/span><\/li>\n<li><span style=\"font-size: 14pt; font-family: 'times new roman', times, serif;\">Max. Schwerefeld\u00a0 \u00a0 \u00a0 \u00a0 \u00a0 \u00a0 \u00a0 \u00a0 \u00a0 \u00a0 \u00a0<span class=\"item-val\">42000 x g<\/span><\/span><\/li>\n<li><span style=\"font-size: 14pt; font-family: 'times new roman', times, serif;\">Maximale Kapazit\u00e4t\u00a0 \u00a0 \u00a0 \u00a0 \u00a0 \u00a0 \u00a0 \u00a0<span class=\"item-val\">4 x 1000 ml<\/span><\/span><\/li>\n<li><span style=\"font-size: 14pt; font-family: 'times new roman', times, serif;\">Zeitbereich\u00a0 \u00a0 \u00a0 \u00a0 \u00a0 \u00a0 \u00a0 \u00a0 \u00a0<span class=\"item-val\">1min bis 99h59m<\/span><\/span><\/li>\n<li><span style=\"font-family: 'times new roman', times, serif; font-size: 14pt;\">Temperatur -20-40\u2103<\/span><\/li>\n<li><span style=\"font-size: 14pt; font-family: 'times new roman', times, serif;\">Geschwindigkeitsgenauigkeit\u00a0 \u00a0 \u00a0 \u00a0 \u00a0 \u00a0 <span class=\"item-val\">\u00b110 U\/min<\/span><\/span><\/li>\n<li><span style=\"font-size: 14pt; font-family: 'times new roman', times, serif;\">L\u00e4rm\u00a0 \u00a0 \u00a0 \u00a0 \u00a0 \u00a0 \u00a0 \u00a0 \u00a0 \u00a0 \u00a0 \u00a0 \u00a0 \u00a0 <span class=\"item-val\">\u226460dB(A)<\/span><\/span><\/li>\n<li><span style=\"font-size: 14pt; font-family: 'times new roman', times, serif;\">Stromverbrauch\u00a0 \u00a0 \u00a0<span class=\"item-val\">5KW<\/span><\/span><\/li>\n<li><span style=\"font-size: 14pt; font-family: 'times new roman', times, serif;\">Dimension\u00a0 \u00a0 \u00a0 \u00a0 \u00a0 \u00a0 \u00a0 \u00a0 \u00a0 \u00a0<span class=\"item-val\">850x730x930mm<\/span><\/span><\/li>\n<li><span style=\"font-size: 14pt; font-family: 'times new roman', times, serif;\">Nettogewicht\u00a0 \u00a0 \u00a0 \u00a0 \u00a0 \u00a0 \u00a0 \u00a0 \u00a0 \u00a0<span class=\"item-val\">280 kg<\/span><\/span><\/li>\n<\/ul>\n<p>&nbsp;<\/p>","protected":false},"featured_media":22510,"comment_status":"open","ping_status":"closed","template":"","meta":{"_acf_changed":false},"product_brand":[],"product_cat":[20,80,97],"product_tag":[],"class_list":{"0":"post-22508","1":"product","2":"type-product","3":"status-publish","4":"has-post-thumbnail","6":"product_cat-all","7":"product_cat-centrifuge","8":"product_cat-special-purpose-centrifuge","10":"first","11":"instock","12":"shipping-taxable","13":"product-type-simple"},"acf":[],"_links":{"self":[{"href":"https:\/\/lexamedlab.com\/de\/wp-json\/wp\/v2\/product\/22508","targetHints":{"allow":["GET"]}}],"collection":[{"href":"https:\/\/lexamedlab.com\/de\/wp-json\/wp\/v2\/product"}],"about":[{"href":"https:\/\/lexamedlab.com\/de\/wp-json\/wp\/v2\/types\/product"}],"replies":[{"embeddable":true,"href":"https:\/\/lexamedlab.com\/de\/wp-json\/wp\/v2\/comments?post=22508"}],"version-history":[{"count":1,"href":"https:\/\/lexamedlab.com\/de\/wp-json\/wp\/v2\/product\/22508\/revisions"}],"predecessor-version":[{"id":22513,"href":"https:\/\/lexamedlab.com\/de\/wp-json\/wp\/v2\/product\/22508\/revisions\/22513"}],"wp:featuredmedia":[{"embeddable":true,"href":"https:\/\/lexamedlab.com\/de\/wp-json\/wp\/v2\/media\/22510"}],"wp:attachment":[{"href":"https:\/\/lexamedlab.com\/de\/wp-json\/wp\/v2\/media?parent=22508"}],"wp:term":[{"taxonomy":"product_brand","embeddable":true,"href":"https:\/\/lexamedlab.com\/de\/wp-json\/wp\/v2\/product_brand?post=22508"},{"taxonomy":"product_cat","embeddable":true,"href":"https:\/\/lexamedlab.com\/de\/wp-json\/wp\/v2\/product_cat?post=22508"},{"taxonomy":"product_tag","embeddable":true,"href":"https:\/\/lexamedlab.com\/de\/wp-json\/wp\/v2\/product_tag?post=22508"}],"curies":[{"name":"wp","href":"https:\/\/api.w.org\/{rel}","templated":true}]}}