{"id":22593,"date":"2025-05-24T21:49:53","date_gmt":"2025-05-24T21:49:53","guid":{"rendered":"https:\/\/lexamedlab.com\/?post_type=product&#038;p=22593"},"modified":"2025-05-27T15:11:36","modified_gmt":"2025-05-27T15:11:36","slug":"clot-activator-tube","status":"publish","type":"product","link":"https:\/\/lexamedlab.com\/de\/produkt\/clot-activator-tube\/","title":{"rendered":"Gerinnungsaktivatorr\u00f6hrchen"},"content":{"rendered":"<p><span style=\"font-size: 14pt; font-family: 'times new roman', times, serif;\">Gerinnungsaktivatorr\u00f6hrchen<\/span><\/p>\n<p><span style=\"font-size: 14pt; font-family: 'times new roman', times, serif;\">Das Gerinnungsaktivatorr\u00f6hrchen wird zur Blutentnahme in biochemischen und immunologischen Untersuchungen in medizinischen Untersuchungen eingesetzt. Es ist f\u00fcr einen breiten Temperaturbereich geeignet. Durch eine spezielle Behandlung ist die Innenfl\u00e4che des R\u00f6hrchens sehr glatt, sodass hochwertiges Gerinnungsmittel gleichm\u00e4\u00dfig verteilt wird. Die Blutprobe wird innerhalb von 5\u20138 Minuten vollst\u00e4ndig mit dem Gerinnungsmittel in Kontakt gebracht und gerinnt. Durch anschlie\u00dfende Zentrifugation wird hochwertiges Serum gewonnen, das frei von Blutrissen ist. <\/span><span style=\"font-size: 14pt; font-family: 'times new roman', times, serif;\">Blutk\u00f6rperchen, H\u00e4molyse, Trennung von Fibrinprotein usw. Daher kann das Serum die Anforderungen f\u00fcr schnelle Klinik- und Notfall-Serumtests erf\u00fcllen.<\/span><\/p>\n<p><span style=\"font-size: 14pt; font-family: 'times new roman', times, serif;\">\u2013 Zeit bis zur vollst\u00e4ndigen Gerinnselretraktion: 20\u201325 Minuten<\/span><\/p>\n<p><span style=\"font-size: 14pt; font-family: 'times new roman', times, serif;\">\u2013 Zentrifugationsgeschwindigkeit: 3500-4000 U\/min<\/span><\/p>\n<p><span style=\"font-size: 14pt; font-family: 'times new roman', times, serif;\">\u2013 Zentrifugationszeit: 5min<\/span><\/p>\n<p data-spm-anchor-id=\"a2700.details-description.0.i0.2376z8NPz8NPkd\"><span style=\"font-size: 14pt; font-family: 'times new roman', times, serif;\">\u2013 Empfohlene Lagertemperatur: 4-25\u2103<\/span><\/p>\n<table style=\"border-collapse: collapse; width: 100%; height: 237px;\">\n<tbody>\n<tr style=\"height: 45px;\">\n<td style=\"width: 14.2857%; text-align: center; height: 45px;\"><span style=\"font-family: 'times new roman', times, serif; font-size: 14pt;\"><strong>Produktnummer\u00a0<\/strong><\/span><\/td>\n<td style=\"width: 14.2857%; text-align: center; height: 45px;\"><span style=\"font-family: 'times new roman', times, serif; font-size: 14pt;\"><strong>Rohr <\/strong><strong>Spezifikation<\/strong><\/span><\/td>\n<td style=\"width: 14.2857%; text-align: center; height: 45px;\"><span style=\"font-family: 'times new roman', times, serif; font-size: 14pt;\"><strong>Nominal <\/strong><strong>Volumen<\/strong><\/span><\/td>\n<td style=\"width: 14.2857%; text-align: center; height: 45px;\"><span style=\"font-family: 'times new roman', times, serif; font-size: 14pt;\"><strong>Zusatzstoff<\/strong><\/span><\/td>\n<td style=\"width: 14.3069%; text-align: center; height: 45px;\" height=\"45\"><span style=\"font-family: 'times new roman', times, serif; font-size: 14pt;\"><strong>Glas Menge\/Karton<\/strong><\/span><\/td>\n<td style=\"width: 14.2857%; text-align: center; height: 45px;\"><span style=\"font-family: 'times new roman', times, serif; font-size: 14pt;\"><strong>PET Menge\/Kartons<\/strong><\/span><\/td>\n<td style=\"width: 14.2857%; text-align: center; height: 45px;\"><\/td>\n<\/tr>\n<tr>\n<td style=\"width: 14.2857%; text-align: center;\" height=\"19\" data-spm-anchor-id=\"a2700.details-description.0.i1.2376z8NPz8NPkd\"><span style=\"font-family: 'times new roman', times, serif;\"><strong>KJ030Z<\/strong><\/span><\/td>\n<td style=\"width: 14.2857%; text-align: center;\" height=\"19\"><span style=\"font-family: 'times new roman', times, serif;\">\u00d813\u00d775mm<\/span><\/td>\n<td style=\"width: 14.2857%; text-align: center;\" height=\"19\"><span style=\"font-family: 'times new roman', times, serif;\">3 ml<\/span><\/td>\n<td style=\"width: 14.2857%; text-align: center;\" height=\"19\"><span style=\"font-family: 'times new roman', times, serif;\">Gerinnungsaktivator<\/span><\/td>\n<td style=\"width: 14.3069%; text-align: center;\" height=\"19\"><span style=\"font-family: 'times new roman', times, serif;\">100 ST\u00dcCKE \u00d7 18<\/span><\/td>\n<td style=\"width: 14.2857%; text-align: center;\" height=\"19\"><span style=\"font-family: 'times new roman', times, serif;\">100 ST\u00dcCKE \u00d7 18<\/span><\/td>\n<td style=\"width: 14.2857%; height: 24px;\"><\/td>\n<\/tr>\n<tr>\n<td style=\"width: 14.2857%; text-align: center;\" height=\"19\"><span style=\"font-family: 'times new roman', times, serif;\"><strong>KJ040Z<\/strong><\/span><\/td>\n<td style=\"width: 14.2857%; text-align: center;\" height=\"19\"><span style=\"font-family: 'times new roman', times, serif;\">\u00d813\u00d775mm<\/span><\/td>\n<td style=\"width: 14.2857%; text-align: center;\" height=\"19\"><span style=\"font-family: 'times new roman', times, serif;\">4 ml<\/span><\/td>\n<td style=\"width: 14.2857%; text-align: center;\" height=\"19\"><span style=\"font-family: 'times new roman', times, serif;\">Gerinnungsaktivator<\/span><\/td>\n<td style=\"width: 14.3069%; text-align: center;\" height=\"19\"><span style=\"font-family: 'times new roman', times, serif;\">100 ST\u00dcCKE \u00d7 18<\/span><\/td>\n<td style=\"width: 14.2857%; text-align: center;\" height=\"19\"><span style=\"font-family: 'times new roman', times, serif;\">100 ST\u00dcCKE \u00d7 18<\/span><\/td>\n<td style=\"width: 14.2857%; height: 24px;\"><\/td>\n<\/tr>\n<tr>\n<td style=\"width: 14.2857%; text-align: center;\" height=\"19\"><span style=\"font-family: 'times new roman', times, serif;\"><strong>KJ050Z<\/strong><\/span><\/td>\n<td style=\"width: 14.2857%; text-align: center;\" height=\"19\"><span style=\"font-family: 'times new roman', times, serif;\">\u00d813\u00d775mm<\/span><\/td>\n<td style=\"width: 14.2857%; text-align: center;\" height=\"19\"><span style=\"font-family: 'times new roman', times, serif;\">5 ml<\/span><\/td>\n<td style=\"width: 14.2857%; text-align: center;\" height=\"19\"><span style=\"font-family: 'times new roman', times, serif;\">Gerinnungsaktivator<\/span><\/td>\n<td style=\"width: 14.3069%; text-align: center;\" height=\"19\"><span style=\"font-family: 'times new roman', times, serif;\">100 ST\u00dcCKE \u00d7 18<\/span><\/td>\n<td style=\"width: 14.2857%; text-align: center;\" height=\"19\"><span style=\"font-family: 'times new roman', times, serif;\">100 ST\u00dcCKE \u00d7 18<\/span><\/td>\n<td style=\"width: 14.2857%; height: 24px;\"><\/td>\n<\/tr>\n<tr>\n<td style=\"width: 14.2857%; text-align: center;\" height=\"19\"><span style=\"font-family: 'times new roman', times, serif;\"><strong>KJ0501Z<\/strong><\/span><\/td>\n<td style=\"width: 14.2857%; text-align: center;\" height=\"19\"><span style=\"font-family: 'times new roman', times, serif;\">\u00d813\u00d7100mm<\/span><\/td>\n<td style=\"width: 14.2857%; text-align: center;\" height=\"19\"><span style=\"font-family: 'times new roman', times, serif;\">5 ml<\/span><\/td>\n<td style=\"width: 14.2857%; text-align: center;\" height=\"19\"><span style=\"font-family: 'times new roman', times, serif;\">Gerinnungsaktivator<\/span><\/td>\n<td style=\"width: 14.3069%; text-align: center;\" height=\"19\"><span style=\"font-family: 'times new roman', times, serif;\">100 ST\u00dcCKE \u00d7 12<\/span><\/td>\n<td style=\"width: 14.2857%; text-align: center;\" height=\"19\"><span style=\"font-family: 'times new roman', times, serif;\">100 ST\u00dcCKE \u00d7 18<\/span><\/td>\n<td style=\"width: 14.2857%; height: 24px;\"><\/td>\n<\/tr>\n<tr>\n<td style=\"width: 14.2857%; text-align: center;\" height=\"19\"><span style=\"font-family: 'times new roman', times, serif;\"><strong>KJ0601Z<\/strong><\/span><\/td>\n<td style=\"width: 14.2857%; text-align: center;\" height=\"19\"><span style=\"font-family: 'times new roman', times, serif;\">\u00d813\u00d7100mm<\/span><\/td>\n<td style=\"width: 14.2857%; text-align: center;\" height=\"19\"><span style=\"font-family: 'times new roman', times, serif;\">6 ml<\/span><\/td>\n<td style=\"width: 14.2857%; text-align: center;\" height=\"19\"><span style=\"font-family: 'times new roman', times, serif;\">Gerinnungsaktivator<\/span><\/td>\n<td style=\"width: 14.3069%; text-align: center;\" height=\"19\"><span style=\"font-family: 'times new roman', times, serif;\">100 ST\u00dcCKE \u00d7 12<\/span><\/td>\n<td style=\"width: 14.2857%; text-align: center;\" height=\"19\"><span style=\"font-family: 'times new roman', times, serif;\">100 ST\u00dcCKE \u00d7 18<\/span><\/td>\n<td style=\"width: 14.2857%; height: 24px;\"><\/td>\n<\/tr>\n<tr>\n<td style=\"width: 14.2857%; text-align: center;\" height=\"19\"><span style=\"font-family: 'times new roman', times, serif;\"><strong>KJ0701Z<\/strong><\/span><\/td>\n<td style=\"width: 14.2857%; text-align: center;\" height=\"19\"><span style=\"font-family: 'times new roman', times, serif;\">\u00d813\u00d7100mm<\/span><\/td>\n<td style=\"width: 14.2857%; text-align: center;\" height=\"19\"><span style=\"font-family: 'times new roman', times, serif;\">7 ml<\/span><\/td>\n<td style=\"width: 14.2857%; text-align: center;\" height=\"19\"><span style=\"font-family: 'times new roman', times, serif;\">Gerinnungsaktivator<\/span><\/td>\n<td style=\"width: 14.3069%; text-align: center;\" height=\"19\"><span style=\"font-family: 'times new roman', times, serif;\">100 ST\u00dcCKE \u00d7 12<\/span><\/td>\n<td style=\"width: 14.2857%; text-align: center;\" height=\"19\"><span style=\"font-family: 'times new roman', times, serif;\">100 ST\u00dcCKE \u00d7 18<\/span><\/td>\n<td style=\"width: 14.2857%; height: 24px;\"><\/td>\n<\/tr>\n<tr>\n<td style=\"width: 14.2857%; text-align: center;\" height=\"19\"><span style=\"font-family: 'times new roman', times, serif;\"><strong>KJ0801Z<\/strong><\/span><\/td>\n<td style=\"width: 14.2857%; text-align: center;\" height=\"19\"><span style=\"font-family: 'times new roman', times, serif;\">\u00d816\u00d7100mm<\/span><\/td>\n<td style=\"width: 14.2857%; text-align: center;\" height=\"19\"><span style=\"font-family: 'times new roman', times, serif;\">8 ml<\/span><\/td>\n<td style=\"width: 14.2857%; text-align: center;\" height=\"19\"><span style=\"font-family: 'times new roman', times, serif;\">Gerinnungsaktivator<\/span><\/td>\n<td style=\"width: 14.3069%; text-align: center;\" height=\"19\"><span style=\"font-family: 'times new roman', times, serif;\">100 ST\u00dcCKE \u00d7 12<\/span><\/td>\n<td style=\"width: 14.2857%; text-align: center;\" height=\"19\"><span style=\"font-family: 'times new roman', times, serif;\">100 ST\u00dcCKE \u00d7 12<\/span><\/td>\n<td style=\"width: 14.2857%; height: 24px;\"><\/td>\n<\/tr>\n<tr>\n<td style=\"width: 14.2857%; text-align: center;\" height=\"19\"><span style=\"font-family: 'times new roman', times, serif;\"><strong>KJ0901Z<\/strong><\/span><\/td>\n<td style=\"width: 14.2857%; text-align: center;\" height=\"19\"><span style=\"font-family: 'times new roman', times, serif;\">\u00d816\u00d7100mm<\/span><\/td>\n<td style=\"width: 14.2857%; text-align: center;\" height=\"19\"><span style=\"font-family: 'times new roman', times, serif;\">9 ml<\/span><\/td>\n<td style=\"width: 14.2857%; text-align: center;\" height=\"19\"><span style=\"font-family: 'times new roman', times, serif;\">Gerinnungsaktivator<\/span><\/td>\n<td style=\"width: 14.3069%; text-align: center;\" height=\"19\"><span style=\"font-family: 'times new roman', times, serif;\">100 ST\u00dcCKE \u00d7 12<\/span><\/td>\n<td style=\"width: 14.2857%; text-align: center;\" height=\"19\"><span style=\"font-family: 'times new roman', times, serif;\">100 ST\u00dcCKE \u00d7 12<\/span><\/td>\n<td style=\"width: 14.2857%; height: 24px;\"><\/td>\n<\/tr>\n<tr>\n<td style=\"width: 14.2857%; text-align: center;\" height=\"19\"><span style=\"font-family: 'times new roman', times, serif;\"><strong>KJ1002Z<\/strong><\/span><\/td>\n<td style=\"width: 14.2857%; text-align: center;\" height=\"19\"><span style=\"font-family: 'times new roman', times, serif;\">\u00d816\u00d7100mm<\/span><\/td>\n<td style=\"width: 14.2857%; text-align: center;\" height=\"19\"><span style=\"font-family: 'times new roman', times, serif;\">10 ml<\/span><\/td>\n<td style=\"width: 14.2857%; text-align: center;\" height=\"19\"><span style=\"font-family: 'times new roman', times, serif;\">Gerinnungsaktivator<\/span><\/td>\n<td style=\"width: 14.3069%; text-align: center;\" height=\"19\"><span style=\"font-family: 'times new roman', times, serif;\">100 ST\u00dcCKE \u00d7 12<\/span><\/td>\n<td style=\"width: 14.2857%; text-align: center;\" height=\"19\"><span style=\"font-family: 'times new roman', times, serif;\">100 ST\u00dcCKE \u00d7 12<\/span><\/td>\n<td style=\"width: 14.2857%;\"><\/td>\n<\/tr>\n<\/tbody>\n<\/table>\n<p data-spm-anchor-id=\"a2700.details-description.0.i0.b229DrSXDrSXqX\">","protected":false},"excerpt":{"rendered":"<p>Gerinnungsaktivatorr\u00f6hrchen Gerinnungsaktivatorr\u00f6hrchen werden bei der Blutentnahme f\u00fcr biochemische und immunologische Zwecke in der medizinischen Untersuchung verwendet. Es<\/p>","protected":false},"featured_media":22594,"comment_status":"open","ping_status":"closed","template":"","meta":{"_acf_changed":false},"product_brand":[],"product_cat":[20,98],"product_tag":[],"class_list":{"0":"post-22593","1":"product","2":"type-product","3":"status-publish","4":"has-post-thumbnail","6":"product_cat-all","7":"product_cat-blood-collection-tube","9":"first","10":"instock","11":"shipping-taxable","12":"product-type-simple"},"acf":[],"_links":{"self":[{"href":"https:\/\/lexamedlab.com\/de\/wp-json\/wp\/v2\/product\/22593","targetHints":{"allow":["GET"]}}],"collection":[{"href":"https:\/\/lexamedlab.com\/de\/wp-json\/wp\/v2\/product"}],"about":[{"href":"https:\/\/lexamedlab.com\/de\/wp-json\/wp\/v2\/types\/product"}],"replies":[{"embeddable":true,"href":"https:\/\/lexamedlab.com\/de\/wp-json\/wp\/v2\/comments?post=22593"}],"version-history":[{"count":2,"href":"https:\/\/lexamedlab.com\/de\/wp-json\/wp\/v2\/product\/22593\/revisions"}],"predecessor-version":[{"id":22596,"href":"https:\/\/lexamedlab.com\/de\/wp-json\/wp\/v2\/product\/22593\/revisions\/22596"}],"wp:featuredmedia":[{"embeddable":true,"href":"https:\/\/lexamedlab.com\/de\/wp-json\/wp\/v2\/media\/22594"}],"wp:attachment":[{"href":"https:\/\/lexamedlab.com\/de\/wp-json\/wp\/v2\/media?parent=22593"}],"wp:term":[{"taxonomy":"product_brand","embeddable":true,"href":"https:\/\/lexamedlab.com\/de\/wp-json\/wp\/v2\/product_brand?post=22593"},{"taxonomy":"product_cat","embeddable":true,"href":"https:\/\/lexamedlab.com\/de\/wp-json\/wp\/v2\/product_cat?post=22593"},{"taxonomy":"product_tag","embeddable":true,"href":"https:\/\/lexamedlab.com\/de\/wp-json\/wp\/v2\/product_tag?post=22593"}],"curies":[{"name":"wp","href":"https:\/\/api.w.org\/{rel}","templated":true}]}}