{"id":22597,"date":"2025-05-24T21:54:38","date_gmt":"2025-05-24T21:54:38","guid":{"rendered":"https:\/\/lexamedlab.com\/?post_type=product&#038;p=22597"},"modified":"2025-05-27T15:11:36","modified_gmt":"2025-05-27T15:11:36","slug":"edta-tube","status":"publish","type":"product","link":"https:\/\/lexamedlab.com\/de\/produkt\/edta-tube\/","title":{"rendered":"EDTA-R\u00f6hrchen"},"content":{"rendered":"<p><span style=\"font-family: 'times new roman', times, serif; font-size: 14pt;\" data-spm-anchor-id=\"a2700.details-description.0.i0.2ca5CPe8CPe8Ld\">EDTA-R\u00f6hrchen<\/span><\/p>\n<p><span style=\"font-family: 'times new roman', times, serif; font-size: 14pt;\">EDTA-R\u00f6hrchen werden h\u00e4ufig in der klinischen H\u00e4matologie, bei Kreuzproben, zur Blutgruppenbestimmung sowie in verschiedenen Blutzelltestger\u00e4ten eingesetzt. Sie bieten umfassenden Schutz f\u00fcr Blutzellen, insbesondere f\u00fcr Blutpl\u00e4ttchen. Sie verhindern effektiv die Bildung von Blutpl\u00e4ttchen und sorgen daf\u00fcr, dass Form und Volumen der Blutzellen langfristig unver\u00e4ndert bleiben.<\/span><\/p>\n<p><span style=\"font-family: 'times new roman', times, serif; font-size: 14pt;\">Hervorragende Ausr\u00fcstung mit ultra-minimaler Technik kann den Zusatzstoff gleichm\u00e4\u00dfig auf die Innenfl\u00e4che des R\u00f6hrchens spr\u00fchen, sodass sich die Blutprobe vollst\u00e4ndig mit dem Zusatzstoff vermischen kann. EDTA-Antikoagulansplasma wird f\u00fcr biologische Tests auf pathogene Mikroorganismen, Parasiten und Bakterienmolek\u00fcle usw. verwendet.<\/span><\/p>\n<table style=\"border-collapse: collapse; width: 100%; height: 525px;\">\n<tbody>\n<tr style=\"height: 45px;\">\n<td style=\"width: 14.2857%; text-align: center; height: 45px;\"><span style=\"font-family: 'times new roman', times, serif; font-size: 14pt;\"><strong>Produktnummer\u00a0<\/strong><\/span><\/td>\n<td style=\"width: 14.2857%; text-align: center; height: 45px;\"><span style=\"font-family: 'times new roman', times, serif; font-size: 14pt;\"><strong>Rohr <\/strong><strong>Spezifikation<\/strong><\/span><\/td>\n<td style=\"width: 14.2857%; text-align: center; height: 45px;\"><span style=\"font-family: 'times new roman', times, serif; font-size: 14pt;\"><strong>Nominal <\/strong><strong>Volumen<\/strong><\/span><\/td>\n<td style=\"width: 14.2857%; text-align: center; height: 45px;\"><span style=\"font-family: 'times new roman', times, serif; font-size: 14pt;\"><strong>Zusatzstoff<\/strong><\/span><\/td>\n<td style=\"width: 14.3069%; text-align: center; height: 45px;\" height=\"45\"><span style=\"font-family: 'times new roman', times, serif; font-size: 14pt;\"><strong>Glas Menge\/Karton<\/strong><\/span><\/td>\n<td style=\"width: 14.2857%; text-align: center; height: 45px;\"><span style=\"font-family: 'times new roman', times, serif; font-size: 14pt;\"><strong>PET Menge\/Kartons<\/strong><\/span><\/td>\n<td style=\"width: 14.2857%; text-align: center; height: 45px;\"><\/td>\n<\/tr>\n<tr>\n<td style=\"width: 14.2857%; text-align: center;\" data-spm-anchor-id=\"a2700.details-description.0.i19.2ca5CPe8CPe8Ld\"><span style=\"font-family: 'times new roman', times, serif;\"><strong>KJ010K2E<\/strong><\/span><\/td>\n<td style=\"width: 14.2857%; text-align: center;\"><span style=\"font-family: 'times new roman', times, serif;\" data-spm-anchor-id=\"a2700.details-description.0.i1.2ca5CPe8CPe8Ld\">\u00d813\u00d775mm<\/span><\/td>\n<td style=\"width: 14.2857%; text-align: center;\"><span style=\"font-family: 'times new roman', times, serif;\">1 ml<\/span><\/td>\n<td style=\"width: 14.2857%; text-align: center;\"><span style=\"font-family: 'times new roman', times, serif;\">Koagulans\u00a0<\/span><\/td>\n<td style=\"width: 14.3069%; text-align: center;\"><span style=\"font-family: 'times new roman', times, serif;\">100 ST\u00dcCKE \u00d7 18<\/span><\/td>\n<td style=\"width: 14.2857%; text-align: center;\"><span style=\"font-family: 'times new roman', times, serif;\">100 ST\u00dcCKE \u00d7 18<\/span><\/td>\n<td style=\"width: 14.2857%; height: 24px;\"><\/td>\n<\/tr>\n<tr>\n<td style=\"width: 14.2857%; text-align: center;\"><span style=\"font-family: 'times new roman', times, serif;\"><strong>KJ020K2E<\/strong><\/span><\/td>\n<td style=\"width: 14.2857%; text-align: center;\"><span style=\"font-family: 'times new roman', times, serif;\" data-spm-anchor-id=\"a2700.details-description.0.i2.2ca5CPe8CPe8Ld\">\u00d813\u00d775mm<\/span><\/td>\n<td style=\"width: 14.2857%; text-align: center;\"><span style=\"font-family: 'times new roman', times, serif;\">2 ml<\/span><\/td>\n<td style=\"width: 14.2857%; text-align: center;\"><span style=\"font-family: 'times new roman', times, serif;\">Koagulans\u00a0<\/span><\/td>\n<td style=\"width: 14.3069%; text-align: center;\"><span style=\"font-family: 'times new roman', times, serif;\">100 ST\u00dcCKE \u00d7 18<\/span><\/td>\n<td style=\"width: 14.2857%; text-align: center;\"><span style=\"font-family: 'times new roman', times, serif;\">100 ST\u00dcCKE \u00d7 18<\/span><\/td>\n<td style=\"width: 14.2857%; height: 24px;\"><\/td>\n<\/tr>\n<tr>\n<td style=\"width: 14.2857%; text-align: center;\"><span style=\"font-family: 'times new roman', times, serif;\"><strong>KJ030K2E<\/strong><\/span><\/td>\n<td style=\"width: 14.2857%; text-align: center;\"><span style=\"font-family: 'times new roman', times, serif;\" data-spm-anchor-id=\"a2700.details-description.0.i3.2ca5CPe8CPe8Ld\">\u00d813\u00d775mm<\/span><\/td>\n<td style=\"width: 14.2857%; text-align: center;\"><span style=\"font-family: 'times new roman', times, serif;\">3 ml<\/span><\/td>\n<td style=\"width: 14.2857%; text-align: center;\"><span style=\"font-family: 'times new roman', times, serif;\">Koagulans\u00a0<\/span><\/td>\n<td style=\"width: 14.3069%; text-align: center;\"><span style=\"font-family: 'times new roman', times, serif;\">100 ST\u00dcCKE \u00d7 18<\/span><\/td>\n<td style=\"width: 14.2857%; text-align: center;\"><span style=\"font-family: 'times new roman', times, serif;\">100 ST\u00dcCKE \u00d7 18<\/span><\/td>\n<td style=\"width: 14.2857%; height: 24px;\"><\/td>\n<\/tr>\n<tr>\n<td style=\"width: 14.2857%; text-align: center;\"><span style=\"font-family: 'times new roman', times, serif;\"><strong>KJ040K2E<\/strong><\/span><\/td>\n<td style=\"width: 14.2857%; text-align: center;\"><span style=\"font-family: 'times new roman', times, serif;\" data-spm-anchor-id=\"a2700.details-description.0.i4.2ca5CPe8CPe8Ld\">\u00d813\u00d775mm<\/span><\/td>\n<td style=\"width: 14.2857%; text-align: center;\"><span style=\"font-family: 'times new roman', times, serif;\">4 ml<\/span><\/td>\n<td style=\"width: 14.2857%; text-align: center;\"><span style=\"font-family: 'times new roman', times, serif;\">Koagulans\u00a0<\/span><\/td>\n<td style=\"width: 14.3069%; text-align: center;\"><span style=\"font-family: 'times new roman', times, serif;\">100 ST\u00dcCKE \u00d7 18<\/span><\/td>\n<td style=\"width: 14.2857%; text-align: center;\"><span style=\"font-family: 'times new roman', times, serif;\">100 ST\u00dcCKE \u00d7 18<\/span><\/td>\n<td style=\"width: 14.2857%; height: 24px;\"><\/td>\n<\/tr>\n<tr>\n<td style=\"width: 14.2857%; text-align: center;\"><span style=\"font-family: 'times new roman', times, serif;\"><strong>KJ050K2E<\/strong><\/span><\/td>\n<td style=\"width: 14.2857%; text-align: center;\" data-spm-anchor-id=\"a2700.details-description.0.i5.2ca5CPe8CPe8Ld\"><span style=\"font-family: 'times new roman', times, serif;\">\u00d813\u00d775mm<\/span><\/td>\n<td style=\"width: 14.2857%; text-align: center;\"><span style=\"font-family: 'times new roman', times, serif;\">5 ml<\/span><\/td>\n<td style=\"width: 14.2857%; text-align: center;\"><span style=\"font-family: 'times new roman', times, serif;\">Koagulans\u00a0<\/span><\/td>\n<td style=\"width: 14.3069%; text-align: center;\"><span style=\"font-family: 'times new roman', times, serif;\">100 ST\u00dcCKE \u00d7 18<\/span><\/td>\n<td style=\"width: 14.2857%; text-align: center;\"><span style=\"font-family: 'times new roman', times, serif;\">100 ST\u00dcCKE \u00d7 18<\/span><\/td>\n<td style=\"width: 14.2857%; height: 24px;\"><\/td>\n<\/tr>\n<tr>\n<td style=\"width: 14.2857%; text-align: center;\"><span style=\"font-family: 'times new roman', times, serif;\"><strong>KJ0501K2E<\/strong><\/span><\/td>\n<td style=\"width: 14.2857%; text-align: center;\" data-spm-anchor-id=\"a2700.details-description.0.i6.2ca5CPe8CPe8Ld\"><span style=\"font-family: 'times new roman', times, serif;\">\u00d813\u00d7100mm<\/span><\/td>\n<td style=\"width: 14.2857%; text-align: center;\"><span style=\"font-family: 'times new roman', times, serif;\">5 ml<\/span><\/td>\n<td style=\"width: 14.2857%; text-align: center;\"><span style=\"font-family: 'times new roman', times, serif;\">Koagulans\u00a0<\/span><\/td>\n<td style=\"width: 14.3069%; text-align: center;\"><span style=\"font-family: 'times new roman', times, serif;\">100 ST\u00dcCKE \u00d7 12<\/span><\/td>\n<td style=\"width: 14.2857%; text-align: center;\"><span style=\"font-family: 'times new roman', times, serif;\">100 ST\u00dcCKE \u00d7 18<\/span><\/td>\n<td style=\"width: 14.2857%; height: 24px;\"><\/td>\n<\/tr>\n<tr>\n<td style=\"width: 14.2857%; text-align: center;\"><span style=\"font-family: 'times new roman', times, serif;\"><strong>KJ0601K2E<\/strong><\/span><\/td>\n<td style=\"width: 14.2857%; text-align: center;\" data-spm-anchor-id=\"a2700.details-description.0.i7.2ca5CPe8CPe8Ld\"><span style=\"font-family: 'times new roman', times, serif;\">\u00d813\u00d7100mm<\/span><\/td>\n<td style=\"width: 14.2857%; text-align: center;\"><span style=\"font-family: 'times new roman', times, serif;\">6 ml<\/span><\/td>\n<td style=\"width: 14.2857%; text-align: center;\"><span style=\"font-family: 'times new roman', times, serif;\">Koagulans\u00a0<\/span><\/td>\n<td style=\"width: 14.3069%; text-align: center;\"><span style=\"font-family: 'times new roman', times, serif;\">100 ST\u00dcCKE \u00d7 12<\/span><\/td>\n<td style=\"width: 14.2857%; text-align: center;\"><span style=\"font-family: 'times new roman', times, serif;\">100 ST\u00dcCKE \u00d7 18<\/span><\/td>\n<td style=\"width: 14.2857%; height: 24px;\"><\/td>\n<\/tr>\n<tr>\n<td style=\"width: 14.2857%; text-align: center;\"><span style=\"font-family: 'times new roman', times, serif;\"><strong>KJ0701K2E<\/strong><\/span><\/td>\n<td style=\"width: 14.2857%; text-align: center;\" data-spm-anchor-id=\"a2700.details-description.0.i8.2ca5CPe8CPe8Ld\"><span style=\"font-family: 'times new roman', times, serif;\">\u00d813\u00d7100mm<\/span><\/td>\n<td style=\"width: 14.2857%; text-align: center;\"><span style=\"font-family: 'times new roman', times, serif;\">7 ml<\/span><\/td>\n<td style=\"width: 14.2857%; text-align: center;\"><span style=\"font-family: 'times new roman', times, serif;\">Koagulans\u00a0<\/span><\/td>\n<td style=\"width: 14.3069%; text-align: center;\"><span style=\"font-family: 'times new roman', times, serif;\">100 ST\u00dcCKE \u00d7 12<\/span><\/td>\n<td style=\"width: 14.2857%; text-align: center;\"><span style=\"font-family: 'times new roman', times, serif;\">100 ST\u00dcCKE \u00d7 18<\/span><\/td>\n<td style=\"width: 14.2857%; height: 24px;\"><\/td>\n<\/tr>\n<tr>\n<td style=\"width: 14.2857%; text-align: center;\"><span style=\"font-family: 'times new roman', times, serif;\"><strong>KJ1002K2E<\/strong><\/span><\/td>\n<td style=\"width: 14.2857%; text-align: center;\" data-spm-anchor-id=\"a2700.details-description.0.i9.2ca5CPe8CPe8Ld\"><span style=\"font-family: 'times new roman', times, serif;\">\u00d816\u00d7100mm<\/span><\/td>\n<td style=\"width: 14.2857%; text-align: center;\"><span style=\"font-family: 'times new roman', times, serif;\">10 ml<\/span><\/td>\n<td style=\"width: 14.2857%; text-align: center;\"><span style=\"font-family: 'times new roman', times, serif;\">Koagulans\u00a0<\/span><\/td>\n<td style=\"width: 14.3069%; text-align: center;\"><span style=\"font-family: 'times new roman', times, serif;\">100 ST\u00dcCKE \u00d7 12<\/span><\/td>\n<td style=\"width: 14.2857%; text-align: center;\"><span style=\"font-family: 'times new roman', times, serif;\">100 ST\u00dcCKE \u00d7 12<\/span><\/td>\n<td style=\"width: 14.2857%; height: 24px;\"><\/td>\n<\/tr>\n<tr>\n<td style=\"width: 14.2857%; text-align: center;\"><span style=\"font-family: 'times new roman', times, serif;\"><strong>KJ010K3E<\/strong><\/span><\/td>\n<td style=\"width: 14.2857%; text-align: center;\" data-spm-anchor-id=\"a2700.details-description.0.i10.2ca5CPe8CPe8Ld\"><span style=\"font-family: 'times new roman', times, serif;\">\u00d813\u00d775mm<\/span><\/td>\n<td style=\"width: 14.2857%; text-align: center;\"><span style=\"font-family: 'times new roman', times, serif;\">1 ml<\/span><\/td>\n<td style=\"width: 14.2857%; text-align: center;\"><span style=\"font-family: 'times new roman', times, serif;\">Koagulans\u00a0<\/span><\/td>\n<td style=\"width: 14.3069%; text-align: center;\"><span style=\"font-family: 'times new roman', times, serif;\">100 ST\u00dcCKE \u00d7 18<\/span><\/td>\n<td style=\"width: 14.2857%; text-align: center;\"><span style=\"font-family: 'times new roman', times, serif;\">100 ST\u00dcCKE \u00d7 18<\/span><\/td>\n<td style=\"width: 14.2857%; height: 24px;\"><\/td>\n<\/tr>\n<tr>\n<td style=\"width: 14.2857%; text-align: center;\"><span style=\"font-family: 'times new roman', times, serif;\"><strong>KJ020K3E<\/strong><\/span><\/td>\n<td style=\"width: 14.2857%; text-align: center;\" data-spm-anchor-id=\"a2700.details-description.0.i11.2ca5CPe8CPe8Ld\"><span style=\"font-family: 'times new roman', times, serif;\">\u00d813\u00d775mm<\/span><\/td>\n<td style=\"width: 14.2857%; text-align: center;\"><span style=\"font-family: 'times new roman', times, serif;\">2 ml<\/span><\/td>\n<td style=\"width: 14.2857%; text-align: center;\"><span style=\"font-family: 'times new roman', times, serif;\">Koagulans\u00a0<\/span><\/td>\n<td style=\"width: 14.3069%; text-align: center;\"><span style=\"font-family: 'times new roman', times, serif;\">100 ST\u00dcCKE \u00d7 18<\/span><\/td>\n<td style=\"width: 14.2857%; text-align: center;\"><span style=\"font-family: 'times new roman', times, serif;\">100 ST\u00dcCKE \u00d7 18<\/span><\/td>\n<td style=\"width: 14.2857%; height: 24px;\"><\/td>\n<\/tr>\n<tr>\n<td style=\"width: 14.2857%; text-align: center;\"><span style=\"font-family: 'times new roman', times, serif;\"><strong>KJ030K3E<\/strong><\/span><\/td>\n<td style=\"width: 14.2857%; text-align: center;\" data-spm-anchor-id=\"a2700.details-description.0.i12.2ca5CPe8CPe8Ld\"><span style=\"font-family: 'times new roman', times, serif;\">\u00d813\u00d775mm<\/span><\/td>\n<td style=\"width: 14.2857%; text-align: center;\"><span style=\"font-family: 'times new roman', times, serif;\">3 ml<\/span><\/td>\n<td style=\"width: 14.2857%; text-align: center;\"><span style=\"font-family: 'times new roman', times, serif;\">Koagulans\u00a0<\/span><\/td>\n<td style=\"width: 14.3069%; text-align: center;\"><span style=\"font-family: 'times new roman', times, serif;\">100 ST\u00dcCKE \u00d7 18<\/span><\/td>\n<td style=\"width: 14.2857%; text-align: center;\"><span style=\"font-family: 'times new roman', times, serif;\">100 ST\u00dcCKE \u00d7 18<\/span><\/td>\n<td style=\"width: 14.2857%; height: 24px;\"><\/td>\n<\/tr>\n<tr>\n<td style=\"width: 14.2857%; text-align: center;\"><span style=\"font-family: 'times new roman', times, serif;\"><strong>KJ040K3E<\/strong><\/span><\/td>\n<td style=\"width: 14.2857%; text-align: center;\" data-spm-anchor-id=\"a2700.details-description.0.i13.2ca5CPe8CPe8Ld\"><span style=\"font-family: 'times new roman', times, serif;\">\u00d813\u00d775mm<\/span><\/td>\n<td style=\"width: 14.2857%; text-align: center;\"><span style=\"font-family: 'times new roman', times, serif;\">4 ml<\/span><\/td>\n<td style=\"width: 14.2857%; text-align: center;\"><span style=\"font-family: 'times new roman', times, serif;\">Koagulans\u00a0<\/span><\/td>\n<td style=\"width: 14.3069%; text-align: center;\"><span style=\"font-family: 'times new roman', times, serif;\">100 ST\u00dcCKE \u00d7 18<\/span><\/td>\n<td style=\"width: 14.2857%; text-align: center;\"><span style=\"font-family: 'times new roman', times, serif;\">100 ST\u00dcCKE \u00d7 18<\/span><\/td>\n<td style=\"width: 14.2857%; height: 24px;\"><\/td>\n<\/tr>\n<tr>\n<td style=\"width: 14.2857%; text-align: center;\"><span style=\"font-family: 'times new roman', times, serif;\"><strong>KJ050K3E<\/strong><\/span><\/td>\n<td style=\"width: 14.2857%; text-align: center;\" data-spm-anchor-id=\"a2700.details-description.0.i14.2ca5CPe8CPe8Ld\"><span style=\"font-family: 'times new roman', times, serif;\">\u00d813\u00d775mm<\/span><\/td>\n<td style=\"width: 14.2857%; text-align: center;\"><span style=\"font-family: 'times new roman', times, serif;\">5 ml<\/span><\/td>\n<td style=\"width: 14.2857%; text-align: center;\"><span style=\"font-family: 'times new roman', times, serif;\">Koagulans\u00a0<\/span><\/td>\n<td style=\"width: 14.3069%; text-align: center;\"><span style=\"font-family: 'times new roman', times, serif;\">100 ST\u00dcCKE \u00d7 18<\/span><\/td>\n<td style=\"width: 14.2857%; text-align: center;\"><span style=\"font-family: 'times new roman', times, serif;\">100 ST\u00dcCKE \u00d7 18<\/span><\/td>\n<td style=\"width: 14.2857%; height: 24px;\"><\/td>\n<\/tr>\n<tr>\n<td style=\"width: 14.2857%; text-align: center;\"><span style=\"font-family: 'times new roman', times, serif;\"><strong>KJ0501K3E<\/strong><\/span><\/td>\n<td style=\"width: 14.2857%; text-align: center;\" data-spm-anchor-id=\"a2700.details-description.0.i15.2ca5CPe8CPe8Ld\"><span style=\"font-family: 'times new roman', times, serif;\">\u00d813\u00d7100mm<\/span><\/td>\n<td style=\"width: 14.2857%; text-align: center;\"><span style=\"font-family: 'times new roman', times, serif;\">5 ml<\/span><\/td>\n<td style=\"width: 14.2857%; text-align: center;\"><span style=\"font-family: 'times new roman', times, serif;\">Koagulans\u00a0<\/span><\/td>\n<td style=\"width: 14.3069%; text-align: center;\"><span style=\"font-family: 'times new roman', times, serif;\">100 ST\u00dcCKE \u00d7 12<\/span><\/td>\n<td style=\"width: 14.2857%; text-align: center;\"><span style=\"font-family: 'times new roman', times, serif;\">100 ST\u00dcCKE \u00d7 18<\/span><\/td>\n<td style=\"width: 14.2857%; height: 24px;\"><\/td>\n<\/tr>\n<tr>\n<td style=\"width: 14.2857%; text-align: center;\"><span style=\"font-family: 'times new roman', times, serif;\"><strong>KJ0601K3E<\/strong><\/span><\/td>\n<td style=\"width: 14.2857%; text-align: center;\" data-spm-anchor-id=\"a2700.details-description.0.i16.2ca5CPe8CPe8Ld\"><span style=\"font-family: 'times new roman', times, serif;\">\u00d813\u00d7100mm<\/span><\/td>\n<td style=\"width: 14.2857%; text-align: center;\"><span style=\"font-family: 'times new roman', times, serif;\">6 ml<\/span><\/td>\n<td style=\"width: 14.2857%; text-align: center;\"><span style=\"font-family: 'times new roman', times, serif;\">Koagulans\u00a0<\/span><\/td>\n<td style=\"width: 14.3069%; text-align: center;\"><span style=\"font-family: 'times new roman', times, serif;\">100 ST\u00dcCKE \u00d7 12<\/span><\/td>\n<td style=\"width: 14.2857%; text-align: center;\"><span style=\"font-family: 'times new roman', times, serif;\">100 ST\u00dcCKE \u00d7 18<\/span><\/td>\n<td style=\"width: 14.2857%; height: 24px;\"><\/td>\n<\/tr>\n<tr>\n<td style=\"width: 14.2857%; text-align: center;\"><span style=\"font-family: 'times new roman', times, serif;\"><strong>KJ0701K3E<\/strong><\/span><\/td>\n<td style=\"width: 14.2857%; text-align: center;\" data-spm-anchor-id=\"a2700.details-description.0.i17.2ca5CPe8CPe8Ld\"><span style=\"font-family: 'times new roman', times, serif;\">\u00d813\u00d7100mm<\/span><\/td>\n<td style=\"width: 14.2857%; text-align: center;\"><span style=\"font-family: 'times new roman', times, serif;\">7 ml<\/span><\/td>\n<td style=\"width: 14.2857%; text-align: center;\"><span style=\"font-family: 'times new roman', times, serif;\">Koagulans\u00a0<\/span><\/td>\n<td style=\"width: 14.3069%; text-align: center;\"><span style=\"font-family: 'times new roman', times, serif;\">100 ST\u00dcCKE \u00d7 12<\/span><\/td>\n<td style=\"width: 14.2857%; text-align: center;\"><span style=\"font-family: 'times new roman', times, serif;\">100 ST\u00dcCKE \u00d7 18<\/span><\/td>\n<td style=\"width: 14.2857%; height: 24px;\"><\/td>\n<\/tr>\n<tr>\n<td style=\"width: 14.2857%; text-align: center;\"><span style=\"font-family: 'times new roman', times, serif;\"><strong>KJ1002K3E<\/strong><\/span><\/td>\n<td style=\"width: 14.2857%; text-align: center;\"><span style=\"font-family: 'times new roman', times, serif;\" data-spm-anchor-id=\"a2700.details-description.0.i18.2ca5CPe8CPe8Ld\">\u00d816\u00d7100mm<\/span><\/td>\n<td style=\"width: 14.2857%; text-align: center;\"><span style=\"font-family: 'times new roman', times, serif;\">10 ml<\/span><\/td>\n<td style=\"width: 14.2857%; text-align: center;\"><span style=\"font-family: 'times new roman', times, serif;\">Koagulans\u00a0<\/span><\/td>\n<td style=\"width: 14.3069%; text-align: center;\"><span style=\"font-family: 'times new roman', times, serif;\">100 ST\u00dcCKE \u00d7 12<\/span><\/td>\n<td style=\"width: 14.2857%; text-align: center;\"><span style=\"font-family: 'times new roman', times, serif;\">100 ST\u00dcCKE \u00d7 12<\/span><\/td>\n<td style=\"width: 14.2857%; height: 24px;\"><\/td>\n<\/tr>\n<tr>\n<td style=\"width: 14.2857%; text-align: center;\"><span style=\"font-family: 'times new roman', times, serif;\"><strong>KJ020N2E<\/strong><\/span><\/td>\n<td style=\"width: 14.2857%; text-align: center;\"><span style=\"font-family: 'times new roman', times, serif;\">\u00d813\u00d775mm<\/span><\/td>\n<td style=\"width: 14.2857%; text-align: center;\"><span style=\"font-family: 'times new roman', times, serif;\">2 ml<\/span><\/td>\n<td style=\"width: 14.2857%; text-align: center;\"><span style=\"font-family: 'times new roman', times, serif;\">Koagulans\u00a0<\/span><\/td>\n<td style=\"width: 14.3069%; text-align: center;\"><span style=\"font-family: 'times new roman', times, serif;\">100 ST\u00dcCKE \u00d7 18<\/span><\/td>\n<td style=\"width: 14.2857%; text-align: center;\"><span style=\"font-family: 'times new roman', times, serif;\">100 ST\u00dcCKE \u00d7 18<\/span><\/td>\n<td style=\"width: 14.2857%; height: 24px;\"><\/td>\n<\/tr>\n<tr>\n<td style=\"width: 14.2857%; text-align: center;\"><span style=\"font-family: 'times new roman', times, serif;\"><strong>KJ0501N2E<\/strong><\/span><\/td>\n<td style=\"width: 14.2857%; text-align: center;\"><span style=\"font-family: 'times new roman', times, serif;\">\u00d813\u00d7100mm<\/span><\/td>\n<td style=\"width: 14.2857%; text-align: center;\"><span style=\"font-family: 'times new roman', times, serif;\">5 ml<\/span><\/td>\n<td style=\"width: 14.2857%; text-align: center;\"><span style=\"font-family: 'times new roman', times, serif;\">Koagulans\u00a0<\/span><\/td>\n<td style=\"width: 14.3069%; text-align: center;\"><span style=\"font-family: 'times new roman', times, serif;\">100 ST\u00dcCKE \u00d7 12<\/span><\/td>\n<td style=\"width: 14.2857%; text-align: center;\"><span style=\"font-family: 'times new roman', times, serif;\">100 ST\u00dcCKE \u00d7 18<\/span><\/td>\n<td style=\"width: 14.2857%; height: 24px;\"><\/td>\n<\/tr>\n<\/tbody>\n<\/table>\n<p data-spm-anchor-id=\"a2700.details-description.0.i0.b229DrSXDrSXqX\">","protected":false},"excerpt":{"rendered":"<p>EDTA-R\u00f6hrchen EDTA-R\u00f6hrchen werden h\u00e4ufig in der klinischen H\u00e4matologie, bei Kreuzproben, bei der Blutgruppenbestimmung sowie bei verschiedenen Arten von<\/p>","protected":false},"featured_media":22618,"comment_status":"open","ping_status":"closed","template":"","meta":{"_acf_changed":false},"product_brand":[],"product_cat":[20,98],"product_tag":[],"class_list":{"0":"post-22597","1":"product","2":"type-product","3":"status-publish","4":"has-post-thumbnail","6":"product_cat-all","7":"product_cat-blood-collection-tube","9":"first","10":"instock","11":"shipping-taxable","12":"product-type-simple"},"acf":[],"_links":{"self":[{"href":"https:\/\/lexamedlab.com\/de\/wp-json\/wp\/v2\/product\/22597","targetHints":{"allow":["GET"]}}],"collection":[{"href":"https:\/\/lexamedlab.com\/de\/wp-json\/wp\/v2\/product"}],"about":[{"href":"https:\/\/lexamedlab.com\/de\/wp-json\/wp\/v2\/types\/product"}],"replies":[{"embeddable":true,"href":"https:\/\/lexamedlab.com\/de\/wp-json\/wp\/v2\/comments?post=22597"}],"version-history":[{"count":1,"href":"https:\/\/lexamedlab.com\/de\/wp-json\/wp\/v2\/product\/22597\/revisions"}],"predecessor-version":[{"id":22598,"href":"https:\/\/lexamedlab.com\/de\/wp-json\/wp\/v2\/product\/22597\/revisions\/22598"}],"wp:featuredmedia":[{"embeddable":true,"href":"https:\/\/lexamedlab.com\/de\/wp-json\/wp\/v2\/media\/22618"}],"wp:attachment":[{"href":"https:\/\/lexamedlab.com\/de\/wp-json\/wp\/v2\/media?parent=22597"}],"wp:term":[{"taxonomy":"product_brand","embeddable":true,"href":"https:\/\/lexamedlab.com\/de\/wp-json\/wp\/v2\/product_brand?post=22597"},{"taxonomy":"product_cat","embeddable":true,"href":"https:\/\/lexamedlab.com\/de\/wp-json\/wp\/v2\/product_cat?post=22597"},{"taxonomy":"product_tag","embeddable":true,"href":"https:\/\/lexamedlab.com\/de\/wp-json\/wp\/v2\/product_tag?post=22597"}],"curies":[{"name":"wp","href":"https:\/\/api.w.org\/{rel}","templated":true}]}}