{"id":22605,"date":"2025-05-24T22:07:36","date_gmt":"2025-05-24T22:07:36","guid":{"rendered":"https:\/\/lexamedlab.com\/?post_type=product&#038;p=22605"},"modified":"2025-05-27T15:11:36","modified_gmt":"2025-05-27T15:11:36","slug":"sodium-citrate-tube","status":"publish","type":"product","link":"https:\/\/lexamedlab.com\/de\/produkt\/sodium-citrate-tube\/","title":{"rendered":"Natriumcitrat-R\u00f6hrchen"},"content":{"rendered":"<p><span style=\"font-family: 'times new roman', times, serif; font-size: 14pt;\">PT-Rohr<\/span><\/p>\n<p><span style=\"font-family: 'times new roman', times, serif; font-size: 14pt;\" data-spm-anchor-id=\"a2700.details-description.0.i1.1b38cgtQcgtQQs\">Das PT-R\u00f6hrchen wird f\u00fcr Blutgerinnungstests verwendet und ist auf das fibrinolytische System (PT, TT, APTT und Fibrinogen usw.) anwendbar. Das Mischungsverh\u00e4ltnis betr\u00e4gt 1 Teil Citrat zu 9 Teilen Blut.<\/span><\/p>\n<p><span style=\"font-family: 'times new roman', times, serif; font-size: 14pt;\">Ein genaues Verh\u00e4ltnis kann die Wirksamkeit des Testergebnisses gew\u00e4hrleisten und Fehldiagnosen vermeiden. Da Natriumcitrat eine sehr geringe Toxizit\u00e4t aufweist, wird es auch zur Blutlagerung verwendet.<\/span><\/p>\n<p data-spm-anchor-id=\"a2700.details-description.0.i0.1b38cgtQcgtQQs\">\n<span style=\"font-family: 'times new roman', times, serif; font-size: 14pt;\">Nehmen Sie ausreichend Blut ab, um ein genaues Testergebnis zu gew\u00e4hrleisten. Das PT-R\u00f6hrchen mit Doppelstock weist einen geringen Totraum auf und kann zur \u00dcberwachung des VWF-Tests, der Thrombozytenfunktionen und der Heparintherapie verwendet werden.<\/span><\/p>\n<table style=\"border-collapse: collapse; width: 100%; height: 346px;\">\n<tbody>\n<tr style=\"height: 45px;\">\n<td style=\"width: 14.2857%; text-align: center; height: 45px;\"><span style=\"font-family: 'times new roman', times, serif; font-size: 14pt;\"><strong>Produktnummer\u00a0<\/strong><\/span><\/td>\n<td style=\"width: 14.2857%; text-align: center; height: 45px;\"><span style=\"font-family: 'times new roman', times, serif; font-size: 14pt;\"><strong>Rohr <\/strong><strong>Spezifikation<\/strong><\/span><\/td>\n<td style=\"width: 14.2857%; text-align: center; height: 45px;\"><span style=\"font-family: 'times new roman', times, serif; font-size: 14pt;\"><strong>Nominal <\/strong><strong>Volumen<\/strong><\/span><\/td>\n<td style=\"width: 14.2857%; text-align: center; height: 45px;\"><span style=\"font-family: 'times new roman', times, serif; font-size: 14pt;\"><strong>Zusatzstoff<\/strong><\/span><\/td>\n<td style=\"width: 14.3069%; text-align: center; height: 45px;\" height=\"45\"><span style=\"font-family: 'times new roman', times, serif; font-size: 14pt;\"><strong>Glas Menge\/Karton<\/strong><\/span><\/td>\n<td style=\"width: 14.2857%; text-align: center; height: 45px;\"><span style=\"font-family: 'times new roman', times, serif; font-size: 14pt;\"><strong>PET Menge\/Kartons<\/strong><\/span><\/td>\n<td style=\"width: 14.2857%; text-align: center; height: 45px;\"><\/td>\n<\/tr>\n<tr style=\"height: 43px;\">\n<td style=\"width: 14.2857%; text-align: center; height: 43px;\"><span style=\"font-family: 'times new roman', times, serif;\"><strong data-spm-anchor-id=\"a2700.details-description.0.i2.1b38cgtQcgtQQs\">KJ018NC<\/strong><\/span><\/td>\n<td style=\"width: 14.2857%; text-align: center; height: 43px;\"><span style=\"font-family: 'times new roman', times, serif;\">\u00d813\u00d775mm<\/span><\/td>\n<td style=\"width: 14.2857%; text-align: center; height: 43px;\"><span style=\"font-family: 'times new roman', times, serif;\">2 ml<\/span><\/td>\n<td style=\"width: 14.2857%; text-align: center; height: 43px;\"><span style=\"font-family: 'times new roman', times, serif;\">3.2% Natriumcitrat<\/span><\/td>\n<td style=\"width: 14.3069%; text-align: center; height: 43px;\"><span style=\"font-family: 'times new roman', times, serif;\">100 ST\u00dcCKE \u00d7 18<\/span><\/td>\n<td style=\"width: 14.2857%; text-align: center; height: 43px;\"><span style=\"font-family: 'times new roman', times, serif;\">100 ST\u00dcCKE \u00d7 18<\/span><\/td>\n<td style=\"width: 14.2857%; height: 43px;\"><\/td>\n<\/tr>\n<tr style=\"height: 43px;\">\n<td style=\"width: 14.2857%; text-align: center; height: 43px;\"><span style=\"font-family: 'times new roman', times, serif;\"><strong>KJ027NC<\/strong><\/span><\/td>\n<td style=\"width: 14.2857%; text-align: center; height: 43px;\"><span style=\"font-family: 'times new roman', times, serif;\">\u00d813\u00d775mm<\/span><\/td>\n<td style=\"width: 14.2857%; text-align: center; height: 43px;\"><span style=\"font-family: 'times new roman', times, serif;\">3 ml<\/span><\/td>\n<td style=\"width: 14.2857%; text-align: center; height: 43px;\"><span style=\"font-family: 'times new roman', times, serif;\">3.2% Natriumcitrat<\/span><\/td>\n<td style=\"width: 14.3069%; text-align: center; height: 43px;\"><span style=\"font-family: 'times new roman', times, serif;\">100 ST\u00dcCKE \u00d7 18<\/span><\/td>\n<td style=\"width: 14.2857%; text-align: center; height: 43px;\"><span style=\"font-family: 'times new roman', times, serif;\">100 ST\u00dcCKE \u00d7 18<\/span><\/td>\n<td style=\"width: 14.2857%; height: 43px;\"><\/td>\n<\/tr>\n<tr style=\"height: 43px;\">\n<td style=\"width: 14.2857%; text-align: center; height: 43px;\"><span style=\"font-family: 'times new roman', times, serif;\"><strong>KJ036NC<\/strong><\/span><\/td>\n<td style=\"width: 14.2857%; text-align: center; height: 43px;\"><span style=\"font-family: 'times new roman', times, serif;\">\u00d813\u00d775mm<\/span><\/td>\n<td style=\"width: 14.2857%; text-align: center; height: 43px;\"><span style=\"font-family: 'times new roman', times, serif;\">4 ml<\/span><\/td>\n<td style=\"width: 14.2857%; text-align: center; height: 43px;\"><span style=\"font-family: 'times new roman', times, serif;\">3.2% Natriumcitrat<\/span><\/td>\n<td style=\"width: 14.3069%; text-align: center; height: 43px;\"><span style=\"font-family: 'times new roman', times, serif;\">100 ST\u00dcCKE \u00d7 18<\/span><\/td>\n<td style=\"width: 14.2857%; text-align: center; height: 43px;\"><span style=\"font-family: 'times new roman', times, serif;\">100 ST\u00dcCKE \u00d7 18<\/span><\/td>\n<td style=\"width: 14.2857%; height: 43px;\"><\/td>\n<\/tr>\n<tr style=\"height: 43px;\">\n<td style=\"width: 14.2857%; text-align: center; height: 43px;\"><span style=\"font-family: 'times new roman', times, serif;\"><strong>KJ045NC<\/strong><\/span><\/td>\n<td style=\"width: 14.2857%; text-align: center; height: 43px;\"><span style=\"font-family: 'times new roman', times, serif;\">\u00d813\u00d775mm<\/span><\/td>\n<td style=\"width: 14.2857%; text-align: center; height: 43px;\"><span style=\"font-family: 'times new roman', times, serif;\">5 ml<\/span><\/td>\n<td style=\"width: 14.2857%; text-align: center; height: 43px;\"><span style=\"font-family: 'times new roman', times, serif;\">3.2% Natriumcitrat<\/span><\/td>\n<td style=\"width: 14.3069%; text-align: center; height: 43px;\"><span style=\"font-family: 'times new roman', times, serif;\">100 ST\u00dcCKE \u00d7 18<\/span><\/td>\n<td style=\"width: 14.2857%; text-align: center; height: 43px;\"><span style=\"font-family: 'times new roman', times, serif;\">100 ST\u00dcCKE \u00d7 18<\/span><\/td>\n<td style=\"width: 14.2857%; height: 43px;\"><\/td>\n<\/tr>\n<tr style=\"height: 68px;\">\n<td style=\"width: 14.2857%; text-align: center; height: 68px;\"><span style=\"font-family: 'times new roman', times, serif;\"><strong>KJ018NCD<\/strong><\/span><\/td>\n<td style=\"width: 14.2857%; text-align: center; height: 68px;\"><span style=\"font-family: 'times new roman', times, serif;\">\u00d813\u00d775mm<\/span><\/p>\n<p><span style=\"font-family: 'times new roman', times, serif;\">(Doppeldecker)<\/span><\/td>\n<td style=\"width: 14.2857%; text-align: center; height: 68px;\"><span style=\"font-family: 'times new roman', times, serif;\">2 ml<\/span><\/td>\n<td style=\"width: 14.2857%; text-align: center; height: 68px;\"><span style=\"font-family: 'times new roman', times, serif;\">3.2% Natriumcitrat<\/span><\/td>\n<td style=\"width: 14.3069%; text-align: center; height: 68px;\"><span style=\"font-family: 'times new roman', times, serif;\">\u2014\u2014<\/span><\/td>\n<td style=\"width: 14.2857%; text-align: center; height: 68px;\"><span style=\"font-family: 'times new roman', times, serif;\">100 ST\u00dcCKE \u00d7 18<\/span><\/td>\n<td style=\"width: 14.2857%; height: 68px;\"><\/td>\n<\/tr>\n<tr style=\"height: 61px;\">\n<td style=\"width: 14.2857%; text-align: center; height: 61px;\"><span style=\"font-family: 'times new roman', times, serif;\"><strong>KJ027NCD<\/strong><\/span><\/td>\n<td style=\"width: 14.2857%; text-align: center; height: 61px;\"><span style=\"font-family: 'times new roman', times, serif;\">\u00d813\u00d775mm<\/span><\/p>\n<p><span style=\"font-family: 'times new roman', times, serif;\">(Doppeldecker)<\/span><\/td>\n<td style=\"width: 14.2857%; text-align: center; height: 61px;\"><span style=\"font-family: 'times new roman', times, serif;\">3 ml<\/span><\/td>\n<td style=\"width: 14.2857%; text-align: center; height: 61px;\"><span style=\"font-family: 'times new roman', times, serif;\">3.2% Natriumcitrat<\/span><\/td>\n<td style=\"width: 14.3069%; text-align: center; height: 61px;\"><span style=\"font-family: 'times new roman', times, serif;\">\u2014\u2014<\/span><\/td>\n<td style=\"width: 14.2857%; text-align: center; height: 61px;\"><span style=\"font-family: 'times new roman', times, serif;\">100 ST\u00dcCKE \u00d7 18<\/span><\/td>\n<td style=\"width: 14.2857%; height: 61px;\"><\/td>\n<\/tr>\n<\/tbody>\n<\/table>\n<p data-spm-anchor-id=\"a2700.details-description.0.i0.b229DrSXDrSXqX\">","protected":false},"excerpt":{"rendered":"<p>PT-R\u00f6hrchen Das PT-R\u00f6hrchen wird f\u00fcr Blutgerinnungstests verwendet und ist auf das fibrinolytische System (PT, TT, APTT und Fibrinogen usw.) anwendbar.<\/p>","protected":false},"featured_media":22606,"comment_status":"open","ping_status":"closed","template":"","meta":{"_acf_changed":false},"product_brand":[],"product_cat":[20,98],"product_tag":[],"class_list":{"0":"post-22605","1":"product","2":"type-product","3":"status-publish","4":"has-post-thumbnail","6":"product_cat-all","7":"product_cat-blood-collection-tube","9":"first","10":"instock","11":"shipping-taxable","12":"product-type-simple"},"acf":[],"_links":{"self":[{"href":"https:\/\/lexamedlab.com\/de\/wp-json\/wp\/v2\/product\/22605","targetHints":{"allow":["GET"]}}],"collection":[{"href":"https:\/\/lexamedlab.com\/de\/wp-json\/wp\/v2\/product"}],"about":[{"href":"https:\/\/lexamedlab.com\/de\/wp-json\/wp\/v2\/types\/product"}],"replies":[{"embeddable":true,"href":"https:\/\/lexamedlab.com\/de\/wp-json\/wp\/v2\/comments?post=22605"}],"version-history":[{"count":2,"href":"https:\/\/lexamedlab.com\/de\/wp-json\/wp\/v2\/product\/22605\/revisions"}],"predecessor-version":[{"id":22608,"href":"https:\/\/lexamedlab.com\/de\/wp-json\/wp\/v2\/product\/22605\/revisions\/22608"}],"wp:featuredmedia":[{"embeddable":true,"href":"https:\/\/lexamedlab.com\/de\/wp-json\/wp\/v2\/media\/22606"}],"wp:attachment":[{"href":"https:\/\/lexamedlab.com\/de\/wp-json\/wp\/v2\/media?parent=22605"}],"wp:term":[{"taxonomy":"product_brand","embeddable":true,"href":"https:\/\/lexamedlab.com\/de\/wp-json\/wp\/v2\/product_brand?post=22605"},{"taxonomy":"product_cat","embeddable":true,"href":"https:\/\/lexamedlab.com\/de\/wp-json\/wp\/v2\/product_cat?post=22605"},{"taxonomy":"product_tag","embeddable":true,"href":"https:\/\/lexamedlab.com\/de\/wp-json\/wp\/v2\/product_tag?post=22605"}],"curies":[{"name":"wp","href":"https:\/\/api.w.org\/{rel}","templated":true}]}}