{"id":22609,"date":"2025-05-24T22:12:24","date_gmt":"2025-05-24T22:12:24","guid":{"rendered":"https:\/\/lexamedlab.com\/?post_type=product&#038;p=22609"},"modified":"2025-05-27T15:11:36","modified_gmt":"2025-05-27T15:11:36","slug":"sodium-fluoride-potassium","status":"publish","type":"product","link":"https:\/\/lexamedlab.com\/de\/produkt\/sodium-fluoride-potassium\/","title":{"rendered":"Natriumfluorid und Kalium"},"content":{"rendered":"<p><span style=\"font-family: 'times new roman', times, serif; font-size: 14pt;\" data-spm-anchor-id=\"a2700.details-description.0.i0.5c4ekxzOkxzOwA\">Glukoser\u00f6hrchen<\/span><br \/>\n<span style=\"font-family: 'times new roman', times, serif; font-size: 14pt;\">Das Glucose-R\u00f6hrchen wird zur Blutentnahme f\u00fcr Tests wie Blutzucker, Zuckertoleranz, Erythrozytenelektrophorese, Anti-Alkali-H\u00e4moglobin und Laktat verwendet. Das zugesetzte Natriumfluorid verhindert wirksam den Blutzuckerstoffwechsel, und Natriumheparin l\u00f6st erfolgreich die H\u00e4molyse. Dadurch bleibt der urspr\u00fcngliche Zustand des Blutes lange erhalten und stabile Blutzuckerwerte innerhalb von 72 Stunden garantiert. Optionale Zus\u00e4tze sind Natriumfluorid + Natriumheparin, Natriumfluorid + EDTA.K2, Natriumfluorid + EDTA.Na2.<\/span><\/p>\n<p><span style=\"font-family: 'times new roman', times, serif; font-size: 14pt;\">\u2013 Zentrifugationsgeschwindigkeit: 3500-4000 U\/min<\/span><br \/>\n<span style=\"font-family: 'times new roman', times, serif; font-size: 14pt;\">\u2013 Zentrifugationszeit: 5min<\/span><br \/>\n<span style=\"font-family: 'times new roman', times, serif; font-size: 14pt;\">\u2013 Empfohlene Lagertemperatur: 4-25 \u2103<\/span><\/p>\n<table style=\"border-collapse: collapse; width: 100%; height: 277px;\">\n<tbody>\n<tr style=\"height: 45px;\">\n<td style=\"width: 14.2857%; text-align: center; height: 45px;\"><span style=\"font-family: 'times new roman', times, serif; font-size: 14pt;\"><strong>Produktnummer\u00a0<\/strong><\/span><\/td>\n<td style=\"width: 14.2857%; text-align: center; height: 45px;\"><span style=\"font-family: 'times new roman', times, serif; font-size: 14pt;\"><strong>Rohr <\/strong><strong>Spezifikation<\/strong><\/span><\/td>\n<td style=\"width: 13.322%; text-align: center; height: 45px;\"><span style=\"font-family: 'times new roman', times, serif; font-size: 14pt;\"><strong>Nominal <\/strong><strong>Volumen<\/strong><\/span><\/td>\n<td style=\"width: 18.4369%; text-align: center; height: 45px;\"><span style=\"font-family: 'times new roman', times, serif; font-size: 14pt;\"><strong>Zusatzstoff<\/strong><\/span><\/td>\n<td style=\"width: 11.1194%; text-align: center; height: 45px;\" height=\"45\"><span style=\"font-family: 'times new roman', times, serif; font-size: 14pt;\"><strong>Glas Menge\/Karton<\/strong><\/span><\/td>\n<td style=\"width: 14.2857%; text-align: center; height: 45px;\"><span style=\"font-family: 'times new roman', times, serif; font-size: 14pt;\"><strong>PET Menge\/Kartons<\/strong><\/span><\/td>\n<td style=\"width: 14.2857%; text-align: center; height: 45px;\"><\/td>\n<\/tr>\n<tr style=\"height: 33px;\">\n<td style=\"width: 14.2857%; text-align: center; height: 33px;\" data-spm-anchor-id=\"a2700.details-description.0.i1.5c4ekxzOkxzOwA\"><span style=\"font-family: 'times new roman', times, serif;\"><strong>KJ020FX<\/strong><\/span><\/td>\n<td style=\"width: 14.2857%; text-align: center; height: 33px;\"><span style=\"font-family: 'times new roman', times, serif;\">\u00d813\u00d775mm<\/span><\/td>\n<td style=\"width: 13.322%; text-align: center; height: 33px;\"><span style=\"font-family: 'times new roman', times, serif;\">2 ml<\/span><\/td>\n<td style=\"width: 18.4369%; text-align: center; height: 33px;\"><span style=\"font-family: 'times new roman', times, serif;\">Natriumfluorid + Natriumheparin<\/span><\/td>\n<td style=\"width: 11.1194%; text-align: center; height: 33px;\"><span style=\"font-family: 'times new roman', times, serif;\">100 ST\u00dcCKE \u00d7 18<\/span><\/td>\n<td style=\"width: 14.2857%; text-align: center; height: 33px;\"><span style=\"font-family: 'times new roman', times, serif;\">100 ST\u00dcCKE \u00d7 18<\/span><\/td>\n<td style=\"width: 14.2857%; height: 33px;\"><\/td>\n<\/tr>\n<tr style=\"height: 36px;\">\n<td style=\"width: 14.2857%; text-align: center; height: 36px;\"><span style=\"font-family: 'times new roman', times, serif;\"><strong>KJ030FX<\/strong><\/span><\/td>\n<td style=\"width: 14.2857%; text-align: center; height: 36px;\"><span style=\"font-family: 'times new roman', times, serif;\">\u00d813\u00d775mm<\/span><\/td>\n<td style=\"width: 13.322%; text-align: center; height: 36px;\"><span style=\"font-family: 'times new roman', times, serif;\">3 ml<\/span><\/td>\n<td style=\"width: 18.4369%; text-align: center; height: 36px;\"><span style=\"font-family: 'times new roman', times, serif;\">Natriumfluorid + Natriumheparin<\/span><\/td>\n<td style=\"width: 11.1194%; text-align: center; height: 36px;\"><span style=\"font-family: 'times new roman', times, serif;\">100 ST\u00dcCKE \u00d7 18<\/span><\/td>\n<td style=\"width: 14.2857%; text-align: center; height: 36px;\"><span style=\"font-family: 'times new roman', times, serif;\">100 ST\u00dcCKE \u00d7 18<\/span><\/td>\n<td style=\"width: 14.2857%; height: 36px;\"><\/td>\n<\/tr>\n<tr style=\"height: 43px;\">\n<td style=\"width: 14.2857%; text-align: center; height: 43px;\"><span style=\"font-family: 'times new roman', times, serif;\"><strong>KJ040FX<\/strong><\/span><\/td>\n<td style=\"width: 14.2857%; text-align: center; height: 43px;\"><span style=\"font-family: 'times new roman', times, serif;\">\u00d813\u00d775mm<\/span><\/td>\n<td style=\"width: 13.322%; text-align: center; height: 43px;\"><span style=\"font-family: 'times new roman', times, serif;\">4 ml<\/span><\/td>\n<td style=\"width: 18.4369%; text-align: center; height: 43px;\"><span style=\"font-family: 'times new roman', times, serif;\">Natriumfluorid + Natriumheparin<\/span><\/td>\n<td style=\"width: 11.1194%; text-align: center; height: 43px;\"><span style=\"font-family: 'times new roman', times, serif;\">100 ST\u00dcCKE \u00d7 18<\/span><\/td>\n<td style=\"width: 14.2857%; text-align: center; height: 43px;\"><span style=\"font-family: 'times new roman', times, serif;\">100 ST\u00dcCKE \u00d7 18<\/span><\/td>\n<td style=\"width: 14.2857%; height: 43px;\"><\/td>\n<\/tr>\n<tr style=\"height: 43px;\">\n<td style=\"width: 14.2857%; text-align: center; height: 43px;\"><span style=\"font-family: 'times new roman', times, serif;\"><strong>KJ050FX<\/strong><\/span><\/td>\n<td style=\"width: 14.2857%; text-align: center; height: 43px;\"><span style=\"font-family: 'times new roman', times, serif;\">\u00d813\u00d775mm<\/span><\/td>\n<td style=\"width: 13.322%; text-align: center; height: 43px;\"><span style=\"font-family: 'times new roman', times, serif;\">5 ml<\/span><\/td>\n<td style=\"width: 18.4369%; text-align: center; height: 43px;\"><span style=\"font-family: 'times new roman', times, serif;\">Natriumfluorid + Natriumheparin<\/span><\/td>\n<td style=\"width: 11.1194%; text-align: center; height: 43px;\"><span style=\"font-family: 'times new roman', times, serif;\">100 ST\u00dcCKE \u00d7 18<\/span><\/td>\n<td style=\"width: 14.2857%; text-align: center; height: 43px;\"><span style=\"font-family: 'times new roman', times, serif;\">100 ST\u00dcCKE \u00d7 18<\/span><\/td>\n<td style=\"width: 14.2857%; height: 43px;\"><\/td>\n<\/tr>\n<tr style=\"height: 40px;\">\n<td style=\"width: 14.2857%; text-align: center; height: 40px;\"><span style=\"font-family: 'times new roman', times, serif;\"><strong>KJ0501FX<\/strong><\/span><\/td>\n<td style=\"width: 14.2857%; text-align: center; height: 40px;\"><span style=\"font-family: 'times new roman', times, serif;\">\u00d813\u00d7100mm<\/span><\/td>\n<td style=\"width: 13.322%; text-align: center; height: 40px;\"><span style=\"font-family: 'times new roman', times, serif;\">5 ml<\/span><\/td>\n<td style=\"width: 18.4369%; text-align: center; height: 40px;\"><span style=\"font-family: 'times new roman', times, serif;\">Natriumfluorid + Natriumheparin<\/span><\/td>\n<td style=\"width: 11.1194%; text-align: center; height: 40px;\"><span style=\"font-family: 'times new roman', times, serif;\">100 ST\u00dcCKE \u00d7 12<\/span><\/td>\n<td style=\"width: 14.2857%; text-align: center; height: 40px;\"><span style=\"font-family: 'times new roman', times, serif;\">100 ST\u00dcCKE \u00d7 18<\/span><\/td>\n<td style=\"width: 14.2857%; height: 40px;\"><\/td>\n<\/tr>\n<tr style=\"height: 37px;\">\n<td style=\"width: 14.2857%; text-align: center; height: 37px;\"><span style=\"font-family: 'times new roman', times, serif;\"><strong>KJ0601FX<\/strong><\/span><\/td>\n<td style=\"width: 14.2857%; text-align: center; height: 37px;\"><span style=\"font-family: 'times new roman', times, serif;\">\u00d813\u00d7100mm<\/span><\/td>\n<td style=\"width: 13.322%; text-align: center; height: 37px;\"><span style=\"font-family: 'times new roman', times, serif;\">6 ml<\/span><\/td>\n<td style=\"width: 18.4369%; text-align: center; height: 37px;\"><span style=\"font-family: 'times new roman', times, serif;\">Natriumfluorid + Natriumheparin<\/span><\/td>\n<td style=\"width: 11.1194%; text-align: center; height: 37px;\"><span style=\"font-family: 'times new roman', times, serif;\">100 ST\u00dcCKE \u00d7 12<\/span><\/td>\n<td style=\"width: 14.2857%; text-align: center; height: 37px;\"><span style=\"font-family: 'times new roman', times, serif;\">100 ST\u00dcCKE \u00d7 18<\/span><\/td>\n<td style=\"width: 14.2857%; height: 37px;\"><\/td>\n<\/tr>\n<\/tbody>\n<\/table>\n<p data-spm-anchor-id=\"a2700.details-description.0.i0.b229DrSXDrSXqX\">","protected":false},"excerpt":{"rendered":"<p>Glukoser\u00f6hrchen Glukoser\u00f6hrchen wird in der Blutentnahme f\u00fcr den Test wie Blutzucker, Zuckertoleranz, Erythrozytenelektrophorese, Anti-Alkali verwendet<\/p>","protected":false},"featured_media":22610,"comment_status":"open","ping_status":"closed","template":"","meta":{"_acf_changed":false},"product_brand":[],"product_cat":[20,98],"product_tag":[],"class_list":{"0":"post-22609","1":"product","2":"type-product","3":"status-publish","4":"has-post-thumbnail","6":"product_cat-all","7":"product_cat-blood-collection-tube","9":"first","10":"instock","11":"shipping-taxable","12":"product-type-simple"},"acf":[],"_links":{"self":[{"href":"https:\/\/lexamedlab.com\/de\/wp-json\/wp\/v2\/product\/22609","targetHints":{"allow":["GET"]}}],"collection":[{"href":"https:\/\/lexamedlab.com\/de\/wp-json\/wp\/v2\/product"}],"about":[{"href":"https:\/\/lexamedlab.com\/de\/wp-json\/wp\/v2\/types\/product"}],"replies":[{"embeddable":true,"href":"https:\/\/lexamedlab.com\/de\/wp-json\/wp\/v2\/comments?post=22609"}],"version-history":[{"count":1,"href":"https:\/\/lexamedlab.com\/de\/wp-json\/wp\/v2\/product\/22609\/revisions"}],"predecessor-version":[{"id":22611,"href":"https:\/\/lexamedlab.com\/de\/wp-json\/wp\/v2\/product\/22609\/revisions\/22611"}],"wp:featuredmedia":[{"embeddable":true,"href":"https:\/\/lexamedlab.com\/de\/wp-json\/wp\/v2\/media\/22610"}],"wp:attachment":[{"href":"https:\/\/lexamedlab.com\/de\/wp-json\/wp\/v2\/media?parent=22609"}],"wp:term":[{"taxonomy":"product_brand","embeddable":true,"href":"https:\/\/lexamedlab.com\/de\/wp-json\/wp\/v2\/product_brand?post=22609"},{"taxonomy":"product_cat","embeddable":true,"href":"https:\/\/lexamedlab.com\/de\/wp-json\/wp\/v2\/product_cat?post=22609"},{"taxonomy":"product_tag","embeddable":true,"href":"https:\/\/lexamedlab.com\/de\/wp-json\/wp\/v2\/product_tag?post=22609"}],"curies":[{"name":"wp","href":"https:\/\/api.w.org\/{rel}","templated":true}]}}