{"id":22612,"date":"2025-05-24T22:15:45","date_gmt":"2025-05-24T22:15:45","guid":{"rendered":"https:\/\/lexamedlab.com\/?post_type=product&#038;p=22612"},"modified":"2025-05-27T15:11:36","modified_gmt":"2025-05-27T15:11:36","slug":"sodium-citrate-tube14","status":"publish","type":"product","link":"https:\/\/lexamedlab.com\/de\/produkt\/sodium-citrate-tube14\/","title":{"rendered":"Natriumcitrat-Tube (1:4)"},"content":{"rendered":"<p><span style=\"font-family: 'times new roman', times, serif; font-size: 14pt;\">ESR-R\u00f6hrchen<\/span><br \/>\n<span style=\"font-family: 'times new roman', times, serif; font-size: 14pt;\">Das ESR-R\u00f6hrchen mit 13 \u00d7 75 mm Durchmesser wird speziell zur Blutentnahme und Antikoagulation f\u00fcr den Sedimentationsratentest mit automatischen Blutsenkungsanalysatoren mit einem Mischungsverh\u00e4ltnis von 1 Teil Natriumcitrat zu 4 Teilen Blut nach der Westergren-Methode verwendet.<\/span><\/p>\n<p data-spm-anchor-id=\"a2700.details-description.0.i0.551bbEnKbEnK4i\">\n<span style=\"font-family: 'times new roman', times, serif; font-size: 14pt;\">Das ESR-R\u00f6hrchen mit den Abmessungen 9 \u00d7 120 mm ist f\u00fcr verschiedene automatische Blutsenkungsgeschwindigkeitsanalysatoren geeignet.<\/span><br \/>\n<span style=\"font-family: 'times new roman', times, serif; font-size: 14pt;\">Aufgrund des geringen Volumens und des Unterdrucks im R\u00f6hrchen dauert die Blutentnahme einige Zeit. Warten Sie geduldig, bis kein Blut mehr in das R\u00f6hrchen flie\u00dft. Mischen Sie anschlie\u00dfend Antikoagulation und Zusatzmittel vollst\u00e4ndig, indem Sie das R\u00f6hrchen 6-8 Mal auf den Kopf stellen. Unsachgem\u00e4\u00dfes Mischen kann H\u00e4molyse, Gerinnung oder Blutblasen verursachen und das Testergebnis beeinflussen.<\/span><\/p>\n<table style=\"border-collapse: collapse; width: 100%; height: 157px;\">\n<tbody>\n<tr style=\"height: 45px;\">\n<td style=\"width: 14.2857%; text-align: center; height: 45px;\"><span style=\"font-family: 'times new roman', times, serif; font-size: 14pt;\"><strong>Produktnummer\u00a0<\/strong><\/span><\/td>\n<td style=\"width: 14.2857%; text-align: center; height: 45px;\"><span style=\"font-family: 'times new roman', times, serif; font-size: 14pt;\"><strong>Rohr <\/strong><strong>Spezifikation<\/strong><\/span><\/td>\n<td style=\"width: 13.322%; text-align: center; height: 45px;\"><span style=\"font-family: 'times new roman', times, serif; font-size: 14pt;\"><strong>Nominal <\/strong><strong>Volumen<\/strong><\/span><\/td>\n<td style=\"width: 18.4369%; text-align: center; height: 45px;\"><span style=\"font-family: 'times new roman', times, serif; font-size: 14pt;\"><strong>Zusatzstoff<\/strong><\/span><\/td>\n<td style=\"width: 11.1194%; text-align: center; height: 45px;\" height=\"45\"><span style=\"font-family: 'times new roman', times, serif; font-size: 14pt;\"><strong>Glas Menge\/Karton<\/strong><\/span><\/td>\n<td style=\"width: 14.2857%; text-align: center; height: 45px;\"><span style=\"font-family: 'times new roman', times, serif; font-size: 14pt;\"><strong>PET Menge\/Kartons<\/strong><\/span><\/td>\n<td style=\"width: 14.2857%; text-align: center; height: 45px;\"><\/td>\n<\/tr>\n<tr>\n<td style=\"width: 14.2857%; text-align: center;\" data-spm-anchor-id=\"a2700.details-description.0.i1.551bbEnKbEnK4i\"><span style=\"font-family: 'times new roman', times, serif;\"><strong>KJ016NC<\/strong><\/span><\/td>\n<td style=\"width: 14.2857%; text-align: center;\"><span style=\"font-family: 'times new roman', times, serif;\">\u00d813\u00d775mm<\/span><\/td>\n<td style=\"width: 13.322%; text-align: center;\"><span style=\"font-family: 'times new roman', times, serif;\">2 ml<\/span><\/td>\n<td style=\"width: 18.4369%; text-align: center;\"><span style=\"font-family: 'times new roman', times, serif;\">3.8% Natriumcitrat<\/span><\/td>\n<td style=\"width: 11.1194%; text-align: center;\"><span style=\"font-family: 'times new roman', times, serif;\">100 ST\u00dcCKE \u00d7 18<\/span><\/td>\n<td style=\"width: 14.2857%; text-align: center;\"><span style=\"font-family: 'times new roman', times, serif;\">100 ST\u00dcCKE \u00d7 18<\/span><\/td>\n<td style=\"width: 14.2857%; height: 33px;\"><\/td>\n<\/tr>\n<tr>\n<td style=\"width: 14.2857%; text-align: center;\"><span style=\"font-family: 'times new roman', times, serif;\"><strong>KJ024NC<\/strong><\/span><\/td>\n<td style=\"width: 14.2857%; text-align: center;\"><span style=\"font-family: 'times new roman', times, serif;\">\u00d813\u00d775mm<\/span><\/td>\n<td style=\"width: 13.322%; text-align: center;\"><span style=\"font-family: 'times new roman', times, serif;\">3 ml<\/span><\/td>\n<td style=\"width: 18.4369%; text-align: center;\"><span style=\"font-family: 'times new roman', times, serif;\">3.8% Natriumcitrat<\/span><\/td>\n<td style=\"width: 11.1194%; text-align: center;\"><span style=\"font-family: 'times new roman', times, serif;\">100 ST\u00dcCKE \u00d7 18<\/span><\/td>\n<td style=\"width: 14.2857%; text-align: center;\"><span style=\"font-family: 'times new roman', times, serif;\">100 ST\u00dcCKE \u00d7 18<\/span><\/td>\n<td style=\"width: 14.2857%; height: 36px;\"><\/td>\n<\/tr>\n<tr>\n<td style=\"width: 14.2857%; text-align: center;\"><span style=\"font-family: 'times new roman', times, serif;\"><strong>KJ0128NC<\/strong><\/span><\/td>\n<td style=\"width: 14.2857%; text-align: center;\"><span style=\"font-family: 'times new roman', times, serif;\">\u00d89\u00d7120mm<\/span><\/td>\n<td style=\"width: 13.322%; text-align: center;\"><span style=\"font-family: 'times new roman', times, serif;\">1,6 ml<\/span><\/td>\n<td style=\"width: 18.4369%; text-align: center;\"><span style=\"font-family: 'times new roman', times, serif;\">3.8% Natriumcitrat<\/span><\/td>\n<td style=\"width: 11.1194%; text-align: center;\"><span style=\"font-family: 'times new roman', times, serif;\">100 ST\u00dcCKE \u00d7 18<\/span><\/td>\n<td style=\"width: 14.2857%; text-align: center;\"><span style=\"font-family: 'times new roman', times, serif;\">\u2014\u2014<\/span><\/td>\n<td style=\"width: 14.2857%; height: 43px;\"><\/td>\n<\/tr>\n<\/tbody>\n<\/table>\n<p data-spm-anchor-id=\"a2700.details-description.0.i0.b229DrSXDrSXqX\">","protected":false},"excerpt":{"rendered":"<p>ESR-R\u00f6hrchen \u00d813\u00d775mm ESR-R\u00f6hrchen wird speziell zur Blutentnahme und Antikoagulation f\u00fcr die Sedimentation von automatischen Blutsenkungsanalysatoren verwendet<\/p>","protected":false},"featured_media":22613,"comment_status":"open","ping_status":"closed","template":"","meta":{"_acf_changed":false},"product_brand":[],"product_cat":[20,98],"product_tag":[],"class_list":{"0":"post-22612","1":"product","2":"type-product","3":"status-publish","4":"has-post-thumbnail","6":"product_cat-all","7":"product_cat-blood-collection-tube","9":"first","10":"instock","11":"shipping-taxable","12":"product-type-simple"},"acf":[],"_links":{"self":[{"href":"https:\/\/lexamedlab.com\/de\/wp-json\/wp\/v2\/product\/22612","targetHints":{"allow":["GET"]}}],"collection":[{"href":"https:\/\/lexamedlab.com\/de\/wp-json\/wp\/v2\/product"}],"about":[{"href":"https:\/\/lexamedlab.com\/de\/wp-json\/wp\/v2\/types\/product"}],"replies":[{"embeddable":true,"href":"https:\/\/lexamedlab.com\/de\/wp-json\/wp\/v2\/comments?post=22612"}],"version-history":[{"count":1,"href":"https:\/\/lexamedlab.com\/de\/wp-json\/wp\/v2\/product\/22612\/revisions"}],"predecessor-version":[{"id":22614,"href":"https:\/\/lexamedlab.com\/de\/wp-json\/wp\/v2\/product\/22612\/revisions\/22614"}],"wp:featuredmedia":[{"embeddable":true,"href":"https:\/\/lexamedlab.com\/de\/wp-json\/wp\/v2\/media\/22613"}],"wp:attachment":[{"href":"https:\/\/lexamedlab.com\/de\/wp-json\/wp\/v2\/media?parent=22612"}],"wp:term":[{"taxonomy":"product_brand","embeddable":true,"href":"https:\/\/lexamedlab.com\/de\/wp-json\/wp\/v2\/product_brand?post=22612"},{"taxonomy":"product_cat","embeddable":true,"href":"https:\/\/lexamedlab.com\/de\/wp-json\/wp\/v2\/product_cat?post=22612"},{"taxonomy":"product_tag","embeddable":true,"href":"https:\/\/lexamedlab.com\/de\/wp-json\/wp\/v2\/product_tag?post=22612"}],"curies":[{"name":"wp","href":"https:\/\/api.w.org\/{rel}","templated":true}]}}