{"id":22620,"date":"2025-05-24T22:59:55","date_gmt":"2025-05-24T22:59:55","guid":{"rendered":"https:\/\/lexamedlab.com\/?post_type=product&#038;p=22620"},"modified":"2025-05-27T15:11:35","modified_gmt":"2025-05-27T15:11:35","slug":"micro-collection-0-5ml-edta-k2-k3-blood-capillary-tube","status":"publish","type":"product","link":"https:\/\/lexamedlab.com\/de\/produkt\/micro-collection-0-5ml-edta-k2-k3-blood-capillary-tube\/","title":{"rendered":"Mikrosammlung 0,5 ml EDTA K2 K3 Blutkapillarr\u00f6hrchen"},"content":{"rendered":"<p><span style=\"font-family: 'times new roman', times, serif; font-size: 14pt;\">\u2014 Der Typ KJ002 wurde nach wissenschaftlichen Erkenntnissen entwickelt. Der versiegelte Butylkautschukstopfen verf\u00fcgt \u00fcber einen zentralen Kreuzschnitt an der Oberseite zum einfachen Einf\u00fchren der Kapillare. Nach der Blutentnahme verschlie\u00dft sich der Kreuzschnitt automatisch, wenn die Kapillare herausgezogen wird. Dies verhindert effektiv Blutaustritt und gew\u00e4hrleistet einen sicheren und zuverl\u00e4ssigen Transport.<\/span><br \/>\n<span style=\"font-family: 'times new roman', times, serif; font-size: 14pt;\">Dank der speziellen Oberfl\u00e4chenbehandlung sowohl im Inneren der Kapillare als auch im Mikro-Aufbewahrungsr\u00f6hrchen flie\u00dfen Blutproben automatisch durch die Kapillare in den Boden des Aufbewahrungsr\u00f6hrchens, ohne dass Blut anhaftet oder die Blutk\u00f6rperchen besch\u00e4digt werden. Der Zusatzstoff wird gleichm\u00e4\u00dfig auf die Oberfl\u00e4che sowohl im Inneren der Kapillare als auch im Aufbewahrungsr\u00f6hrchen gespr\u00fcht, was die Blutgerinnung erleichtert und gleichzeitig die Bildung winziger Gerinnsel verhindert. Auf diese Weise werden genaue Testergebnisse garantiert.<\/span><br \/>\n<span style=\"font-family: 'times new roman', times, serif; font-size: 14pt;\">\u2014 Der Kreuzschnitt ist auf die Probenahmenadel aller Analysatoren anwendbar. Einfaches Einf\u00fchren und automatische Probenahme, ohne dass w\u00e4hrend des gesamten Testvorgangs die Kappe ge\u00f6ffnet werden muss, sicher und effizient.<\/span><\/p>\n<table style=\"border-collapse: collapse; width: 77.3555%; height: 193px;\">\n<tbody>\n<tr style=\"height: 45px;\">\n<td style=\"width: 6.90918%; text-align: center; height: 45px;\"><span style=\"font-family: 'times new roman', times, serif; font-size: 14pt;\"><strong>Produktnummer\u00a0<\/strong><\/span><\/td>\n<td style=\"width: 7.55059%; text-align: center; height: 45px;\"><span style=\"font-family: 'times new roman', times, serif; font-size: 14pt;\"><strong>Rohr <\/strong><strong>Spezifikation<\/strong><\/span><\/td>\n<td style=\"width: 8.30219%; text-align: center; height: 45px;\"><span style=\"font-family: 'times new roman', times, serif; font-size: 14pt;\"><strong>Zusatzstoff<\/strong><\/span><\/td>\n<td style=\"width: 14.3949%; text-align: center; height: 45px;\" height=\"45\"><span style=\"font-family: 'times new roman', times, serif; font-size: 14pt;\"><strong>\u00a0Menge\/Kartons<\/strong><\/span><\/td>\n<\/tr>\n<tr style=\"height: 32px;\">\n<td style=\"width: 6.90918%; text-align: center; height: 148px;\" rowspan=\"4\"><span style=\"font-family: 'times new roman', times, serif; font-size: 12pt;\">KJ002<\/span><\/td>\n<td style=\"width: 7.55059%; text-align: center; height: 148px;\" rowspan=\"4\"><span style=\"font-family: 'times new roman', times, serif; font-size: 12pt;\">0,25 ml\/0,5 ml\/1 ml<\/span><\/td>\n<td style=\"width: 8.30219%; text-align: center; height: 32px;\"><span style=\"font-family: 'times new roman', times, serif; font-size: 12pt;\">EDTA.K2 \/ EDTA.K3<\/span><\/td>\n<td style=\"width: 14.3949%; text-align: center; height: 32px;\"><span style=\"font-family: 'times new roman', times, serif; font-size: 12pt;\">100 ST\u00dcCKE \u00d7 30<\/span><\/td>\n<\/tr>\n<tr style=\"height: 35px;\">\n<td style=\"width: 8.30219%; text-align: center; height: 35px;\"><span style=\"font-family: 'times new roman', times, serif; font-size: 12pt;\">Lithiumheparin\/Natriumheparin\u00a0<\/span><\/td>\n<td style=\"width: 14.3949%; text-align: center; height: 35px;\"><span style=\"font-family: 'times new roman', times, serif; font-size: 12pt;\">100 ST\u00dcCKE \u00d7 30<\/span><\/td>\n<\/tr>\n<tr style=\"height: 42px;\">\n<td style=\"width: 8.30219%; text-align: center; height: 42px;\"><span style=\"font-family: 'times new roman', times, serif; font-size: 12pt;\">Kein Zusatzstoff<\/span><\/td>\n<td style=\"width: 14.3949%; text-align: center; height: 42px;\"><span style=\"font-family: 'times new roman', times, serif; font-size: 12pt;\">100 ST\u00dcCKE \u00d7 30<\/span><\/td>\n<\/tr>\n<tr style=\"height: 39px;\">\n<td style=\"width: 8.30219%; text-align: center; height: 39px;\"><span style=\"font-family: 'times new roman', times, serif; font-size: 12pt;\">Gel- und Gerinnungsaktivator\u00a0<\/span><\/td>\n<td style=\"width: 14.3949%; text-align: center; height: 39px;\"><span style=\"font-family: 'times new roman', times, serif; font-size: 12pt;\">100 ST\u00dcCKE \u00d7 30<\/span><\/td>\n<\/tr>\n<\/tbody>\n<\/table>\n<p data-spm-anchor-id=\"a2700.details-description.0.i0.b229DrSXDrSXqX\">","protected":false},"excerpt":{"rendered":"<p>\u2014 Der Typ KJ002 wurde nach einem wissenschaftlichen Konzept entwickelt. Der versiegelte Butylkautschukstopfen ist oben mit einem zentralen Kreuzschnitt versehen<\/p>","protected":false},"featured_media":22621,"comment_status":"open","ping_status":"closed","template":"","meta":{"_acf_changed":false},"product_brand":[],"product_cat":[20,98],"product_tag":[],"class_list":{"0":"post-22620","1":"product","2":"type-product","3":"status-publish","4":"has-post-thumbnail","6":"product_cat-all","7":"product_cat-blood-collection-tube","9":"first","10":"instock","11":"shipping-taxable","12":"product-type-simple"},"acf":[],"_links":{"self":[{"href":"https:\/\/lexamedlab.com\/de\/wp-json\/wp\/v2\/product\/22620","targetHints":{"allow":["GET"]}}],"collection":[{"href":"https:\/\/lexamedlab.com\/de\/wp-json\/wp\/v2\/product"}],"about":[{"href":"https:\/\/lexamedlab.com\/de\/wp-json\/wp\/v2\/types\/product"}],"replies":[{"embeddable":true,"href":"https:\/\/lexamedlab.com\/de\/wp-json\/wp\/v2\/comments?post=22620"}],"version-history":[{"count":1,"href":"https:\/\/lexamedlab.com\/de\/wp-json\/wp\/v2\/product\/22620\/revisions"}],"predecessor-version":[{"id":22622,"href":"https:\/\/lexamedlab.com\/de\/wp-json\/wp\/v2\/product\/22620\/revisions\/22622"}],"wp:featuredmedia":[{"embeddable":true,"href":"https:\/\/lexamedlab.com\/de\/wp-json\/wp\/v2\/media\/22621"}],"wp:attachment":[{"href":"https:\/\/lexamedlab.com\/de\/wp-json\/wp\/v2\/media?parent=22620"}],"wp:term":[{"taxonomy":"product_brand","embeddable":true,"href":"https:\/\/lexamedlab.com\/de\/wp-json\/wp\/v2\/product_brand?post=22620"},{"taxonomy":"product_cat","embeddable":true,"href":"https:\/\/lexamedlab.com\/de\/wp-json\/wp\/v2\/product_cat?post=22620"},{"taxonomy":"product_tag","embeddable":true,"href":"https:\/\/lexamedlab.com\/de\/wp-json\/wp\/v2\/product_tag?post=22620"}],"curies":[{"name":"wp","href":"https:\/\/api.w.org\/{rel}","templated":true}]}}