{"id":22661,"date":"2025-05-26T07:37:59","date_gmt":"2025-05-26T07:37:59","guid":{"rendered":"https:\/\/lexamedlab.com\/?post_type=product&#038;p=22661"},"modified":"2025-05-27T15:18:05","modified_gmt":"2025-05-27T15:18:05","slug":"50ml-plastic-centrifuge-tube","status":"publish","type":"product","link":"https:\/\/lexamedlab.com\/de\/produkt\/50ml-plastic-centrifuge-tube\/","title":{"rendered":"50 ml Zentrifugenr\u00f6hrchen aus Kunststoff"},"content":{"rendered":"<div style=\"width: 956px;\" class=\"wp-video\"><!--[if lt IE 9]><script>document.createElement('video');<\/script><![endif]-->\n<video class=\"wp-video-shortcode\" id=\"video-22661-1\" width=\"956\" height=\"540\" preload=\"metadata\" controls=\"controls\"><source type=\"video\/mp4\" src=\"https:\/\/lexamedlab.com\/wp-content\/uploads\/2025\/05\/uzBHxE9NDS54w0IoXM2_227116251883_sd_hq.mp4?_=1\" \/><a href=\"https:\/\/lexamedlab.com\/wp-content\/uploads\/2025\/05\/uzBHxE9NDS54w0IoXM2_227116251883_sd_hq.mp4\">https:\/\/lexamedlab.com\/wp-content\/uploads\/2025\/05\/uzBHxE9NDS54w0IoXM2_227116251883_sd_hq.mp4<\/a><\/video><\/div>\n<p><span style=\"font-family: 'times new roman', times, serif; font-size: 14pt;\">\u2014 Hergestellt aus hochwertigem transparentem PP-Material, weit verbreitet in der Molekularbiologie, klinischen Chemie und biochemischen Forschung.<\/span><br \/>\n<span style=\"font-family: 'times new roman', times, serif; font-size: 14pt;\">\u2014 Klare wei\u00dfe oder schwarze Graduierung auf den R\u00f6hrchen, gro\u00dfer wei\u00dfer Schreibbereich zum einfachen Markieren.<\/span><br \/>\n<span style=\"font-family: 'times new roman', times, serif; font-size: 14pt;\">\u2014 Einfache Einhandbedienung zum \u00d6ffnen oder Schlie\u00dfen der Kappe.<\/span><br \/>\n<span style=\"font-family: 'times new roman', times, serif; font-size: 14pt;\">\u2014 Maximale RZB bei 12.000 \u00d7 g.<\/span><br \/>\n<span style=\"font-family: 'times new roman', times, serif; font-size: 14pt;\">\u2014 An einen weiten Temperaturbereich von -80 \u00b0C bis 120 \u00b0C angepasst.<\/span><br \/>\n<span style=\"font-family: 'times new roman', times, serif; font-size: 14pt;\">\u2014 Erh\u00e4ltlich als Gro\u00dfpackung oder Einzelpackung.<\/span><br \/>\n<span style=\"font-family: 'times new roman', times, serif; font-size: 14pt;\">\u2014 Steril durch EO- oder Gammastrahlung erh\u00e4ltlich.<\/span><\/p>\n<table style=\"border-collapse: collapse; width: 100%; height: 240px;\">\n<tbody>\n<tr style=\"height: 24px;\">\n<td style=\"width: 11.3992%; height: 24px; text-align: center;\"><span style=\"font-size: 14pt; font-family: 'times new roman', times, serif;\">Produktnummer\u00a0<\/span><\/td>\n<td style=\"width: 11.8482%; height: 24px; text-align: center;\"><span style=\"font-size: 14pt; font-family: 'times new roman', times, serif;\">Material\u00a0<\/span><\/td>\n<td style=\"width: 12.5538%; height: 24px; text-align: center;\"><span style=\"font-size: 14pt; font-family: 'times new roman', times, serif;\">Dimension\u00a0<\/span><\/td>\n<td style=\"width: 12.0407%; height: 24px; text-align: center;\"><span style=\"font-size: 14pt; font-family: 'times new roman', times, serif;\">Kapazit\u00e4t\u00a0<\/span><\/td>\n<td style=\"width: 12.2973%; height: 24px; text-align: center;\"><span style=\"font-size: 14pt; font-family: 'times new roman', times, serif;\">Menge in S\u00e4cken\u00a0<\/span><\/td>\n<td style=\"width: 12.8745%; height: 24px; text-align: center;\"><span style=\"font-size: 14pt; font-family: 'times new roman', times, serif;\">Menge im Karton\u00a0<\/span><\/td>\n<td style=\"width: 26.9862%; height: 24px; text-align: center;\"><span style=\"font-size: 14pt; font-family: 'times new roman', times, serif;\">PS\u00a0<\/span><\/td>\n<\/tr>\n<tr style=\"height: 24px;\">\n<td style=\"width: 11.3992%; height: 48px; text-align: center;\" rowspan=\"2\"><span style=\"font-size: 14pt; font-family: 'times new roman', times, serif;\">KJ323<\/span><\/td>\n<td style=\"width: 11.8482%; height: 48px; text-align: center;\" rowspan=\"2\"><span style=\"font-size: 14pt; font-family: 'times new roman', times, serif;\">PP<\/span><\/td>\n<td style=\"width: 12.5538%; height: 48px; text-align: center;\" rowspan=\"2\"><span style=\"font-size: 14pt; font-family: 'times new roman', times, serif;\">102 mm<\/span><\/td>\n<td style=\"width: 12.0407%; height: 48px; text-align: center;\" rowspan=\"2\"><span style=\"font-size: 14pt; font-family: 'times new roman', times, serif;\">10 ml<\/span><\/td>\n<td style=\"width: 12.2973%; height: 24px; text-align: center;\"><span style=\"font-size: 14pt; font-family: 'times new roman', times, serif;\">1<\/span><\/td>\n<td style=\"width: 12.8745%; height: 24px; text-align: center;\"><span style=\"font-size: 14pt; font-family: 'times new roman', times, serif;\">1500<\/span><\/td>\n<td style=\"width: 26.9862%; height: 24px; text-align: center;\"><span style=\"font-size: 14pt; font-family: 'times new roman', times, serif;\">Einzelverpackung, steril oder nicht steril\u00a0<\/span><\/td>\n<\/tr>\n<tr style=\"height: 24px;\">\n<td style=\"width: 12.2973%; height: 24px; text-align: center;\"><span style=\"font-size: 14pt; font-family: 'times new roman', times, serif;\">100<\/span><\/td>\n<td style=\"width: 12.8745%; height: 24px; text-align: center;\"><span style=\"font-size: 14pt; font-family: 'times new roman', times, serif;\">2000<\/span><\/td>\n<td style=\"width: 26.9862%; height: 24px; text-align: center;\"><span style=\"font-size: 14pt; font-family: 'times new roman', times, serif;\">Mehrfachverpackung, steril oder nicht steril\u00a0<\/span><\/td>\n<\/tr>\n<tr style=\"height: 24px;\">\n<td style=\"width: 11.3992%; height: 48px; text-align: center;\" rowspan=\"2\"><span style=\"font-size: 14pt; font-family: 'times new roman', times, serif;\">KJ324<\/span><\/td>\n<td style=\"width: 11.8482%; height: 72px; text-align: center;\" rowspan=\"3\"><span style=\"font-size: 14pt; font-family: 'times new roman', times, serif;\">PP<\/span><\/td>\n<td style=\"width: 12.5538%; height: 72px; text-align: center;\" rowspan=\"3\"><span style=\"font-size: 14pt; font-family: 'times new roman', times, serif;\">121 mm<\/span><\/td>\n<td style=\"width: 12.0407%; height: 72px; text-align: center;\" rowspan=\"3\"><span style=\"font-size: 14pt; font-family: 'times new roman', times, serif;\">15 ml<\/span><\/td>\n<td style=\"width: 12.2973%; height: 24px; text-align: center;\"><span style=\"font-size: 14pt; font-family: 'times new roman', times, serif;\">1<\/span><\/td>\n<td style=\"width: 12.8745%; height: 24px; text-align: center;\"><span style=\"font-size: 14pt; font-family: 'times new roman', times, serif;\">1200<\/span><\/td>\n<td style=\"width: 26.9862%; height: 24px; text-align: center;\"><span style=\"font-size: 14pt; font-family: 'times new roman', times, serif;\">Einzelverpackung, steril oder nicht steril\u00a0<\/span><\/td>\n<\/tr>\n<tr style=\"height: 24px;\">\n<td style=\"width: 12.2973%; height: 24px; text-align: center;\"><span style=\"font-size: 14pt; font-family: 'times new roman', times, serif;\">100<\/span><\/td>\n<td style=\"width: 12.8745%; height: 24px; text-align: center;\"><span style=\"font-size: 14pt; font-family: 'times new roman', times, serif;\">1800<\/span><\/td>\n<td style=\"width: 26.9862%; height: 24px; text-align: center;\"><span style=\"font-size: 14pt; font-family: 'times new roman', times, serif;\">Mehrfachverpackung, steril oder nicht steril\u00a0<\/span><\/td>\n<\/tr>\n<tr style=\"height: 24px;\">\n<td style=\"width: 11.3992%; height: 24px; text-align: center;\"><span style=\"font-size: 14pt; font-family: 'times new roman', times, serif;\">KJ326-2<\/span><\/td>\n<td style=\"width: 12.2973%; height: 24px; text-align: center;\"><span style=\"font-size: 14pt; font-family: 'times new roman', times, serif;\">50<\/span><\/td>\n<td style=\"width: 12.8745%; height: 24px; text-align: center;\"><span style=\"font-size: 14pt; font-family: 'times new roman', times, serif;\">500<\/span><\/td>\n<td style=\"width: 26.9862%; height: 24px; text-align: center;\"><span style=\"font-size: 14pt; font-family: 'times new roman', times, serif;\">50 St\u00fcck\/Palette, steril oder nicht steril\u00a0<\/span><\/td>\n<\/tr>\n<tr style=\"height: 24px;\">\n<td style=\"width: 11.3992%; height: 24px; text-align: center;\" rowspan=\"2\"><span style=\"font-size: 14pt; font-family: 'times new roman', times, serif;\">KJ325<\/span><\/td>\n<td style=\"width: 11.8482%; height: 24px; text-align: center;\" rowspan=\"2\"><span style=\"font-size: 14pt; font-family: 'times new roman', times, serif;\">PP<\/span><\/td>\n<td style=\"width: 12.5538%; height: 24px; text-align: center;\" rowspan=\"2\"><span style=\"font-size: 14pt; font-family: 'times new roman', times, serif;\">118 mm<\/span><\/td>\n<td style=\"width: 12.0407%; height: 24px; text-align: center;\" rowspan=\"2\"><span style=\"font-size: 14pt; font-family: 'times new roman', times, serif;\">50 ml<\/span><\/td>\n<td style=\"width: 12.2973%; height: 24px; text-align: center;\"><span style=\"font-size: 14pt; font-family: 'times new roman', times, serif;\">1<\/span><\/td>\n<td style=\"width: 12.8745%; height: 24px; text-align: center;\"><span style=\"font-size: 14pt; font-family: 'times new roman', times, serif;\">500<\/span><\/td>\n<td style=\"width: 26.9862%; height: 24px; text-align: center;\"><span style=\"font-size: 14pt; font-family: 'times new roman', times, serif;\">Einzelverpackung, steril oder nicht steril\u00a0<\/span><\/td>\n<\/tr>\n<tr style=\"height: 24px;\">\n<td style=\"width: 12.2973%; height: 24px; text-align: center;\"><span style=\"font-size: 14pt; font-family: 'times new roman', times, serif;\">50<\/span><\/td>\n<td style=\"width: 12.8745%; height: 24px; text-align: center;\"><span style=\"font-size: 14pt; font-family: 'times new roman', times, serif;\">500<\/span><\/td>\n<td style=\"width: 26.9862%; height: 24px; text-align: center;\"><span style=\"font-size: 14pt; font-family: 'times new roman', times, serif;\">Mehrfachverpackung, steril oder nicht steril\u00a0<\/span><\/td>\n<\/tr>\n<tr style=\"height: 24px;\">\n<td style=\"width: 11.3992%; height: 24px; text-align: center;\" rowspan=\"2\"><span style=\"font-size: 14pt; font-family: 'times new roman', times, serif;\">KJ326<\/span><\/td>\n<td style=\"width: 11.8482%; height: 24px; text-align: center;\" rowspan=\"3\"><span style=\"font-size: 14pt; font-family: 'times new roman', times, serif;\">PP<\/span><\/td>\n<td style=\"width: 12.5538%; height: 24px; text-align: center;\" rowspan=\"3\"><span style=\"font-size: 14pt; font-family: 'times new roman', times, serif;\">118 mm<\/span><\/td>\n<td style=\"width: 12.0407%; height: 24px; text-align: center;\" rowspan=\"3\"><span style=\"font-size: 14pt; font-family: 'times new roman', times, serif;\">50 ml<\/span><\/td>\n<td style=\"width: 12.2973%; height: 24px; text-align: center;\"><span style=\"font-size: 14pt; font-family: 'times new roman', times, serif;\">1<\/span><\/td>\n<td style=\"width: 12.8745%; height: 24px; text-align: center;\"><span style=\"font-size: 14pt; font-family: 'times new roman', times, serif;\">500<\/span><\/td>\n<td style=\"width: 26.9862%; height: 24px; text-align: center;\"><span style=\"font-size: 14pt; font-family: 'times new roman', times, serif;\">Einzelverpackung, steril oder nicht steril\u00a0<\/span><\/td>\n<\/tr>\n<tr style=\"height: 24px;\">\n<td style=\"width: 12.2973%; height: 24px; text-align: center;\"><span style=\"font-size: 14pt; font-family: 'times new roman', times, serif;\">50<\/span><\/td>\n<td style=\"width: 12.8745%; height: 24px; text-align: center;\"><span style=\"font-size: 14pt; font-family: 'times new roman', times, serif;\">500<\/span><\/td>\n<td style=\"width: 26.9862%; height: 24px; text-align: center;\"><span style=\"font-size: 14pt; font-family: 'times new roman', times, serif;\">Mehrfachverpackung, steril oder nicht steril\u00a0<\/span><\/td>\n<\/tr>\n<tr>\n<td style=\"width: 11.3992%; text-align: center;\"><span style=\"font-size: 14pt; font-family: 'times new roman', times, serif;\">KJ326-3<\/span><\/td>\n<td style=\"width: 12.2973%; text-align: center;\"><span style=\"font-size: 14pt; font-family: 'times new roman', times, serif;\">25<\/span><\/td>\n<td style=\"width: 12.8745%; text-align: center;\"><span style=\"font-size: 14pt; font-family: 'times new roman', times, serif;\">500<\/span><\/td>\n<td style=\"width: 26.9862%; text-align: center;\"><span style=\"font-size: 14pt; font-family: 'times new roman', times, serif;\">25 St\u00fcck\/Palette, steril oder nicht steril<\/span><\/td>\n<\/tr>\n<\/tbody>\n<\/table>","protected":false},"excerpt":{"rendered":"<p>\u2014 Hergestellt aus hochwertigem, transparentem PP-Material, das h\u00e4ufig in der Molekularbiologie, klinischen Chemie und biochemischen Forschung verwendet wird. \u2014 Klares Wei\u00df oder<\/p>","protected":false},"featured_media":22662,"comment_status":"open","ping_status":"closed","template":"","meta":{"_acf_changed":false},"product_brand":[],"product_cat":[73,20],"product_tag":[],"class_list":{"0":"post-22661","1":"product","2":"type-product","3":"status-publish","4":"has-post-thumbnail","6":"product_cat-centrifuge-tubes","7":"product_cat-all","9":"first","10":"instock","11":"shipping-taxable","12":"product-type-simple"},"acf":[],"_links":{"self":[{"href":"https:\/\/lexamedlab.com\/de\/wp-json\/wp\/v2\/product\/22661","targetHints":{"allow":["GET"]}}],"collection":[{"href":"https:\/\/lexamedlab.com\/de\/wp-json\/wp\/v2\/product"}],"about":[{"href":"https:\/\/lexamedlab.com\/de\/wp-json\/wp\/v2\/types\/product"}],"replies":[{"embeddable":true,"href":"https:\/\/lexamedlab.com\/de\/wp-json\/wp\/v2\/comments?post=22661"}],"version-history":[{"count":2,"href":"https:\/\/lexamedlab.com\/de\/wp-json\/wp\/v2\/product\/22661\/revisions"}],"predecessor-version":[{"id":22745,"href":"https:\/\/lexamedlab.com\/de\/wp-json\/wp\/v2\/product\/22661\/revisions\/22745"}],"wp:featuredmedia":[{"embeddable":true,"href":"https:\/\/lexamedlab.com\/de\/wp-json\/wp\/v2\/media\/22662"}],"wp:attachment":[{"href":"https:\/\/lexamedlab.com\/de\/wp-json\/wp\/v2\/media?parent=22661"}],"wp:term":[{"taxonomy":"product_brand","embeddable":true,"href":"https:\/\/lexamedlab.com\/de\/wp-json\/wp\/v2\/product_brand?post=22661"},{"taxonomy":"product_cat","embeddable":true,"href":"https:\/\/lexamedlab.com\/de\/wp-json\/wp\/v2\/product_cat?post=22661"},{"taxonomy":"product_tag","embeddable":true,"href":"https:\/\/lexamedlab.com\/de\/wp-json\/wp\/v2\/product_tag?post=22661"}],"curies":[{"name":"wp","href":"https:\/\/api.w.org\/{rel}","templated":true}]}}