{"id":21261,"date":"2025-05-09T14:55:37","date_gmt":"2025-05-09T14:55:37","guid":{"rendered":"https:\/\/lexamedlab.com\/?page_id=21261"},"modified":"2025-05-10T08:08:19","modified_gmt":"2025-05-10T08:08:19","slug":"terms-of-use","status":"publish","type":"page","link":"https:\/\/lexamedlab.com\/es\/terms-of-use\/","title":{"rendered":"Condiciones de uso"},"content":{"rendered":"<div data-elementor-type=\"wp-page\" data-elementor-id=\"21261\" class=\"elementor elementor-21261\" data-elementor-post-type=\"page\">\n\t\t\t\t<div class=\"wd-negative-gap elementor-element elementor-element-c0c7c97 e-flex e-con-boxed e-con e-parent\" data-id=\"c0c7c97\" data-element_type=\"container\">\n\t\t\t\t\t<div class=\"e-con-inner\">\n\t\t\t\t<div class=\"elementor-element elementor-element-4968077 elementor-widget elementor-widget-wd_text_block\" data-id=\"4968077\" data-element_type=\"widget\" data-widget_type=\"wd_text_block.default\">\n\t\t\t\t<div class=\"elementor-widget-container\">\n\t\t\t\t\t\t\t<div class=\"wd-text-block reset-last-child text-left\">\n\t\t\t\n\t\t\t<p data-pm-slice=\"1 1 []\"><strong>Introducci\u00f3n<\/strong> Bienvenido a <a>https:\/\/lexamedlab.com\/<\/a>Estos T\u00e9rminos de Uso rigen su acceso y uso de nuestro sitio web. Al acceder a nuestro sitio web, usted acepta estos t\u00e9rminos.<\/p><p><strong>Elegibilidad<\/strong> Debe tener al menos 18 a\u00f1os para usar nuestro sitio web. Al usar nuestro sitio, confirma que cumple con este requisito de edad.<\/p><p><strong>Responsabilidades del usuario<\/strong><\/p><ul data-spread=\"false\"><li><p>Utilice el sitio web de forma legal y \u00e9tica.<\/p><\/li><li><p>No acceda sin autorizaci\u00f3n ni haga uso indebido de nuestros servicios.<\/p><\/li><li><p>Proporcionar informaci\u00f3n precisa y actualizada cuando sea necesario.<\/p><\/li><\/ul><p><strong>Propiedad intelectual<\/strong> Todo el contenido, las marcas registradas, los logotipos y los materiales de nuestro sitio web son propiedad de Lexamedlab o est\u00e1n licenciados a nosotros. Queda prohibido su uso no autorizado.<\/p><p><strong>Actividades prohibidas<\/strong><\/p><ul data-spread=\"false\"><li><p>Utilizar el sitio web para cualquier prop\u00f3sito ilegal.<\/p><\/li><li><p>Intento de violar la seguridad del sitio web.<\/p><\/li><li><p>Suplantar la identidad de cualquier persona o entidad.<\/p><\/li><\/ul><p><strong>Informaci\u00f3n de productos y servicios<\/strong> Nos esforzamos por proporcionar informaci\u00f3n precisa sobre nuestros productos y servicios, pero no garantizamos que todo el contenido est\u00e9 libre de errores.<\/p><p><strong>Enlaces de terceros<\/strong> Nuestro sitio web puede contener enlaces a sitios web de terceros. No nos responsabilizamos de su contenido ni de sus pr\u00e1cticas de privacidad.<\/p><p><strong>Limitaci\u00f3n de responsabilidad<\/strong> Lexamedlab no es responsable de ning\u00fan da\u00f1o indirecto, incidental o consecuente que resulte de su uso de nuestro sitio web.<\/p><p><strong>Cambios a estos T\u00e9rminos<\/strong> Nos reservamos el derecho de actualizar estas Condiciones de Uso en cualquier momento. Los cambios se publicar\u00e1n en esta p\u00e1gina con la fecha de &quot;\u00daltima actualizaci\u00f3n&quot;.<\/p>\n\t\t\t\t\t<\/div>\n\t\t\t\t\t\t<\/div>\n\t\t\t\t<\/div>\n\t\t\t\t\t<\/div>\n\t\t\t\t<\/div>\n\t\t\t\t<\/div>","protected":false},"excerpt":{"rendered":"<p>Introducci\u00f3n Bienvenido a https:\/\/lexamedlab.com\/. Estos T\u00e9rminos de uso rigen su acceso y uso de nuestro sitio web. Al acceder a nuestro<\/p>","protected":false},"author":1,"featured_media":0,"parent":0,"menu_order":0,"comment_status":"closed","ping_status":"closed","template":"","meta":{"_acf_changed":false,"footnotes":""},"class_list":["post-21261","page","type-page","status-publish","hentry"],"acf":[],"_links":{"self":[{"href":"https:\/\/lexamedlab.com\/es\/wp-json\/wp\/v2\/pages\/21261","targetHints":{"allow":["GET"]}}],"collection":[{"href":"https:\/\/lexamedlab.com\/es\/wp-json\/wp\/v2\/pages"}],"about":[{"href":"https:\/\/lexamedlab.com\/es\/wp-json\/wp\/v2\/types\/page"}],"author":[{"embeddable":true,"href":"https:\/\/lexamedlab.com\/es\/wp-json\/wp\/v2\/users\/1"}],"replies":[{"embeddable":true,"href":"https:\/\/lexamedlab.com\/es\/wp-json\/wp\/v2\/comments?post=21261"}],"version-history":[{"count":4,"href":"https:\/\/lexamedlab.com\/es\/wp-json\/wp\/v2\/pages\/21261\/revisions"}],"predecessor-version":[{"id":21439,"href":"https:\/\/lexamedlab.com\/es\/wp-json\/wp\/v2\/pages\/21261\/revisions\/21439"}],"wp:attachment":[{"href":"https:\/\/lexamedlab.com\/es\/wp-json\/wp\/v2\/media?parent=21261"}],"curies":[{"name":"wp","href":"https:\/\/api.w.org\/{rel}","templated":true}]}}