{"id":3,"date":"2025-05-07T15:05:01","date_gmt":"2025-05-07T15:05:01","guid":{"rendered":"https:\/\/lexamedlab.com\/?page_id=3"},"modified":"2025-05-10T08:06:39","modified_gmt":"2025-05-10T08:06:39","slug":"privacy-policy","status":"publish","type":"page","link":"https:\/\/lexamedlab.com\/es\/privacy-policy\/","title":{"rendered":"pol\u00edtica de privacidad"},"content":{"rendered":"<div data-elementor-type=\"wp-page\" data-elementor-id=\"3\" class=\"elementor elementor-3\" data-elementor-post-type=\"page\">\n\t\t\t\t<div class=\"wd-negative-gap elementor-element elementor-element-57f0b81d e-flex e-con-boxed e-con e-parent\" data-id=\"57f0b81d\" data-element_type=\"container\">\n\t\t\t\t\t<div class=\"e-con-inner\">\n\t\t\t\t<div class=\"elementor-element elementor-element-629844cd color-scheme-inherit text-left elementor-widget elementor-widget-text-editor\" data-id=\"629844cd\" data-element_type=\"widget\" data-widget_type=\"text-editor.default\">\n\t\t\t\t<div class=\"elementor-widget-container\">\n\t\t\t\t\t\t\t\t\t\n<p data-pm-slice=\"1 1 []\"><strong>Introducci\u00f3n<\/strong> En Lexamedlab, nos comprometemos a proteger su privacidad. Esta Pol\u00edtica de Privacidad explica c\u00f3mo recopilamos, usamos, divulgamos y protegemos su informaci\u00f3n cuando visita nuestro sitio web. <a>https:\/\/lexamedlab.com\/<\/a>.<\/p>\n<p><strong>Informaci\u00f3n que recopilamos<\/strong><\/p>\n<ul data-spread=\"false\">\n<li>\n<p><strong>Informaci\u00f3n personal:<\/strong> Nombre, direcci\u00f3n de correo electr\u00f3nico, n\u00famero de tel\u00e9fono y otros datos de contacto proporcionados por usted.<\/p>\n<\/li>\n<li>\n<p><strong>Informaci\u00f3n recopilada autom\u00e1ticamente:<\/strong> Direcci\u00f3n IP, tipo de navegador, sistema operativo, tiempos de acceso y p\u00e1ginas vistas.<\/p>\n<\/li>\n<li>\n<p><strong>Cookies y tecnolog\u00edas de seguimiento:<\/strong> Utilizamos cookies para mejorar su experiencia y analizar el uso del sitio.<\/p>\n<\/li>\n<\/ul>\n<p><strong>C\u00f3mo usamos su informaci\u00f3n<\/strong><\/p>\n<ul data-spread=\"false\">\n<li>\n<p>Para proporcionar, operar y mantener nuestro sitio web.<\/p>\n<\/li>\n<li>\n<p>Para responder a sus consultas y brindar asistencia al cliente.<\/p>\n<\/li>\n<li>\n<p>Para enviar comunicaciones de marketing y promocionales.<\/p>\n<\/li>\n<li>\n<p>Para cumplir con obligaciones legales.<\/p>\n<\/li>\n<\/ul>\n<p><strong>Compartir su informaci\u00f3n<\/strong> No vendemos ni alquilamos su informaci\u00f3n personal a terceros. Podr\u00edamos compartir su informaci\u00f3n con proveedores de servicios que nos ayudan con la operaci\u00f3n del sitio web, con las autoridades legales seg\u00fan sea necesario o con otras entidades con su consentimiento.<\/p>\n<p><strong>Seguridad de datos<\/strong> Implementamos medidas de seguridad razonables para proteger su informaci\u00f3n personal.<\/p>\n<p><strong>Sus derechos de protecci\u00f3n de datos<\/strong><\/p>\n<ul data-spread=\"false\">\n<li>\n<p>Acceder, actualizar o eliminar su informaci\u00f3n personal.<\/p>\n<\/li>\n<li>\n<p>Retirar el consentimiento en cualquier momento cuando dependamos del consentimiento.<\/p>\n<\/li>\n<\/ul>\n<p><strong>Cambios a esta Pol\u00edtica de Privacidad<\/strong> Podemos actualizar esta Pol\u00edtica de Privacidad peri\u00f3dicamente. Le notificaremos cualquier cambio actualizando la fecha de &quot;\u00daltima actualizaci\u00f3n&quot; de esta pol\u00edtica.<\/p>\n<p><strong>Cont\u00e1ctenos<\/strong> Si tiene alguna pregunta sobre esta Pol\u00edtica de privacidad, cont\u00e1ctenos en <a>soporte@lexamedlab.com<\/a>.<\/p>\t\t\t\t\t\t\t\t<\/div>\n\t\t\t\t<\/div>\n\t\t\t\t\t<\/div>\n\t\t\t\t<\/div>\n\t\t\t\t<\/div>","protected":false},"excerpt":{"rendered":"<p>Introducci\u00f3n En Lexamedlab, nos comprometemos a proteger su privacidad. Esta Pol\u00edtica de Privacidad explica c\u00f3mo recopilamos, usamos, divulgamos y<\/p>","protected":false},"author":1,"featured_media":0,"parent":0,"menu_order":0,"comment_status":"closed","ping_status":"closed","template":"","meta":{"_acf_changed":false,"footnotes":""},"class_list":["post-3","page","type-page","status-publish","hentry"],"acf":[],"_links":{"self":[{"href":"https:\/\/lexamedlab.com\/es\/wp-json\/wp\/v2\/pages\/3","targetHints":{"allow":["GET"]}}],"collection":[{"href":"https:\/\/lexamedlab.com\/es\/wp-json\/wp\/v2\/pages"}],"about":[{"href":"https:\/\/lexamedlab.com\/es\/wp-json\/wp\/v2\/types\/page"}],"author":[{"embeddable":true,"href":"https:\/\/lexamedlab.com\/es\/wp-json\/wp\/v2\/users\/1"}],"replies":[{"embeddable":true,"href":"https:\/\/lexamedlab.com\/es\/wp-json\/wp\/v2\/comments?post=3"}],"version-history":[{"count":4,"href":"https:\/\/lexamedlab.com\/es\/wp-json\/wp\/v2\/pages\/3\/revisions"}],"predecessor-version":[{"id":21436,"href":"https:\/\/lexamedlab.com\/es\/wp-json\/wp\/v2\/pages\/3\/revisions\/21436"}],"wp:attachment":[{"href":"https:\/\/lexamedlab.com\/es\/wp-json\/wp\/v2\/media?parent=3"}],"curies":[{"name":"wp","href":"https:\/\/api.w.org\/{rel}","templated":true}]}}