{"id":21829,"date":"2025-05-16T15:24:21","date_gmt":"2025-05-16T15:24:21","guid":{"rendered":"https:\/\/lexamedlab.com\/?post_type=product&#038;p=21829"},"modified":"2025-05-29T06:49:50","modified_gmt":"2025-05-29T06:49:50","slug":"benchtop-low-speed-centrifuge-td-420","status":"publish","type":"product","link":"https:\/\/lexamedlab.com\/es\/product\/benchtop-low-speed-centrifuge-td-420\/","title":{"rendered":"Centr\u00edfuga de sobremesa de baja velocidad TD-420"},"content":{"rendered":"<div style=\"width: 1280px;\" class=\"wp-video\"><!--[if lt IE 9]><script>document.createElement('video');<\/script><![endif]-->\n<video class=\"wp-video-shortcode\" id=\"video-21829-1\" width=\"1280\" height=\"720\" preload=\"metadata\" controls=\"controls\"><source type=\"video\/mp4\" src=\"https:\/\/lexamedlab.com\/wp-content\/uploads\/2021\/08\/td-500-low-speed-centrifuge-1-1.mp4?_=1\" \/><a href=\"https:\/\/lexamedlab.com\/wp-content\/uploads\/2021\/08\/td-500-low-speed-centrifuge-1-1.mp4\">https:\/\/lexamedlab.com\/wp-content\/uploads\/2021\/08\/td-500-low-speed-centrifuge-1-1.mp4<\/a><\/video><\/div>\n<blockquote><p><strong><span style=\"font-size: 18pt;\">&gt;Caracter\u00edsticas\u00a0 \u00a0 \u00a0<\/span><\/strong><\/p><\/blockquote>\n<p>&nbsp;<\/p>\n<table style=\"height: 135px; width: 100%; border-collapse: collapse; background-color: #35a1cc;\">\n<thead>\n<tr style=\"height: 275px;\">\n<td style=\"width: 50%; height: 42px;\">\n<div>\n<div><strong><span style=\"color: #ffffff; font-family: 'times new roman', times, serif; font-size: 18pt;\">Funci\u00f3n f\u00e1cil de usar\u00a0<\/span><\/strong><\/div>\n<div><span style=\"color: #ffffff; font-family: 'times new roman', times, serif; font-size: 14pt;\">&gt;hasta 1000 programas definidos por el usuario<\/span><\/div>\n<div><span style=\"color: #ffffff; font-family: 'times new roman', times, serif; font-size: 14pt;\">&gt;Hasta 1000 historiales de ejecuci\u00f3n, se pueden exportar mediante USB<\/span><\/div>\n<div><span style=\"color: #ffffff; font-family: 'times new roman', times, serif; font-size: 14pt;\">&gt;hasta 40 velocidades de aceleraci\u00f3n y desaceleraci\u00f3n<\/span><\/div>\n<div><span style=\"color: #ffffff; font-family: 'times new roman', times, serif; font-size: 14pt;\">&gt;Modo de centrifugaci\u00f3n multietapa disponible hasta 5 etapas<\/span><\/div>\n<div><span style=\"color: #ffffff; font-family: 'times new roman', times, serif; font-size: 14pt;\">&gt;rango de temporizador de hasta 99h59m59s, incremento de 1s<\/span><\/div>\n<\/div>\n<\/td>\n<td style=\"width: 49.805%; height: 42px;\">\n<div>\n<div>\n<div><span style=\"font-size: 18pt;\"><strong><span style=\"font-family: 'times new roman', times, serif; color: #ffffff;\">Pantalla t\u00e1ctil LCD\u00a0<\/span><\/strong><\/span><\/div>\n<div><span style=\"font-size: 14pt; font-family: 'times new roman', times, serif; color: #ffffff;\">&gt;Sencillo y claro para mostrar todos los par\u00e1metros.<\/span><\/div>\n<div><span style=\"font-size: 14pt; font-family: 'times new roman', times, serif; color: #ffffff;\">&gt; Pantalla t\u00e1ctil, f\u00e1cil de configurar par\u00e1metros<\/span><\/div>\n<div><span style=\"font-size: 14pt; font-family: 'times new roman', times, serif; color: #ffffff;\">&gt;RCF se puede configurar directamente<\/span><\/div>\n<div><span style=\"font-size: 14pt; font-family: 'times new roman', times, serif; color: #ffffff;\">&gt;RPM y RCF se convierten autom\u00e1ticamente<\/span><\/div>\n<div>\n<p><span style=\"font-size: 14pt; font-family: 'times new roman', times, serif; color: #ffffff;\">&gt;El usuario puede configurar par\u00e1metros incluso con guantes<\/span><\/p>\n<div><span style=\"font-size: 14pt; font-family: 'times new roman', times, serif; color: #ffffff;\">&gt;El usuario puede restablecer los par\u00e1metros cuando el rotor est\u00e1 girando<\/span><\/div>\n<\/div>\n<\/div>\n<\/div>\n<\/td>\n<\/tr>\n<\/thead>\n<tbody>\n<tr style=\"height: 269px;\">\n<td style=\"width: 50%; height: 93px;\">\n<div>\n<div><span style=\"font-size: 18pt;\"><strong><span style=\"font-family: 'times new roman', times, serif; color: #ffffff;\">Garantizar la seguridad\u00a0<\/span><\/strong><\/span><\/div>\n<div><span style=\"font-size: 14pt; font-family: 'times new roman', times, serif; color: #ffffff;\">&gt;Control por microprocesador<\/span><\/div>\n<div><span style=\"font-size: 14pt; font-family: 'times new roman', times, serif; color: #ffffff;\">&gt;Cerradura electr\u00f3nica motorizada<\/span><\/div>\n<div><span style=\"font-size: 14pt; font-family: 'times new roman', times, serif; color: #ffffff;\">&gt;La puerta no se puede abrir cuando el rotor est\u00e1 girando<\/span><\/div>\n<div><span style=\"font-size: 14pt; font-family: 'times new roman', times, serif; color: #ffffff;\">&gt;Bisagra de gas para evitar la ca\u00edda de la puerta.<\/span><\/div>\n<div><span style=\"font-size: 14pt; font-family: 'times new roman', times, serif; color: #ffffff;\">&gt;Puerto en la puerta para calibraci\u00f3n y comprobaci\u00f3n del funcionamiento.<\/span><\/div>\n<div><span style=\"font-size: 14pt; font-family: 'times new roman', times, serif; color: #ffffff;\">&gt;Apertura de emergencia de la cerradura de la puerta<\/span><\/div>\n<div><span style=\"font-size: 14pt; font-family: 'times new roman', times, serif; color: #ffffff;\">&gt;Contrase\u00f1a para bloquear el dispositivo<\/span><\/div>\n<\/div>\n<\/td>\n<td style=\"width: 49.805%; height: 93px;\">\n<div>\n<div><span style=\"color: #ffffff;\"><strong><span style=\"font-size: 18pt; font-family: 'times new roman', times, serif;\">Buenos componentes\u00a0<\/span><\/strong><\/span><\/div>\n<div><span style=\"color: #ffffff; font-size: 14pt; font-family: 'times new roman', times, serif;\">&gt;Motor: Motor de frecuencia variable.<\/span><\/div>\n<div><span style=\"color: #ffffff; font-size: 14pt; font-family: 'times new roman', times, serif;\">\u00a0 \u00a0 \u00a0 \u00a0 \u00a0 \u00a0 \u00a0 \u00a0 Funcionamiento estable, sin necesidad de mantenimiento, larga vida \u00fatil.<\/span><\/div>\n<div><span style=\"color: #ffffff; font-size: 14pt; font-family: 'times new roman', times, serif;\">&gt;Carcasa: Acero grueso y resistente.<\/span><\/div>\n<div><span style=\"color: #ffffff; font-size: 14pt; font-family: 'times new roman', times, serif;\">&gt;C\u00e1mara: Acero inoxidable 304 de grado alimenticio.<\/span><\/div>\n<div><span style=\"color: #ffffff; font-size: 14pt; font-family: 'times new roman', times, serif;\">\u00a0 \u00a0 \u00a0 \u00a0 \u00a0 \u00a0 \u00a0 \u00a0 Anticorrosi\u00f3n y f\u00e1cil de limpiar.<\/span><\/div>\n<div><span style=\"color: #ffffff; font-size: 14pt; font-family: 'times new roman', times, serif;\">&gt;Rotor: Rotor de \u00e1ngulo fijo de aleaci\u00f3n de aluminio;<\/span><\/div>\n<div><span style=\"color: #ffffff; font-size: 14pt; font-family: 'times new roman', times, serif;\">\u00a0 \u00a0 \u00a0 \u00a0 \u00a0 \u00a0 \u00a0 \u00a0Rotor oscilante de acero inoxidable.<\/span><\/div>\n<div><span style=\"color: #ffffff; font-size: 14pt; font-family: 'times new roman', times, serif;\">&gt;Los rotores son autoclavables\u00a0<\/span><\/div>\n<\/div>\n<\/td>\n<\/tr>\n<\/tbody>\n<\/table>\n<blockquote><p><span style=\"font-size: 18pt;\"><strong>&gt;Rotores disponibles<\/strong><\/span><\/p><\/blockquote>\n<table style=\"height: 100%; width: 100%; border-collapse: collapse;\">\n<tbody>\n<tr style=\"height: 263px;\">\n<td style=\"width: 25%; height: 263px;\">\u00a0\u00a0\u00a0\u00a0<img fetchpriority=\"high\" decoding=\"async\" class=\"alignnone size-medium wp-image-21834\" src=\"https:\/\/lexamedlab.com\/wp-content\/uploads\/2025\/05\/4x50ml.webp\" alt=\"\" width=\"1500\" height=\"1000\" \/><\/td>\n<td style=\"width: 25%; height: 263px;\"><img decoding=\"async\" class=\"alignnone size-full wp-image-21835\" src=\"https:\/\/lexamedlab.com\/wp-content\/uploads\/2025\/05\/4x100ml-level.webp\" alt=\"\" width=\"1500\" height=\"1000\" \/><\/td>\n<td style=\"width: 25%; height: 263px;\"><img decoding=\"async\" class=\"alignnone size-full wp-image-21836\" src=\"https:\/\/lexamedlab.com\/wp-content\/uploads\/2025\/05\/16x15ml.webp\" alt=\"\" width=\"1500\" height=\"1000\" \/><\/td>\n<td style=\"width: 25%; height: 263px;\"><img loading=\"lazy\" decoding=\"async\" class=\"alignnone size-full wp-image-21837\" src=\"https:\/\/lexamedlab.com\/wp-content\/uploads\/2025\/05\/8x50ml-level.webp\" alt=\"\" width=\"1500\" height=\"1000\" \/><\/td>\n<\/tr>\n<tr style=\"height: 24px;\">\n<td style=\"width: 25%; height: 24px;\">\n<div><span style=\"font-size: 14pt; font-family: 'times new roman', times, serif;\">Rotor: Rotor oscilante<\/span><\/div>\n<div><span style=\"font-size: 14pt; font-family: 'times new roman', times, serif;\">Capacidad: 4 x 50 ml<\/span><\/div>\n<div><span style=\"font-size: 14pt; font-family: 'times new roman', times, serif;\">Velocidad m\u00e1xima: 4200 rpm<\/span><\/div>\n<div><span style=\"font-size: 14pt; font-family: 'times new roman', times, serif;\">FCR m\u00e1ximo: 3281xg<\/span><\/div>\n<div><span style=\"font-size: 14pt; font-family: 'times new roman', times, serif;\">Tama\u00f1o del tubo: 30 x 116 mm<\/span><\/div>\n<\/td>\n<td style=\"width: 25%; height: 24px;\">\n<div><span style=\"font-size: 14pt; font-family: 'times new roman', times, serif;\">Rotor: Rotor oscilante<\/span><\/div>\n<div><span style=\"font-size: 14pt; font-family: 'times new roman', times, serif;\">Capacidad: 4 x 100 ml<\/span><\/div>\n<div><span style=\"font-size: 14pt; font-family: 'times new roman', times, serif;\">Velocidad m\u00e1xima: 4200 rpm<\/span><\/div>\n<div><span style=\"font-size: 14pt; font-family: 'times new roman', times, serif;\">FCR m\u00e1ximo: 3281xg<\/span><\/div>\n<div><span style=\"font-size: 14pt; font-family: 'times new roman', times, serif;\">Tama\u00f1o del tubo: 38 x 114 mm<\/span><\/div>\n<\/td>\n<td style=\"width: 25%; height: 24px;\">\n<div><span style=\"font-size: 14pt; font-family: 'times new roman', times, serif;\">Rotor: Rotor oscilante<\/span><\/div>\n<div><span style=\"font-size: 14pt; font-family: 'times new roman', times, serif;\">Capacidad: 16 x 15 ml<\/span><\/div>\n<div><span style=\"font-size: 14pt; font-family: 'times new roman', times, serif;\">Velocidad m\u00e1xima: 4200 rpm<\/span><\/div>\n<div><span style=\"font-size: 14pt; font-family: 'times new roman', times, serif;\">FCR m\u00e1ximo: 3259xg<\/span><\/div>\n<div><span style=\"font-size: 14pt; font-family: 'times new roman', times, serif;\">Tama\u00f1o del tubo: 17 x 121 mm<\/span><\/div>\n<div><span style=\"font-size: 14pt; font-family: 'times new roman', times, serif;\">Puede elegir adaptadores para tubos de sangre.<\/span><\/div>\n<\/td>\n<td style=\"width: 25%; height: 24px;\">\n<div><span style=\"font-size: 14pt; font-family: 'times new roman', times, serif;\">Rotor: Rotor oscilante<\/span><\/div>\n<div><span style=\"font-size: 14pt; font-family: 'times new roman', times, serif;\">Capacidad: 8 x 50 ml\u00a0<\/span><\/div>\n<div><span style=\"font-size: 14pt; font-family: 'times new roman', times, serif;\">Velocidad m\u00e1xima: 4200 rpm<\/span><\/div>\n<div><span style=\"font-size: 14pt; font-family: 'times new roman', times, serif;\">FCR m\u00e1ximo: 3285xg<\/span><\/div>\n<div><span style=\"font-size: 14pt; font-family: 'times new roman', times, serif;\">Tama\u00f1o del tubo: 30 x 116 mm<\/span><\/div>\n<\/td>\n<\/tr>\n<\/tbody>\n<\/table>","protected":false},"excerpt":{"rendered":"<div>\n<p><span style=\"font-size: 14pt; font-family: 'times new roman', times, serif;\">El TD-420 ofrece una comodidad excepcional para el usuario y una selecci\u00f3n de 4 rotores, incluidos los rotores oscilantes m\u00e1s populares para tubos de 15 ml y 50 ml. Adopta una pantalla t\u00e1ctil LCD inteligente, se opera f\u00e1cilmente con guantes. Gracias al fuerte sistema operativo, admite la centrifugaci\u00f3n de m\u00faltiples etapas y puede almacenar hasta 1000 programas.<\/span><\/p>\n<\/div>\n<ul>\n<li><span style=\"font-size: 14pt; font-family: 'times new roman', times, serif;\">Velocidad m\u00e1xima\u00a0 \u00a0 \u00a0 \u00a0 \u00a0 \u00a0 \u00a0 \u00a0 \u00a0 <span class=\"item-val\">4200 rpm<\/span><\/span><\/li>\n<li><span style=\"font-size: 14pt; font-family: 'times new roman', times, serif;\">RCF m\u00e1ximo\u00a0 \u00a0 \u00a0 \u00a0 \u00a0 \u00a0 \u00a0 \u00a0 \u00a0 \u00a0 <span class=\"item-val\">3285xg<\/span><\/span><\/li>\n<li><span style=\"font-size: 14pt; font-family: 'times new roman', times, serif;\">Capacidad m\u00e1xima\u00a0 \u00a0 \u00a0 \u00a0 \u00a0 \u00a0 \u00a0 <span class=\"item-val\">4 x 100 ml<\/span><\/span><\/li>\n<li><span style=\"font-size: 14pt; font-family: 'times new roman', times, serif;\">Rango del temporizador\u00a0 \u00a0 \u00a0 \u00a0 \u00a0 \u00a0 \u00a0 \u00a0 <span class=\"item-val\">1s a 99h59m59s<\/span><\/span><\/li>\n<li><span style=\"font-size: 14pt; font-family: 'times new roman', times, serif;\">Precisi\u00f3n de velocidad\u00a0 \u00a0 \u00a0 \u00a0 \u00a0 \u00a0<span class=\"item-val\">\u00b110 rpm<\/span><\/span><\/li>\n<li><span style=\"font-size: 14pt; font-family: 'times new roman', times, serif;\">Ruido\u00a0 \u00a0 \u00a0 \u00a0 \u00a0 \u00a0 \u00a0 \u00a0 \u00a0 \u00a0 \u00a0 \u00a0 \u00a0 <span class=\"item-val\">\u226460 dB(A)<\/span><\/span><\/li>\n<li><span style=\"font-size: 14pt; font-family: 'times new roman', times, serif;\">Consumo de energ\u00eda\u00a0 \u00a0<span class=\"item-val\">500 W<\/span><\/span><\/li>\n<li><span style=\"font-size: 14pt; font-family: 'times new roman', times, serif;\">Dimensi\u00f3n\u00a0 \u00a0 \u00a0 \u00a0 \u00a0 \u00a0 \u00a0 \u00a0 \u00a0<span class=\"item-val\">495x400x420mm<\/span><\/span><\/li>\n<li><span style=\"font-size: 14pt; font-family: 'times new roman', times, serif;\">Peso neto\u00a0 \u00a0 \u00a0 \u00a0 \u00a0 \u00a0 \u00a0 \u00a0 \u00a0<span class=\"item-val\">27 kilos<\/span><\/span><\/li>\n<\/ul>","protected":false},"featured_media":22770,"comment_status":"open","ping_status":"closed","template":"","meta":{"_acf_changed":false},"product_brand":[],"product_cat":[20,95,80,87],"product_tag":[],"class_list":{"0":"post-21829","1":"product","2":"type-product","3":"status-publish","4":"has-post-thumbnail","6":"product_cat-all","7":"product_cat-benchtop-low-speed-centrifuge","8":"product_cat-centrifuge","9":"product_cat-low-speed-centrifuge","11":"first","12":"instock","13":"shipping-taxable","14":"product-type-simple"},"acf":[],"_links":{"self":[{"href":"https:\/\/lexamedlab.com\/es\/wp-json\/wp\/v2\/product\/21829","targetHints":{"allow":["GET"]}}],"collection":[{"href":"https:\/\/lexamedlab.com\/es\/wp-json\/wp\/v2\/product"}],"about":[{"href":"https:\/\/lexamedlab.com\/es\/wp-json\/wp\/v2\/types\/product"}],"replies":[{"embeddable":true,"href":"https:\/\/lexamedlab.com\/es\/wp-json\/wp\/v2\/comments?post=21829"}],"version-history":[{"count":14,"href":"https:\/\/lexamedlab.com\/es\/wp-json\/wp\/v2\/product\/21829\/revisions"}],"predecessor-version":[{"id":22772,"href":"https:\/\/lexamedlab.com\/es\/wp-json\/wp\/v2\/product\/21829\/revisions\/22772"}],"wp:featuredmedia":[{"embeddable":true,"href":"https:\/\/lexamedlab.com\/es\/wp-json\/wp\/v2\/media\/22770"}],"wp:attachment":[{"href":"https:\/\/lexamedlab.com\/es\/wp-json\/wp\/v2\/media?parent=21829"}],"wp:term":[{"taxonomy":"product_brand","embeddable":true,"href":"https:\/\/lexamedlab.com\/es\/wp-json\/wp\/v2\/product_brand?post=21829"},{"taxonomy":"product_cat","embeddable":true,"href":"https:\/\/lexamedlab.com\/es\/wp-json\/wp\/v2\/product_cat?post=21829"},{"taxonomy":"product_tag","embeddable":true,"href":"https:\/\/lexamedlab.com\/es\/wp-json\/wp\/v2\/product_tag?post=21829"}],"curies":[{"name":"wp","href":"https:\/\/api.w.org\/{rel}","templated":true}]}}