{"id":21878,"date":"2025-05-17T02:23:12","date_gmt":"2025-05-17T02:23:12","guid":{"rendered":"https:\/\/lexamedlab.com\/?post_type=product&#038;p=21878"},"modified":"2025-05-27T15:11:37","modified_gmt":"2025-05-27T15:11:37","slug":"benchtop-low-speed-centrifuge-td-5","status":"publish","type":"product","link":"https:\/\/lexamedlab.com\/es\/product\/benchtop-low-speed-centrifuge-td-5\/","title":{"rendered":"Centr\u00edfuga de sobremesa de baja velocidad TD-5"},"content":{"rendered":"<div class=\"layout\"><strong><span style=\"font-size: 18pt; font-family: 'times new roman', times, serif;\">&gt;&gt;Caracter\u00edsticas<\/span><\/strong><\/div>\n<div>\n<table style=\"width: 100%; border-collapse: collapse; background-color: #35a1cc;\">\n<tbody>\n<tr>\n<td style=\"width: 50%;\">\n<h1 class=\"item-title\"><span style=\"color: #ffffff;\">Funciones f\u00e1ciles de usar<\/span><\/h1>\n<div>\n<div><span style=\"color: #ffffff;\">&gt;hasta 100 programas definidos por el usuario<\/span><\/div>\n<div><span style=\"color: #ffffff;\">&gt;hasta 20 velocidades de aceleraci\u00f3n y desaceleraci\u00f3n<\/span><\/div>\n<div><span style=\"color: #ffffff;\">&gt;rango de temporizador de hasta 99h59m59s<\/span><\/div>\n<div><span style=\"color: #ffffff;\">&gt;Modo de centrifugaci\u00f3n multietapa disponible hasta 5 etapas<\/span><\/div>\n<div><span style=\"color: #ffffff;\">&gt;La pantalla LED muestra par\u00e1metros importantes<\/span><\/div>\n<div><span style=\"color: #ffffff;\">&gt;RCF se puede configurar directamente<\/span><\/div>\n<div><span style=\"color: #ffffff;\">&gt;Teclado t\u00e1ctil a prueba de agua, cada par\u00e1metro tiene\u00a0<\/span><\/div>\n<div><span style=\"color: #ffffff;\">\u00a0 \u00a0bot\u00f3n correspondiente para configurar<\/span><\/div>\n<div><span style=\"color: #ffffff;\">&gt;El usuario puede restablecer los par\u00e1metros cuando el rotor est\u00e1 girando<\/span><\/div>\n<\/div>\n<\/td>\n<td style=\"width: 50%;\">\n<h1 class=\"item-title\"><span style=\"color: #ffffff;\">Garantizar la seguridad<\/span><\/h1>\n<div>\n<div><span style=\"color: #ffffff;\">&gt;Control por microprocesador<\/span><\/div>\n<div><span style=\"color: #ffffff;\">&gt;Cerradura electr\u00f3nica motorizada<\/span><\/div>\n<div><span style=\"color: #ffffff;\">&gt;La puerta no se puede abrir cuando el rotor est\u00e1 girando<\/span><\/div>\n<div><span style=\"color: #ffffff;\">&gt;Bisagra de gas para evitar la ca\u00edda de la puerta.<\/span><\/div>\n<div><span style=\"color: #ffffff;\">&gt;Puerto en la puerta para calibraci\u00f3n y comprobaci\u00f3n del funcionamiento.<\/span><\/div>\n<div><span style=\"color: #ffffff;\">&gt;Apertura de emergencia de la cerradura de la puerta<\/span><\/div>\n<\/div>\n<\/td>\n<\/tr>\n<tr>\n<td style=\"width: 50%;\">\n<h1 class=\"item-title\"><span style=\"color: #ffffff;\">Buenos componentes<\/span><\/h1>\n<div>\n<div><span style=\"color: #ffffff;\">&gt;Motor: Motor de frecuencia variable.<\/span><\/div>\n<div><span style=\"color: #ffffff;\">\u00a0 \u00a0 \u00a0 \u00a0 \u00a0 \u00a0 \u00a0 \u00a0 Funcionamiento estable, sin necesidad de mantenimiento, larga vida \u00fatil.<\/span><\/div>\n<div><span style=\"color: #ffffff;\">&gt;Carcasa: Acero grueso y resistente.<\/span><\/div>\n<div><span style=\"color: #ffffff;\">&gt;C\u00e1mara: Acero inoxidable 304 de grado alimenticio.<\/span><\/div>\n<div><span style=\"color: #ffffff;\">\u00a0 \u00a0 \u00a0 \u00a0 \u00a0 \u00a0 \u00a0 \u00a0 Anticorrosi\u00f3n y f\u00e1cil de limpiar.<\/span><\/div>\n<div><span style=\"color: #ffffff;\">&gt;Rotor: Rotor oscilante de acero inoxidable.<\/span><\/div>\n<div><span style=\"color: #ffffff;\">&gt;Los rotores son autoclavables\u00a0<\/span><\/div>\n<\/div>\n<\/td>\n<td style=\"width: 50%;\"><img fetchpriority=\"high\" decoding=\"async\" class=\"alignnone wp-image-21880\" src=\"https:\/\/lexamedlab.com\/wp-content\/uploads\/2025\/05\/control-panel-2-1.webp\" alt=\"\" width=\"439\" height=\"263\" \/><\/td>\n<\/tr>\n<\/tbody>\n<\/table>\n<blockquote><p><span style=\"font-family: 'times new roman', times, serif; font-size: 18pt;\"><strong>&gt;Rotores disponibles<\/strong><\/span><\/p><\/blockquote>\n<p><img decoding=\"async\" class=\"alignnone size-full wp-image-21881\" src=\"https:\/\/lexamedlab.com\/wp-content\/uploads\/2025\/05\/td-5z-1-scaled.webp\" alt=\"\" width=\"2560\" height=\"811\" \/><img decoding=\"async\" class=\"alignnone size-full wp-image-21882\" src=\"https:\/\/lexamedlab.com\/wp-content\/uploads\/2025\/05\/td-5z-2-scaled.webp\" alt=\"\" width=\"2560\" height=\"1673\" \/><\/p>\n<\/div>","protected":false},"excerpt":{"rendered":"<div>\n<p><span style=\"font-family: 'times new roman', times, serif; font-size: 14pt;\">El TD-5 puede equiparse con varios rotores oscilantes para tubos\/botellas de centr\u00edfuga de 15 ml a 250 ml, tubos de recolecci\u00f3n de sangre de 13 mm y placas de 96 pocillos. Una m\u00e1quina con m\u00faltiples funciones que puede satisfacer... <\/span><span style=\"font-family: 'times new roman', times, serif; font-size: 14pt;\">una variedad de necesidades centr\u00edfugas de baja velocidad.<\/span><\/p>\n<\/div>\n<ul>\n<li><span style=\"font-family: 'times new roman', times, serif; font-size: 14pt;\">Velocidad m\u00e1xima\u00a0 \u00a0 \u00a0 \u00a0 \u00a0 \u00a0 \u00a0 \u00a0 \u00a0 \u00a0 \u00a0 <span class=\"item-val\">5000 rpm<\/span><\/span><\/li>\n<li><span style=\"font-family: 'times new roman', times, serif; font-size: 14pt;\">RCF m\u00e1ximo\u00a0 \u00a0 \u00a0 \u00a0 \u00a0 \u00a0 \u00a0 \u00a0 \u00a0 \u00a0 \u00a0 \u00a0<span class=\"item-val\">4650xg<\/span><\/span><\/li>\n<li><span style=\"font-family: 'times new roman', times, serif; font-size: 14pt;\">Capacidad m\u00e1xima\u00a0 \u00a0 \u00a0 \u00a0 \u00a0 \u00a0 \u00a0 \u00a0 \u00a0<span class=\"item-val\">4 x 250 ml<\/span><\/span><\/li>\n<li><span style=\"font-family: 'times new roman', times, serif; font-size: 14pt;\">Rango del temporizador\u00a0 \u00a0 \u00a0 \u00a0 \u00a0 \u00a0 \u00a0 \u00a0 \u00a0 \u00a0<span class=\"item-val\">1s a 99h59m59s<\/span><\/span><\/li>\n<li><span style=\"font-family: 'times new roman', times, serif; font-size: 14pt;\">Precisi\u00f3n de velocidad\u00a0 \u00a0 \u00a0 \u00a0 \u00a0 \u00a0 \u00a0 <span class=\"item-val\">\u00b110 rpm<\/span><\/span><\/li>\n<li><span style=\"font-family: 'times new roman', times, serif; font-size: 14pt;\">Ruido\u00a0 \u00a0 \u00a0 \u00a0 \u00a0 \u00a0 \u00a0 \u00a0 \u00a0 \u00a0 \u00a0 \u00a0 \u00a0 \u00a0 \u00a0<span class=\"item-val\">\u226460 dB(A)<\/span><\/span><\/li>\n<li><span style=\"font-family: 'times new roman', times, serif; font-size: 14pt;\">Consumo de energ\u00eda\u00a0 \u00a0 \u00a0 <span class=\"item-val\">500 W<\/span><\/span><\/li>\n<li><span style=\"font-family: 'times new roman', times, serif; font-size: 14pt;\">Dimensi\u00f3n\u00a0 \u00a0 \u00a0 \u00a0 \u00a0 \u00a0 \u00a0 \u00a0 \u00a0 \u00a0 <span class=\"item-val\">550x430x350mm<\/span><\/span><\/li>\n<li><span style=\"font-family: 'times new roman', times, serif; font-size: 14pt;\">Peso neto\u00a0 \u00a0 \u00a0 \u00a0 \u00a0 \u00a0 \u00a0 \u00a0 \u00a0 \u00a0 <span class=\"item-val\">39 kilos<\/span><\/span><\/li>\n<\/ul>","protected":false},"featured_media":21883,"comment_status":"open","ping_status":"closed","template":"","meta":{"_acf_changed":false},"product_brand":[],"product_cat":[20,95,80,87],"product_tag":[],"class_list":{"0":"post-21878","1":"product","2":"type-product","3":"status-publish","4":"has-post-thumbnail","6":"product_cat-all","7":"product_cat-benchtop-low-speed-centrifuge","8":"product_cat-centrifuge","9":"product_cat-low-speed-centrifuge","11":"first","12":"instock","13":"shipping-taxable","14":"product-type-simple"},"acf":[],"_links":{"self":[{"href":"https:\/\/lexamedlab.com\/es\/wp-json\/wp\/v2\/product\/21878","targetHints":{"allow":["GET"]}}],"collection":[{"href":"https:\/\/lexamedlab.com\/es\/wp-json\/wp\/v2\/product"}],"about":[{"href":"https:\/\/lexamedlab.com\/es\/wp-json\/wp\/v2\/types\/product"}],"replies":[{"embeddable":true,"href":"https:\/\/lexamedlab.com\/es\/wp-json\/wp\/v2\/comments?post=21878"}],"version-history":[{"count":2,"href":"https:\/\/lexamedlab.com\/es\/wp-json\/wp\/v2\/product\/21878\/revisions"}],"predecessor-version":[{"id":21954,"href":"https:\/\/lexamedlab.com\/es\/wp-json\/wp\/v2\/product\/21878\/revisions\/21954"}],"wp:featuredmedia":[{"embeddable":true,"href":"https:\/\/lexamedlab.com\/es\/wp-json\/wp\/v2\/media\/21883"}],"wp:attachment":[{"href":"https:\/\/lexamedlab.com\/es\/wp-json\/wp\/v2\/media?parent=21878"}],"wp:term":[{"taxonomy":"product_brand","embeddable":true,"href":"https:\/\/lexamedlab.com\/es\/wp-json\/wp\/v2\/product_brand?post=21878"},{"taxonomy":"product_cat","embeddable":true,"href":"https:\/\/lexamedlab.com\/es\/wp-json\/wp\/v2\/product_cat?post=21878"},{"taxonomy":"product_tag","embeddable":true,"href":"https:\/\/lexamedlab.com\/es\/wp-json\/wp\/v2\/product_tag?post=21878"}],"curies":[{"name":"wp","href":"https:\/\/api.w.org\/{rel}","templated":true}]}}