{"id":21928,"date":"2025-05-19T02:05:29","date_gmt":"2025-05-19T02:05:29","guid":{"rendered":"https:\/\/lexamedlab.com\/?post_type=product&#038;p=21928"},"modified":"2025-05-27T15:11:37","modified_gmt":"2025-05-27T15:11:37","slug":"floor-standing-low-speed-large-capacity-centrifuge-dd-6000","status":"publish","type":"product","link":"https:\/\/lexamedlab.com\/es\/product\/floor-standing-low-speed-large-capacity-centrifuge-dd-6000\/","title":{"rendered":"Centr\u00edfuga de suelo de baja velocidad y gran capacidad DD-6000"},"content":{"rendered":"<blockquote><p><span style=\"font-size: 18pt;\"><strong><span style=\"font-family: 'times new roman', times, serif;\">&gt;Caracter\u00edstica<\/span><\/strong><\/span><\/p><\/blockquote>\n<table style=\"width: 100%; border-collapse: collapse; background-color: #35a1cc; height: 34px;\">\n<tbody>\n<tr style=\"height: 24px;\">\n<td style=\"width: 50%; height: 24px;\"><span style=\"color: #ffffff;\"><strong><span style=\"font-family: 'times new roman', times, serif; font-size: 18pt;\">Funciones f\u00e1ciles de usar<\/span><\/strong><\/span><\/p>\n<div><span style=\"font-family: 'times new roman', times, serif; font-size: 14pt; color: #ffffff;\">&gt;hasta 1000 programas definidos por el usuario<\/span><\/div>\n<div><span style=\"font-family: 'times new roman', times, serif; font-size: 14pt; color: #ffffff;\">&gt;hasta 100000 historiales de ejecuci\u00f3n<\/span><\/div>\n<div><span style=\"font-family: 'times new roman', times, serif; font-size: 14pt; color: #ffffff;\">&gt;hasta 40 velocidades de aceleraci\u00f3n y desaceleraci\u00f3n<\/span><\/div>\n<div><span style=\"font-family: 'times new roman', times, serif; font-size: 14pt; color: #ffffff;\">&gt;Modo de centrifugaci\u00f3n multietapa disponible hasta 7 etapas<\/span><\/div>\n<div><span style=\"font-family: 'times new roman', times, serif; font-size: 14pt; color: #ffffff;\">&gt;rango de temporizador de hasta 99h59m59s, incremento de 1s<\/span><\/div>\n<div><span style=\"font-family: 'times new roman', times, serif; font-size: 14pt; color: #ffffff;\">&gt;Admite centrifugaci\u00f3n corta y continua.<\/span><\/div>\n<\/td>\n<td style=\"width: 50%; height: 24px;\">\n<div><strong><span style=\"font-size: 18pt; font-family: 'times new roman', times, serif; color: #ffffff;\"><span style=\"font-family: 'times new roman', times, serif; color: #ffffff;\">\u00a0<\/span><\/span><\/strong><span style=\"font-size: 14pt; font-family: 'times new roman', times, serif; color: #ffffff;\"><strong><span style=\"font-size: 18pt;\"><span style=\"color: #ffffff;\"><span style=\"font-family: inherit;\">Pantalla t\u00e1ctil LCD<\/span>\u00a0 \u00a0<\/span> \u00a0 \u00a0<\/span><\/strong> \u00a0 \u00a0 \u00a0 \u00a0 \u00a0 \u00a0 \u00a0 \u00a0 \u00a0 \u00a0 \u00a0 \u00a0 \u00a0 \u00a0 \u00a0 \u00a0 \u00a0 \u00a0 \u00a0 \u00a0 \u00a0 \u00a0 \u00a0 \u00a0 \u00a0 \u00a0 \u00a0 \u00a0 \u00a0 \u00a0 \u00a0 \u00a0 \u00a0 \u00a0 \u00a0 \u00a0 \u00a0 \u00a0 \u00a0 \u00a0 \u00a0 \u00a0 \u00a0 \u00a0 \u00a0 \u00a0 &gt;Sencillo y claro para mostrar todos los par\u00e1metros.<\/span><\/div>\n<div><span style=\"font-size: 14pt; font-family: 'times new roman', times, serif; color: #ffffff;\">&gt; Pantalla t\u00e1ctil, f\u00e1cil de configurar par\u00e1metros<\/span><\/div>\n<div><span style=\"font-size: 14pt; font-family: 'times new roman', times, serif; color: #ffffff;\">&gt;RCF se puede configurar directamente<\/span><\/div>\n<div><span style=\"font-size: 14pt; font-family: 'times new roman', times, serif; color: #ffffff;\">&gt;RPM y RCF se convierten autom\u00e1ticamente<\/span><\/div>\n<div><span style=\"font-size: 14pt; font-family: 'times new roman', times, serif; color: #ffffff;\">&gt;El usuario puede configurar par\u00e1metros incluso con guantes<\/span><\/div>\n<div><span style=\"font-size: 14pt; font-family: 'times new roman', times, serif; color: #ffffff;\">&gt;El usuario puede restablecer los par\u00e1metros cuando el rotor est\u00e1 girando<br \/>\n<\/span><\/div>\n<\/td>\n<\/tr>\n<tr style=\"height: 24px;\">\n<td style=\"width: 50%; height: 10px;\">\n<h2><span style=\"font-size: 18pt; font-family: 'times new roman', times, serif; color: #ffffff;\"><strong>Garantizar la seguridad<\/strong><\/span><\/h2>\n<div>\n<div><span style=\"color: #ffffff; font-size: 14pt; font-family: 'times new roman', times, serif;\">&gt;Detecci\u00f3n de desequilibrio mediante giroscopio de tres ejes<\/span><\/div>\n<div><span style=\"color: #ffffff; font-size: 14pt; font-family: 'times new roman', times, serif;\">&gt;Cerradura electr\u00f3nica motorizada<\/span><\/div>\n<div><span style=\"color: #ffffff; font-size: 14pt; font-family: 'times new roman', times, serif;\">&gt;La puerta no se puede abrir cuando el rotor est\u00e1 girando<\/span><\/div>\n<div><span style=\"color: #ffffff; font-size: 14pt; font-family: 'times new roman', times, serif;\">&gt;Bisagras de gas para evitar la ca\u00edda de la puerta.<\/span><\/div>\n<div><span style=\"color: #ffffff; font-size: 14pt; font-family: 'times new roman', times, serif;\">&gt;Puerto en la puerta para calibraci\u00f3n y comprobaci\u00f3n del funcionamiento.<\/span><\/div>\n<div><span style=\"color: #ffffff; font-size: 14pt; font-family: 'times new roman', times, serif;\">&gt;Apertura de emergencia de la cerradura de la puerta<\/span><\/div>\n<div><span style=\"color: #ffffff; font-size: 14pt; font-family: 'times new roman', times, serif;\">&gt;Contrase\u00f1a para bloquear el dispositivo<\/span><\/div>\n<div><span style=\"color: #ffffff; font-size: 14pt; font-family: 'times new roman', times, serif;\">&gt;Varias protecciones para garantizar una centrifugaci\u00f3n segura.<\/span><\/div>\n<div><span style=\"color: #ffffff; font-size: 14pt; font-family: 'times new roman', times, serif;\">&gt;Con manual de instrucciones electr\u00f3nico que nunca se perder\u00e1<\/span><\/div>\n<\/div>\n<\/td>\n<td style=\"width: 50%; height: 10px;\"><span style=\"color: #ffffff;\"><strong><span style=\"font-size: 18pt; font-family: 'times new roman', times, serif;\">Buenos componentes\u00a0<\/span><\/strong><\/span><\/p>\n<div><span style=\"font-family: 'times new roman', times, serif; font-size: 14pt; color: #ffffff;\">&gt;Motor: Motor de frecuencia variable.<\/span><\/div>\n<div><span style=\"font-family: 'times new roman', times, serif; font-size: 14pt; color: #ffffff;\">\u00a0 \u00a0Funcionamiento estable, sin necesidad de mantenimiento, larga vida \u00fatil.<\/span><\/div>\n<div><span style=\"font-family: 'times new roman', times, serif; font-size: 14pt; color: #ffffff;\">&gt;Carcasa: Acero grueso y resistente.<\/span><\/div>\n<div><span style=\"font-family: 'times new roman', times, serif; font-size: 14pt; color: #ffffff;\">&gt;C\u00e1mara: Acero inoxidable 304 de grado alimenticio.<\/span><\/div>\n<div><span style=\"font-family: 'times new roman', times, serif; font-size: 14pt; color: #ffffff;\">\u00a0 \u00a0Anticorrosi\u00f3n y f\u00e1cil de limpiar.<\/span><\/div>\n<div><span style=\"font-family: 'times new roman', times, serif; font-size: 14pt; color: #ffffff;\">&gt;Rotor: Rotor de \u00e1ngulo fijo de aleaci\u00f3n de aluminio;<\/span><\/div>\n<div><span style=\"font-family: 'times new roman', times, serif; font-size: 14pt; color: #ffffff;\">\u00a0 \u00a0 \u00a0 \u00a0 \u00a0 \u00a0 \u00a0Rotor oscilante de acero\/acero inoxidable.<\/span><\/div>\n<div><span style=\"font-family: 'times new roman', times, serif; font-size: 14pt; color: #ffffff;\">&gt;Los rotores son autoclavables\u00a0<\/span><\/div>\n<p><span style=\"color: #ffffff;\"><strong><span style=\"font-size: 18pt; font-family: 'times new roman', times, serif;\">\u00a0 \u00a0 \u00a0 \u00a0 \u00a0 \u00a0 \u00a0 \u00a0 \u00a0 \u00a0 \u00a0 \u00a0 \u00a0 \u00a0 \u00a0 \u00a0 \u00a0 \u00a0 \u00a0 \u00a0 \u00a0 \u00a0 \u00a0 \u00a0 \u00a0 \u00a0 \u00a0 \u00a0 \u00a0 \u00a0 \u00a0 \u00a0 \u00a0 <\/span><\/strong><\/span><\/td>\n<\/tr>\n<\/tbody>\n<\/table>\n<blockquote><p><span style=\"font-family: 'times new roman', times, serif; font-size: 18pt;\"><strong>&gt;Rotores disponibles<\/strong><\/span><\/p><\/blockquote>\n<p><img fetchpriority=\"high\" decoding=\"async\" class=\"alignnone size-full wp-image-21934\" src=\"https:\/\/lexamedlab.com\/wp-content\/uploads\/2025\/05\/dd-4000-1-scaled.webp\" alt=\"\" width=\"2560\" height=\"1092\" \/> <img decoding=\"async\" class=\"alignnone size-medium wp-image-21935\" src=\"https:\/\/lexamedlab.com\/wp-content\/uploads\/2025\/05\/dd-4000-2-scaled.webp\" alt=\"\" width=\"2560\" height=\"1073\" \/><img decoding=\"async\" class=\"alignnone size-full wp-image-21936\" src=\"https:\/\/lexamedlab.com\/wp-content\/uploads\/2025\/05\/dd-4000-3-scaled.webp\" alt=\"\" width=\"2560\" height=\"1122\" \/><\/p>","protected":false},"excerpt":{"rendered":"<div><span style=\"font-family: 'times new roman', times, serif; font-size: 14pt;\">La DD-6000 es una centr\u00edfuga de suelo de baja velocidad y gran capacidad. Admite rotores oscilantes variables para diferentes tubos, con una capacidad m\u00e1xima de 4 x 800 ml.<\/span><\/div>\n<ul>\n<li><span style=\"font-family: 'times new roman', times, serif; font-size: 14pt;\">Velocidad m\u00e1xima\u00a0 \u00a0 \u00a0 \u00a0 \u00a0 \u00a0 \u00a0 \u00a0<span class=\"item-val\">6000 rpm<\/span><\/span><\/li>\n<li><span style=\"font-family: 'times new roman', times, serif; font-size: 14pt;\">RCF m\u00e1ximo\u00a0 \u00a0 \u00a0 \u00a0 \u00a0 \u00a0 \u00a0 \u00a0 \u00a0<span class=\"item-val\">5201Xg<\/span><\/span><\/li>\n<li><span style=\"font-family: 'times new roman', times, serif; font-size: 14pt;\">Capacidad m\u00e1xima\u00a0 \u00a0 \u00a0 \u00a0 \u00a0 \u00a0<span class=\"item-val\">4*800 ml (400 rpm)<\/span><\/span><\/li>\n<li><span style=\"font-family: 'times new roman', times, serif; font-size: 14pt;\">Motor<span class=\"item-val\">Motor de frecuencia variable<\/span><\/span><\/li>\n<li><span style=\"font-family: 'times new roman', times, serif; font-size: 14pt;\">Precisi\u00f3n de velocidad\u00a0 \u00a0 \u00a0 \u00a0 <span class=\"item-val\">\u00b110 rpm<\/span><\/span><\/li>\n<li><span style=\"font-family: 'times new roman', times, serif; font-size: 14pt;\">Peso\u00a0 \u00a0 \u00a0 \u00a0 \u00a0 \u00a0 \u00a0 \u00a0 \u00a0 \u00a0 \u00a0 <span class=\"item-val\">120 kg<\/span><\/span><\/li>\n<\/ul>","protected":false},"featured_media":21930,"comment_status":"open","ping_status":"closed","template":"","meta":{"_acf_changed":false},"product_brand":[],"product_cat":[20,80,96,87],"product_tag":[],"class_list":{"0":"post-21928","1":"product","2":"type-product","3":"status-publish","4":"has-post-thumbnail","6":"product_cat-all","7":"product_cat-centrifuge","8":"product_cat-floorstanding-low-speed-centrifuge","9":"product_cat-low-speed-centrifuge","11":"first","12":"instock","13":"shipping-taxable","14":"product-type-simple"},"acf":[],"_links":{"self":[{"href":"https:\/\/lexamedlab.com\/es\/wp-json\/wp\/v2\/product\/21928","targetHints":{"allow":["GET"]}}],"collection":[{"href":"https:\/\/lexamedlab.com\/es\/wp-json\/wp\/v2\/product"}],"about":[{"href":"https:\/\/lexamedlab.com\/es\/wp-json\/wp\/v2\/types\/product"}],"replies":[{"embeddable":true,"href":"https:\/\/lexamedlab.com\/es\/wp-json\/wp\/v2\/comments?post=21928"}],"version-history":[{"count":1,"href":"https:\/\/lexamedlab.com\/es\/wp-json\/wp\/v2\/product\/21928\/revisions"}],"predecessor-version":[{"id":21937,"href":"https:\/\/lexamedlab.com\/es\/wp-json\/wp\/v2\/product\/21928\/revisions\/21937"}],"wp:featuredmedia":[{"embeddable":true,"href":"https:\/\/lexamedlab.com\/es\/wp-json\/wp\/v2\/media\/21930"}],"wp:attachment":[{"href":"https:\/\/lexamedlab.com\/es\/wp-json\/wp\/v2\/media?parent=21928"}],"wp:term":[{"taxonomy":"product_brand","embeddable":true,"href":"https:\/\/lexamedlab.com\/es\/wp-json\/wp\/v2\/product_brand?post=21928"},{"taxonomy":"product_cat","embeddable":true,"href":"https:\/\/lexamedlab.com\/es\/wp-json\/wp\/v2\/product_cat?post=21928"},{"taxonomy":"product_tag","embeddable":true,"href":"https:\/\/lexamedlab.com\/es\/wp-json\/wp\/v2\/product_tag?post=21928"}],"curies":[{"name":"wp","href":"https:\/\/api.w.org\/{rel}","templated":true}]}}