{"id":22004,"date":"2025-05-19T11:06:58","date_gmt":"2025-05-19T11:06:58","guid":{"rendered":"https:\/\/lexamedlab.com\/?post_type=product&#038;p=22004"},"modified":"2025-05-29T03:28:27","modified_gmt":"2025-05-29T03:28:27","slug":"benchtop-high-speed-centrifuge-tg-18","status":"publish","type":"product","link":"https:\/\/lexamedlab.com\/es\/product\/benchtop-high-speed-centrifuge-tg-18\/","title":{"rendered":"Centr\u00edfuga de sobremesa de alta velocidad TG-18"},"content":{"rendered":"<div style=\"width: 1280px;\" class=\"wp-video\"><!--[if lt IE 9]><script>document.createElement('video');<\/script><![endif]-->\n<video class=\"wp-video-shortcode\" id=\"video-22004-1\" width=\"1280\" height=\"720\" preload=\"metadata\" controls=\"controls\"><source type=\"video\/mp4\" src=\"https:\/\/lexamedlab.com\/wp-content\/uploads\/2025\/05\/8027e336-5b81-4746-8987-2e35c6445db5-h264-hd.mp4?_=1\" \/><a href=\"https:\/\/lexamedlab.com\/wp-content\/uploads\/2025\/05\/8027e336-5b81-4746-8987-2e35c6445db5-h264-hd.mp4\">https:\/\/lexamedlab.com\/wp-content\/uploads\/2025\/05\/8027e336-5b81-4746-8987-2e35c6445db5-h264-hd.mp4<\/a><\/video><\/div>\n<blockquote><p><strong><span style=\"font-family: 'times new roman', times, serif; font-size: 18pt;\">&gt;Caracter\u00edsticas<\/span><\/strong><\/p><\/blockquote>\n<table style=\"width: 100%; border-collapse: collapse; background-color: #35a1cc; height: 48px;\">\n<tbody>\n<tr style=\"height: 24px;\">\n<td style=\"width: 50%; height: 24px;\">\n<div><span style=\"font-size: 18pt;\"><strong><span style=\"font-family: 'times new roman', times, serif; color: #ffffff;\">Funci\u00f3n f\u00e1cil de usar\u00a0<\/span><\/strong><\/span><\/div>\n<div><span style=\"font-family: 'times new roman', times, serif; font-size: 14pt; color: #ffffff;\">&gt;hasta 1000 programas definidos por el usuario<\/span><\/div>\n<div><span style=\"font-family: 'times new roman', times, serif; font-size: 14pt; color: #ffffff;\">&gt;Hasta 1000 historiales de ejecuci\u00f3n, se pueden exportar mediante USB<\/span><\/div>\n<div><span style=\"font-family: 'times new roman', times, serif; font-size: 14pt; color: #ffffff;\">&gt;hasta 40 velocidades de aceleraci\u00f3n y desaceleraci\u00f3n<\/span><\/div>\n<div><span style=\"font-family: 'times new roman', times, serif; font-size: 14pt; color: #ffffff;\">&gt;Modo de centrifugaci\u00f3n multietapa disponible hasta 5 etapas<\/span><\/div>\n<div><span style=\"font-family: 'times new roman', times, serif; font-size: 14pt; color: #ffffff;\">&gt;rango de temporizador de hasta 99h59m59s, incremento de 1s<\/span><\/div>\n<\/td>\n<td style=\"width: 50%; height: 24px;\">\n<div><span style=\"font-size: 18pt;\"><strong><span style=\"font-family: 'times new roman', times, serif; color: #ffffff;\">Pantalla t\u00e1ctil LCD\u00a0<\/span><\/strong><\/span><\/div>\n<div><span style=\"font-size: 14pt; font-family: 'times new roman', times, serif; color: #ffffff;\">&gt;Sencillo y claro para mostrar todos los par\u00e1metros.<\/span><\/div>\n<div><span style=\"font-size: 14pt; font-family: 'times new roman', times, serif; color: #ffffff;\">&gt; Pantalla t\u00e1ctil, f\u00e1cil de configurar par\u00e1metros<\/span><\/div>\n<div><span style=\"font-size: 14pt; font-family: 'times new roman', times, serif; color: #ffffff;\">&gt;RCF se puede configurar directamente<\/span><\/div>\n<div><span style=\"font-size: 14pt; font-family: 'times new roman', times, serif; color: #ffffff;\">&gt;RPM y RCF se convierten autom\u00e1ticamente<\/span><\/div>\n<div><span style=\"font-size: 14pt; font-family: 'times new roman', times, serif; color: #ffffff;\">&gt;El usuario puede configurar par\u00e1metros incluso con guantes<\/span><\/div>\n<div><span style=\"font-size: 14pt; font-family: 'times new roman', times, serif; color: #ffffff;\">&gt;El usuario puede restablecer los par\u00e1metros cuando el rotor est\u00e1 girando<\/span><\/div>\n<\/td>\n<\/tr>\n<tr style=\"height: 24px;\">\n<td style=\"width: 50%; height: 24px;\">\n<div><strong><span style=\"font-family: 'times new roman', times, serif; font-size: 18pt; color: #ffffff;\">Garantizar la seguridad\u00a0<\/span><\/strong><\/div>\n<div><span style=\"font-family: 'times new roman', times, serif; font-size: 14pt; color: #ffffff;\">&gt;Reconocimiento autom\u00e1tico del rotor para evitar el exceso de velocidad<\/span><\/div>\n<div><span style=\"font-family: 'times new roman', times, serif; font-size: 14pt; color: #ffffff;\">&gt;Detecci\u00f3n de desequilibrio mediante giroscopio de tres ejes<\/span><\/div>\n<div><span style=\"font-family: 'times new roman', times, serif; font-size: 14pt; color: #ffffff;\">&gt;Cerradura electr\u00f3nica motorizada<\/span><\/div>\n<div><span style=\"font-family: 'times new roman', times, serif; font-size: 14pt; color: #ffffff;\">&gt;La puerta no se puede abrir cuando el rotor est\u00e1 girando<\/span><\/div>\n<div><span style=\"font-family: 'times new roman', times, serif; font-size: 14pt; color: #ffffff;\">&gt;Bisagra de gas para evitar la ca\u00edda de la puerta.<\/span><\/div>\n<div><span style=\"font-family: 'times new roman', times, serif; font-size: 14pt; color: #ffffff;\">&gt;Puerto en la puerta para calibraci\u00f3n y comprobaci\u00f3n del funcionamiento.<\/span><\/div>\n<div><span style=\"font-family: 'times new roman', times, serif; font-size: 14pt; color: #ffffff;\">&gt;Apertura de emergencia de la cerradura de la puerta<\/span><\/div>\n<div><span style=\"font-family: 'times new roman', times, serif; font-size: 14pt; color: #ffffff;\">&gt;Contrase\u00f1a para bloquear el dispositivo<\/span><\/div>\n<\/td>\n<td style=\"width: 50%; height: 24px;\">\n<div><strong><span style=\"color: #ffffff; font-size: 18pt; font-family: 'times new roman', times, serif;\">Buenos componentes\u00a0<\/span><\/strong><\/div>\n<div><span style=\"color: #ffffff; font-size: 14pt; font-family: 'times new roman', times, serif;\">&gt;Motor: Motor de frecuencia variable.<\/span><\/div>\n<div><span style=\"color: #ffffff; font-size: 14pt; font-family: 'times new roman', times, serif;\">\u00a0 \u00a0Funcionamiento estable, sin necesidad de mantenimiento, larga vida \u00fatil.<\/span><\/div>\n<div><span style=\"color: #ffffff; font-size: 14pt; font-family: 'times new roman', times, serif;\">&gt;Carcasa: Acero grueso y resistente.<\/span><\/div>\n<div><span style=\"color: #ffffff; font-size: 14pt; font-family: 'times new roman', times, serif;\">&gt;C\u00e1mara: Acero inoxidable 304 con revestimiento de tefl\u00f3n.<\/span><\/div>\n<div><span style=\"color: #ffffff; font-size: 14pt; font-family: 'times new roman', times, serif;\">\u00a0 \u00a0Anticorrosi\u00f3n y f\u00e1cil de limpiar.<\/span><\/div>\n<div><span style=\"color: #ffffff; font-size: 14pt; font-family: 'times new roman', times, serif;\">&gt;Rotor: Rotor de \u00e1ngulo fijo de aleaci\u00f3n de aluminio;<\/span><\/div>\n<div><span style=\"color: #ffffff; font-size: 14pt; font-family: 'times new roman', times, serif;\">\u00a0 \u00a0 \u00a0 \u00a0 \u00a0 \u00a0 \u00a0Rotor oscilante de acero.<\/span><\/div>\n<div><span style=\"color: #ffffff; font-size: 14pt; font-family: 'times new roman', times, serif;\">&gt;Los rotores son autoclavables\u00a0<\/span><\/div>\n<\/td>\n<\/tr>\n<\/tbody>\n<\/table>\n<blockquote><p><strong><span style=\"font-family: 'times new roman', times, serif; font-size: 18pt;\">&gt;Rotores disponibles<\/span><\/strong><\/p><\/blockquote>\n<table style=\"border-collapse: collapse; width: 100%;\">\n<tbody>\n<tr>\n<td style=\"width: 20%;\"><img fetchpriority=\"high\" decoding=\"async\" class=\"alignnone size-full wp-image-22005\" src=\"https:\/\/lexamedlab.com\/wp-content\/uploads\/2025\/05\/12x1-5ml-2.webp\" alt=\"\" width=\"1500\" height=\"1000\" \/><\/td>\n<td style=\"width: 20%;\"><img decoding=\"async\" class=\"alignnone size-full wp-image-22006\" src=\"https:\/\/lexamedlab.com\/wp-content\/uploads\/2025\/05\/12x5ml-1.webp\" alt=\"\" width=\"1500\" height=\"1000\" \/><\/td>\n<td style=\"width: 20%;\"><img decoding=\"async\" class=\"alignnone size-full wp-image-22008\" src=\"https:\/\/lexamedlab.com\/wp-content\/uploads\/2025\/05\/24x1-5ml-1-2.webp\" alt=\"\" width=\"1500\" height=\"1000\" \/><\/td>\n<td style=\"width: 20%;\"><img loading=\"lazy\" decoding=\"async\" class=\"alignnone size-full wp-image-22007\" src=\"https:\/\/lexamedlab.com\/wp-content\/uploads\/2025\/05\/24x1-5ml-metal-cap-1.webp\" alt=\"\" width=\"1500\" height=\"1000\" \/><\/td>\n<td style=\"width: 20%;\"><img loading=\"lazy\" decoding=\"async\" class=\"alignnone size-full wp-image-22009\" src=\"https:\/\/lexamedlab.com\/wp-content\/uploads\/2025\/05\/12x10ml-2.webp\" alt=\"\" width=\"1500\" height=\"1000\" \/><\/td>\n<\/tr>\n<tr>\n<td style=\"width: 20%;\">\n<div>Rotor: Rotor de \u00e1ngulo fijo<\/div>\n<div>Capacidad: 12 \u00d7 1,5\/2,2 ml<\/div>\n<div>Velocidad m\u00e1xima: 18000 rpm<\/div>\n<div>FCR m\u00e1ximo: 22675xg<\/div>\n<div>Tama\u00f1o del tubo: \u03a611x42 mm<\/div>\n<\/td>\n<td style=\"width: 20%;\">\n<div>Rotor: Rotor de \u00e1ngulo fijo<\/div>\n<div>Capacidad: 12 x 5 ml<\/div>\n<div>Velocidad m\u00e1xima: 15000 rpm<\/div>\n<div>FCR m\u00e1ximo: 18287\u00d7g<\/div>\n<div>Tama\u00f1o del tubo: \u03a614x54 mm<\/div>\n<\/td>\n<td style=\"width: 20%;\">\n<div>Rotor: Rotor de \u00e1ngulo fijo<\/div>\n<div>Capacidad: 24 \u00d7 1,5\/2,2 ml<\/div>\n<div>Velocidad m\u00e1xima: 16000 rpm<\/div>\n<div>FCR m\u00e1ximo: 24814\u00d7g<\/div>\n<div>Tama\u00f1o del tubo: \u03a611x42 mm<\/div>\n<\/td>\n<td style=\"width: 20%;\">\n<div>Rotor: Rotor de \u00e1ngulo fijo<\/div>\n<div>\u00a0 \u00a0 \u00a0 \u00a0 \u00a0 \u00a0 (herm\u00e9tico a los aerosoles)<\/div>\n<div>Capacidad: 24 \u00d7 1,5\/2,2 ml<\/div>\n<div>Velocidad m\u00e1xima: 16000 rpm<\/div>\n<div>FCR m\u00e1ximo: 24814\u00d7g<\/div>\n<div>Tama\u00f1o del tubo: \u03a611x42 mm<\/div>\n<\/td>\n<td style=\"width: 20%;\">\n<div>Rotor: Rotor de \u00e1ngulo fijo<\/div>\n<div>Capacidad: 12 \u00d7 10 ml<\/div>\n<div>Velocidad m\u00e1xima: 13000 rpm<\/div>\n<div>FCR m\u00e1ximo: 15625 \u00d7 g<\/div>\n<div>Tama\u00f1o del tubo: \u03a616\u00d786 mm<\/div>\n<\/td>\n<\/tr>\n<tr>\n<td style=\"width: 20%;\"><img loading=\"lazy\" decoding=\"async\" class=\"alignnone size-full wp-image-22010\" src=\"https:\/\/lexamedlab.com\/wp-content\/uploads\/2025\/05\/36x1-5ml-2.webp\" alt=\"\" width=\"1500\" height=\"1000\" \/><\/td>\n<td style=\"width: 20%;\"><img loading=\"lazy\" decoding=\"async\" class=\"alignnone size-full wp-image-22011\" src=\"https:\/\/lexamedlab.com\/wp-content\/uploads\/2025\/05\/6x50ml-pointed-bottom-2.webp\" alt=\"\" width=\"1500\" height=\"1000\" \/><\/td>\n<td style=\"width: 20%;\"><img loading=\"lazy\" decoding=\"async\" class=\"alignnone size-full wp-image-22014\" src=\"https:\/\/lexamedlab.com\/wp-content\/uploads\/2025\/05\/6x50ml-round-bottom-4.webp\" alt=\"\" width=\"1500\" height=\"1000\" \/><\/td>\n<td style=\"width: 20%;\"><img loading=\"lazy\" decoding=\"async\" class=\"alignnone size-full wp-image-22015\" src=\"https:\/\/lexamedlab.com\/wp-content\/uploads\/2025\/05\/48x1-5ml-2.webp\" alt=\"\" width=\"1500\" height=\"1000\" \/><\/td>\n<td style=\"width: 20%;\"><img loading=\"lazy\" decoding=\"async\" class=\"alignnone size-full wp-image-22016\" src=\"https:\/\/lexamedlab.com\/wp-content\/uploads\/2025\/05\/4x100ml-1.webp\" alt=\"\" width=\"1500\" height=\"1000\" \/><\/td>\n<\/tr>\n<tr>\n<td style=\"width: 20%;\">\n<div>Rotor: Rotor de \u00e1ngulo fijo<\/div>\n<div>Capacidad: 36 \u00d7 1,5\/2,2 ml<\/div>\n<div>Velocidad m\u00e1xima: 13000 rpm<\/div>\n<div>FCR m\u00e1ximo: 15625 \u00d7 g<\/div>\n<div>Tama\u00f1o del tubo: \u03a611x42 mm<\/div>\n<\/td>\n<td style=\"width: 20%;\">\n<div>Rotor: Rotor de \u00e1ngulo fijo<\/div>\n<div>Capacidad: 6\u00d750 ml fondo c\u00f3nico<\/div>\n<div>Velocidad m\u00e1xima: 12000 rpm<\/div>\n<div>FCR m\u00e1ximo: 15712 \u00d7 g<\/div>\n<div>Tama\u00f1o del tubo: \u03a629 \u00d7 116 mm<\/div>\n<\/td>\n<td style=\"width: 20%;\">\n<div>Rotor: Rotor de \u00e1ngulo fijo<\/div>\n<div>Capacidad: 6\u00d750 ml de fondo redondo<\/div>\n<div>Velocidad m\u00e1xima: 12000 rpm<\/div>\n<div>FCR m\u00e1ximo: 15712 \u00d7 g<\/div>\n<div>Tama\u00f1o del tubo: \u03a629 \u00d7 111 mm<\/div>\n<\/td>\n<td style=\"width: 20%;\">\n<div>Rotor: Rotor de \u00e1ngulo fijo<\/div>\n<div>Capacidad: 48 \u00d7 1,5\/2,2 ml<\/div>\n<div>Velocidad m\u00e1xima: 12000 rpm<\/div>\n<div>FCR m\u00e1ximo: 15712 \u00d7 g<\/div>\n<div>Tama\u00f1o del tubo: \u03a611\u00d742 mm<\/div>\n<\/td>\n<td style=\"width: 20%;\">\n<div>Rotor: Rotor de \u00e1ngulo fijo<\/div>\n<div>Capacidad: 4 x 100 ml<\/div>\n<div>Velocidad m\u00e1xima: 10000 rpm<\/div>\n<div>FCR m\u00e1ximo: 11045\u00d7g<\/div>\n<div>Tama\u00f1o del tubo: \u03a638x123 mm<\/div>\n<\/td>\n<\/tr>\n<tr>\n<td style=\"width: 20%;\"><img loading=\"lazy\" decoding=\"async\" class=\"alignnone size-full wp-image-22017\" src=\"https:\/\/lexamedlab.com\/wp-content\/uploads\/2025\/05\/8x50ml-pointed-bottom-1.webp\" alt=\"\" width=\"1500\" height=\"1000\" \/><\/td>\n<td style=\"width: 20%;\"><img loading=\"lazy\" decoding=\"async\" class=\"alignnone size-full wp-image-22018\" src=\"https:\/\/lexamedlab.com\/wp-content\/uploads\/2025\/05\/8x50ml-round-bottom-1.webp\" alt=\"\" width=\"1500\" height=\"1000\" \/><\/td>\n<td style=\"width: 20%;\"><img loading=\"lazy\" decoding=\"async\" class=\"alignnone size-full wp-image-22019\" src=\"https:\/\/lexamedlab.com\/wp-content\/uploads\/2025\/05\/12x15ml-1.webp\" alt=\"\" width=\"1500\" height=\"1000\" \/><\/td>\n<td style=\"width: 20%;\"><img loading=\"lazy\" decoding=\"async\" class=\"alignnone size-full wp-image-22020\" src=\"https:\/\/lexamedlab.com\/wp-content\/uploads\/2025\/05\/24x10-1.webp\" alt=\"\" width=\"1500\" height=\"1000\" \/><\/td>\n<td style=\"width: 20%;\"><img loading=\"lazy\" decoding=\"async\" class=\"alignnone size-full wp-image-22021\" src=\"https:\/\/lexamedlab.com\/wp-content\/uploads\/2025\/05\/6x10ml-1.webp\" alt=\"\" width=\"1500\" height=\"1000\" \/><\/td>\n<\/tr>\n<tr>\n<td style=\"width: 20%;\">\n<div>Rotor: Rotor de \u00e1ngulo fijo<\/div>\n<div>Capacidad: 8 x 50 ml fondo c\u00f3nico<\/div>\n<div>Velocidad m\u00e1xima: 10000 rpm<\/div>\n<div>FCR m\u00e1ximo: 11045\u00d7g<\/div>\n<div>Tama\u00f1o del tubo: \u03a629x116 mm<\/div>\n<\/td>\n<td style=\"width: 20%;\">\n<div>Rotor: Rotor de \u00e1ngulo fijo<\/div>\n<div>Capacidad: 8 x 50 ml de fondo redondo.<\/div>\n<div>Velocidad m\u00e1xima: 10000 rpm<\/div>\n<div>FCR m\u00e1ximo: 11045\u00d7g<\/div>\n<div>Tama\u00f1o del tubo: \u03a629x111 mm<\/div>\n<\/td>\n<td style=\"width: 20%;\">\n<div>Rotor: Rotor de \u00e1ngulo fijo<\/div>\n<div>Capacidad: 12 x 15 ml<\/div>\n<div>Velocidad m\u00e1xima: 10000 rpm<\/div>\n<div>FCR m\u00e1ximo: 11045\u00d7g<\/div>\n<div>Tama\u00f1o del tubo: \u03a617x121 mm<\/div>\n<\/td>\n<td style=\"width: 20%;\">\n<div>Rotor: Rotor de \u00e1ngulo fijo<\/div>\n<div>Capacidad: 24 x 10 ml<\/div>\n<div>Velocidad m\u00e1xima: 10000 rpm<\/div>\n<div>FCR m\u00e1ximo: 11045\u00d7g<\/div>\n<div>Tama\u00f1o del tubo: \u03a616x86 mm<\/div>\n<\/td>\n<td style=\"width: 20%;\">\n<div>Rotor: Rotor de \u00e1ngulo fijo<\/div>\n<div>Capacidad: 6 x 10 ml<\/div>\n<div>Velocidad m\u00e1xima: 16000 rpm<\/div>\n<div>RCF m\u00e1ximo: 19004\u00d7g<\/div>\n<div>Tama\u00f1o del tubo: \u03a616x86 mm<\/div>\n<\/td>\n<\/tr>\n<tr>\n<td style=\"width: 20%;\"><img loading=\"lazy\" decoding=\"async\" class=\"alignnone size-full wp-image-22022\" src=\"https:\/\/lexamedlab.com\/wp-content\/uploads\/2025\/05\/8x15ml-1-1.webp\" alt=\"\" width=\"1500\" height=\"1000\" \/><\/td>\n<td style=\"width: 20%;\"><img loading=\"lazy\" decoding=\"async\" class=\"alignnone size-full wp-image-22023\" src=\"https:\/\/lexamedlab.com\/wp-content\/uploads\/2025\/05\/6x30ml-1.webp\" alt=\"\" width=\"1500\" height=\"1000\" \/><\/td>\n<td style=\"width: 20%;\"><img loading=\"lazy\" decoding=\"async\" class=\"alignnone size-full wp-image-22024\" src=\"https:\/\/lexamedlab.com\/wp-content\/uploads\/2025\/05\/8x0-2ml-pcr-strip-1.webp\" alt=\"\" width=\"1500\" height=\"1000\" \/><\/td>\n<td style=\"width: 20%;\"><img loading=\"lazy\" decoding=\"async\" class=\"alignnone size-full wp-image-22025\" src=\"https:\/\/lexamedlab.com\/wp-content\/uploads\/2025\/05\/6x100ml-1.webp\" alt=\"\" width=\"1500\" height=\"1000\" \/><\/td>\n<td style=\"width: 20%;\"><img loading=\"lazy\" decoding=\"async\" class=\"alignnone size-full wp-image-22026\" src=\"https:\/\/lexamedlab.com\/wp-content\/uploads\/2025\/05\/2x2x48-1.webp\" alt=\"\" width=\"1500\" height=\"1000\" \/><\/td>\n<\/tr>\n<tr>\n<td style=\"width: 20%;\">\n<div>Rotor: Rotor de \u00e1ngulo fijo<\/div>\n<div>Capacidad: 8 x 15 ml<\/div>\n<div>Velocidad m\u00e1xima: 13000 rpm<\/div>\n<div>FCR m\u00e1ximo: 14945\u00d7g<\/div>\n<div>Tama\u00f1o del tubo: \u03a617x121 mm<\/div>\n<\/td>\n<td style=\"width: 20%;\">\n<div>Rotor: Rotor de \u00e1ngulo fijo<\/div>\n<div>Capacidad: 6 x 30 ml<\/div>\n<div>Velocidad m\u00e1xima: 13000 rpm<\/div>\n<div>FCR m\u00e1ximo: 14945\u00d7g<\/div>\n<div>Tama\u00f1o del tubo: \u03a625,5 x 100 mm<\/div>\n<\/td>\n<td style=\"width: 20%;\">\n<div>Rotor: Rotor de \u00e1ngulo fijo<\/div>\n<div>Capacidad: 8 tiras PCR de 0,2 ml<\/div>\n<div>Velocidad m\u00e1xima: 13000 rpm<\/div>\n<div>FCR m\u00e1ximo: 14643 \u00d7 g<\/div>\n<\/td>\n<td style=\"width: 20%;\">\n<div>Rotor: Rotor de \u00e1ngulo fijo<\/div>\n<div>Capacidad: 6 x 100 ml<\/div>\n<div>Velocidad m\u00e1xima: 8000 rpm<\/div>\n<div>FCR m\u00e1ximo: 7720\u00d7g<\/div>\n<div>Tama\u00f1o del tubo: \u03a638x123 mm<\/div>\n<\/td>\n<td style=\"width: 20%;\">\n<div>Rotor: Rotor de microplacas<\/div>\n<div>Capacidad: placa de 2\u00d72\u00d748 pocillos<\/div>\n<div>Velocidad m\u00e1xima: 4000 rpm<\/div>\n<div>FCR m\u00e1ximo: 1538 \u00d7 g<\/div>\n<div>m\u00e1x.: 128\u00d748x60 mm<\/div>\n<\/td>\n<\/tr>\n<\/tbody>\n<\/table>","protected":false},"excerpt":{"rendered":"<div>\n<p><span style=\"font-family: 'times new roman', times, serif; font-size: 14pt;\">La centr\u00edfuga de sobremesa de alta velocidad TG-18 centrifuga vol\u00famenes de muestra de hasta 6 tubos de 100 ml, 48 tubos de 1,5\/2,2 ml u 8 tubos c\u00f3nicos de 50 ml con pantalla t\u00e1ctil LCD inteligente. Para 24 tubos de 1,5\/2,2 ml, el rotor herm\u00e9tico a los aerosoles es opcional. \u00a0<\/span><\/p>\n<\/div>\n<ul>\n<li><span style=\"font-family: 'times new roman', times, serif; font-size: 14pt;\">Velocidad m\u00e1xima\u00a0 \u00a0 \u00a0 \u00a0 \u00a0 \u00a0 \u00a0 \u00a0 \u00a0 <span class=\"item-val\">18000 rpm<\/span><\/span><\/li>\n<li><span style=\"font-family: 'times new roman', times, serif; font-size: 14pt;\">RCF m\u00e1ximo\u00a0 \u00a0 \u00a0 \u00a0 \u00a0 \u00a0 \u00a0 \u00a0 \u00a0 \u00a0 <span class=\"item-val\">24814xg<\/span><\/span><\/li>\n<li><span style=\"font-family: 'times new roman', times, serif; font-size: 14pt;\">Capacidad m\u00e1xima\u00a0 \u00a0 \u00a0 \u00a0 \u00a0 \u00a0 \u00a0 \u00a0<span class=\"item-val\">6*100 ml<\/span><\/span><\/li>\n<li><span style=\"font-family: 'times new roman', times, serif; font-size: 14pt;\">Rango del temporizador\u00a0 \u00a0 \u00a0 \u00a0 \u00a0 \u00a0 \u00a0 \u00a0 \u00a0<span class=\"item-val\">1s a 99h59m59s<\/span><\/span><\/li>\n<li><span style=\"font-family: 'times new roman', times, serif; font-size: 14pt;\">Precisi\u00f3n de velocidad\u00a0 \u00a0 \u00a0 \u00a0 \u00a0 \u00a0 <span class=\"item-val\">\u00b110 rpm<\/span><\/span><\/li>\n<li><span style=\"font-family: 'times new roman', times, serif; font-size: 14pt;\">Ruido\u00a0 \u00a0 \u00a0 \u00a0 \u00a0 \u00a0 \u00a0 \u00a0 \u00a0 \u00a0 \u00a0 \u00a0 \u00a0 \u00a0 <span class=\"item-val\">\u226460 dB(A)<\/span><\/span><\/li>\n<li><span style=\"font-family: 'times new roman', times, serif; font-size: 14pt;\">Consumo de energ\u00eda\u00a0 \u00a0 \u00a0 <span class=\"item-val\">500 W<\/span><\/span><\/li>\n<li><span style=\"font-family: 'times new roman', times, serif; font-size: 14pt;\">Dimensi\u00f3n\u00a0 \u00a0 \u00a0 \u00a0 \u00a0 \u00a0 \u00a0 \u00a0 \u00a0 \u00a0 <span class=\"item-val\">440 x 360 x 315 mm<\/span><\/span><\/li>\n<li><span style=\"font-family: 'times new roman', times, serif; font-size: 14pt;\">Peso neto\u00a0 \u00a0 \u00a0 \u00a0 \u00a0 \u00a0 \u00a0 \u00a0 \u00a0 \u00a0 <span class=\"item-val\">29 kilos<\/span><\/span><\/li>\n<\/ul>","protected":false},"featured_media":22762,"comment_status":"open","ping_status":"closed","template":"","meta":{"_acf_changed":false},"product_brand":[],"product_cat":[20,80,88],"product_tag":[],"class_list":{"0":"post-22004","1":"product","2":"type-product","3":"status-publish","4":"has-post-thumbnail","6":"product_cat-all","7":"product_cat-centrifuge","8":"product_cat-high-speed-centrifuge","10":"first","11":"instock","12":"shipping-taxable","13":"product-type-simple"},"acf":[],"_links":{"self":[{"href":"https:\/\/lexamedlab.com\/es\/wp-json\/wp\/v2\/product\/22004","targetHints":{"allow":["GET"]}}],"collection":[{"href":"https:\/\/lexamedlab.com\/es\/wp-json\/wp\/v2\/product"}],"about":[{"href":"https:\/\/lexamedlab.com\/es\/wp-json\/wp\/v2\/types\/product"}],"replies":[{"embeddable":true,"href":"https:\/\/lexamedlab.com\/es\/wp-json\/wp\/v2\/comments?post=22004"}],"version-history":[{"count":1,"href":"https:\/\/lexamedlab.com\/es\/wp-json\/wp\/v2\/product\/22004\/revisions"}],"predecessor-version":[{"id":22032,"href":"https:\/\/lexamedlab.com\/es\/wp-json\/wp\/v2\/product\/22004\/revisions\/22032"}],"wp:featuredmedia":[{"embeddable":true,"href":"https:\/\/lexamedlab.com\/es\/wp-json\/wp\/v2\/media\/22762"}],"wp:attachment":[{"href":"https:\/\/lexamedlab.com\/es\/wp-json\/wp\/v2\/media?parent=22004"}],"wp:term":[{"taxonomy":"product_brand","embeddable":true,"href":"https:\/\/lexamedlab.com\/es\/wp-json\/wp\/v2\/product_brand?post=22004"},{"taxonomy":"product_cat","embeddable":true,"href":"https:\/\/lexamedlab.com\/es\/wp-json\/wp\/v2\/product_cat?post=22004"},{"taxonomy":"product_tag","embeddable":true,"href":"https:\/\/lexamedlab.com\/es\/wp-json\/wp\/v2\/product_tag?post=22004"}],"curies":[{"name":"wp","href":"https:\/\/api.w.org\/{rel}","templated":true}]}}