{"id":22086,"date":"2025-05-20T07:13:43","date_gmt":"2025-05-20T07:13:43","guid":{"rendered":"https:\/\/lexamedlab.com\/?post_type=product&#038;p=22086"},"modified":"2025-05-27T15:11:37","modified_gmt":"2025-05-27T15:11:37","slug":"benchtop-high-speed-micro-centrifuge-h15s","status":"publish","type":"product","link":"https:\/\/lexamedlab.com\/es\/product\/benchtop-high-speed-micro-centrifuge-h15s\/","title":{"rendered":"Microcentr\u00edfuga de sobremesa de alta velocidad H15S"},"content":{"rendered":"<div style=\"width: 1280px;\" class=\"wp-video\"><!--[if lt IE 9]><script>document.createElement('video');<\/script><![endif]-->\n<video class=\"wp-video-shortcode\" id=\"video-22086-1\" width=\"1280\" height=\"720\" preload=\"metadata\" controls=\"controls\"><source type=\"video\/mp4\" src=\"https:\/\/lexamedlab.com\/wp-content\/uploads\/2025\/05\/97913924-97af-4032-a078-c0a1ee36e696-h264-hd.mp4?_=1\" \/><a href=\"https:\/\/lexamedlab.com\/wp-content\/uploads\/2025\/05\/97913924-97af-4032-a078-c0a1ee36e696-h264-hd.mp4\">https:\/\/lexamedlab.com\/wp-content\/uploads\/2025\/05\/97913924-97af-4032-a078-c0a1ee36e696-h264-hd.mp4<\/a><\/video><\/div>\n<blockquote><p><span style=\"font-family: 'times new roman', times, serif; font-size: 18pt;\"><strong>&gt;Caracter\u00edsticas<\/strong><\/span><\/p><\/blockquote>\n<table style=\"width: 100%; border-collapse: collapse; background-color: #35a1cc;\">\n<tbody>\n<tr>\n<td style=\"width: 58.1541%;\">\n<div><span style=\"font-size: 18pt;\"><strong><span style=\"color: #ffffff; font-family: 'times new roman', times, serif;\">Motor BLDC<\/span><\/strong><\/span><\/div>\n<div>\n<div><span style=\"color: #ffffff; font-size: 14pt; font-family: 'times new roman', times, serif;\">Aumento de temperatura peque\u00f1o: Aumento de temperatura \u22646 \u2103<\/span><\/div>\n<div><span style=\"color: #ffffff; font-size: 14pt; font-family: 'times new roman', times, serif;\">Bajo nivel de ruido: ruido \u2264 56 dB(A)<\/span><\/div>\n<div><span style=\"color: #ffffff; font-size: 14pt; font-family: 'times new roman', times, serif;\">Sin mantenimiento: Motor sin escobillas, sin mantenimiento<\/span><\/div>\n<div><span style=\"color: #ffffff; font-size: 14pt; font-family: 'times new roman', times, serif;\">Aceleraci\u00f3n r\u00e1pida: velocidad ajustable. Acelere hasta la velocidad m\u00e1xima en solo 10 segundos.\u00a0<\/span><\/div>\n<\/div>\n<div><span style=\"font-size: 18pt;\"><strong><span style=\"color: #ffffff; font-family: 'times new roman', times, serif;\">M\u00e1s conveniente<\/span><\/strong><\/span><\/div>\n<div>\n<div><strong><span style=\"color: #ffffff; font-size: 14pt; font-family: 'times new roman', times, serif;\">Pantalla t\u00e1ctil resistiva<\/span><\/strong><\/div>\n<div><span style=\"color: #ffffff; font-size: 14pt; font-family: 'times new roman', times, serif;\">\u00b7 Pantalla LCD a color, visualizaci\u00f3n de par\u00e1metros en d\u00edgitos completos<\/span><\/div>\n<div><span style=\"color: #ffffff; font-size: 14pt; font-family: 'times new roman', times, serif;\">\u00b7 Conversi\u00f3n autom\u00e1tica entre RPM y RCF<\/span><\/div>\n<div><span style=\"color: #ffffff; font-size: 14pt; font-family: 'times new roman', times, serif;\">\u00b7 Pantalla t\u00e1ctil resistiva, el dispositivo se puede utilizar normalmente incluso con guantes.<\/span><\/div>\n<div><span style=\"color: #ffffff; font-size: 14pt; font-family: 'times new roman', times, serif;\">\u00b7 Puede cambiar par\u00e1metros mientras se ejecuta<\/span><\/div>\n<div><span style=\"color: #ffffff; font-size: 14pt; font-family: 'times new roman', times, serif;\"><strong>Cerradura de puerta inteligente<\/strong>:Hebilla de puerta de acero + cerradura de puerta inteligente, lo que hace que el trabajo centr\u00edfugo sea m\u00e1s conveniente;<\/span><\/div>\n<div><span style=\"color: #ffffff; font-size: 14pt; font-family: 'times new roman', times, serif;\"><strong>Cerradura de puerta autom\u00e1tica de inducci\u00f3n<\/strong>, monitorea activamente el estado de apertura y cierre de la puerta y abre autom\u00e1ticamente la puerta despu\u00e9s de la centrifugaci\u00f3n, lo cual es conveniente para tomar muestras.<\/span><\/div>\n<div><\/div>\n<div><span style=\"color: #ffffff; font-size: 14pt; font-family: 'times new roman', times, serif;\"><strong>Amortiguaci\u00f3n de puerta abierta<\/strong>:El dise\u00f1o de la puerta de amortiguaci\u00f3n, despu\u00e9s de que se completa el trabajo centr\u00edfugo, la puerta se abre autom\u00e1ticamente lentamente, no hay vibraci\u00f3n en todo el proceso.<\/span><\/div>\n<div><\/div>\n<div><span style=\"color: #ffffff; font-size: 14pt; font-family: 'times new roman', times, serif;\"><strong>Base de ventosa bi\u00f3nica<\/strong>:Adopta una ventosa bi\u00f3nica con fuerte adsorci\u00f3n, que es f\u00e1cil de fijar y mover.<\/span><\/div>\n<div><span style=\"color: #ffffff; font-size: 14pt; font-family: 'times new roman', times, serif;\"><strong>Tapa de rotor magn\u00e9tico<\/strong>:La tapa del rotor autoadsorbente altamente magn\u00e9tica<\/span><\/div>\n<\/div>\n<p><span style=\"font-size: 18pt;\"><strong><span style=\"color: #ffffff; font-family: 'times new roman', times, serif;\">M\u00e1s seguro<\/span><\/strong><\/span><\/p>\n<div>\n<div><strong><span style=\"color: #ffffff; font-size: 14pt; font-family: 'times new roman', times, serif;\">Cubierta interior de aleaci\u00f3n de aluminio<\/span><\/strong><\/div>\n<div><span style=\"color: #ffffff; font-size: 14pt; font-family: 'times new roman', times, serif;\">La cubierta interior de aleaci\u00f3n de aluminio superduro hace que la operaci\u00f3n sea m\u00e1s segura; al mismo tiempo, la salida de aire interna puede disipar el calor r\u00e1pidamente.<\/span><\/div>\n<div><\/div>\n<div><strong><span style=\"color: #ffffff; font-size: 14pt; font-family: 'times new roman', times, serif;\">Eje de acero inoxidable de 10 mm<\/span><\/strong><\/div>\n<div><span style=\"color: #ffffff; font-size: 14pt; font-family: 'times new roman', times, serif;\">La conexi\u00f3n entre la cubierta de la puerta y el cuerpo est\u00e1 hecha de un eje de acero inoxidable, y la puerta se ha abierto y cerrado m\u00e1s de 100.000 veces sin da\u00f1os en el experimento, lo que la hace m\u00e1s segura de usar.<\/span><\/div>\n<div><\/div>\n<div><strong><span style=\"color: #ffffff; font-size: 14pt; font-family: 'times new roman', times, serif;\">Tapa de rotor de acero inoxidable<\/span><\/strong><\/div>\n<div><span style=\"color: #ffffff; font-size: 14pt; font-family: 'times new roman', times, serif;\">La cubierta especial del rotor de acero inoxidable est\u00e1 equipada con una interfaz magn\u00e9tica de selecci\u00f3n y colocaci\u00f3n, que ahorra tiempo y esfuerzo al seleccionar y colocar muestras.<\/span><\/div>\n<\/div>\n<\/td>\n<td style=\"width: 41.8458%;\"><img fetchpriority=\"high\" decoding=\"async\" class=\"alignnone size-full wp-image-22089\" src=\"https:\/\/lexamedlab.com\/wp-content\/uploads\/2025\/05\/h15s-small-centrifuge.webp\" alt=\"\" width=\"1000\" height=\"1000\" \/><\/td>\n<\/tr>\n<\/tbody>\n<\/table>\n<p>&nbsp;<\/p>\n<table style=\"border-collapse: collapse; width: 100%;\">\n<tbody>\n<tr>\n<td style=\"width: 50%;\"><img decoding=\"async\" class=\"alignnone  wp-image-22100\" src=\"https:\/\/lexamedlab.com\/wp-content\/uploads\/2025\/05\/12x1-5-h15k-1-1.webp\" alt=\"\" width=\"1500\" height=\"1000\" \/><\/td>\n<td style=\"width: 50%;\"><img decoding=\"async\" class=\"alignnone size-full wp-image-22097\" src=\"https:\/\/lexamedlab.com\/wp-content\/uploads\/2025\/05\/8x5ml-h15k-1.webp\" alt=\"\" width=\"1500\" height=\"1000\" \/><\/td>\n<\/tr>\n<tr>\n<td style=\"width: 50%;\">\n<div><span style=\"font-size: 14pt; font-family: 'times new roman', times, serif;\">Rotor: Rotor de \u00e1ngulo fijo (est\u00e1ndar)<\/span><\/div>\n<div><span style=\"font-size: 14pt; font-family: 'times new roman', times, serif;\">Capacidad: 12\u00d71,5\/2,2 ml<\/span><\/div>\n<div><span style=\"font-size: 14pt; font-family: 'times new roman', times, serif;\">Velocidad m\u00e1xima: 15000 rpm<\/span><\/div>\n<div><span style=\"font-size: 14pt; font-family: 'times new roman', times, serif;\">RCF m\u00e1ximo: 15093\u00d7g<\/span><\/div>\n<\/td>\n<td style=\"width: 50%;\">\n<div><span style=\"font-size: 14pt; font-family: 'times new roman', times, serif;\">Rotor: Rotor de \u00e1ngulo fijo (opcional)<\/span><\/div>\n<div><span style=\"font-size: 14pt; font-family: 'times new roman', times, serif;\">Capacidad: 8x5ml<\/span><\/div>\n<div><span style=\"font-size: 14pt; font-family: 'times new roman', times, serif;\">Velocidad m\u00e1xima: 15000 rpm<\/span><\/div>\n<div><span style=\"font-size: 14pt; font-family: 'times new roman', times, serif;\">RCF m\u00e1ximo: 15093\u00d7g<\/span><\/div>\n<\/td>\n<\/tr>\n<\/tbody>\n<\/table>","protected":false},"excerpt":{"rendered":"<div>\n<p><span style=\"font-family: 'times new roman', times, serif; font-size: 14pt;\">La microcentr\u00edfuga de alta velocidad H15S incluye un rotor angular de 12 x 1,5\/2,2 ml (con adaptador de 0,2\/0,5 ml). Es compacta, f\u00e1cil de usar, de alta velocidad, silenciosa y con alta velocidad de elevaci\u00f3n.<\/span><\/p>\n<\/div>\n<ul>\n<li><span style=\"font-family: 'times new roman', times, serif; font-size: 14pt;\">Velocidad m\u00e1xima\u00a0 \u00a0 \u00a0 \u00a0 \u00a0 \u00a0 \u00a0 \u00a0<span class=\"item-val\">15000 rpm<\/span><\/span><\/li>\n<li><span style=\"font-family: 'times new roman', times, serif; font-size: 14pt;\">RCF m\u00e1ximo\u00a0 \u00a0 \u00a0 \u00a0 \u00a0 \u00a0 \u00a0 \u00a0 \u00a0<span class=\"item-val\">15093xg<\/span><\/span><\/li>\n<li><span style=\"font-family: 'times new roman', times, serif; font-size: 14pt;\">Capacidad est\u00e1ndar\u00a0 \u00a0 <span class=\"item-val\">12*1,5\/2,2 ml<\/span><\/span><\/li>\n<li><span style=\"font-family: 'times new roman', times, serif; font-size: 14pt;\">Rango del temporizador\u00a0 \u00a0 \u00a0 \u00a0 \u00a0 \u00a0 \u00a0<span class=\"item-val\">1s a 99m59s<\/span><\/span><\/li>\n<li><span style=\"font-family: 'times new roman', times, serif; font-size: 14pt;\">Precisi\u00f3n de velocidad\u00a0 \u00a0 \u00a0 \u00a0 <span class=\"item-val\">\u00b110 rpm<\/span><\/span><\/li>\n<li><span style=\"font-family: 'times new roman', times, serif; font-size: 14pt;\">Ruido\u00a0 \u00a0 \u00a0 \u00a0 \u00a0 \u00a0 \u00a0 \u00a0 \u00a0 \u00a0 \u00a0 \u00a0<span class=\"item-val\">\u226456 dB(A)<\/span><\/span><\/li>\n<li><span style=\"font-family: 'times new roman', times, serif; font-size: 14pt;\">Fuente de alimentaci\u00f3n\u00a0 \u00a0 \u00a0 \u00a0 \u00a0 <span class=\"item-val\">100 V-250 V<\/span><\/span><\/li>\n<li><span style=\"font-family: 'times new roman', times, serif; font-size: 14pt;\">Dimensi\u00f3n\u00a0 \u00a0 \u00a0 \u00a0 \u00a0 \u00a0 \u00a0 <span class=\"item-val\">240x220x170mm<\/span><\/span><\/li>\n<li><span style=\"font-family: 'times new roman', times, serif; font-size: 14pt;\">Peso neto\u00a0 \u00a0 \u00a0 \u00a0 \u00a0 \u00a0 \u00a0 <span class=\"item-val\">3,8 kg<\/span><\/span><\/li>\n<\/ul>","protected":false},"featured_media":22090,"comment_status":"open","ping_status":"closed","template":"","meta":{"_acf_changed":false},"product_brand":[],"product_cat":[20,80,88],"product_tag":[],"class_list":{"0":"post-22086","1":"product","2":"type-product","3":"status-publish","4":"has-post-thumbnail","6":"product_cat-all","7":"product_cat-centrifuge","8":"product_cat-high-speed-centrifuge","10":"first","11":"instock","12":"shipping-taxable","13":"product-type-simple"},"acf":[],"_links":{"self":[{"href":"https:\/\/lexamedlab.com\/es\/wp-json\/wp\/v2\/product\/22086","targetHints":{"allow":["GET"]}}],"collection":[{"href":"https:\/\/lexamedlab.com\/es\/wp-json\/wp\/v2\/product"}],"about":[{"href":"https:\/\/lexamedlab.com\/es\/wp-json\/wp\/v2\/types\/product"}],"replies":[{"embeddable":true,"href":"https:\/\/lexamedlab.com\/es\/wp-json\/wp\/v2\/comments?post=22086"}],"version-history":[{"count":3,"href":"https:\/\/lexamedlab.com\/es\/wp-json\/wp\/v2\/product\/22086\/revisions"}],"predecessor-version":[{"id":22101,"href":"https:\/\/lexamedlab.com\/es\/wp-json\/wp\/v2\/product\/22086\/revisions\/22101"}],"wp:featuredmedia":[{"embeddable":true,"href":"https:\/\/lexamedlab.com\/es\/wp-json\/wp\/v2\/media\/22090"}],"wp:attachment":[{"href":"https:\/\/lexamedlab.com\/es\/wp-json\/wp\/v2\/media?parent=22086"}],"wp:term":[{"taxonomy":"product_brand","embeddable":true,"href":"https:\/\/lexamedlab.com\/es\/wp-json\/wp\/v2\/product_brand?post=22086"},{"taxonomy":"product_cat","embeddable":true,"href":"https:\/\/lexamedlab.com\/es\/wp-json\/wp\/v2\/product_cat?post=22086"},{"taxonomy":"product_tag","embeddable":true,"href":"https:\/\/lexamedlab.com\/es\/wp-json\/wp\/v2\/product_tag?post=22086"}],"curies":[{"name":"wp","href":"https:\/\/api.w.org\/{rel}","templated":true}]}}