{"id":22125,"date":"2025-05-21T01:54:20","date_gmt":"2025-05-21T01:54:20","guid":{"rendered":"https:\/\/lexamedlab.com\/?post_type=product&#038;p=22125"},"modified":"2025-05-28T17:16:09","modified_gmt":"2025-05-28T17:16:09","slug":"benchtop-high-speed-refrigerated-centrifuge-tgl-19","status":"publish","type":"product","link":"https:\/\/lexamedlab.com\/es\/product\/benchtop-high-speed-refrigerated-centrifuge-tgl-19\/","title":{"rendered":"Centr\u00edfuga refrigerada de sobremesa de alta velocidad TGL-19"},"content":{"rendered":"<div style=\"width: 1280px;\" class=\"wp-video\"><!--[if lt IE 9]><script>document.createElement('video');<\/script><![endif]-->\n<video class=\"wp-video-shortcode\" id=\"video-22125-1\" width=\"1280\" height=\"720\" preload=\"metadata\" controls=\"controls\"><source type=\"video\/mp4\" src=\"https:\/\/lexamedlab.com\/wp-content\/uploads\/2025\/05\/tgl-21-high-speed-refrigerated-centrifuge.mp4?_=1\" \/><a href=\"https:\/\/lexamedlab.com\/wp-content\/uploads\/2025\/05\/tgl-21-high-speed-refrigerated-centrifuge.mp4\">https:\/\/lexamedlab.com\/wp-content\/uploads\/2025\/05\/tgl-21-high-speed-refrigerated-centrifuge.mp4<\/a><\/video><\/div>\n<blockquote><p><span style=\"font-family: 'times new roman', times, serif; font-size: 18pt;\"><strong>&gt;Caracter\u00edsticas<\/strong><\/span><\/p><\/blockquote>\n<table style=\"width: 100%; border-collapse: collapse; background-color: #35a1cc;\">\n<tbody>\n<tr>\n<td style=\"width: 50%;\">\n<div><span style=\"font-size: 18pt;\"><strong><span style=\"color: #ffffff; font-family: 'times new roman', times, serif;\">Funci\u00f3n f\u00e1cil de usar\u00a0<\/span><\/strong><\/span><\/div>\n<div><span style=\"color: #ffffff; font-size: 14pt; font-family: 'times new roman', times, serif;\">&gt;hasta 1000 programas definidos por el usuario<\/span><\/div>\n<div><span style=\"color: #ffffff; font-size: 14pt; font-family: 'times new roman', times, serif;\">&gt;hasta 100000 historiales de ejecuci\u00f3n<\/span><\/div>\n<div><span style=\"color: #ffffff; font-size: 14pt; font-family: 'times new roman', times, serif;\">&gt;hasta 40 velocidades de aceleraci\u00f3n y desaceleraci\u00f3n, reducciones de velocidad\u00a0<\/span><\/div>\n<div><span style=\"color: #ffffff; font-size: 14pt; font-family: 'times new roman', times, serif;\">\u00a0 \u00a0Curvando lentamente de 600 rpm a 0 rpm para evitar que las muestras se muevan<\/span><\/div>\n<div><span style=\"color: #ffffff; font-size: 14pt; font-family: 'times new roman', times, serif;\">&gt;Modo de centrifugaci\u00f3n multietapa disponible hasta 7 etapas<\/span><\/div>\n<div><span style=\"color: #ffffff; font-size: 14pt; font-family: 'times new roman', times, serif;\">&gt;rango de temporizador de hasta 99h59m59s, incremento de 1s<\/span><\/div>\n<div><span style=\"color: #ffffff; font-size: 14pt; font-family: 'times new roman', times, serif;\">&gt;Admite centrifugaci\u00f3n corta y continua.<\/span><\/div>\n<div><span style=\"color: #ffffff; font-size: 14pt; font-family: 'times new roman', times, serif;\">&gt;Reserva: puede reservar refrigeraci\u00f3n, encender y apagar el tiempo<\/span><\/div>\n<div><span style=\"color: #ffffff; font-size: 14pt; font-family: 'times new roman', times, serif;\">&gt;Visualizaci\u00f3n de curvas: curva de velocidad, curva RCF y curva de temperatura\u00a0<\/span><\/div>\n<div><span style=\"color: #ffffff; font-size: 14pt; font-family: 'times new roman', times, serif;\">\u00a0 \u00a0Se muestran juntos, siendo claros para ver sus cambios y relaciones.<\/span><\/div>\n<\/td>\n<td style=\"width: 50%;\">\u00a0 \u00a0 <img fetchpriority=\"high\" decoding=\"async\" class=\"alignnone  wp-image-22134\" src=\"https:\/\/lexamedlab.com\/wp-content\/uploads\/2025\/05\/76x7.webp\" alt=\"\" width=\"373\" height=\"325\" \/><\/td>\n<\/tr>\n<tr>\n<td style=\"width: 50%;\">\n<div><strong><span style=\"color: #ffffff; font-size: 18pt; font-family: 'times new roman', times, serif;\">Refrigeraci\u00f3n\u00a0<\/span><\/strong><\/div>\n<div><span style=\"color: #ffffff; font-size: 14pt; font-family: 'times new roman', times, serif;\">&gt;Unidad compresora de alta calidad<\/span><\/div>\n<div><span style=\"color: #ffffff; font-size: 14pt; font-family: 'times new roman', times, serif;\">&gt;-20\u00b0C a +40\u00b0C, incremento de 1\u00b0C<\/span><\/div>\n<div><span style=\"color: #ffffff; font-size: 14pt; font-family: 'times new roman', times, serif;\">Precisi\u00f3n de temperatura alta &gt;\u00b11\u2103<\/span><\/div>\n<div><span style=\"color: #ffffff; font-size: 14pt; font-family: 'times new roman', times, serif;\">&gt;Refrigerante sin CFC<\/span><\/div>\n<div><span style=\"color: #ffffff; font-size: 14pt; font-family: 'times new roman', times, serif;\">&gt;Control din\u00e1mico de temperatura PID<\/span><\/div>\n<div><span style=\"color: #ffffff; font-size: 14pt; font-family: 'times new roman', times, serif;\">&gt;Sensor de temperatura dentro de la c\u00e1mara<\/span><\/div>\n<div><span style=\"color: #ffffff; font-size: 14pt; font-family: 'times new roman', times, serif;\">&gt;Inicia la refrigeraci\u00f3n al encender el equipo.<\/span><\/div>\n<div><span style=\"color: #ffffff; font-size: 14pt; font-family: 'times new roman', times, serif;\">&gt;Mantiene la refrigeraci\u00f3n despu\u00e9s del centrifugado.<\/span><\/div>\n<div><span style=\"color: #ffffff; font-size: 14pt; font-family: 'times new roman', times, serif;\">&gt;Con m\u00f3dulo de ahorro de energ\u00eda ECO<\/span><\/div>\n<\/td>\n<td style=\"width: 50%;\">\n<div><span style=\"font-size: 18pt;\"><strong><span style=\"color: #ffffff; font-family: 'times new roman', times, serif;\">Garantizar la seguridad<\/span><\/strong><\/span><\/div>\n<div><span style=\"color: #ffffff; font-size: 14pt; font-family: 'times new roman', times, serif;\">&gt;Identificaci\u00f3n autom\u00e1tica del rotor mediante RFID<\/span><\/div>\n<div><span style=\"color: #ffffff; font-size: 14pt; font-family: 'times new roman', times, serif;\">&gt;Detecci\u00f3n de desequilibrio mediante giroscopio de tres ejes<\/span><\/div>\n<div><span style=\"color: #ffffff; font-size: 14pt; font-family: 'times new roman', times, serif;\">&gt;Cerradura electr\u00f3nica motorizada<\/span><\/div>\n<div><span style=\"color: #ffffff; font-size: 14pt; font-family: 'times new roman', times, serif;\">&gt;La puerta no se puede abrir cuando el rotor est\u00e1 girando<\/span><\/div>\n<div><span style=\"color: #ffffff; font-size: 14pt; font-family: 'times new roman', times, serif;\">&gt;Bisagras de gas para evitar la ca\u00edda de la puerta.<\/span><\/div>\n<div><span style=\"color: #ffffff; font-size: 14pt; font-family: 'times new roman', times, serif;\">&gt;Puerto en la puerta para calibraci\u00f3n y comprobaci\u00f3n del funcionamiento.<\/span><\/div>\n<div><span style=\"color: #ffffff; font-size: 14pt; font-family: 'times new roman', times, serif;\">&gt;Apertura de emergencia de la cerradura de la puerta<\/span><\/div>\n<div><span style=\"color: #ffffff; font-size: 14pt; font-family: 'times new roman', times, serif;\">&gt;Contrase\u00f1a para bloquear el dispositivo<\/span><\/div>\n<div><span style=\"color: #ffffff; font-size: 14pt; font-family: 'times new roman', times, serif;\">&gt;Gesti\u00f3n de usuarios con asignaci\u00f3n de permisos<\/span><\/div>\n<div><span style=\"color: #ffffff; font-size: 14pt; font-family: 'times new roman', times, serif;\">&gt;Varias protecciones para garantizar una centrifugaci\u00f3n segura.<\/span><\/div>\n<div><span style=\"color: #ffffff; font-size: 14pt; font-family: 'times new roman', times, serif;\">&gt;Con manual de instrucciones electr\u00f3nico que nunca se perder\u00e1<\/span><\/div>\n<\/td>\n<\/tr>\n<tr>\n<td style=\"width: 50%;\">\n<div><span style=\"font-size: 18pt;\"><strong><span style=\"color: #ffffff; font-family: 'times new roman', times, serif;\">Pantalla t\u00e1ctil LCD\u00a0<\/span><\/strong><\/span><\/div>\n<div><span style=\"color: #ffffff; font-size: 14pt; font-family: 'times new roman', times, serif;\">&gt;Sencillo y claro para mostrar todos los par\u00e1metros.<\/span><\/div>\n<div><span style=\"color: #ffffff; font-size: 14pt; font-family: 'times new roman', times, serif;\">&gt; Pantalla t\u00e1ctil, f\u00e1cil de configurar par\u00e1metros<\/span><\/div>\n<div><span style=\"color: #ffffff; font-size: 14pt; font-family: 'times new roman', times, serif;\">&gt;RCF se puede configurar directamente<\/span><\/div>\n<div><span style=\"color: #ffffff; font-size: 14pt; font-family: 'times new roman', times, serif;\">&gt;Visualizaci\u00f3n de estado inteligente, en tiempo real y valores reales.<\/span><\/div>\n<div><span style=\"color: #ffffff; font-size: 14pt; font-family: 'times new roman', times, serif;\">&gt;El usuario puede configurar par\u00e1metros incluso con guantes<\/span><\/div>\n<div><span style=\"color: #ffffff; font-size: 14pt; font-family: 'times new roman', times, serif;\">&gt;El usuario puede restablecer los par\u00e1metros cuando el rotor est\u00e1 girando<\/span><\/div>\n<\/td>\n<td style=\"width: 50%;\">\n<div><span style=\"font-size: 18pt;\"><strong><span style=\"color: #ffffff; font-family: 'times new roman', times, serif;\">Componentes\u00a0<\/span><\/strong><\/span><\/div>\n<div><span style=\"color: #ffffff; font-size: 14pt; font-family: 'times new roman', times, serif;\">&gt;Motor: Motor de frecuencia variable.<\/span><\/div>\n<div><span style=\"color: #ffffff; font-size: 14pt; font-family: 'times new roman', times, serif;\">\u00a0 \u00a0Funcionamiento estable, sin necesidad de mantenimiento, larga vida \u00fatil.<\/span><\/div>\n<div><span style=\"color: #ffffff; font-size: 14pt; font-family: 'times new roman', times, serif;\">&gt;Carcasa: Acero grueso y resistente.<\/span><\/div>\n<div><span style=\"color: #ffffff; font-size: 14pt; font-family: 'times new roman', times, serif;\">&gt;C\u00e1mara: Acero inoxidable 316 con revestimiento de tefl\u00f3n.<\/span><\/div>\n<div><span style=\"color: #ffffff; font-size: 14pt; font-family: 'times new roman', times, serif;\">\u00a0 \u00a0Anticorrosi\u00f3n y f\u00e1cil de limpiar.<\/span><\/div>\n<div><span style=\"color: #ffffff; font-size: 14pt; font-family: 'times new roman', times, serif;\">&gt;Rotor: Rotor de \u00e1ngulo fijo de aleaci\u00f3n de aluminio;<\/span><\/div>\n<div><span style=\"color: #ffffff; font-size: 14pt; font-family: 'times new roman', times, serif;\">\u00a0 \u00a0 \u00a0 \u00a0 \u00a0 \u00a0 \u00a0Rotor oscilante de acero\/acero inoxidable.<\/span><\/div>\n<div><span style=\"color: #ffffff; font-size: 14pt; font-family: 'times new roman', times, serif;\">&gt;Los rotores son autoclavables\u00a0<\/span><\/div>\n<\/td>\n<\/tr>\n<\/tbody>\n<\/table>\n<blockquote><p><span style=\"font-family: 'times new roman', times, serif; font-size: 18pt;\"><strong>Rotores disponibles<\/strong><\/span><\/p>\n<p><img decoding=\"async\" class=\"alignnone size-full wp-image-22142\" src=\"https:\/\/lexamedlab.com\/wp-content\/uploads\/2025\/05\/19-19-2-scaled.webp\" alt=\"\" width=\"2560\" height=\"1260\" \/><img decoding=\"async\" class=\"alignnone size-full wp-image-22143\" src=\"https:\/\/lexamedlab.com\/wp-content\/uploads\/2025\/05\/19-2-2-scaled.webp\" alt=\"\" width=\"2560\" height=\"972\" \/><img loading=\"lazy\" decoding=\"async\" class=\"alignnone size-full wp-image-22144\" src=\"https:\/\/lexamedlab.com\/wp-content\/uploads\/2025\/05\/19-3-2-scaled.webp\" alt=\"\" width=\"2560\" height=\"977\" \/><\/p><\/blockquote>","protected":false},"excerpt":{"rendered":"<div>\n<div class=\"editor-text-wrap\">\n<p><span style=\"font-size: 14pt; font-family: 'times new roman', times, serif;\">La TGL-19 es una centr\u00edfuga refrigerada inteligente y vers\u00e1til de alta velocidad que alcanza las 19\u00a0000 rpm. Esta centr\u00edfuga es un modelo de gran capacidad que admite tubos o botellas de 0,2 ml a 500 ml. Los rotores de \u00e1ngulo fijo son compatibles con tubos de 0,2 ml a 100 ml. Los rotores oscilantes son compatibles con tubos o botellas de 1,5 ml a 500 ml, tubos de ensayo y microplacas. Gracias a su tecnolog\u00eda de vanguardia y sus numerosas funciones intuitivas, satisface a la perfecci\u00f3n sus necesidades de centr\u00edfuga.<\/span><\/p>\n<\/div>\n<\/div>\n<ul>\n<li><span style=\"font-size: 14pt; font-family: 'times new roman', times, serif;\">Velocidad m\u00e1xima\u00a0 \u00a0 \u00a0 \u00a0 \u00a0 \u00a0 \u00a0 \u00a0 \u00a0 \u00a0 \u00a0 <span class=\"item-val\">19000 rpm<\/span><\/span><\/li>\n<li><span style=\"font-size: 14pt; font-family: 'times new roman', times, serif;\">RCF m\u00e1ximo\u00a0 \u00a0 \u00a0 \u00a0 \u00a0 \u00a0 \u00a0 \u00a0 \u00a0 \u00a0 \u00a0 \u00a0 <span class=\"item-val\">30367xg<\/span><\/span><\/li>\n<li><span style=\"font-size: 14pt; font-family: 'times new roman', times, serif;\">Capacidad m\u00e1xima\u00a0 \u00a0 \u00a0 \u00a0 \u00a0 \u00a0 \u00a0 \u00a0 \u00a0 \u00a0<span class=\"item-val\">4 x 500 ml<\/span><\/span><\/li>\n<li><span style=\"font-size: 14pt; font-family: 'times new roman', times, serif;\">Precisi\u00f3n de velocidad\u00a0 \u00a0 \u00a0 \u00a0 \u00a0 \u00a0 \u00a0 \u00a0 <span class=\"item-val\">\u00b110 rpm<\/span><\/span><\/li>\n<li><span style=\"font-size: 14pt; font-family: 'times new roman', times, serif;\">Rango de temperatura\u00a0 \u00a0 \u00a0 \u00a0 \u00a0 \u00a0<span class=\"item-val\">-20\u2103 a +40\u2103<\/span><\/span><\/li>\n<li><span style=\"font-size: 14pt; font-family: 'times new roman', times, serif;\">Precisi\u00f3n de la temperatura\u00a0 \u00a0 \u00a0 <span class=\"item-val\">\u00b11\u2103<\/span><\/span><\/li>\n<li><span style=\"font-size: 14pt; font-family: 'times new roman', times, serif;\">Rango del temporizador\u00a0 \u00a0 \u00a0 \u00a0 \u00a0 \u00a0 \u00a0 \u00a0 \u00a0 \u00a0 \u00a0 <span class=\"item-val\">1s a 99h59m59s<\/span><\/span><\/li>\n<li><span style=\"font-size: 14pt; font-family: 'times new roman', times, serif;\">Ruido\u00a0 \u00a0 \u00a0 \u00a0 \u00a0 \u00a0 \u00a0 \u00a0 \u00a0 \u00a0 \u00a0 \u00a0 \u00a0 \u00a0 \u00a0 \u00a0 <span class=\"item-val\">\u226456 dB(A)<\/span><\/span><\/li>\n<li><span style=\"font-size: 14pt; font-family: 'times new roman', times, serif;\">Consumo de energ\u00eda\u00a0 \u00a0 \u00a0 \u00a0 \u00a0<span class=\"item-val\">1500 vatios<\/span><\/span><\/li>\n<li><span style=\"font-size: 14pt; font-family: 'times new roman', times, serif;\">Dimensi\u00f3n\u00a0 \u00a0 \u00a0 \u00a0 \u00a0 \u00a0 \u00a0 \u00a0 \u00a0 \u00a0 \u00a0 \u00a0 <span class=\"item-val\">600x680x420<\/span><\/span><\/li>\n<li><span style=\"font-size: 14pt; font-family: 'times new roman', times, serif;\">Peso neto\u00a0 \u00a0 \u00a0 \u00a0 \u00a0 \u00a0 \u00a0 \u00a0 \u00a0 \u00a0 \u00a0 \u00a0 <span class=\"item-val\">108 kilos<\/span><\/span><\/li>\n<\/ul>","protected":false},"featured_media":22138,"comment_status":"open","ping_status":"closed","template":"","meta":{"_acf_changed":false},"product_brand":[],"product_cat":[20,80,88,89],"product_tag":[],"class_list":{"0":"post-22125","1":"product","2":"type-product","3":"status-publish","4":"has-post-thumbnail","6":"product_cat-all","7":"product_cat-centrifuge","8":"product_cat-high-speed-centrifuge","9":"product_cat-high-speed-refrigerated-centrifuge","11":"first","12":"instock","13":"shipping-taxable","14":"product-type-simple"},"acf":[],"_links":{"self":[{"href":"https:\/\/lexamedlab.com\/es\/wp-json\/wp\/v2\/product\/22125","targetHints":{"allow":["GET"]}}],"collection":[{"href":"https:\/\/lexamedlab.com\/es\/wp-json\/wp\/v2\/product"}],"about":[{"href":"https:\/\/lexamedlab.com\/es\/wp-json\/wp\/v2\/types\/product"}],"replies":[{"embeddable":true,"href":"https:\/\/lexamedlab.com\/es\/wp-json\/wp\/v2\/comments?post=22125"}],"version-history":[{"count":1,"href":"https:\/\/lexamedlab.com\/es\/wp-json\/wp\/v2\/product\/22125\/revisions"}],"predecessor-version":[{"id":22146,"href":"https:\/\/lexamedlab.com\/es\/wp-json\/wp\/v2\/product\/22125\/revisions\/22146"}],"wp:featuredmedia":[{"embeddable":true,"href":"https:\/\/lexamedlab.com\/es\/wp-json\/wp\/v2\/media\/22138"}],"wp:attachment":[{"href":"https:\/\/lexamedlab.com\/es\/wp-json\/wp\/v2\/media?parent=22125"}],"wp:term":[{"taxonomy":"product_brand","embeddable":true,"href":"https:\/\/lexamedlab.com\/es\/wp-json\/wp\/v2\/product_brand?post=22125"},{"taxonomy":"product_cat","embeddable":true,"href":"https:\/\/lexamedlab.com\/es\/wp-json\/wp\/v2\/product_cat?post=22125"},{"taxonomy":"product_tag","embeddable":true,"href":"https:\/\/lexamedlab.com\/es\/wp-json\/wp\/v2\/product_tag?post=22125"}],"curies":[{"name":"wp","href":"https:\/\/api.w.org\/{rel}","templated":true}]}}