{"id":22329,"date":"2025-05-21T11:46:25","date_gmt":"2025-05-21T11:46:25","guid":{"rendered":"https:\/\/lexamedlab.com\/?post_type=product&#038;p=22329"},"modified":"2025-05-28T17:16:09","modified_gmt":"2025-05-28T17:16:09","slug":"benchtop-high-speed-micro-refrigerated-centrifuge-tgl-2150","status":"publish","type":"product","link":"https:\/\/lexamedlab.com\/es\/product\/benchtop-high-speed-micro-refrigerated-centrifuge-tgl-2150\/","title":{"rendered":"Centr\u00edfuga microrrefrigerada de sobremesa de alta velocidad TGL-2150"},"content":{"rendered":"<div style=\"width: 1280px;\" class=\"wp-video\"><!--[if lt IE 9]><script>document.createElement('video');<\/script><![endif]-->\n<video class=\"wp-video-shortcode\" id=\"video-22329-1\" width=\"1280\" height=\"720\" preload=\"metadata\" controls=\"controls\"><source type=\"video\/mp4\" src=\"https:\/\/lexamedlab.com\/wp-content\/uploads\/2025\/05\/tgl-1850-high-speed-micro-refrigerated-centrifuge.mp4?_=1\" \/><a href=\"https:\/\/lexamedlab.com\/wp-content\/uploads\/2025\/05\/tgl-1850-high-speed-micro-refrigerated-centrifuge.mp4\">https:\/\/lexamedlab.com\/wp-content\/uploads\/2025\/05\/tgl-1850-high-speed-micro-refrigerated-centrifuge.mp4<\/a><\/video><\/div>\n<blockquote><p><strong><span style=\"font-size: 18pt; font-family: 'times new roman', times, serif;\">&gt;Caracter\u00edsticas<\/span><\/strong><\/p><\/blockquote>\n<table style=\"width: 100%; border-collapse: collapse; background-color: #35a1cc;\">\n<tbody>\n<tr>\n<td style=\"width: 50%;\"><img fetchpriority=\"high\" decoding=\"async\" class=\"alignnone  wp-image-22320\" src=\"https:\/\/lexamedlab.com\/wp-content\/uploads\/2025\/05\/24x1-5ml-angle-rotor.webp\" alt=\"\" width=\"482\" height=\"260\" \/><\/td>\n<td style=\"width: 50%;\">\n<div><strong><span style=\"font-size: 18pt; font-family: 'times new roman', times, serif; color: #ffffff;\">Caracter\u00edsticas\u00a0<\/span><\/strong><\/div>\n<div><span style=\"font-size: 14pt; font-family: 'times new roman', times, serif; color: #ffffff;\">&gt;Identificaci\u00f3n autom\u00e1tica del rotor mediante RFID<\/span><\/div>\n<div><span style=\"font-size: 14pt; font-family: 'times new roman', times, serif; color: #ffffff;\">&gt;Detecci\u00f3n de desequilibrio con parada autom\u00e1tica del funcionamiento<\/span><\/div>\n<div><span style=\"font-size: 14pt; font-family: 'times new roman', times, serif; color: #ffffff;\">&gt;Dise\u00f1o compacto, peso ligero.<\/span><\/div>\n<div><span style=\"font-size: 14pt; font-family: 'times new roman', times, serif; color: #ffffff;\">&gt;Motor de frecuencia variable, control por microprocesador<\/span><\/div>\n<div><span style=\"font-size: 14pt; font-family: 'times new roman', times, serif; color: #ffffff;\">&gt;Pantalla t\u00e1ctil LCD para visualizaci\u00f3n y configuraci\u00f3n de par\u00e1metros<\/span><\/div>\n<div><span style=\"font-size: 14pt; font-family: 'times new roman', times, serif; color: #ffffff;\">&gt;Bloqueo de tapa electr\u00f3nico autocebante motorizado<\/span><\/div>\n<div><span style=\"font-size: 14pt; font-family: 'times new roman', times, serif; color: #ffffff;\">&gt;hasta 1000 programas y 1000 historiales de ejecuci\u00f3n<\/span><\/div>\n<div><span style=\"font-size: 14pt; font-family: 'times new roman', times, serif; color: #ffffff;\">&gt;hasta 40 tasas de aceleraci\u00f3n y desaceleraci\u00f3n<\/span><\/div>\n<div><span style=\"font-size: 14pt; font-family: 'times new roman', times, serif; color: #ffffff;\">&gt;Modo de centrifugaci\u00f3n multietapa disponible en hasta 7 etapas<\/span><\/div>\n<div><span style=\"font-size: 14pt; font-family: 'times new roman', times, serif; color: #ffffff;\">&gt;Admite centrifugaci\u00f3n corta y continua.<\/span><\/div>\n<\/td>\n<\/tr>\n<tr>\n<td style=\"width: 50%;\">\n<div><strong><span style=\"color: #ffffff; font-size: 18pt; font-family: 'times new roman', times, serif;\">Refrigeraci\u00f3n\u00a0<\/span><\/strong><\/div>\n<div><span style=\"color: #ffffff; font-size: 14pt; font-family: 'times new roman', times, serif;\">&gt;-10\u00b0C a +40\u00b0C, incremento de 1\u00b0C<\/span><\/div>\n<div><span style=\"color: #ffffff; font-size: 14pt; font-family: 'times new roman', times, serif;\">Precisi\u00f3n de temperatura alta &gt;\u00b11\u2103<\/span><\/div>\n<div><span style=\"color: #ffffff; font-size: 14pt; font-family: 'times new roman', times, serif;\">&gt;Refrigerante sin CFC<\/span><\/div>\n<div><span style=\"color: #ffffff; font-size: 14pt; font-family: 'times new roman', times, serif;\">&gt;Sensor de temperatura dentro de la c\u00e1mara<\/span><\/div>\n<div><span style=\"color: #ffffff; font-size: 14pt; font-family: 'times new roman', times, serif;\">&gt;Inicia la refrigeraci\u00f3n al encender el equipo.<\/span><\/div>\n<div><span style=\"color: #ffffff; font-size: 14pt; font-family: 'times new roman', times, serif;\">&gt;Mantiene la refrigeraci\u00f3n despu\u00e9s del centrifugado.<\/span><\/div>\n<div><span style=\"color: #ffffff; font-size: 14pt; font-family: 'times new roman', times, serif;\">&gt; Con bot\u00f3n de temperatura r\u00e1pida<\/span><\/div>\n<div><span style=\"color: #ffffff; font-size: 14pt; font-family: 'times new roman', times, serif;\">&gt;Puede configurar el tiempo de parada de enfriamiento en la puerta\/en espera<\/span><\/div>\n<\/td>\n<td style=\"width: 50%;\"><img decoding=\"async\" class=\"alignnone  wp-image-22321\" src=\"https:\/\/lexamedlab.com\/wp-content\/uploads\/2025\/05\/6465456.webp\" alt=\"\" width=\"323\" height=\"215\" \/><\/td>\n<\/tr>\n<\/tbody>\n<\/table>\n<blockquote><p><strong><span style=\"font-size: 18pt; font-family: 'times new roman', times, serif;\">&gt;Rotores disponibles<\/span><\/strong><\/p><\/blockquote>\n<p><img decoding=\"async\" class=\"alignnone size-full wp-image-22331\" src=\"https:\/\/lexamedlab.com\/wp-content\/uploads\/2025\/05\/tgl-2150-1-scaled.webp\" alt=\"\" width=\"2560\" height=\"641\" \/><\/p>","protected":false},"excerpt":{"rendered":"<div>\n<div class=\"editor-text-wrap\">\n<p><span style=\"font-size: 14pt; font-family: 'times new roman', times, serif;\">La microcentr\u00edfuga refrigerada de sobremesa TGL-2150 de alta velocidad est\u00e1 dise\u00f1ada para microcapacidades y admite rotores de cabezal de \u00e1ngulo fijo de 1,5\/2,2 ml, 5 ml y 0,2 ml. Es ideal para biolog\u00eda, microbiolog\u00eda y PCR.<\/span><\/p>\n<\/div>\n<\/div>\n<ul>\n<li><span style=\"font-size: 14pt; font-family: 'times new roman', times, serif;\">Velocidad m\u00e1xima\u00a0 \u00a0 \u00a0 \u00a0 \u00a0 \u00a0 \u00a0 \u00a0 \u00a0 \u00a0 \u00a0 \u00a0<span class=\"item-val\">15000 rpm<\/span><\/span><\/li>\n<li><span style=\"font-size: 14pt; font-family: 'times new roman', times, serif;\">RCF m\u00e1ximo\u00a0 \u00a0 \u00a0 \u00a0 \u00a0 \u00a0 \u00a0 \u00a0 \u00a0 \u00a0 \u00a0 \u00a0 \u00a0<span class=\"item-val\">21633xg<\/span><\/span><\/li>\n<li><span style=\"font-size: 14pt; font-family: 'times new roman', times, serif;\">Rango de temperatura\u00a0 \u00a0 \u00a0 \u00a0 \u00a0 <span class=\"item-val\">-10\u2103 a +40\u2103<\/span><\/span><\/li>\n<li><span style=\"font-size: 14pt; font-family: 'times new roman', times, serif;\">Precisi\u00f3n de la temperatura\u00a0 \u00a0 \u00a0<span class=\"item-val\">\u00b11\u2103<\/span><\/span><\/li>\n<li><span style=\"font-size: 14pt; font-family: 'times new roman', times, serif;\">Rango del temporizador\u00a0 \u00a0 \u00a0 \u00a0 \u00a0 \u00a0 \u00a0 \u00a0 \u00a0 \u00a0 <span class=\"item-val\">1s a 99h59m<\/span><\/span><\/li>\n<li><span style=\"font-size: 14pt; font-family: 'times new roman', times, serif;\">Capacidad m\u00e1xima\u00a0 \u00a0 \u00a0 \u00a0 \u00a0 \u00a0 \u00a0 \u00a0 \u00a0 <span class=\"item-val\">12*5 ml<\/span><\/span><\/li>\n<li><span style=\"font-size: 14pt; font-family: 'times new roman', times, serif;\">Precisi\u00f3n de velocidad\u00a0 \u00a0 \u00a0 \u00a0 \u00a0 \u00a0 \u00a0 <span class=\"item-val\">\u00b110 rpm<\/span><\/span><\/li>\n<li><span style=\"font-size: 14pt; font-family: 'times new roman', times, serif;\">Ruido\u00a0 \u00a0 \u00a0 \u00a0 \u00a0 \u00a0 \u00a0 \u00a0 \u00a0 \u00a0 \u00a0 \u00a0 \u00a0 \u00a0 \u00a0<span class=\"item-val\">\u226456 dB(A)<\/span><\/span><\/li>\n<li><span style=\"font-size: 14pt; font-family: 'times new roman', times, serif;\">Consumo de energ\u00eda\u00a0 \u00a0 \u00a0 <span class=\"item-val\">400 W<\/span><\/span><\/li>\n<li><span style=\"font-size: 14pt; font-family: 'times new roman', times, serif;\">Dimensi\u00f3n\u00a0 \u00a0 \u00a0 \u00a0 \u00a0 \u00a0 \u00a0 \u00a0 \u00a0 \u00a0 <span class=\"item-val\">510x300x280mm<\/span><\/span><\/li>\n<li><span style=\"font-size: 14pt; font-family: 'times new roman', times, serif;\"><span style=\"font-size: 14pt; font-family: 'times new roman', times, serif;\">Peso neto\u00a0 \u00a0 \u00a0 \u00a0 \u00a0 \u00a0 \u00a0 \u00a0 \u00a0 \u00a0<\/span><\/span><span style=\"font-size: 14pt; font-family: 'times new roman', times, serif;\"><span class=\"item-val\">29 kilos<\/span><\/span><\/li>\n<\/ul>","protected":false},"featured_media":22324,"comment_status":"open","ping_status":"closed","template":"","meta":{"_acf_changed":false},"product_brand":[],"product_cat":[20,80,88,89],"product_tag":[],"class_list":{"0":"post-22329","1":"product","2":"type-product","3":"status-publish","4":"has-post-thumbnail","6":"product_cat-all","7":"product_cat-centrifuge","8":"product_cat-high-speed-centrifuge","9":"product_cat-high-speed-refrigerated-centrifuge","11":"first","12":"instock","13":"shipping-taxable","14":"product-type-simple"},"acf":[],"_links":{"self":[{"href":"https:\/\/lexamedlab.com\/es\/wp-json\/wp\/v2\/product\/22329","targetHints":{"allow":["GET"]}}],"collection":[{"href":"https:\/\/lexamedlab.com\/es\/wp-json\/wp\/v2\/product"}],"about":[{"href":"https:\/\/lexamedlab.com\/es\/wp-json\/wp\/v2\/types\/product"}],"replies":[{"embeddable":true,"href":"https:\/\/lexamedlab.com\/es\/wp-json\/wp\/v2\/comments?post=22329"}],"version-history":[{"count":1,"href":"https:\/\/lexamedlab.com\/es\/wp-json\/wp\/v2\/product\/22329\/revisions"}],"predecessor-version":[{"id":22332,"href":"https:\/\/lexamedlab.com\/es\/wp-json\/wp\/v2\/product\/22329\/revisions\/22332"}],"wp:featuredmedia":[{"embeddable":true,"href":"https:\/\/lexamedlab.com\/es\/wp-json\/wp\/v2\/media\/22324"}],"wp:attachment":[{"href":"https:\/\/lexamedlab.com\/es\/wp-json\/wp\/v2\/media?parent=22329"}],"wp:term":[{"taxonomy":"product_brand","embeddable":true,"href":"https:\/\/lexamedlab.com\/es\/wp-json\/wp\/v2\/product_brand?post=22329"},{"taxonomy":"product_cat","embeddable":true,"href":"https:\/\/lexamedlab.com\/es\/wp-json\/wp\/v2\/product_cat?post=22329"},{"taxonomy":"product_tag","embeddable":true,"href":"https:\/\/lexamedlab.com\/es\/wp-json\/wp\/v2\/product_tag?post=22329"}],"curies":[{"name":"wp","href":"https:\/\/api.w.org\/{rel}","templated":true}]}}