{"id":22463,"date":"2025-05-22T05:49:32","date_gmt":"2025-05-22T05:49:32","guid":{"rendered":"https:\/\/lexamedlab.com\/?post_type=product&#038;p=22463"},"modified":"2025-05-27T15:11:36","modified_gmt":"2025-05-27T15:11:36","slug":"automatic-decap-blood-collection-tube-centrifuge-biosafety-type-dd-5g","status":"publish","type":"product","link":"https:\/\/lexamedlab.com\/es\/product\/automatic-decap-blood-collection-tube-centrifuge-biosafety-type-dd-5g\/","title":{"rendered":"Centr\u00edfuga de tubos de recolecci\u00f3n de sangre con destapado autom\u00e1tico (tipo de bioseguridad) DD-5G"},"content":{"rendered":"<p><strong><span style=\"font-family: 'times new roman', times, serif; font-size: 14pt;\">Caracter\u00edstica\u00a0<\/span><\/strong><\/p>\n<p><span style=\"font-family: 'times new roman', times, serif; font-size: 14pt;\">1. Motor de frecuencia variable. Existen tres tipos de motor: motor con escobillas, motor sin escobillas y motor de frecuencia variable. Este \u00faltimo es el mejor. Presenta una baja tasa de fallos, es ecol\u00f3gico, no requiere mantenimiento y tiene un buen rendimiento. Su buen rendimiento permite una precisi\u00f3n de velocidad de hasta \u00b110 rpm. <\/span><\/p>\n<p><span style=\"font-family: 'times new roman', times, serif; font-size: 14pt;\">2. Pantalla t\u00e1ctil LCD: permite configurar par\u00e1metros ingresando n\u00fameros directamente. La pantalla t\u00e1ctil LCD muestra los datos de forma sencilla y clara. Para configurar los par\u00e1metros, simplemente toque la pantalla e ingrese los n\u00fameros. <\/span><\/p>\n<p><span style=\"font-family: 'times new roman', times, serif; font-size: 14pt;\">3. Cerradura electr\u00f3nica de puerta Cuando la centr\u00edfuga est\u00e1 en funcionamiento, debemos asegurarnos de que la puerta no se abra. Usamos cerradura electr\u00f3nica de puerta para garantizar la seguridad.<\/span><\/p>\n<p><span style=\"font-family: 'times new roman', times, serif; font-size: 14pt;\"> 4. Cuerpo de acero y c\u00e1mara de acero inoxidable 304. Para garantizar un funcionamiento seguro y una centr\u00edfuga robusta y duradera, utilizamos acero de alto costo y acero inoxidable 304. <\/span><\/p>\n<p><span style=\"font-family: 'times new roman', times, serif; font-size: 14pt;\">5. 40 niveles de aceleraci\u00f3n y desaceleraci\u00f3n. \u00bfC\u00f3mo funciona? Por ejemplo, si fijamos la velocidad a 5000 rpm y pulsamos el bot\u00f3n de INICIO, la centr\u00edfuga acelerar\u00e1 de 0 rpm a 5000 rpm. De 0 rpm a 5000 rpm, \u00bfpodemos ajustar el tiempo de funcionamiento, es decir, que funcione m\u00e1s r\u00e1pido o m\u00e1s lento? S\u00ed, esta centr\u00edfuga lo admite. <\/span><\/p>\n<p><span style=\"font-family: 'times new roman', times, serif; font-size: 14pt;\">6. Capacidad para almacenar 12 programas. En el uso diario, es posible que necesitemos configurar diferentes par\u00e1metros para distintos fines en el futuro. Esta centr\u00edfuga puede almacenar 12 programas. <\/span><\/p>\n<p><span style=\"font-family: 'times new roman', times, serif; font-size: 14pt;\">7. La centrifugaci\u00f3n y el destapado se realizan simult\u00e1neamente. Esta funci\u00f3n evita la remezcla tras la separaci\u00f3n de las muestras. <\/span><\/p>\n<p><span style=\"font-family: 'times new roman', times, serif; font-size: 14pt;\">8. Sistema de filtraci\u00f3n de alta eficiencia. El gas nocivo generado durante el proceso de separaci\u00f3n se filtra tras retirar la tapa a tiempo, lo que evita eficazmente la contaminaci\u00f3n cruzada de las muestras y reduce el riesgo de infecci\u00f3n para los operadores. Por ello, la DD-TG es una m\u00e1quina de bioseguridad. <\/span><\/p>\n<p><span style=\"font-family: 'times new roman', times, serif; font-size: 14pt;\">9. Especialmente dise\u00f1ado para tubos de recolecci\u00f3n de sangre al vac\u00edo Adecuado para tubos de recolecci\u00f3n de sangre al vac\u00edo de varias capacidades. <\/span><\/p>\n<p><span style=\"font-family: 'times new roman', times, serif; font-size: 14pt;\">10. Funci\u00f3n de esterilizaci\u00f3n UV y control de interruptor independiente (tipo de bioseguridad)<\/span><\/p>\n<p><span style=\"font-family: 'times new roman', times, serif; font-size: 18pt;\"><strong>rotores\u00a0<\/strong><\/span><\/p>\n<table style=\"border-collapse: collapse; width: 100%;\">\n<tbody>\n<tr>\n<td style=\"width: 25%;\">Rotor oscilante n.\u00b0 1<\/td>\n<td style=\"width: 25%;\">Rotor de descapsulado autom\u00e1tico n.\u00b0 2<\/td>\n<td style=\"width: 25%;\">Rotor de descapsulado autom\u00e1tico n.\u00b0 3<\/td>\n<td style=\"width: 25%;\">Rotor de descapsulado autom\u00e1tico n.\u00b0 4<\/td>\n<\/tr>\n<tr>\n<td style=\"width: 25%;\"><img fetchpriority=\"high\" decoding=\"async\" class=\"alignnone size-full wp-image-22464\" src=\"https:\/\/lexamedlab.com\/wp-content\/uploads\/2025\/05\/4x250ml-with-wind-cover-scaled.png\" alt=\"\" width=\"2560\" height=\"1115\" \/><\/td>\n<td style=\"width: 25%;\"><img decoding=\"async\" class=\"alignnone  wp-image-22465\" src=\"https:\/\/lexamedlab.com\/wp-content\/uploads\/2025\/05\/80x7ml-\u8131\u5e3d-scaled.png\" alt=\"\" width=\"278\" height=\"234\" \/><\/td>\n<td style=\"width: 25%;\"><img decoding=\"async\" class=\"alignnone size-full wp-image-22466\" src=\"https:\/\/lexamedlab.com\/wp-content\/uploads\/2025\/05\/120x7\u8131\u76d6-scaled.png\" alt=\"\" width=\"2560\" height=\"2102\" \/><\/td>\n<td style=\"width: 25%;\"><img loading=\"lazy\" decoding=\"async\" class=\"alignnone size-full wp-image-22467\" src=\"https:\/\/lexamedlab.com\/wp-content\/uploads\/2025\/05\/140x7ml-scaled.png\" alt=\"\" width=\"2560\" height=\"2145\" \/><\/td>\n<\/tr>\n<tr>\n<td style=\"width: 25%;\">\n<div>Rotor: Rotor oscilante<\/div>\n<div>Capacidad: 4 x 250 ml<\/div>\n<div>Velocidad m\u00e1xima: 5000 rpm<\/div>\n<div>FCR m\u00e1ximo: 5200xg<\/div>\n<\/td>\n<td style=\"width: 25%;\">\n<div>Rotor: Rotor oscilante<\/div>\n<div>Capacidad: 8\u00d72~7 ml<\/div>\n<div>Velocidad m\u00e1xima: 4000 rpm<\/div>\n<div>FCR m\u00e1ximo: 3400xg<\/div>\n<\/td>\n<td style=\"width: 25%;\">\n<div>Rotor: Rotor oscilante<\/div>\n<div>Capacidad: 120 \u00d7 2 ~ 7 ml<\/div>\n<div>Velocidad m\u00e1xima: 4000 rpm<\/div>\n<div>RCF m\u00e1ximo: 3580xg<\/div>\n<\/td>\n<td style=\"width: 25%;\">\n<div>Rotor: Rotor oscilante<\/div>\n<div>Capacidad: 140 \u00d7 2 ~ 7 ml<\/div>\n<div>Velocidad m\u00e1xima: 4000 rpm<\/div>\n<div>RCF m\u00e1ximo: 3580xg<\/div>\n<\/td>\n<\/tr>\n<\/tbody>\n<\/table>\n<p>&nbsp;<\/p>","protected":false},"excerpt":{"rendered":"<p><span style=\"font-size: 14pt; font-family: 'times new roman', times, serif;\">La DD-5G es una centr\u00edfuga de destapado autom\u00e1tico de tipo bioseguro para tubos de extracci\u00f3n de sangre al vac\u00edo, apta para tubos de extracci\u00f3n de sangre al vac\u00edo de diversas capacidades. La centrifugaci\u00f3n y el destapado se realizan simult\u00e1neamente para evitar la remezcla tras la separaci\u00f3n de las muestras. Su sistema de filtraci\u00f3n especial de alta eficiencia filtra los gases nocivos generados durante la separaci\u00f3n tras retirar la tapa a tiempo, evitando eficazmente la contaminaci\u00f3n cruzada de las muestras y reduciendo el riesgo de infecci\u00f3n para los operadores. Por ello, la DD-TG es una m\u00e1quina de tipo bioseguro.<\/span><\/p>\n<ul>\n<li><span style=\"font-size: 14pt; font-family: 'times new roman', times, serif;\">Velocidad m\u00e1xima\u00a0 \u00a0 \u00a0 \u00a0 \u00a0 \u00a0 \u00a0 \u00a0 \u00a0 \u00a0<span class=\"item-val\">5000 rpm<\/span><\/span><\/li>\n<li><span style=\"font-size: 14pt; font-family: 'times new roman', times, serif;\">RCF m\u00e1ximo\u00a0 \u00a0 \u00a0 \u00a0 \u00a0 \u00a0 \u00a0 \u00a0 \u00a0 \u00a0 \u00a0<span class=\"item-val\">5200xg<\/span><\/span><\/li>\n<li><span style=\"font-size: 14pt; font-family: 'times new roman', times, serif;\">Capacidad m\u00e1xima\u00a0 \u00a0 \u00a0 \u00a0 \u00a0 \u00a0 \u00a0 \u00a0<span class=\"item-val\">4*800 ml<\/span><\/span><\/li>\n<li><span style=\"font-size: 14pt; font-family: 'times new roman', times, serif;\">Rango del temporizador\u00a0 \u00a0 \u00a0 \u00a0 \u00a0 \u00a0 \u00a0 \u00a0 \u00a0<span class=\"item-val\">1s a 99h59m59s<\/span><\/span><\/li>\n<li><span style=\"font-size: 14pt; font-family: 'times new roman', times, serif;\">Precisi\u00f3n de velocidad\u00a0 \u00a0 \u00a0 \u00a0 \u00a0 \u00a0 <span class=\"item-val\">\u00b110 rpm<\/span><\/span><\/li>\n<li><span style=\"font-size: 14pt; font-family: 'times new roman', times, serif;\">Ruido\u00a0 \u00a0 \u00a0 \u00a0 \u00a0 \u00a0 \u00a0 \u00a0 \u00a0 \u00a0 \u00a0 \u00a0 \u00a0 \u00a0 <span class=\"item-val\">\u226460 dB(A)<\/span><\/span><\/li>\n<li><span style=\"font-size: 14pt; font-family: 'times new roman', times, serif;\">Consumo de energ\u00eda\u00a0 \u00a0 \u00a0<span class=\"item-val\">1,1 kW<\/span><\/span><\/li>\n<li><span style=\"font-size: 14pt; font-family: 'times new roman', times, serif;\">Dimensi\u00f3n\u00a0 \u00a0 \u00a0 \u00a0 \u00a0 \u00a0 \u00a0 \u00a0 \u00a0 \u00a0<span class=\"item-val\">680x620x840mm<\/span><\/span><\/li>\n<li><span style=\"font-size: 14pt; font-family: 'times new roman', times, serif;\">Peso neto\u00a0 \u00a0 \u00a0 \u00a0 \u00a0 \u00a0 \u00a0 \u00a0 \u00a0 \u00a0<span class=\"item-val\">145 kilos<\/span><\/span><\/li>\n<\/ul>\n<p>&nbsp;<\/p>","protected":false},"featured_media":22469,"comment_status":"open","ping_status":"closed","template":"","meta":{"_acf_changed":false},"product_brand":[],"product_cat":[20,80,97],"product_tag":[],"class_list":{"0":"post-22463","1":"product","2":"type-product","3":"status-publish","4":"has-post-thumbnail","6":"product_cat-all","7":"product_cat-centrifuge","8":"product_cat-special-purpose-centrifuge","10":"first","11":"instock","12":"shipping-taxable","13":"product-type-simple"},"acf":[],"_links":{"self":[{"href":"https:\/\/lexamedlab.com\/es\/wp-json\/wp\/v2\/product\/22463","targetHints":{"allow":["GET"]}}],"collection":[{"href":"https:\/\/lexamedlab.com\/es\/wp-json\/wp\/v2\/product"}],"about":[{"href":"https:\/\/lexamedlab.com\/es\/wp-json\/wp\/v2\/types\/product"}],"replies":[{"embeddable":true,"href":"https:\/\/lexamedlab.com\/es\/wp-json\/wp\/v2\/comments?post=22463"}],"version-history":[{"count":1,"href":"https:\/\/lexamedlab.com\/es\/wp-json\/wp\/v2\/product\/22463\/revisions"}],"predecessor-version":[{"id":22472,"href":"https:\/\/lexamedlab.com\/es\/wp-json\/wp\/v2\/product\/22463\/revisions\/22472"}],"wp:featuredmedia":[{"embeddable":true,"href":"https:\/\/lexamedlab.com\/es\/wp-json\/wp\/v2\/media\/22469"}],"wp:attachment":[{"href":"https:\/\/lexamedlab.com\/es\/wp-json\/wp\/v2\/media?parent=22463"}],"wp:term":[{"taxonomy":"product_brand","embeddable":true,"href":"https:\/\/lexamedlab.com\/es\/wp-json\/wp\/v2\/product_brand?post=22463"},{"taxonomy":"product_cat","embeddable":true,"href":"https:\/\/lexamedlab.com\/es\/wp-json\/wp\/v2\/product_cat?post=22463"},{"taxonomy":"product_tag","embeddable":true,"href":"https:\/\/lexamedlab.com\/es\/wp-json\/wp\/v2\/product_tag?post=22463"}],"curies":[{"name":"wp","href":"https:\/\/api.w.org\/{rel}","templated":true}]}}