{"id":22484,"date":"2025-05-22T06:21:50","date_gmt":"2025-05-22T06:21:50","guid":{"rendered":"https:\/\/lexamedlab.com\/?post_type=product&#038;p=22484"},"modified":"2025-05-27T15:11:36","modified_gmt":"2025-05-27T15:11:36","slug":"benchtop-cgf-variable-speed-program-centrifuge-td-4","status":"publish","type":"product","link":"https:\/\/lexamedlab.com\/es\/product\/benchtop-cgf-variable-speed-program-centrifuge-td-4\/","title":{"rendered":"Centr\u00edfuga de sobremesa CGF con programa de velocidad variable TD-4"},"content":{"rendered":"<p><strong><span style=\"font-family: 'times new roman', times, serif; font-size: 14pt;\">Caracter\u00edstica\u00a0<\/span><\/strong><\/p>\n<p><span style=\"font-family: 'times new roman', times, serif; font-size: 14pt;\">1. Motor de frecuencia variable. Existen tres tipos de motor: motor con escobillas, motor sin escobillas y motor de frecuencia variable. Este \u00faltimo es el mejor. Presenta una baja tasa de fallos, es ecol\u00f3gico, no requiere mantenimiento y ofrece un buen rendimiento. <\/span><\/p>\n<p><span style=\"font-family: 'times new roman', times, serif; font-size: 14pt;\">2. Cuerpo de acero y c\u00e1mara de acero inoxidable 304. Para garantizar un funcionamiento seguro y una centr\u00edfuga robusta y duradera, utilizamos acero de alto costo y acero inoxidable 304.<\/span><\/p>\n<p><span style=\"font-family: 'times new roman', times, serif; font-size: 14pt;\"> 3. Cerradura electr\u00f3nica de puerta La puerta se abre autom\u00e1ticamente despu\u00e9s de la centrifugaci\u00f3n y el resorte de gas hidr\u00e1ulico sostiene la cubierta de la puerta. <\/span><\/p>\n<p><span style=\"font-family: 'times new roman', times, serif; font-size: 14pt;\">4. Centr\u00edfuga especializada para CGF\/Plasma\/PRP\/APRF\/iPRF. Esta m\u00e1quina cuenta con programas de centrifugaci\u00f3n integrados para plasma, PRP, APRF, iPRF y CGF, con un solo bot\u00f3n de operaci\u00f3n.<\/span><\/p>\n<p><span style=\"font-family: 'times new roman', times, serif; font-size: 14pt;\"> 5. M\u00e1s seguridad, m\u00e1s higiene. Rotor de metal de 12 x 10 ml, funda de tubo de pl\u00e1stico superduro, que se puede esterilizar a 121 grados.<\/span><\/p>","protected":false},"excerpt":{"rendered":"<div class=\"item-meta\" data-module=\"6\"><span style=\"font-family: 'times new roman', times, serif; font-size: 14pt;\">La TD-4 es una centr\u00edfuga multiprop\u00f3sito de fibrina rica en plaquetas. Esta m\u00e1quina, desarrollada conjuntamente por la empresa y numerosos hospitales e instituciones de est\u00e9tica y cirug\u00eda pl\u00e1stica de renombre nacional, ha sido probada en numerosas instituciones cl\u00ednicas. Es f\u00e1cil de operar y ofrece un rendimiento estable y fiable. Se utiliza ampliamente en odontolog\u00eda, cirug\u00eda pl\u00e1stica, ortopedia, rehabilitaci\u00f3n, tratamiento del dolor y otros campos.<\/span><\/div>\n<ul>\n<li><span style=\"font-size: 14pt; font-family: 'times new roman', times, serif;\">Velocidad m\u00e1xima\u00a0 \u00a0 \u00a0 \u00a0 \u00a0 \u00a0 \u00a0 \u00a0 \u00a0 \u00a0<span class=\"item-val\">3500 rpm<\/span><\/span><\/li>\n<li><span style=\"font-size: 14pt; font-family: 'times new roman', times, serif;\">RCF m\u00e1ximo\u00a0 \u00a0 \u00a0 \u00a0 \u00a0 \u00a0 \u00a0 \u00a0 \u00a0 \u00a0 \u00a0<span class=\"item-val\">1640xg<\/span><\/span><\/li>\n<li><span style=\"font-size: 14pt; font-family: 'times new roman', times, serif;\">Capacidad m\u00e1xima\u00a0 \u00a0 \u00a0 \u00a0 \u00a0 \u00a0 \u00a0 \u00a0<span class=\"item-val\">12 x 10 ml<\/span><\/span><\/li>\n<li><span style=\"font-size: 14pt; font-family: 'times new roman', times, serif;\">Precisi\u00f3n de velocidad\u00a0 \u00a0 \u00a0 \u00a0 \u00a0 \u00a0 <span class=\"item-val\">\u00b120 rpm<\/span><\/span><\/li>\n<li><span style=\"font-size: 14pt; font-family: 'times new roman', times, serif;\">Ruido\u00a0 \u00a0 \u00a0 \u00a0 \u00a0 \u00a0 \u00a0 \u00a0 \u00a0 \u00a0 \u00a0 \u00a0 \u00a0 \u00a0 <span class=\"item-val\">\u226455 dB(A)<\/span><\/span><\/li>\n<li><span style=\"font-size: 14pt; font-family: 'times new roman', times, serif;\">Consumo de energ\u00eda\u00a0 \u00a0 \u00a0<span class=\"item-val\">200 W<\/span><\/span><\/li>\n<li><span style=\"font-size: 14pt; font-family: 'times new roman', times, serif;\">Dimensi\u00f3n\u00a0 \u00a0 \u00a0 \u00a0 \u00a0 \u00a0 \u00a0 \u00a0 \u00a0 \u00a0<span class=\"item-val\">430x340x330mm<\/span><\/span><\/li>\n<li><span style=\"font-size: 14pt; font-family: 'times new roman', times, serif;\">Peso neto\u00a0 \u00a0 \u00a0 \u00a0 \u00a0 \u00a0 \u00a0 \u00a0 \u00a0 \u00a0<span class=\"item-val\">17 kilos<\/span><\/span><\/li>\n<\/ul>","protected":false},"featured_media":22486,"comment_status":"open","ping_status":"closed","template":"","meta":{"_acf_changed":false},"product_brand":[],"product_cat":[20,80,97],"product_tag":[],"class_list":{"0":"post-22484","1":"product","2":"type-product","3":"status-publish","4":"has-post-thumbnail","6":"product_cat-all","7":"product_cat-centrifuge","8":"product_cat-special-purpose-centrifuge","10":"first","11":"instock","12":"shipping-taxable","13":"product-type-simple"},"acf":[],"_links":{"self":[{"href":"https:\/\/lexamedlab.com\/es\/wp-json\/wp\/v2\/product\/22484","targetHints":{"allow":["GET"]}}],"collection":[{"href":"https:\/\/lexamedlab.com\/es\/wp-json\/wp\/v2\/product"}],"about":[{"href":"https:\/\/lexamedlab.com\/es\/wp-json\/wp\/v2\/types\/product"}],"replies":[{"embeddable":true,"href":"https:\/\/lexamedlab.com\/es\/wp-json\/wp\/v2\/comments?post=22484"}],"version-history":[{"count":1,"href":"https:\/\/lexamedlab.com\/es\/wp-json\/wp\/v2\/product\/22484\/revisions"}],"predecessor-version":[{"id":22489,"href":"https:\/\/lexamedlab.com\/es\/wp-json\/wp\/v2\/product\/22484\/revisions\/22489"}],"wp:featuredmedia":[{"embeddable":true,"href":"https:\/\/lexamedlab.com\/es\/wp-json\/wp\/v2\/media\/22486"}],"wp:attachment":[{"href":"https:\/\/lexamedlab.com\/es\/wp-json\/wp\/v2\/media?parent=22484"}],"wp:term":[{"taxonomy":"product_brand","embeddable":true,"href":"https:\/\/lexamedlab.com\/es\/wp-json\/wp\/v2\/product_brand?post=22484"},{"taxonomy":"product_cat","embeddable":true,"href":"https:\/\/lexamedlab.com\/es\/wp-json\/wp\/v2\/product_cat?post=22484"},{"taxonomy":"product_tag","embeddable":true,"href":"https:\/\/lexamedlab.com\/es\/wp-json\/wp\/v2\/product_tag?post=22484"}],"curies":[{"name":"wp","href":"https:\/\/api.w.org\/{rel}","templated":true}]}}