{"id":22490,"date":"2025-05-22T06:30:46","date_gmt":"2025-05-22T06:30:46","guid":{"rendered":"https:\/\/lexamedlab.com\/?post_type=product&#038;p=22490"},"modified":"2025-05-27T15:11:36","modified_gmt":"2025-05-27T15:11:36","slug":"benchtop-cell-washing-centrifuge-td-4b","status":"publish","type":"product","link":"https:\/\/lexamedlab.com\/es\/product\/benchtop-cell-washing-centrifuge-td-4b\/","title":{"rendered":"Centr\u00edfuga de lavado de c\u00e9lulas de sobremesa TD-4B"},"content":{"rendered":"<p><strong><span style=\"font-family: 'times new roman', times, serif; font-size: 14pt;\">Caracter\u00edstica\u00a0<\/span><\/strong><\/p>\n<p><span style=\"font-family: 'times new roman', times, serif; font-size: 14pt;\">1. Motor de frecuencia variable. Existen tres tipos de motor: motor con escobillas, motor sin escobillas y motor de frecuencia variable. Este \u00faltimo es el mejor. Presenta una baja tasa de fallos, es ecol\u00f3gico, no requiere mantenimiento y ofrece un buen rendimiento.<\/span><\/p>\n<p><span style=\"font-family: 'times new roman', times, serif; font-size: 14pt;\"> 2. Cuerpo de acero y c\u00e1mara de acero inoxidable 304. Para garantizar un funcionamiento seguro y una centr\u00edfuga robusta y duradera, utilizamos acero de alto costo y acero inoxidable 304.<\/span><\/p>\n<p><span style=\"font-family: 'times new roman', times, serif; font-size: 14pt;\"> 3. Cerradura electr\u00f3nica de puerta Cuando la centr\u00edfuga est\u00e1 en funcionamiento, debemos asegurarnos de que la puerta no se abra. Usamos cerradura electr\u00f3nica de puerta para garantizar la seguridad. <\/span><\/p>\n<p><span style=\"font-family: 'times new roman', times, serif; font-size: 14pt;\">4. Centr\u00edfuga especializada para el lavado de gl\u00f3bulos rojos y linfocitos. Esta m\u00e1quina cuenta con programas de centrifugaci\u00f3n espec\u00edficos para rotores HLA y SERO. F\u00e1cil de usar. <\/span><\/p>\n<p><span style=\"font-family: 'times new roman', times, serif; font-size: 14pt;\">5. Tiempo de aceleraci\u00f3n y desaceleraci\u00f3n solo 7S. <\/span><\/p>","protected":false},"excerpt":{"rendered":"<div class=\"item-meta\" data-module=\"6\"><span style=\"font-family: 'times new roman', times, serif; font-size: 14pt;\">La centr\u00edfuga de lavado celular TD-4B es una m\u00e1quina especial dise\u00f1ada para experimentos de lavado de gl\u00f3bulos rojos y linfocitos. Ampliamente utilizada en medicina cl\u00ednica, bioqu\u00edmica, inmunolog\u00eda y otros campos, es un equipo esencial para diversos bancos de sangre de hospitales, laboratorios, estaciones de sangre, facultades de medicina e instituciones de investigaci\u00f3n m\u00e9dica.<\/span><\/div>\n<ul>\n<li><span style=\"font-size: 14pt; font-family: 'times new roman', times, serif;\">Velocidad m\u00e1xima\u00a0 \u00a0 \u00a0 \u00a0 \u00a0 \u00a0 \u00a0 \u00a0 \u00a0 \u00a0<span class=\"item-val\">4700 rpm<\/span><\/span><\/li>\n<li><span style=\"font-size: 14pt; font-family: 'times new roman', times, serif;\">RCF m\u00e1ximo\u00a0 \u00a0 \u00a0 \u00a0 \u00a0 \u00a0 \u00a0 \u00a0 \u00a0 \u00a0 \u00a0<span class=\"item-val\">2000xg<\/span><\/span><\/li>\n<li><span style=\"font-size: 14pt; font-family: 'times new roman', times, serif;\">Capacidad m\u00e1xima\u00a0 \u00a0 \u00a0 \u00a0 \u00a0 \u00a0 \u00a0 \u00a0<span class=\"item-val\">12*7 ml<\/span><\/span><\/li>\n<li><span style=\"font-size: 14pt; font-family: 'times new roman', times, serif;\">Precisi\u00f3n de velocidad\u00a0 \u00a0 \u00a0 \u00a0 \u00a0 \u00a0 <span class=\"item-val\">\u00b120 rpm<\/span><\/span><\/li>\n<li><span style=\"font-size: 14pt; font-family: 'times new roman', times, serif;\">Ruido\u00a0 \u00a0 \u00a0 \u00a0 \u00a0 \u00a0 \u00a0 \u00a0 \u00a0 \u00a0 \u00a0 \u00a0 \u00a0 \u00a0 <span class=\"item-val\">\u226455 dB(A)<\/span><\/span><\/li>\n<li><span style=\"font-size: 14pt; font-family: 'times new roman', times, serif;\">Tiempo de organizaci\u00f3n 1S-99min<\/span><\/li>\n<li><span style=\"font-size: 14pt; font-family: 'times new roman', times, serif;\">Consumo de energ\u00eda\u00a0 \u00a0 \u00a0<span class=\"item-val\">200 W<\/span><\/span><\/li>\n<li><span style=\"font-size: 14pt; font-family: 'times new roman', times, serif;\">Dimensi\u00f3n\u00a0 \u00a0 \u00a0 \u00a0 \u00a0 \u00a0 \u00a0 \u00a0 \u00a0 \u00a0<span class=\"item-val\">375 x 300 x 360 mm<\/span><\/span><\/li>\n<li><span style=\"font-size: 14pt; font-family: 'times new roman', times, serif;\">Peso neto\u00a0 \u00a0 \u00a0 \u00a0 \u00a0 \u00a0 \u00a0 \u00a0 \u00a0 \u00a0<span class=\"item-val\">17 kilos<\/span><\/span><\/li>\n<\/ul>","protected":false},"featured_media":22491,"comment_status":"open","ping_status":"closed","template":"","meta":{"_acf_changed":false},"product_brand":[],"product_cat":[20,80,97],"product_tag":[],"class_list":{"0":"post-22490","1":"product","2":"type-product","3":"status-publish","4":"has-post-thumbnail","6":"product_cat-all","7":"product_cat-centrifuge","8":"product_cat-special-purpose-centrifuge","10":"first","11":"instock","12":"shipping-taxable","13":"product-type-simple"},"acf":[],"_links":{"self":[{"href":"https:\/\/lexamedlab.com\/es\/wp-json\/wp\/v2\/product\/22490","targetHints":{"allow":["GET"]}}],"collection":[{"href":"https:\/\/lexamedlab.com\/es\/wp-json\/wp\/v2\/product"}],"about":[{"href":"https:\/\/lexamedlab.com\/es\/wp-json\/wp\/v2\/types\/product"}],"replies":[{"embeddable":true,"href":"https:\/\/lexamedlab.com\/es\/wp-json\/wp\/v2\/comments?post=22490"}],"version-history":[{"count":1,"href":"https:\/\/lexamedlab.com\/es\/wp-json\/wp\/v2\/product\/22490\/revisions"}],"predecessor-version":[{"id":22494,"href":"https:\/\/lexamedlab.com\/es\/wp-json\/wp\/v2\/product\/22490\/revisions\/22494"}],"wp:featuredmedia":[{"embeddable":true,"href":"https:\/\/lexamedlab.com\/es\/wp-json\/wp\/v2\/media\/22491"}],"wp:attachment":[{"href":"https:\/\/lexamedlab.com\/es\/wp-json\/wp\/v2\/media?parent=22490"}],"wp:term":[{"taxonomy":"product_brand","embeddable":true,"href":"https:\/\/lexamedlab.com\/es\/wp-json\/wp\/v2\/product_brand?post=22490"},{"taxonomy":"product_cat","embeddable":true,"href":"https:\/\/lexamedlab.com\/es\/wp-json\/wp\/v2\/product_cat?post=22490"},{"taxonomy":"product_tag","embeddable":true,"href":"https:\/\/lexamedlab.com\/es\/wp-json\/wp\/v2\/product_tag?post=22490"}],"curies":[{"name":"wp","href":"https:\/\/api.w.org\/{rel}","templated":true}]}}