{"id":22495,"date":"2025-05-22T06:50:19","date_gmt":"2025-05-22T06:50:19","guid":{"rendered":"https:\/\/lexamedlab.com\/?post_type=product&#038;p=22495"},"modified":"2025-05-27T15:11:36","modified_gmt":"2025-05-27T15:11:36","slug":"floor-milk-fat-testing-centrifuge-dd-rz","status":"publish","type":"product","link":"https:\/\/lexamedlab.com\/es\/product\/floor-milk-fat-testing-centrifuge-dd-rz\/","title":{"rendered":"Centr\u00edfuga de an\u00e1lisis de grasa de leche de fondo DD-RZ"},"content":{"rendered":"<p><span style=\"font-family: 'times new roman', times, serif; font-size: 14pt;\">1. Motor de frecuencia variable, control microcomputarizado. Existen tres tipos de motor: motor con escobillas, motor sin escobillas y motor de frecuencia variable. Este \u00faltimo es el mejor. Presenta una baja tasa de fallos, es ecol\u00f3gico, no requiere mantenimiento y ofrece un buen rendimiento. Su buen rendimiento permite una precisi\u00f3n de velocidad de hasta \u00b110 rpm.<\/span><\/p>\n<p><span style=\"font-family: 'times new roman', times, serif; font-size: 14pt;\"> 2. Cuerpo de acero y c\u00e1mara de acero inoxidable 304. Para garantizar un funcionamiento seguro y una centr\u00edfuga robusta y duradera, utilizamos acero de alto costo y acero inoxidable 304. <\/span><\/p>\n<p><span style=\"font-family: 'times new roman', times, serif; font-size: 14pt;\">3. Cerradura electr\u00f3nica de seguridad. Durante el funcionamiento de la centr\u00edfuga, debemos asegurarnos de que la puerta no se abra. Utilizamos una cerradura electr\u00f3nica para garantizar la seguridad.<\/span><\/p>\n<p><span style=\"font-family: 'times new roman', times, serif; font-size: 14pt;\"> 4. La RCF se puede ajustar directamente. Si conocemos la fuerza centr\u00edfuga relativa antes de la operaci\u00f3n, podemos ajustar la RCF directamente, sin necesidad de convertir entre RPM y RCF.<\/span><\/p>\n<p><span style=\"font-family: 'times new roman', times, serif; font-size: 14pt;\"> 5. Diagn\u00f3stico autom\u00e1tico de fallas. Cuando se detecta una falla, la centr\u00edfuga la diagnostica autom\u00e1ticamente y muestra el C\u00d3DIGO DE ERROR en la pantalla para que usted sepa cu\u00e1l es la falla.<\/span><\/p>\n<p><span style=\"font-family: 'times new roman', times, serif; font-size: 14pt;\"> 6. Puede agregar la funci\u00f3n de calefacci\u00f3n.<\/span><\/p>\n<p>Rotores:<\/p>\n<div>\n<table style=\"border-collapse: collapse; width: 100%;\">\n<tbody>\n<tr>\n<td style=\"width: 50%;\">\n<div><span style=\"font-size: 14pt; font-family: 'times new roman', times, serif;\">Rotor: Rotor de \u00e1ngulo fijo<\/span><\/div>\n<div><span style=\"font-size: 14pt; font-family: 'times new roman', times, serif;\">Capacidad: 8 x 30 ml\u00a0<\/span><\/div>\n<div><span style=\"font-size: 14pt; font-family: 'times new roman', times, serif;\">Velocidad m\u00e1xima: 1400 rpm<\/span><\/div>\n<div><span style=\"font-size: 14pt; font-family: 'times new roman', times, serif;\">FCR m\u00e1ximo: 350 \u00d7 g<\/span><\/div>\n<\/td>\n<td style=\"width: 50%;\">\n<div><span style=\"font-size: 14pt; font-family: 'times new roman', times, serif;\">Rotor: rotor oscilante<\/span><\/div>\n<div><span style=\"font-size: 14pt; font-family: 'times new roman', times, serif;\">Capacidad: 4 x 50 ml\u00a0<\/span><\/div>\n<div><span style=\"font-size: 14pt; font-family: 'times new roman', times, serif;\">Velocidad m\u00e1xima: 3300 rpm<\/span><\/div>\n<div><span style=\"font-size: 14pt; font-family: 'times new roman', times, serif;\">RCF m\u00e1ximo: 1920\u00d7g<\/span><\/div>\n<\/td>\n<\/tr>\n<\/tbody>\n<\/table>\n<\/div>","protected":false},"excerpt":{"rendered":"<p><span style=\"font-family: 'times new roman', times, serif; font-size: 14pt;\">La centr\u00edfuga para an\u00e1lisis de grasa l\u00e1ctea DD-RZ es un instrumento especial para el an\u00e1lisis de productos l\u00e1cteos. Es adecuada para medir y analizar la grasa en productos l\u00e1cteos tras la centrifugaci\u00f3n mediante los m\u00e9todos Pasteur y Geber.<\/span><\/p>\n<ul>\n<li><span style=\"font-size: 14pt; font-family: 'times new roman', times, serif;\">Velocidad m\u00e1xima\u00a0 \u00a0 \u00a0 \u00a0 \u00a0 \u00a0 \u00a0 \u00a0 \u00a0 \u00a0 <span class=\"item-val\">3300 rpm<\/span><\/span><\/li>\n<li><span style=\"font-size: 14pt; font-family: 'times new roman', times, serif;\">RCF m\u00e1ximo\u00a0 \u00a0 \u00a0 \u00a0 \u00a0 \u00a0 \u00a0 \u00a0 \u00a0 \u00a0 \u00a0<span class=\"item-val\">1920xg<\/span><\/span><\/li>\n<li><span style=\"font-size: 14pt; font-family: 'times new roman', times, serif;\">Capacidad m\u00e1xima\u00a0 \u00a0 \u00a0 \u00a0 \u00a0 \u00a0 \u00a0 \u00a0 <span class=\"item-val\">8 x 30 ml<\/span><\/span><\/li>\n<li><span style=\"font-size: 14pt; font-family: 'times new roman', times, serif;\">Rango del temporizador\u00a0 \u00a0 \u00a0 \u00a0 \u00a0 \u00a0 \u00a0 \u00a0 \u00a0 <span class=\"item-val\">1 min \u2013 99 h 59 min<\/span><\/span><\/li>\n<li><span style=\"font-size: 14pt; font-family: 'times new roman', times, serif;\">Precisi\u00f3n de velocidad\u00a0 \u00a0 \u00a0 \u00a0 \u00a0 \u00a0 <span class=\"item-val\">\u00b110 rpm<\/span><\/span><\/li>\n<li><span style=\"font-size: 14pt; font-family: 'times new roman', times, serif;\">Ruido\u00a0 \u00a0 \u00a0 \u00a0 \u00a0 \u00a0 \u00a0 \u00a0 \u00a0 \u00a0 \u00a0 \u00a0 \u00a0 \u00a0<span class=\"item-val\">\u226460 dB(A)<\/span><\/span><\/li>\n<li><span style=\"font-size: 14pt; font-family: 'times new roman', times, serif;\">Consumo de energ\u00eda\u00a0 \u00a0 \u00a0<span class=\"item-val\">1,1 kW<\/span><\/span><\/li>\n<li><span style=\"font-size: 14pt; font-family: 'times new roman', times, serif;\">Dimensi\u00f3n\u00a0 \u00a0 \u00a0 \u00a0 \u00a0 \u00a0 \u00a0 \u00a0 \u00a0 \u00a0<span class=\"item-val\">650x550x840mm<\/span><\/span><\/li>\n<li><span style=\"font-size: 14pt; font-family: 'times new roman', times, serif;\">Peso neto\u00a0 \u00a0 \u00a0 \u00a0 \u00a0 \u00a0 \u00a0 \u00a0 \u00a0 \u00a0<span class=\"item-val\">135 kilos<\/span><\/span><\/li>\n<\/ul>","protected":false},"featured_media":22497,"comment_status":"open","ping_status":"closed","template":"","meta":{"_acf_changed":false},"product_brand":[],"product_cat":[20,80,97],"product_tag":[],"class_list":{"0":"post-22495","1":"product","2":"type-product","3":"status-publish","4":"has-post-thumbnail","6":"product_cat-all","7":"product_cat-centrifuge","8":"product_cat-special-purpose-centrifuge","10":"first","11":"instock","12":"shipping-taxable","13":"product-type-simple"},"acf":[],"_links":{"self":[{"href":"https:\/\/lexamedlab.com\/es\/wp-json\/wp\/v2\/product\/22495","targetHints":{"allow":["GET"]}}],"collection":[{"href":"https:\/\/lexamedlab.com\/es\/wp-json\/wp\/v2\/product"}],"about":[{"href":"https:\/\/lexamedlab.com\/es\/wp-json\/wp\/v2\/types\/product"}],"replies":[{"embeddable":true,"href":"https:\/\/lexamedlab.com\/es\/wp-json\/wp\/v2\/comments?post=22495"}],"version-history":[{"count":1,"href":"https:\/\/lexamedlab.com\/es\/wp-json\/wp\/v2\/product\/22495\/revisions"}],"predecessor-version":[{"id":22500,"href":"https:\/\/lexamedlab.com\/es\/wp-json\/wp\/v2\/product\/22495\/revisions\/22500"}],"wp:featuredmedia":[{"embeddable":true,"href":"https:\/\/lexamedlab.com\/es\/wp-json\/wp\/v2\/media\/22497"}],"wp:attachment":[{"href":"https:\/\/lexamedlab.com\/es\/wp-json\/wp\/v2\/media?parent=22495"}],"wp:term":[{"taxonomy":"product_brand","embeddable":true,"href":"https:\/\/lexamedlab.com\/es\/wp-json\/wp\/v2\/product_brand?post=22495"},{"taxonomy":"product_cat","embeddable":true,"href":"https:\/\/lexamedlab.com\/es\/wp-json\/wp\/v2\/product_cat?post=22495"},{"taxonomy":"product_tag","embeddable":true,"href":"https:\/\/lexamedlab.com\/es\/wp-json\/wp\/v2\/product_tag?post=22495"}],"curies":[{"name":"wp","href":"https:\/\/api.w.org\/{rel}","templated":true}]}}