{"id":22501,"date":"2025-05-22T06:52:15","date_gmt":"2025-05-22T06:52:15","guid":{"rendered":"https:\/\/lexamedlab.com\/?post_type=product&#038;p=22501"},"modified":"2025-05-27T15:11:36","modified_gmt":"2025-05-27T15:11:36","slug":"benchtop-crude-oil-test-centrifuge-dd-5y","status":"publish","type":"product","link":"https:\/\/lexamedlab.com\/es\/product\/benchtop-crude-oil-test-centrifuge-dd-5y\/","title":{"rendered":"Centr\u00edfuga de sobremesa para pruebas de petr\u00f3leo crudo DD-5Y"},"content":{"rendered":"<p><strong><span style=\"font-family: 'times new roman', times, serif; font-size: 14pt;\">Caracter\u00edstica\u00a0<\/span><\/strong><\/p>\n<p><span style=\"font-family: 'times new roman', times, serif; font-size: 14pt;\">1. Motor de frecuencia variable, control microcomputarizado. Existen tres tipos de motor: motor con escobillas, motor sin escobillas y motor de frecuencia variable. Este \u00faltimo es el mejor. Presenta una baja tasa de fallos, es ecol\u00f3gico, no requiere mantenimiento y ofrece un buen rendimiento. Su buen rendimiento permite una precisi\u00f3n de velocidad de hasta \u00b110 rpm.<\/span><\/p>\n<p><span style=\"font-family: 'times new roman', times, serif; font-size: 14pt;\"> 2. Cuerpo de acero y c\u00e1mara de acero inoxidable 304. Para garantizar un funcionamiento seguro y una centr\u00edfuga robusta y duradera, utilizamos acero de alto costo y acero inoxidable 304. <\/span><\/p>\n<p><span style=\"font-family: 'times new roman', times, serif; font-size: 14pt;\">3. Cerradura electr\u00f3nica de seguridad. Durante el funcionamiento de la centr\u00edfuga, debemos asegurarnos de que la puerta no se abra. Utilizamos una cerradura electr\u00f3nica para garantizar la seguridad. <\/span><\/p>\n<p><span style=\"font-family: 'times new roman', times, serif; font-size: 14pt;\">4. La RCF se puede ajustar directamente. Si conocemos la fuerza centr\u00edfuga relativa antes de la operaci\u00f3n, podemos ajustar la RCF directamente, sin necesidad de convertir entre RPM y RCF. <\/span><\/p>\n<p><span style=\"font-family: 'times new roman', times, serif; font-size: 14pt;\">5. Se pueden restablecer par\u00e1metros durante el funcionamiento. A veces, necesitamos restablecer par\u00e1metros como la velocidad, la RCF y el tiempo cuando la centr\u00edfuga est\u00e1 en funcionamiento y no queremos detenerla. Podemos restablecer los par\u00e1metros directamente, sin necesidad de detenerla; simplemente use el dedo para cambiar esos valores.\u00a0<\/span><\/p>\n<p><span style=\"font-family: 'times new roman', times, serif; font-size: 18pt;\"><strong>rotores\u00a0<\/strong><\/span><\/p>\n<table style=\"border-collapse: collapse; width: 100%; height: 164px;\">\n<tbody>\n<tr style=\"height: 28px;\">\n<td style=\"width: 25%; height: 28px;\"><span style=\"font-size: 14pt; font-family: 'times new roman', times, serif;\">Rotor oscilante n.\u00b0 1<\/span><\/td>\n<td style=\"width: 25%; height: 28px;\"><span style=\"font-size: 14pt; font-family: 'times new roman', times, serif;\">Rotor oscilante N.\u00b0 2<\/span><\/td>\n<td style=\"width: 25%; height: 28px;\"><span style=\"font-size: 14pt; font-family: 'times new roman', times, serif;\">Rotor oscilante N.\u00b0 3<\/span><\/td>\n<\/tr>\n<tr style=\"height: 112px;\">\n<td style=\"width: 25%; height: 112px;\">\n<div><span style=\"font-size: 14pt; font-family: 'times new roman', times, serif;\">Rotor: Rotor oscilante<\/span><\/div>\n<div><span style=\"font-size: 14pt; font-family: 'times new roman', times, serif;\">Capacidad: 36 x 10 ml<\/span><\/div>\n<div><span style=\"font-size: 14pt; font-family: 'times new roman', times, serif;\">Velocidad m\u00e1xima: 4000 rpm<\/span><\/div>\n<div><span style=\"font-size: 14pt; font-family: 'times new roman', times, serif;\">FCR m\u00e1ximo: 3400xg<\/span><\/div>\n<\/td>\n<td style=\"width: 25%; height: 112px;\">\n<div><span style=\"font-size: 14pt; font-family: 'times new roman', times, serif;\">Rotor: Rotor oscilante<\/span><\/div>\n<div><span style=\"font-size: 14pt; font-family: 'times new roman', times, serif;\">Capacidad: 4 x 100 ml<\/span><\/div>\n<div><span style=\"font-size: 14pt; font-family: 'times new roman', times, serif;\">Velocidad m\u00e1xima: 3000 rpm<\/span><\/div>\n<div><span style=\"font-size: 14pt; font-family: 'times new roman', times, serif;\">FCR m\u00e1ximo: 2062xg<\/span><\/div>\n<\/td>\n<td style=\"width: 25%; height: 112px;\">\n<div><span style=\"font-size: 14pt; font-family: 'times new roman', times, serif;\">Rotor: Rotor oscilante<\/span><\/div>\n<div><span style=\"font-size: 14pt; font-family: 'times new roman', times, serif;\">Capacidad: 4 x 200 ml<\/span><\/div>\n<div><span style=\"font-size: 14pt; font-family: 'times new roman', times, serif;\">Velocidad m\u00e1xima: 3000 rpm<\/span><\/div>\n<div><span style=\"font-size: 14pt; font-family: 'times new roman', times, serif;\">FCR m\u00e1ximo: 2000xg<\/span><\/div>\n<\/td>\n<\/tr>\n<\/tbody>\n<\/table>\n<p>&nbsp;<\/p>","protected":false},"excerpt":{"rendered":"<p><span style=\"font-family: 'times new roman', times, serif; font-size: 14pt;\">La centr\u00edfuga de prueba de petr\u00f3leo crudo DD-5Y est\u00e1 dise\u00f1ada para la determinaci\u00f3n de agua y sedimentos en petr\u00f3leo crudo (m\u00e9todo centr\u00edfugo). El agua y los sedimentos en el petr\u00f3leo crudo se determinan mediante separaci\u00f3n centr\u00edfuga. Es un equipo de separaci\u00f3n ideal para la determinaci\u00f3n de agua en la industria de perforaci\u00f3n petrolera y en instituciones de I+D.<\/span><\/p>\n<ul>\n<li><span style=\"font-size: 14pt; font-family: 'times new roman', times, serif;\">Velocidad m\u00e1xima\u00a0 \u00a0 \u00a0 \u00a0 \u00a0 \u00a0 \u00a0 \u00a0 \u00a0 \u00a0<span class=\"item-val\">4000 rpm<\/span><\/span><\/li>\n<li><span style=\"font-size: 14pt; font-family: 'times new roman', times, serif;\">RCF m\u00e1ximo\u00a0 \u00a0 \u00a0 \u00a0 \u00a0 \u00a0 \u00a0 \u00a0 \u00a0 \u00a0 \u00a0<span class=\"item-val\">3400xg<\/span><\/span><\/li>\n<li><span style=\"font-size: 14pt; font-family: 'times new roman', times, serif;\">Capacidad m\u00e1xima\u00a0 \u00a0 \u00a0 \u00a0 \u00a0 \u00a0 \u00a0 \u00a0<span class=\"item-val\">4*200 ml<\/span><\/span><\/li>\n<li><span style=\"font-size: 14pt; font-family: 'times new roman', times, serif;\">Rango del temporizador\u00a0 \u00a0 \u00a0 \u00a0 \u00a0 \u00a0 \u00a0 \u00a0 \u00a0<span class=\"item-val\">1 min a 99 h 59 min<\/span><\/span><\/li>\n<li><span style=\"font-size: 14pt; font-family: 'times new roman', times, serif;\">Precisi\u00f3n de velocidad\u00a0 \u00a0 \u00a0 \u00a0 \u00a0 \u00a0 <span class=\"item-val\">\u00b110 rpm<\/span><\/span><\/li>\n<li><span style=\"font-size: 14pt; font-family: 'times new roman', times, serif;\">Ruido\u00a0 \u00a0 \u00a0 \u00a0 \u00a0 \u00a0 \u00a0 \u00a0 \u00a0 \u00a0 \u00a0 \u00a0 \u00a0 \u00a0 <span class=\"item-val\">\u226460 dB(A)<\/span><\/span><\/li>\n<li><span style=\"font-size: 14pt; font-family: 'times new roman', times, serif;\">Consumo de energ\u00eda\u00a0 \u00a0 \u00a0<span class=\"item-val\">1,1 kW<\/span><\/span><\/li>\n<li><span style=\"font-size: 14pt; font-family: 'times new roman', times, serif;\">Dimensi\u00f3n\u00a0 \u00a0 \u00a0 \u00a0 \u00a0 \u00a0 \u00a0 \u00a0 \u00a0 \u00a0<span class=\"item-val\">600x700x900mm<\/span><\/span><\/li>\n<li><span style=\"font-size: 14pt; font-family: 'times new roman', times, serif;\">Peso neto\u00a0 \u00a0 \u00a0 \u00a0 \u00a0 \u00a0 \u00a0 \u00a0 \u00a0 \u00a0<span class=\"item-val\">160 kilos<\/span><\/span><\/li>\n<\/ul>\n<p>&nbsp;<\/p>","protected":false},"featured_media":22502,"comment_status":"open","ping_status":"closed","template":"","meta":{"_acf_changed":false},"product_brand":[],"product_cat":[20,80,97],"product_tag":[],"class_list":{"0":"post-22501","1":"product","2":"type-product","3":"status-publish","4":"has-post-thumbnail","6":"product_cat-all","7":"product_cat-centrifuge","8":"product_cat-special-purpose-centrifuge","10":"first","11":"instock","12":"shipping-taxable","13":"product-type-simple"},"acf":[],"_links":{"self":[{"href":"https:\/\/lexamedlab.com\/es\/wp-json\/wp\/v2\/product\/22501","targetHints":{"allow":["GET"]}}],"collection":[{"href":"https:\/\/lexamedlab.com\/es\/wp-json\/wp\/v2\/product"}],"about":[{"href":"https:\/\/lexamedlab.com\/es\/wp-json\/wp\/v2\/types\/product"}],"replies":[{"embeddable":true,"href":"https:\/\/lexamedlab.com\/es\/wp-json\/wp\/v2\/comments?post=22501"}],"version-history":[{"count":1,"href":"https:\/\/lexamedlab.com\/es\/wp-json\/wp\/v2\/product\/22501\/revisions"}],"predecessor-version":[{"id":22506,"href":"https:\/\/lexamedlab.com\/es\/wp-json\/wp\/v2\/product\/22501\/revisions\/22506"}],"wp:featuredmedia":[{"embeddable":true,"href":"https:\/\/lexamedlab.com\/es\/wp-json\/wp\/v2\/media\/22502"}],"wp:attachment":[{"href":"https:\/\/lexamedlab.com\/es\/wp-json\/wp\/v2\/media?parent=22501"}],"wp:term":[{"taxonomy":"product_brand","embeddable":true,"href":"https:\/\/lexamedlab.com\/es\/wp-json\/wp\/v2\/product_brand?post=22501"},{"taxonomy":"product_cat","embeddable":true,"href":"https:\/\/lexamedlab.com\/es\/wp-json\/wp\/v2\/product_cat?post=22501"},{"taxonomy":"product_tag","embeddable":true,"href":"https:\/\/lexamedlab.com\/es\/wp-json\/wp\/v2\/product_tag?post=22501"}],"curies":[{"name":"wp","href":"https:\/\/api.w.org\/{rel}","templated":true}]}}