{"id":22508,"date":"2025-05-22T07:08:01","date_gmt":"2025-05-22T07:08:01","guid":{"rendered":"https:\/\/lexamedlab.com\/?post_type=product&#038;p=22508"},"modified":"2025-05-27T15:11:36","modified_gmt":"2025-05-27T15:11:36","slug":"floor-rock-core-centrifuge-yx-1850r","status":"publish","type":"product","link":"https:\/\/lexamedlab.com\/es\/product\/floor-rock-core-centrifuge-yx-1850r\/","title":{"rendered":"Centr\u00edfuga de n\u00facleos de roca de suelo YX-1850R"},"content":{"rendered":"<p><strong><span style=\"font-family: 'times new roman', times, serif; font-size: 14pt;\">Caracter\u00edstica\u00a0<\/span><\/strong><\/p>\n<p><span style=\"font-family: 'times new roman', times, serif; font-size: 14pt;\">1. Compresor importado y refrigerantes sin CFC. Esta centr\u00edfuga utiliza un compresor de alta calidad y refrigerantes sin CFC. Permite ajustar la temperatura entre -20 \u00b0C y 40 \u00b0C. La precisi\u00f3n de temperatura es de hasta \u00b11 \u00b0C. <\/span><\/p>\n<p><span style=\"font-family: 'times new roman', times, serif; font-size: 14pt;\">2. Motor de frecuencia variable, control microcomputarizado. Existen tres tipos de motor: motor con escobillas, motor sin escobillas y motor de frecuencia variable. Este \u00faltimo es el mejor. Presenta una baja tasa de fallos, es ecol\u00f3gico, no requiere mantenimiento y tiene un buen rendimiento. Su buen rendimiento permite una precisi\u00f3n de velocidad de hasta \u00b110 rpm.<\/span><\/p>\n<p><span style=\"font-family: 'times new roman', times, serif; font-size: 14pt;\"> 3. Bloqueo autom\u00e1tico del rotor. Al bajar el rotor, la centr\u00edfuga lo bloquear\u00e1 autom\u00e1ticamente sin necesidad de usar una llave. Es muy pr\u00e1ctico para cargar y descargar.<\/span><\/p>\n<p><span style=\"font-family: 'times new roman', times, serif; font-size: 14pt;\"> 4. La RCF se puede ajustar directamente. Si conocemos la fuerza centr\u00edfuga relativa antes de la operaci\u00f3n, podemos ajustar la RCF directamente, sin necesidad de convertir entre RPM y RCF.<\/span><\/p>\n<p><span style=\"font-family: 'times new roman', times, serif; font-size: 14pt;\">5. Se pueden restablecer par\u00e1metros durante el funcionamiento. A veces, necesitamos restablecer par\u00e1metros como la velocidad, la RCF y el tiempo cuando la centr\u00edfuga est\u00e1 en funcionamiento y no queremos detenerla. Podemos restablecer los par\u00e1metros directamente, sin necesidad de detenerla; simplemente use el dedo para cambiar esos valores. <\/span><\/p>\n<p><span style=\"font-family: 'times new roman', times, serif; font-size: 14pt;\">6. 40 niveles de aceleraci\u00f3n y desaceleraci\u00f3n. \u00bfC\u00f3mo funciona? Por ejemplo, si configuramos la velocidad a 5000 rpm y pulsamos el bot\u00f3n de INICIO, la centr\u00edfuga acelerar\u00e1 de 0 rpm a 5000 rpm. De 0 rpm a 5000 rpm, \u00bfpodemos aumentar o disminuir el tiempo de funcionamiento? S\u00ed, esta centr\u00edfuga lo admite. <\/span><\/p>\n<p><span style=\"font-family: 'times new roman', times, serif; font-size: 14pt;\">7. Capacidad para almacenar 12 programas. En el uso diario, es posible que necesitemos configurar diferentes par\u00e1metros para distintos fines. Podemos almacenarlos como programas de operaci\u00f3n. La pr\u00f3xima vez, solo tenemos que elegir el programa correcto e iniciar. <\/span><\/p>\n<p><span style=\"font-family: 'times new roman', times, serif; font-size: 14pt;\">8. Diagn\u00f3stico autom\u00e1tico de fallas. Cuando se detecta una falla, la centr\u00edfuga la diagnostica autom\u00e1ticamente y muestra el C\u00d3DIGO DE ERROR en la pantalla para que usted sepa cu\u00e1l es la falla. <\/span><\/p>\n<p><span style=\"font-family: 'times new roman', times, serif; font-size: 14pt;\">9. El rotor central de 12 orificios alcanza 18.500 revoluciones y separa el agua en microporos de 10,74 NM. Est\u00e1 equipado con bolas de acero de separaci\u00f3n especiales. Utilizamos el mejor motor de frecuencia variable, que garantiza una alta precisi\u00f3n de velocidad y un funcionamiento estable. Para garantizar un buen rendimiento de refrigeraci\u00f3n, utilizamos un compresor importado de alta calidad. El cuerpo de acero la hace m\u00e1s resistente y duradera. <\/span><\/p>\n<p>&nbsp;<\/p>","protected":false},"excerpt":{"rendered":"<div class=\"item-meta\" data-module=\"6\">\n<div><span style=\"font-family: 'times new roman', times, serif; font-size: 14pt;\">La centr\u00edfuga de n\u00facleo de roca YX-1850R est\u00e1 especializada en experimentos de an\u00e1lisis de n\u00facleos de roca en diversas condiciones de yacimientos de petr\u00f3leo, y se utiliza para medir la humedad del n\u00facleo, la permeabilidad relativa, la presi\u00f3n capilar, la saturaci\u00f3n relativa, el radio del vac\u00edo, etc.<\/span><\/div>\n<\/div>\n<ul>\n<li><span style=\"font-size: 14pt; font-family: 'times new roman', times, serif;\">Velocidad m\u00e1xima\u00a0 \u00a0 \u00a0 \u00a0 \u00a0 \u00a0 \u00a0 \u00a0 \u00a0 \u00a0<span class=\"item-val\">18500 rpm<\/span><\/span><\/li>\n<li><span style=\"font-size: 14pt; font-family: 'times new roman', times, serif;\">RCF m\u00e1ximo\u00a0 \u00a0 \u00a0 \u00a0 \u00a0 \u00a0 \u00a0 \u00a0 \u00a0 \u00a0 \u00a0<span class=\"item-val\">42000xg<\/span><\/span><\/li>\n<li><span style=\"font-size: 14pt; font-family: 'times new roman', times, serif;\">Capacidad m\u00e1xima\u00a0 \u00a0 \u00a0 \u00a0 \u00a0 \u00a0 \u00a0 \u00a0<span class=\"item-val\">4*1000 ml<\/span><\/span><\/li>\n<li><span style=\"font-size: 14pt; font-family: 'times new roman', times, serif;\">Rango del temporizador\u00a0 \u00a0 \u00a0 \u00a0 \u00a0 \u00a0 \u00a0 \u00a0 \u00a0<span class=\"item-val\">1 min a 99 h 59 min<\/span><\/span><\/li>\n<li><span style=\"font-family: 'times new roman', times, serif; font-size: 14pt;\">Temperatura -20-40\u2103<\/span><\/li>\n<li><span style=\"font-size: 14pt; font-family: 'times new roman', times, serif;\">Precisi\u00f3n de velocidad\u00a0 \u00a0 \u00a0 \u00a0 \u00a0 \u00a0 <span class=\"item-val\">\u00b110 rpm<\/span><\/span><\/li>\n<li><span style=\"font-size: 14pt; font-family: 'times new roman', times, serif;\">Ruido\u00a0 \u00a0 \u00a0 \u00a0 \u00a0 \u00a0 \u00a0 \u00a0 \u00a0 \u00a0 \u00a0 \u00a0 \u00a0 \u00a0 <span class=\"item-val\">\u226460 dB(A)<\/span><\/span><\/li>\n<li><span style=\"font-size: 14pt; font-family: 'times new roman', times, serif;\">Consumo de energ\u00eda\u00a0 \u00a0 \u00a0<span class=\"item-val\">5 kW<\/span><\/span><\/li>\n<li><span style=\"font-size: 14pt; font-family: 'times new roman', times, serif;\">Dimensi\u00f3n\u00a0 \u00a0 \u00a0 \u00a0 \u00a0 \u00a0 \u00a0 \u00a0 \u00a0 \u00a0<span class=\"item-val\">850x730x930mm<\/span><\/span><\/li>\n<li><span style=\"font-size: 14pt; font-family: 'times new roman', times, serif;\">Peso neto\u00a0 \u00a0 \u00a0 \u00a0 \u00a0 \u00a0 \u00a0 \u00a0 \u00a0 \u00a0<span class=\"item-val\">280 kilos<\/span><\/span><\/li>\n<\/ul>\n<p>&nbsp;<\/p>","protected":false},"featured_media":22510,"comment_status":"open","ping_status":"closed","template":"","meta":{"_acf_changed":false},"product_brand":[],"product_cat":[20,80,97],"product_tag":[],"class_list":{"0":"post-22508","1":"product","2":"type-product","3":"status-publish","4":"has-post-thumbnail","6":"product_cat-all","7":"product_cat-centrifuge","8":"product_cat-special-purpose-centrifuge","10":"first","11":"instock","12":"shipping-taxable","13":"product-type-simple"},"acf":[],"_links":{"self":[{"href":"https:\/\/lexamedlab.com\/es\/wp-json\/wp\/v2\/product\/22508","targetHints":{"allow":["GET"]}}],"collection":[{"href":"https:\/\/lexamedlab.com\/es\/wp-json\/wp\/v2\/product"}],"about":[{"href":"https:\/\/lexamedlab.com\/es\/wp-json\/wp\/v2\/types\/product"}],"replies":[{"embeddable":true,"href":"https:\/\/lexamedlab.com\/es\/wp-json\/wp\/v2\/comments?post=22508"}],"version-history":[{"count":1,"href":"https:\/\/lexamedlab.com\/es\/wp-json\/wp\/v2\/product\/22508\/revisions"}],"predecessor-version":[{"id":22513,"href":"https:\/\/lexamedlab.com\/es\/wp-json\/wp\/v2\/product\/22508\/revisions\/22513"}],"wp:featuredmedia":[{"embeddable":true,"href":"https:\/\/lexamedlab.com\/es\/wp-json\/wp\/v2\/media\/22510"}],"wp:attachment":[{"href":"https:\/\/lexamedlab.com\/es\/wp-json\/wp\/v2\/media?parent=22508"}],"wp:term":[{"taxonomy":"product_brand","embeddable":true,"href":"https:\/\/lexamedlab.com\/es\/wp-json\/wp\/v2\/product_brand?post=22508"},{"taxonomy":"product_cat","embeddable":true,"href":"https:\/\/lexamedlab.com\/es\/wp-json\/wp\/v2\/product_cat?post=22508"},{"taxonomy":"product_tag","embeddable":true,"href":"https:\/\/lexamedlab.com\/es\/wp-json\/wp\/v2\/product_tag?post=22508"}],"curies":[{"name":"wp","href":"https:\/\/api.w.org\/{rel}","templated":true}]}}