{"id":22544,"date":"2025-05-24T21:49:46","date_gmt":"2025-05-24T21:49:46","guid":{"rendered":"https:\/\/lexamedlab.com\/?post_type=product&#038;p=22544"},"modified":"2025-05-27T15:11:36","modified_gmt":"2025-05-27T15:11:36","slug":"no-additive-tube","status":"publish","type":"product","link":"https:\/\/lexamedlab.com\/es\/product\/no-additive-tube\/","title":{"rendered":"Tubo sin aditivos"},"content":{"rendered":"<p><span style=\"font-size: 14pt; font-family: 'times new roman', times, serif;\">Tubo sin aditivos<\/span><\/p>\n<p data-spm-anchor-id=\"a2700.details-description.0.i1.b229DrSXDrSXqX\"><span style=\"font-size: 14pt; font-family: 'times new roman', times, serif;\">El tubo sin aditivos se utiliza en la extracci\u00f3n y almacenamiento de sangre para bioqu\u00edmica, inmunolog\u00eda, serolog\u00eda y an\u00e1lisis de diversos microelementos en inspecciones m\u00e9dicas. Gracias a su superficie interior con un tratamiento especial, es extremadamente suave, lo que favorece la actividad normal de los trombocitos y una coagulaci\u00f3n sin obst\u00e1culos, evitando la hem\u00f3lisis o la adhesi\u00f3n de gl\u00f3bulos sangu\u00edneos o fibrina a la superficie interna. Permite obtener suficientes muestras de suero sin contaminaci\u00f3n para an\u00e1lisis cl\u00ednicos y mantener la composici\u00f3n normal del suero durante un largo periodo. Adem\u00e1s, facilita la reinspecci\u00f3n del suero con una buena repetibilidad.<\/span><\/p>\n<p><span style=\"font-size: 14pt; font-family: 'times new roman', times, serif;\">\u2013 Tiempo para la retracci\u00f3n completa del co\u00e1gulo: 1,5-2 h<\/span><\/p>\n<p><span style=\"font-size: 14pt; font-family: 'times new roman', times, serif;\">\u2013 Velocidad de centrifugaci\u00f3n: 3500-4000r\/m<\/span><\/p>\n<p><span style=\"font-size: 14pt; font-family: 'times new roman', times, serif;\">\u2013 Tiempo de centrifugaci\u00f3n: 5min<\/span><\/p>\n<p data-spm-anchor-id=\"a2700.details-description.0.i0.b229DrSXDrSXqX\"><span style=\"font-size: 14pt; font-family: 'times new roman', times, serif;\">\u2013 Temperatura de almacenamiento recomendada: 4-25\u2103<\/span><\/p>\n<table style=\"border-collapse: collapse; width: 100%; height: 237px;\">\n<tbody>\n<tr style=\"height: 45px;\">\n<td style=\"width: 14.2857%; text-align: center; height: 45px;\"><span style=\"font-family: 'times new roman', times, serif; font-size: 14pt;\"><strong>n\u00famero de producto\u00a0<\/strong><\/span><\/td>\n<td style=\"width: 14.2857%; text-align: center; height: 45px;\"><span style=\"font-family: 'times new roman', times, serif; font-size: 14pt;\"><strong>Tubo <\/strong><strong>Especificaci\u00f3n<\/strong><\/span><\/td>\n<td style=\"width: 14.2857%; text-align: center; height: 45px;\"><span style=\"font-family: 'times new roman', times, serif; font-size: 14pt;\"><strong>Nominal <\/strong><strong>Volumen<\/strong><\/span><\/td>\n<td style=\"width: 14.2857%; text-align: center; height: 45px;\"><span style=\"font-family: 'times new roman', times, serif; font-size: 14pt;\"><strong>Aditivo<\/strong><\/span><\/td>\n<td style=\"width: 14.3069%; text-align: center; height: 45px;\" height=\"45\"><span style=\"font-family: 'times new roman', times, serif; font-size: 14pt;\"><strong>Cantidad\/Caja de vidrio<\/strong><\/span><\/td>\n<td style=\"width: 14.2857%; text-align: center; height: 45px;\"><span style=\"font-family: 'times new roman', times, serif; font-size: 14pt;\"><strong>PET Cantidad\/Caja<\/strong><\/span><\/td>\n<td style=\"width: 14.2857%; text-align: center; height: 45px;\"><\/td>\n<\/tr>\n<tr>\n<td style=\"width: 14.2857%; text-align: center;\" height=\"19\" data-spm-anchor-id=\"a2700.details-description.0.i9.b229DrSXDrSXqX\"><span style=\"font-family: 'times new roman', times, serif; font-size: 12pt;\"><strong>KJ030A<\/strong><\/span><\/td>\n<td style=\"width: 14.2857%; text-align: center;\" height=\"19\"><span style=\"font-family: 'times new roman', times, serif; font-size: 12pt;\">\u00d813\u00d775mm<\/span><\/td>\n<td style=\"width: 14.2857%; text-align: center;\" height=\"19\"><span style=\"font-family: 'times new roman', times, serif; font-size: 12pt;\">3 ml<\/span><\/td>\n<td style=\"width: 14.2857%; text-align: center;\" height=\"19\"><span style=\"font-family: 'times new roman', times, serif; font-size: 12pt;\">Sin aditivos<\/span><\/td>\n<td style=\"width: 14.3069%; text-align: center;\" height=\"19\"><span style=\"font-family: 'times new roman', times, serif; font-size: 12pt;\">100 piezas \u00d7 18<\/span><\/td>\n<td style=\"width: 14.2857%; text-align: center;\" height=\"19\"><span style=\"font-family: 'times new roman', times, serif; font-size: 12pt;\">100 piezas \u00d7 18<\/span><\/td>\n<td style=\"width: 14.2857%; height: 24px;\"><\/td>\n<\/tr>\n<tr>\n<td style=\"width: 14.2857%; text-align: center;\" height=\"19\"><span style=\"font-family: 'times new roman', times, serif; font-size: 12pt;\"><strong data-spm-anchor-id=\"a2700.details-description.0.i10.b229DrSXDrSXqX\">KJ040A<\/strong><\/span><\/td>\n<td style=\"width: 14.2857%; text-align: center;\" height=\"19\"><span style=\"font-family: 'times new roman', times, serif; font-size: 12pt;\">\u00d813\u00d775mm<\/span><\/td>\n<td style=\"width: 14.2857%; text-align: center;\" height=\"19\"><span style=\"font-family: 'times new roman', times, serif; font-size: 12pt;\">4 ml<\/span><\/td>\n<td style=\"width: 14.2857%; text-align: center;\" height=\"19\"><span style=\"font-family: 'times new roman', times, serif; font-size: 12pt;\">Sin aditivos<\/span><\/td>\n<td style=\"width: 14.3069%; text-align: center;\" height=\"19\"><span style=\"font-family: 'times new roman', times, serif; font-size: 12pt;\">100 piezas \u00d7 18<\/span><\/td>\n<td style=\"width: 14.2857%; text-align: center;\" height=\"19\"><span style=\"font-family: 'times new roman', times, serif; font-size: 12pt;\">100 piezas \u00d7 18<\/span><\/td>\n<td style=\"width: 14.2857%; height: 24px;\"><\/td>\n<\/tr>\n<tr>\n<td style=\"width: 14.2857%; text-align: center;\" height=\"19\"><span style=\"font-family: 'times new roman', times, serif; font-size: 12pt;\"><strong>KJ050A<\/strong><\/span><\/td>\n<td style=\"width: 14.2857%; text-align: center;\" height=\"19\"><span style=\"font-family: 'times new roman', times, serif; font-size: 12pt;\">\u00d813\u00d7100mm<\/span><\/td>\n<td style=\"width: 14.2857%; text-align: center;\" height=\"19\"><span style=\"font-family: 'times new roman', times, serif; font-size: 12pt;\">5 ml<\/span><\/td>\n<td style=\"width: 14.2857%; text-align: center;\" height=\"19\"><span style=\"font-family: 'times new roman', times, serif; font-size: 12pt;\">Sin aditivos<\/span><\/td>\n<td style=\"width: 14.3069%; text-align: center;\" height=\"19\"><span style=\"font-family: 'times new roman', times, serif; font-size: 12pt;\">100 piezas \u00d7 18<\/span><\/td>\n<td style=\"width: 14.2857%; text-align: center;\" height=\"19\"><span style=\"font-family: 'times new roman', times, serif; font-size: 12pt;\">100 piezas \u00d7 18<\/span><\/td>\n<td style=\"width: 14.2857%; height: 24px;\"><\/td>\n<\/tr>\n<tr>\n<td style=\"width: 14.2857%; text-align: center;\" height=\"19\"><span style=\"font-family: 'times new roman', times, serif; font-size: 12pt;\"><strong>KJ0501A<\/strong><\/span><\/td>\n<td style=\"width: 14.2857%; text-align: center;\" height=\"19\"><span style=\"font-family: 'times new roman', times, serif; font-size: 12pt;\">\u00d813\u00d7100mm<\/span><\/td>\n<td style=\"width: 14.2857%; text-align: center;\" height=\"19\"><span style=\"font-family: 'times new roman', times, serif; font-size: 12pt;\">5 ml<\/span><\/td>\n<td style=\"width: 14.2857%; text-align: center;\" height=\"19\"><span style=\"font-family: 'times new roman', times, serif; font-size: 12pt;\">Sin aditivos<\/span><\/td>\n<td style=\"width: 14.3069%; text-align: center;\" height=\"19\"><span style=\"font-family: 'times new roman', times, serif; font-size: 12pt;\">100 piezas \u00d7 12<\/span><\/td>\n<td style=\"width: 14.2857%; text-align: center;\" height=\"19\"><span style=\"font-family: 'times new roman', times, serif; font-size: 12pt;\">100 piezas \u00d7 18<\/span><\/td>\n<td style=\"width: 14.2857%; height: 24px;\"><\/td>\n<\/tr>\n<tr>\n<td style=\"width: 14.2857%; text-align: center;\" height=\"19\"><span style=\"font-family: 'times new roman', times, serif; font-size: 12pt;\"><strong>KJ0601A<\/strong><\/span><\/td>\n<td style=\"width: 14.2857%; text-align: center;\" height=\"19\"><span style=\"font-family: 'times new roman', times, serif; font-size: 12pt;\">\u00d816\u00d7100mm<\/span><\/td>\n<td style=\"width: 14.2857%; text-align: center;\" height=\"19\"><span style=\"font-family: 'times new roman', times, serif; font-size: 12pt;\">6 ml<\/span><\/td>\n<td style=\"width: 14.2857%; text-align: center;\" height=\"19\"><span style=\"font-family: 'times new roman', times, serif; font-size: 12pt;\">Sin aditivos<\/span><\/td>\n<td style=\"width: 14.3069%; text-align: center;\" height=\"19\"><span style=\"font-family: 'times new roman', times, serif; font-size: 12pt;\">100 piezas \u00d7 12<\/span><\/td>\n<td style=\"width: 14.2857%; text-align: center;\" height=\"19\"><span style=\"font-family: 'times new roman', times, serif; font-size: 12pt;\">100 piezas \u00d7 18<\/span><\/td>\n<td style=\"width: 14.2857%; height: 24px;\"><\/td>\n<\/tr>\n<tr>\n<td style=\"width: 14.2857%; text-align: center;\" height=\"19\"><span style=\"font-family: 'times new roman', times, serif; font-size: 12pt;\"><strong>KJ0701A<\/strong><\/span><\/td>\n<td style=\"width: 14.2857%; text-align: center;\" height=\"19\"><span style=\"font-family: 'times new roman', times, serif; font-size: 12pt;\">\u00d816\u00d7100mm<\/span><\/td>\n<td style=\"width: 14.2857%; text-align: center;\" height=\"19\"><span style=\"font-family: 'times new roman', times, serif; font-size: 12pt;\">7 ml<\/span><\/td>\n<td style=\"width: 14.2857%; text-align: center;\" height=\"19\"><span style=\"font-family: 'times new roman', times, serif; font-size: 12pt;\">Sin aditivos<\/span><\/td>\n<td style=\"width: 14.3069%; text-align: center;\" height=\"19\"><span style=\"font-family: 'times new roman', times, serif; font-size: 12pt;\">100 piezas \u00d7 12<\/span><\/td>\n<td style=\"width: 14.2857%; text-align: center;\" height=\"19\"><span style=\"font-family: 'times new roman', times, serif; font-size: 12pt;\">100 piezas \u00d7 18<\/span><\/td>\n<td style=\"width: 14.2857%; height: 24px;\"><\/td>\n<\/tr>\n<tr>\n<td style=\"width: 14.2857%; text-align: center;\" height=\"19\"><span style=\"font-family: 'times new roman', times, serif; font-size: 12pt;\"><strong>KJ0801A<\/strong><\/span><\/td>\n<td style=\"width: 14.2857%; text-align: center;\" height=\"19\"><span style=\"font-family: 'times new roman', times, serif; font-size: 12pt;\">\u00d816\u00d7100mm<\/span><\/td>\n<td style=\"width: 14.2857%; text-align: center;\" height=\"19\"><span style=\"font-family: 'times new roman', times, serif; font-size: 12pt;\">8 ml<\/span><\/td>\n<td style=\"width: 14.2857%; text-align: center;\" height=\"19\"><span style=\"font-family: 'times new roman', times, serif; font-size: 12pt;\">Sin aditivos<\/span><\/td>\n<td style=\"width: 14.3069%; text-align: center;\" height=\"19\"><span style=\"font-family: 'times new roman', times, serif; font-size: 12pt;\">100 piezas \u00d7 12<\/span><\/td>\n<td style=\"width: 14.2857%; text-align: center;\" height=\"19\"><span style=\"font-family: 'times new roman', times, serif; font-size: 12pt;\">100 piezas \u00d7 12<\/span><\/td>\n<td style=\"width: 14.2857%; height: 24px;\"><\/td>\n<\/tr>\n<tr>\n<td style=\"width: 14.2857%; text-align: center;\" height=\"19\"><span style=\"font-family: 'times new roman', times, serif; font-size: 12pt;\"><strong>KJ0901A<\/strong><\/span><\/td>\n<td style=\"width: 14.2857%; text-align: center;\" height=\"19\"><span style=\"font-family: 'times new roman', times, serif; font-size: 12pt;\">\u00d816\u00d7100mm<\/span><\/td>\n<td style=\"width: 14.2857%; text-align: center;\" height=\"19\"><span style=\"font-family: 'times new roman', times, serif; font-size: 12pt;\">9 ml<\/span><\/td>\n<td style=\"width: 14.2857%; text-align: center;\" height=\"19\"><span style=\"font-family: 'times new roman', times, serif; font-size: 12pt;\">Sin aditivos<\/span><\/td>\n<td style=\"width: 14.3069%; text-align: center;\" height=\"19\"><span style=\"font-family: 'times new roman', times, serif; font-size: 12pt;\">100 piezas \u00d7 12<\/span><\/td>\n<td style=\"width: 14.2857%; text-align: center;\" height=\"19\"><span style=\"font-family: 'times new roman', times, serif; font-size: 12pt;\">100 piezas \u00d7 12<\/span><\/td>\n<td style=\"width: 14.2857%; height: 24px;\"><\/td>\n<\/tr>\n<tr>\n<td style=\"width: 14.2857%; text-align: center;\" height=\"19\"><span style=\"font-family: 'times new roman', times, serif; font-size: 12pt;\"><strong>KJ1002A<\/strong><\/span><\/td>\n<td style=\"width: 14.2857%; text-align: center;\" height=\"19\"><span style=\"font-family: 'times new roman', times, serif; font-size: 12pt;\">\u00d816\u00d7100mm<\/span><\/td>\n<td style=\"width: 14.2857%; text-align: center;\" height=\"19\"><span style=\"font-family: 'times new roman', times, serif; font-size: 12pt;\">10 ml<\/span><\/td>\n<td style=\"width: 14.2857%; text-align: center;\" height=\"19\"><span style=\"font-family: 'times new roman', times, serif; font-size: 12pt;\">Sin aditivos<\/span><\/td>\n<td style=\"width: 14.3069%; text-align: center;\" height=\"19\"><span style=\"font-family: 'times new roman', times, serif; font-size: 12pt;\">100 piezas \u00d7 12<\/span><\/td>\n<td style=\"width: 14.2857%; text-align: center;\" height=\"19\"><span style=\"font-family: 'times new roman', times, serif; font-size: 12pt;\">100 piezas \u00d7 12<\/span><\/td>\n<td style=\"width: 14.2857%;\"><\/td>\n<\/tr>\n<\/tbody>\n<\/table>\n<p data-spm-anchor-id=\"a2700.details-description.0.i0.b229DrSXDrSXqX\">","protected":false},"excerpt":{"rendered":"<p>Tubo sin aditivos El tubo sin aditivos se utiliza en la recolecci\u00f3n y almacenamiento de sangre para bioqu\u00edmica, inmunolog\u00eda, serolog\u00eda y pruebas de diversos<\/p>","protected":false},"featured_media":22542,"comment_status":"open","ping_status":"closed","template":"","meta":{"_acf_changed":false},"product_brand":[],"product_cat":[20,98],"product_tag":[],"class_list":{"0":"post-22544","1":"product","2":"type-product","3":"status-publish","4":"has-post-thumbnail","6":"product_cat-all","7":"product_cat-blood-collection-tube","9":"first","10":"instock","11":"shipping-taxable","12":"product-type-simple"},"acf":[],"_links":{"self":[{"href":"https:\/\/lexamedlab.com\/es\/wp-json\/wp\/v2\/product\/22544","targetHints":{"allow":["GET"]}}],"collection":[{"href":"https:\/\/lexamedlab.com\/es\/wp-json\/wp\/v2\/product"}],"about":[{"href":"https:\/\/lexamedlab.com\/es\/wp-json\/wp\/v2\/types\/product"}],"replies":[{"embeddable":true,"href":"https:\/\/lexamedlab.com\/es\/wp-json\/wp\/v2\/comments?post=22544"}],"version-history":[{"count":1,"href":"https:\/\/lexamedlab.com\/es\/wp-json\/wp\/v2\/product\/22544\/revisions"}],"predecessor-version":[{"id":22592,"href":"https:\/\/lexamedlab.com\/es\/wp-json\/wp\/v2\/product\/22544\/revisions\/22592"}],"wp:featuredmedia":[{"embeddable":true,"href":"https:\/\/lexamedlab.com\/es\/wp-json\/wp\/v2\/media\/22542"}],"wp:attachment":[{"href":"https:\/\/lexamedlab.com\/es\/wp-json\/wp\/v2\/media?parent=22544"}],"wp:term":[{"taxonomy":"product_brand","embeddable":true,"href":"https:\/\/lexamedlab.com\/es\/wp-json\/wp\/v2\/product_brand?post=22544"},{"taxonomy":"product_cat","embeddable":true,"href":"https:\/\/lexamedlab.com\/es\/wp-json\/wp\/v2\/product_cat?post=22544"},{"taxonomy":"product_tag","embeddable":true,"href":"https:\/\/lexamedlab.com\/es\/wp-json\/wp\/v2\/product_tag?post=22544"}],"curies":[{"name":"wp","href":"https:\/\/api.w.org\/{rel}","templated":true}]}}