{"id":22602,"date":"2025-05-24T22:04:20","date_gmt":"2025-05-24T22:04:20","guid":{"rendered":"https:\/\/lexamedlab.com\/?post_type=product&#038;p=22602"},"modified":"2025-05-27T15:11:36","modified_gmt":"2025-05-27T15:11:36","slug":"gel-clot-activator-tube","status":"publish","type":"product","link":"https:\/\/lexamedlab.com\/es\/product\/gel-clot-activator-tube\/","title":{"rendered":"Tubo activador de gel y coagulaci\u00f3n"},"content":{"rendered":"<p><span style=\"font-family: 'times new roman', times, serif; font-size: 14pt;\" data-spm-anchor-id=\"a2700.details-description.0.i0.643612YS12YScu\">Tubo activador de gel y coagulaci\u00f3n<\/span><\/p>\n<p><span style=\"font-family: 'times new roman', times, serif; font-size: 14pt;\">El gel y el tubo activador de coagulaci\u00f3n se utilizan para bioqu\u00edmica s\u00e9rica, inmunolog\u00eda y an\u00e1lisis de drogas, entre otros. El coagulante se pulveriza uniformemente sobre la superficie del tubo, lo que acorta considerablemente el tiempo de coagulaci\u00f3n. Dado que el gel de separaci\u00f3n importado de Jap\u00f3n es una sustancia pura con propiedades fisicoqu\u00edmicas muy estables, soporta altas temperaturas, lo que le permite mantener su estabilidad durante el almacenamiento y el transporte.<\/span><\/p>\n<p><span style=\"font-family: 'times new roman', times, serif; font-size: 14pt;\">El gel se solidifica tras la centrifugaci\u00f3n y separa completamente el suero de las c\u00e9lulas de fibrina, actuando como una barrera, lo que impide eficazmente el intercambio de sustancias entre el suero sangu\u00edneo y las c\u00e9lulas. La eficiencia de la recolecci\u00f3n de suero mejora y se obtiene un suero de alta calidad, lo que resulta en resultados de prueba m\u00e1s aut\u00e9nticos. El suero se mantiene estable durante m\u00e1s de 48 horas, sin cambios evidentes en sus caracter\u00edsticas bioqu\u00edmicas ni en su composici\u00f3n qu\u00edmica, y el tubo puede utilizarse directamente en analizadores de muestreo.<\/span><\/p>\n<p><span style=\"font-family: 'times new roman', times, serif; font-size: 14pt;\">\u2013 Tiempo para la retracci\u00f3n completa del co\u00e1gulo: 20-25 min<\/span><\/p>\n<p><span style=\"font-family: 'times new roman', times, serif; font-size: 14pt;\">\u2013 Velocidad de centrifugaci\u00f3n: 3500-4000r\/m<\/span><\/p>\n<p><span style=\"font-family: 'times new roman', times, serif; font-size: 14pt;\">\u2013 Tiempo de centrifugaci\u00f3n: 5min<\/span><\/p>\n<p><span style=\"font-family: 'times new roman', times, serif; font-size: 14pt;\">\u2013 Temperatura de almacenamiento recomendada: 4-25\u2103<\/span><\/p>\n<table style=\"border-collapse: collapse; width: 100%; height: 463px;\">\n<tbody>\n<tr style=\"height: 45px;\">\n<td style=\"width: 14.2857%; text-align: center; height: 45px;\"><span style=\"font-family: 'times new roman', times, serif; font-size: 14pt;\"><strong>n\u00famero de producto\u00a0<\/strong><\/span><\/td>\n<td style=\"width: 14.2857%; text-align: center; height: 45px;\"><span style=\"font-family: 'times new roman', times, serif; font-size: 14pt;\"><strong>Tubo <\/strong><strong>Especificaci\u00f3n<\/strong><\/span><\/td>\n<td style=\"width: 14.2857%; text-align: center; height: 45px;\"><span style=\"font-family: 'times new roman', times, serif; font-size: 14pt;\"><strong>Nominal <\/strong><strong>Volumen<\/strong><\/span><\/td>\n<td style=\"width: 14.2857%; text-align: center; height: 45px;\"><span style=\"font-family: 'times new roman', times, serif; font-size: 14pt;\"><strong>Aditivo<\/strong><\/span><\/td>\n<td style=\"width: 14.3069%; text-align: center; height: 45px;\" height=\"45\"><span style=\"font-family: 'times new roman', times, serif; font-size: 14pt;\"><strong>Cantidad\/Caja de vidrio<\/strong><\/span><\/td>\n<td style=\"width: 14.2857%; text-align: center; height: 45px;\"><span style=\"font-family: 'times new roman', times, serif; font-size: 14pt;\"><strong>PET Cantidad\/Caja<\/strong><\/span><\/td>\n<td style=\"width: 14.2857%; text-align: center; height: 45px;\"><\/td>\n<\/tr>\n<tr>\n<td style=\"width: 14.2857%; text-align: center;\" data-spm-anchor-id=\"a2700.details-description.0.i9.643612YS12YScu\"><span style=\"font-family: 'times new roman', times, serif;\"><strong>KJ030AS<\/strong><\/span><\/td>\n<td style=\"width: 14.2857%; text-align: center;\" data-spm-anchor-id=\"a2700.details-description.0.i2.643612YS12YScu\"><span style=\"font-family: 'times new roman', times, serif;\">\u00d813\u00d775mm<\/span><\/td>\n<td style=\"width: 14.2857%; text-align: center;\"><span style=\"font-family: 'times new roman', times, serif;\">3 ml<\/span><\/td>\n<td style=\"width: 14.2857%; text-align: center;\"><span style=\"font-family: 'times new roman', times, serif;\">Activador de gel y coagulaci\u00f3n<\/span><\/td>\n<td style=\"width: 14.3069%; text-align: center;\"><span style=\"font-family: 'times new roman', times, serif;\">100 piezas \u00d7 18<\/span><\/td>\n<td style=\"width: 14.2857%; text-align: center;\"><span style=\"font-family: 'times new roman', times, serif;\">100 piezas \u00d7 18<\/span><\/td>\n<td style=\"width: 14.2857%; height: 38px;\"><\/td>\n<\/tr>\n<tr>\n<td style=\"width: 14.2857%; text-align: center;\"><span style=\"font-family: 'times new roman', times, serif;\"><strong>KJ040AS<\/strong><\/span><\/td>\n<td style=\"width: 14.2857%; text-align: center;\"><span style=\"font-family: 'times new roman', times, serif;\" data-spm-anchor-id=\"a2700.details-description.0.i3.643612YS12YScu\">\u00d813\u00d775mm<\/span><\/td>\n<td style=\"width: 14.2857%; text-align: center;\"><span style=\"font-family: 'times new roman', times, serif;\">4 ml<\/span><\/td>\n<td style=\"width: 14.2857%; text-align: center;\"><span style=\"font-family: 'times new roman', times, serif;\">Activador de gel y coagulaci\u00f3n<\/span><\/td>\n<td style=\"width: 14.3069%; text-align: center;\"><span style=\"font-family: 'times new roman', times, serif;\">100 piezas \u00d7 18<\/span><\/td>\n<td style=\"width: 14.2857%; text-align: center;\"><span style=\"font-family: 'times new roman', times, serif;\">100 piezas \u00d7 18<\/span><\/td>\n<td style=\"width: 14.2857%; height: 38px;\"><\/td>\n<\/tr>\n<tr>\n<td style=\"width: 14.2857%; text-align: center;\"><span style=\"font-family: 'times new roman', times, serif;\"><strong>KJ050AS<\/strong><\/span><\/td>\n<td style=\"width: 14.2857%; text-align: center;\"><span style=\"font-family: 'times new roman', times, serif;\" data-spm-anchor-id=\"a2700.details-description.0.i4.643612YS12YScu\">\u00d813\u00d7100mm<\/span><\/td>\n<td style=\"width: 14.2857%; text-align: center;\"><span style=\"font-family: 'times new roman', times, serif;\">5 ml<\/span><\/td>\n<td style=\"width: 14.2857%; text-align: center;\"><span style=\"font-family: 'times new roman', times, serif;\">Activador de gel y coagulaci\u00f3n<\/span><\/td>\n<td style=\"width: 14.3069%; text-align: center;\"><span style=\"font-family: 'times new roman', times, serif;\">100 piezas \u00d7 12<\/span><\/td>\n<td style=\"width: 14.2857%; text-align: center;\"><span style=\"font-family: 'times new roman', times, serif;\">100 piezas \u00d7 18<\/span><\/td>\n<td style=\"width: 14.2857%; height: 38px;\"><\/td>\n<\/tr>\n<tr>\n<td style=\"width: 14.2857%; text-align: center;\"><span style=\"font-family: 'times new roman', times, serif;\"><strong>KJ0601AS<\/strong><\/span><\/td>\n<td style=\"width: 14.2857%; text-align: center;\"><span style=\"font-family: 'times new roman', times, serif;\" data-spm-anchor-id=\"a2700.details-description.0.i5.643612YS12YScu\">\u00d813\u00d7100mm<\/span><\/td>\n<td style=\"width: 14.2857%; text-align: center;\"><span style=\"font-family: 'times new roman', times, serif;\">6 ml<\/span><\/td>\n<td style=\"width: 14.2857%; text-align: center;\"><span style=\"font-family: 'times new roman', times, serif;\">Activador de gel y coagulaci\u00f3n<\/span><\/td>\n<td style=\"width: 14.3069%; text-align: center;\"><span style=\"font-family: 'times new roman', times, serif;\">100 piezas \u00d7 12<\/span><\/td>\n<td style=\"width: 14.2857%; text-align: center;\"><span style=\"font-family: 'times new roman', times, serif;\">100 piezas \u00d7 18<\/span><\/td>\n<td style=\"width: 14.2857%; height: 38px;\"><\/td>\n<\/tr>\n<tr>\n<td style=\"width: 14.2857%; text-align: center;\"><span style=\"font-family: 'times new roman', times, serif;\"><strong>KJ0701AS<\/strong><\/span><\/td>\n<td style=\"width: 14.2857%; text-align: center;\"><span style=\"font-family: 'times new roman', times, serif;\" data-spm-anchor-id=\"a2700.details-description.0.i6.643612YS12YScu\">\u00d816\u00d7100mm<\/span><\/td>\n<td style=\"width: 14.2857%; text-align: center;\"><span style=\"font-family: 'times new roman', times, serif;\">7 ml<\/span><\/td>\n<td style=\"width: 14.2857%; text-align: center;\"><span style=\"font-family: 'times new roman', times, serif;\">Activador de gel y coagulaci\u00f3n<\/span><\/td>\n<td style=\"width: 14.3069%; text-align: center;\"><span style=\"font-family: 'times new roman', times, serif;\">100 piezas \u00d7 12<\/span><\/td>\n<td style=\"width: 14.2857%; text-align: center;\"><span style=\"font-family: 'times new roman', times, serif;\">100 piezas \u00d7 12<\/span><\/td>\n<td style=\"width: 14.2857%; height: 38px;\"><\/td>\n<\/tr>\n<tr>\n<td style=\"width: 14.2857%; text-align: center;\"><span style=\"font-family: 'times new roman', times, serif;\"><strong>KJ0801AS<\/strong><\/span><\/td>\n<td style=\"width: 14.2857%; text-align: center;\"><span style=\"font-family: 'times new roman', times, serif;\" data-spm-anchor-id=\"a2700.details-description.0.i7.643612YS12YScu\">\u00d816\u00d7100mm<\/span><\/td>\n<td style=\"width: 14.2857%; text-align: center;\" data-spm-anchor-id=\"a2700.details-description.0.i1.643612YS12YScu\"><span style=\"font-family: 'times new roman', times, serif;\">8 ml<\/span><\/td>\n<td style=\"width: 14.2857%; text-align: center;\"><span style=\"font-family: 'times new roman', times, serif;\">Activador de gel y coagulaci\u00f3n<\/span><\/td>\n<td style=\"width: 14.3069%; text-align: center;\"><span style=\"font-family: 'times new roman', times, serif;\">100 piezas \u00d7 12<\/span><\/td>\n<td style=\"width: 14.2857%; text-align: center;\"><span style=\"font-family: 'times new roman', times, serif;\">100 piezas \u00d7 12<\/span><\/td>\n<td style=\"width: 14.2857%; height: 38px;\"><\/td>\n<\/tr>\n<tr>\n<td style=\"width: 14.2857%; text-align: center;\"><span style=\"font-family: 'times new roman', times, serif;\"><strong>KJ0901AS<\/strong><\/span><\/td>\n<td style=\"width: 14.2857%; text-align: center;\"><span style=\"font-family: 'times new roman', times, serif;\" data-spm-anchor-id=\"a2700.details-description.0.i8.643612YS12YScu\">\u00d816\u00d7100mm<\/span><\/td>\n<td style=\"width: 14.2857%; text-align: center;\"><span style=\"font-family: 'times new roman', times, serif;\">9 ml<\/span><\/td>\n<td style=\"width: 14.2857%; text-align: center;\"><span style=\"font-family: 'times new roman', times, serif;\">Activador de gel y coagulaci\u00f3n<\/span><\/td>\n<td style=\"width: 14.3069%; text-align: center;\"><span style=\"font-family: 'times new roman', times, serif;\">100 piezas \u00d7 12<\/span><\/td>\n<td style=\"width: 14.2857%; text-align: center;\"><span style=\"font-family: 'times new roman', times, serif;\">100 piezas \u00d7 12<\/span><\/td>\n<td style=\"width: 14.2857%; height: 38px;\"><\/td>\n<\/tr>\n<\/tbody>\n<\/table>\n<p data-spm-anchor-id=\"a2700.details-description.0.i0.b229DrSXDrSXqX\">","protected":false},"excerpt":{"rendered":"<p>Tubo activador de gel y coagulaci\u00f3n El tubo activador de gel y coagulaci\u00f3n se utiliza para bioqu\u00edmica del suero sangu\u00edneo, inmunolog\u00eda y pruebas de drogas.<\/p>","protected":false},"featured_media":22603,"comment_status":"open","ping_status":"closed","template":"","meta":{"_acf_changed":false},"product_brand":[],"product_cat":[20,98],"product_tag":[],"class_list":{"0":"post-22602","1":"product","2":"type-product","3":"status-publish","4":"has-post-thumbnail","6":"product_cat-all","7":"product_cat-blood-collection-tube","9":"first","10":"instock","11":"shipping-taxable","12":"product-type-simple"},"acf":[],"_links":{"self":[{"href":"https:\/\/lexamedlab.com\/es\/wp-json\/wp\/v2\/product\/22602","targetHints":{"allow":["GET"]}}],"collection":[{"href":"https:\/\/lexamedlab.com\/es\/wp-json\/wp\/v2\/product"}],"about":[{"href":"https:\/\/lexamedlab.com\/es\/wp-json\/wp\/v2\/types\/product"}],"replies":[{"embeddable":true,"href":"https:\/\/lexamedlab.com\/es\/wp-json\/wp\/v2\/comments?post=22602"}],"version-history":[{"count":1,"href":"https:\/\/lexamedlab.com\/es\/wp-json\/wp\/v2\/product\/22602\/revisions"}],"predecessor-version":[{"id":22604,"href":"https:\/\/lexamedlab.com\/es\/wp-json\/wp\/v2\/product\/22602\/revisions\/22604"}],"wp:featuredmedia":[{"embeddable":true,"href":"https:\/\/lexamedlab.com\/es\/wp-json\/wp\/v2\/media\/22603"}],"wp:attachment":[{"href":"https:\/\/lexamedlab.com\/es\/wp-json\/wp\/v2\/media?parent=22602"}],"wp:term":[{"taxonomy":"product_brand","embeddable":true,"href":"https:\/\/lexamedlab.com\/es\/wp-json\/wp\/v2\/product_brand?post=22602"},{"taxonomy":"product_cat","embeddable":true,"href":"https:\/\/lexamedlab.com\/es\/wp-json\/wp\/v2\/product_cat?post=22602"},{"taxonomy":"product_tag","embeddable":true,"href":"https:\/\/lexamedlab.com\/es\/wp-json\/wp\/v2\/product_tag?post=22602"}],"curies":[{"name":"wp","href":"https:\/\/api.w.org\/{rel}","templated":true}]}}