{"id":22605,"date":"2025-05-24T22:07:36","date_gmt":"2025-05-24T22:07:36","guid":{"rendered":"https:\/\/lexamedlab.com\/?post_type=product&#038;p=22605"},"modified":"2025-05-27T15:11:36","modified_gmt":"2025-05-27T15:11:36","slug":"sodium-citrate-tube","status":"publish","type":"product","link":"https:\/\/lexamedlab.com\/es\/product\/sodium-citrate-tube\/","title":{"rendered":"Tubo de citrato de sodio"},"content":{"rendered":"<p><span style=\"font-family: 'times new roman', times, serif; font-size: 14pt;\">Tubo PT<\/span><\/p>\n<p><span style=\"font-family: 'times new roman', times, serif; font-size: 14pt;\" data-spm-anchor-id=\"a2700.details-description.0.i1.1b38cgtQcgtQQs\">El tubo TP se utiliza para pruebas de coagulaci\u00f3n sangu\u00ednea y es aplicable al sistema fibrinol\u00edtico (TP, TT, TTPA, fibrin\u00f3geno, etc.). La proporci\u00f3n de mezcla es de 1 parte de citrato por 9 partes de sangre.<\/span><\/p>\n<p><span style=\"font-family: 'times new roman', times, serif; font-size: 14pt;\">Una proporci\u00f3n precisa garantiza la eficacia del resultado de la prueba y evita diagn\u00f3sticos err\u00f3neos. Dado que el citrato de sodio presenta una toxicidad muy baja, tambi\u00e9n se utiliza para el almacenamiento de sangre.<\/span><\/p>\n<p data-spm-anchor-id=\"a2700.details-description.0.i0.1b38cgtQcgtQQs\">\n<span style=\"font-family: 'times new roman', times, serif; font-size: 14pt;\">Extraiga suficiente volumen de sangre para garantizar un resultado preciso. El tubo TP de doble capa tiene poco espacio muerto y se puede utilizar para monitorear el vWF, la funci\u00f3n plaquetaria y la terapia con heparina.<\/span><\/p>\n<table style=\"border-collapse: collapse; width: 100%; height: 346px;\">\n<tbody>\n<tr style=\"height: 45px;\">\n<td style=\"width: 14.2857%; text-align: center; height: 45px;\"><span style=\"font-family: 'times new roman', times, serif; font-size: 14pt;\"><strong>n\u00famero de producto\u00a0<\/strong><\/span><\/td>\n<td style=\"width: 14.2857%; text-align: center; height: 45px;\"><span style=\"font-family: 'times new roman', times, serif; font-size: 14pt;\"><strong>Tubo <\/strong><strong>Especificaci\u00f3n<\/strong><\/span><\/td>\n<td style=\"width: 14.2857%; text-align: center; height: 45px;\"><span style=\"font-family: 'times new roman', times, serif; font-size: 14pt;\"><strong>Nominal <\/strong><strong>Volumen<\/strong><\/span><\/td>\n<td style=\"width: 14.2857%; text-align: center; height: 45px;\"><span style=\"font-family: 'times new roman', times, serif; font-size: 14pt;\"><strong>Aditivo<\/strong><\/span><\/td>\n<td style=\"width: 14.3069%; text-align: center; height: 45px;\" height=\"45\"><span style=\"font-family: 'times new roman', times, serif; font-size: 14pt;\"><strong>Cantidad\/Caja de vidrio<\/strong><\/span><\/td>\n<td style=\"width: 14.2857%; text-align: center; height: 45px;\"><span style=\"font-family: 'times new roman', times, serif; font-size: 14pt;\"><strong>PET Cantidad\/Caja<\/strong><\/span><\/td>\n<td style=\"width: 14.2857%; text-align: center; height: 45px;\"><\/td>\n<\/tr>\n<tr style=\"height: 43px;\">\n<td style=\"width: 14.2857%; text-align: center; height: 43px;\"><span style=\"font-family: 'times new roman', times, serif;\"><strong data-spm-anchor-id=\"a2700.details-description.0.i2.1b38cgtQcgtQQs\">KJ018NC<\/strong><\/span><\/td>\n<td style=\"width: 14.2857%; text-align: center; height: 43px;\"><span style=\"font-family: 'times new roman', times, serif;\">\u00d813\u00d775mm<\/span><\/td>\n<td style=\"width: 14.2857%; text-align: center; height: 43px;\"><span style=\"font-family: 'times new roman', times, serif;\">2 ml<\/span><\/td>\n<td style=\"width: 14.2857%; text-align: center; height: 43px;\"><span style=\"font-family: 'times new roman', times, serif;\">3.2% Citrato de sodio<\/span><\/td>\n<td style=\"width: 14.3069%; text-align: center; height: 43px;\"><span style=\"font-family: 'times new roman', times, serif;\">100 piezas \u00d7 18<\/span><\/td>\n<td style=\"width: 14.2857%; text-align: center; height: 43px;\"><span style=\"font-family: 'times new roman', times, serif;\">100 piezas \u00d7 18<\/span><\/td>\n<td style=\"width: 14.2857%; height: 43px;\"><\/td>\n<\/tr>\n<tr style=\"height: 43px;\">\n<td style=\"width: 14.2857%; text-align: center; height: 43px;\"><span style=\"font-family: 'times new roman', times, serif;\"><strong>KJ027NC<\/strong><\/span><\/td>\n<td style=\"width: 14.2857%; text-align: center; height: 43px;\"><span style=\"font-family: 'times new roman', times, serif;\">\u00d813\u00d775mm<\/span><\/td>\n<td style=\"width: 14.2857%; text-align: center; height: 43px;\"><span style=\"font-family: 'times new roman', times, serif;\">3 ml<\/span><\/td>\n<td style=\"width: 14.2857%; text-align: center; height: 43px;\"><span style=\"font-family: 'times new roman', times, serif;\">3.2% Citrato de sodio<\/span><\/td>\n<td style=\"width: 14.3069%; text-align: center; height: 43px;\"><span style=\"font-family: 'times new roman', times, serif;\">100 piezas \u00d7 18<\/span><\/td>\n<td style=\"width: 14.2857%; text-align: center; height: 43px;\"><span style=\"font-family: 'times new roman', times, serif;\">100 piezas \u00d7 18<\/span><\/td>\n<td style=\"width: 14.2857%; height: 43px;\"><\/td>\n<\/tr>\n<tr style=\"height: 43px;\">\n<td style=\"width: 14.2857%; text-align: center; height: 43px;\"><span style=\"font-family: 'times new roman', times, serif;\"><strong>KJ036NC<\/strong><\/span><\/td>\n<td style=\"width: 14.2857%; text-align: center; height: 43px;\"><span style=\"font-family: 'times new roman', times, serif;\">\u00d813\u00d775mm<\/span><\/td>\n<td style=\"width: 14.2857%; text-align: center; height: 43px;\"><span style=\"font-family: 'times new roman', times, serif;\">4 ml<\/span><\/td>\n<td style=\"width: 14.2857%; text-align: center; height: 43px;\"><span style=\"font-family: 'times new roman', times, serif;\">3.2% Citrato de sodio<\/span><\/td>\n<td style=\"width: 14.3069%; text-align: center; height: 43px;\"><span style=\"font-family: 'times new roman', times, serif;\">100 piezas \u00d7 18<\/span><\/td>\n<td style=\"width: 14.2857%; text-align: center; height: 43px;\"><span style=\"font-family: 'times new roman', times, serif;\">100 piezas \u00d7 18<\/span><\/td>\n<td style=\"width: 14.2857%; height: 43px;\"><\/td>\n<\/tr>\n<tr style=\"height: 43px;\">\n<td style=\"width: 14.2857%; text-align: center; height: 43px;\"><span style=\"font-family: 'times new roman', times, serif;\"><strong>KJ045NC<\/strong><\/span><\/td>\n<td style=\"width: 14.2857%; text-align: center; height: 43px;\"><span style=\"font-family: 'times new roman', times, serif;\">\u00d813\u00d775mm<\/span><\/td>\n<td style=\"width: 14.2857%; text-align: center; height: 43px;\"><span style=\"font-family: 'times new roman', times, serif;\">5 ml<\/span><\/td>\n<td style=\"width: 14.2857%; text-align: center; height: 43px;\"><span style=\"font-family: 'times new roman', times, serif;\">3.2% Citrato de sodio<\/span><\/td>\n<td style=\"width: 14.3069%; text-align: center; height: 43px;\"><span style=\"font-family: 'times new roman', times, serif;\">100 piezas \u00d7 18<\/span><\/td>\n<td style=\"width: 14.2857%; text-align: center; height: 43px;\"><span style=\"font-family: 'times new roman', times, serif;\">100 piezas \u00d7 18<\/span><\/td>\n<td style=\"width: 14.2857%; height: 43px;\"><\/td>\n<\/tr>\n<tr style=\"height: 68px;\">\n<td style=\"width: 14.2857%; text-align: center; height: 68px;\"><span style=\"font-family: 'times new roman', times, serif;\"><strong>KJ018NCD<\/strong><\/span><\/td>\n<td style=\"width: 14.2857%; text-align: center; height: 68px;\"><span style=\"font-family: 'times new roman', times, serif;\">\u00d813\u00d775mm<\/span><\/p>\n<p><span style=\"font-family: 'times new roman', times, serif;\">(Doble piso)<\/span><\/td>\n<td style=\"width: 14.2857%; text-align: center; height: 68px;\"><span style=\"font-family: 'times new roman', times, serif;\">2 ml<\/span><\/td>\n<td style=\"width: 14.2857%; text-align: center; height: 68px;\"><span style=\"font-family: 'times new roman', times, serif;\">3.2% Citrato de sodio<\/span><\/td>\n<td style=\"width: 14.3069%; text-align: center; height: 68px;\"><span style=\"font-family: 'times new roman', times, serif;\">\u2014\u2014<\/span><\/td>\n<td style=\"width: 14.2857%; text-align: center; height: 68px;\"><span style=\"font-family: 'times new roman', times, serif;\">100 piezas \u00d7 18<\/span><\/td>\n<td style=\"width: 14.2857%; height: 68px;\"><\/td>\n<\/tr>\n<tr style=\"height: 61px;\">\n<td style=\"width: 14.2857%; text-align: center; height: 61px;\"><span style=\"font-family: 'times new roman', times, serif;\"><strong>KJ027NCD<\/strong><\/span><\/td>\n<td style=\"width: 14.2857%; text-align: center; height: 61px;\"><span style=\"font-family: 'times new roman', times, serif;\">\u00d813\u00d775mm<\/span><\/p>\n<p><span style=\"font-family: 'times new roman', times, serif;\">(Doble piso)<\/span><\/td>\n<td style=\"width: 14.2857%; text-align: center; height: 61px;\"><span style=\"font-family: 'times new roman', times, serif;\">3 ml<\/span><\/td>\n<td style=\"width: 14.2857%; text-align: center; height: 61px;\"><span style=\"font-family: 'times new roman', times, serif;\">3.2% Citrato de sodio<\/span><\/td>\n<td style=\"width: 14.3069%; text-align: center; height: 61px;\"><span style=\"font-family: 'times new roman', times, serif;\">\u2014\u2014<\/span><\/td>\n<td style=\"width: 14.2857%; text-align: center; height: 61px;\"><span style=\"font-family: 'times new roman', times, serif;\">100 piezas \u00d7 18<\/span><\/td>\n<td style=\"width: 14.2857%; height: 61px;\"><\/td>\n<\/tr>\n<\/tbody>\n<\/table>\n<p data-spm-anchor-id=\"a2700.details-description.0.i0.b229DrSXDrSXqX\">","protected":false},"excerpt":{"rendered":"<p>Tubo PT El tubo PT se utiliza para la prueba de coagulaci\u00f3n sangu\u00ednea y es aplicable al sistema fibrinol\u00edtico (PT, TT, APTT y fibrin\u00f3geno, etc.).<\/p>","protected":false},"featured_media":22606,"comment_status":"open","ping_status":"closed","template":"","meta":{"_acf_changed":false},"product_brand":[],"product_cat":[20,98],"product_tag":[],"class_list":{"0":"post-22605","1":"product","2":"type-product","3":"status-publish","4":"has-post-thumbnail","6":"product_cat-all","7":"product_cat-blood-collection-tube","9":"first","10":"instock","11":"shipping-taxable","12":"product-type-simple"},"acf":[],"_links":{"self":[{"href":"https:\/\/lexamedlab.com\/es\/wp-json\/wp\/v2\/product\/22605","targetHints":{"allow":["GET"]}}],"collection":[{"href":"https:\/\/lexamedlab.com\/es\/wp-json\/wp\/v2\/product"}],"about":[{"href":"https:\/\/lexamedlab.com\/es\/wp-json\/wp\/v2\/types\/product"}],"replies":[{"embeddable":true,"href":"https:\/\/lexamedlab.com\/es\/wp-json\/wp\/v2\/comments?post=22605"}],"version-history":[{"count":2,"href":"https:\/\/lexamedlab.com\/es\/wp-json\/wp\/v2\/product\/22605\/revisions"}],"predecessor-version":[{"id":22608,"href":"https:\/\/lexamedlab.com\/es\/wp-json\/wp\/v2\/product\/22605\/revisions\/22608"}],"wp:featuredmedia":[{"embeddable":true,"href":"https:\/\/lexamedlab.com\/es\/wp-json\/wp\/v2\/media\/22606"}],"wp:attachment":[{"href":"https:\/\/lexamedlab.com\/es\/wp-json\/wp\/v2\/media?parent=22605"}],"wp:term":[{"taxonomy":"product_brand","embeddable":true,"href":"https:\/\/lexamedlab.com\/es\/wp-json\/wp\/v2\/product_brand?post=22605"},{"taxonomy":"product_cat","embeddable":true,"href":"https:\/\/lexamedlab.com\/es\/wp-json\/wp\/v2\/product_cat?post=22605"},{"taxonomy":"product_tag","embeddable":true,"href":"https:\/\/lexamedlab.com\/es\/wp-json\/wp\/v2\/product_tag?post=22605"}],"curies":[{"name":"wp","href":"https:\/\/api.w.org\/{rel}","templated":true}]}}