{"id":22623,"date":"2025-05-24T23:06:28","date_gmt":"2025-05-24T23:06:28","guid":{"rendered":"https:\/\/lexamedlab.com\/?post_type=product&#038;p=22623"},"modified":"2025-05-27T15:11:35","modified_gmt":"2025-05-27T15:11:35","slug":"0-5ml-micro-blood-collection-tubes","status":"publish","type":"product","link":"https:\/\/lexamedlab.com\/es\/product\/0-5ml-micro-blood-collection-tubes\/","title":{"rendered":"Microtubos de recolecci\u00f3n de sangre de 0,5 ml"},"content":{"rendered":"<p><span style=\"font-family: 'times new roman', times, serif; font-size: 14pt;\">El microtubo de recolecci\u00f3n de sangre tipo KJ001 cuenta con un dise\u00f1o humanizado y una tapa de seguridad con cierre a presi\u00f3n, lo que previene eficazmente las fugas de sangre. Gracias a su estructura multidentada y de doble orientaci\u00f3n, facilita su transporte seguro y su manejo sencillo, evitando salpicaduras de sangre.<\/span><br \/>\n<span style=\"font-family: 'times new roman', times, serif; font-size: 14pt;\">\u2014El c\u00f3digo de color de la tapa de seguridad es consistente con el est\u00e1ndar internacional y f\u00e1cil de identificar.<\/span><br \/>\n<span style=\"font-family: 'times new roman', times, serif; font-size: 14pt;\">El dise\u00f1o prominente del borde de la boca del tubo facilita la introducci\u00f3n de sangre. Simple, r\u00e1pido e intuitivo, el volumen de sangre se lee f\u00e1cilmente gracias a su clara l\u00ednea de graduaci\u00f3n.<\/span><br \/>\n<span style=\"font-family: 'times new roman', times, serif; font-size: 14pt;\">\u2014Tratamiento especial en el interior del tubo, es liso en la superficie y no hay adherencia de sangre.<\/span><br \/>\n<span style=\"font-family: 'times new roman', times, serif; font-size: 14pt;\">\u2014Puede personalizar el c\u00f3digo de barras y esterilizar el tubo con rayos gamma seg\u00fan los requisitos de los clientes para lograr pruebas de asepsia.<\/span><\/p>\n<table style=\"border-collapse: collapse; width: 77.3555%; height: 192px;\">\n<tbody>\n<tr style=\"height: 45px;\">\n<td style=\"width: 6.90918%; text-align: center; height: 45px;\"><span style=\"font-family: 'times new roman', times, serif; font-size: 14pt;\"><strong>n\u00famero de producto\u00a0<\/strong><\/span><\/td>\n<td style=\"width: 7.55059%; text-align: center; height: 45px;\"><span style=\"font-family: 'times new roman', times, serif; font-size: 14pt;\"><strong>Tubo <\/strong><strong>Especificaci\u00f3n<\/strong><\/span><\/td>\n<td style=\"width: 8.30219%; text-align: center; height: 45px;\"><span style=\"font-family: 'times new roman', times, serif; font-size: 14pt;\"><strong>Aditivo<\/strong><\/span><\/td>\n<td style=\"width: 14.3949%; text-align: center; height: 45px;\" height=\"45\"><span style=\"font-family: 'times new roman', times, serif; font-size: 14pt;\"><strong>\u00a0Cantidad\/Caja<\/strong><\/span><\/td>\n<\/tr>\n<tr style=\"height: 32px;\">\n<td style=\"width: 6.90918%; text-align: center; height: 147px;\" rowspan=\"4\"><span style=\"font-family: 'times new roman', times, serif; font-size: 12pt;\">KJ001<\/span><\/td>\n<td style=\"width: 7.55059%; text-align: center; height: 147px;\" rowspan=\"4\"><span style=\"font-family: 'times new roman', times, serif; font-size: 12pt;\">0,25 ml\/0,5 ml\/1 ml<\/span><\/td>\n<td style=\"width: 8.30219%; text-align: center; height: 32px;\"><span style=\"font-family: 'times new roman', times, serif; font-size: 12pt;\">EDTA.K2 \/ EDTA.K3<\/span><\/td>\n<td style=\"width: 14.3949%; text-align: center; height: 32px;\"><span style=\"font-family: 'times new roman', times, serif; font-size: 12pt;\">100 piezas \u00d7 30<\/span><\/td>\n<\/tr>\n<tr style=\"height: 35px;\">\n<td style=\"width: 8.30219%; text-align: center; height: 34px;\">Heparina de litio\/heparina de sodio<\/td>\n<td style=\"width: 14.3949%; text-align: center; height: 34px;\"><span style=\"font-family: 'times new roman', times, serif; font-size: 12pt;\">100 piezas \u00d7 30<\/span><\/td>\n<\/tr>\n<tr style=\"height: 42px;\">\n<td style=\"width: 8.30219%; text-align: center; height: 42px;\"><span style=\"font-family: 'times new roman', times, serif; font-size: 12pt;\">Sin aditivos<\/span><\/td>\n<td style=\"width: 14.3949%; text-align: center; height: 42px;\"><span style=\"font-family: 'times new roman', times, serif; font-size: 12pt;\">100 piezas \u00d7 30<\/span><\/td>\n<\/tr>\n<tr style=\"height: 39px;\">\n<td style=\"width: 8.30219%; text-align: center; height: 39px;\"><span style=\"font-family: 'times new roman', times, serif; font-size: 12pt;\">Activador de gel y co\u00e1gulo\u00a0<\/span><\/td>\n<td style=\"width: 14.3949%; text-align: center; height: 39px;\"><span style=\"font-family: 'times new roman', times, serif; font-size: 12pt;\">100 piezas \u00d7 30<\/span><\/td>\n<\/tr>\n<\/tbody>\n<\/table>\n<p data-spm-anchor-id=\"a2700.details-description.0.i0.b229DrSXDrSXqX\">","protected":false},"excerpt":{"rendered":"<p>\u2014El tubo de recolecci\u00f3n de sangre micro tipo KJ001 tiene un dise\u00f1o humanizado y una tapa de seguridad sellada a presi\u00f3n, el tubo puede prevenir eficazmente la p\u00e9rdida de sangre.<\/p>","protected":false},"featured_media":22624,"comment_status":"open","ping_status":"closed","template":"","meta":{"_acf_changed":false},"product_brand":[],"product_cat":[20,98],"product_tag":[],"class_list":{"0":"post-22623","1":"product","2":"type-product","3":"status-publish","4":"has-post-thumbnail","6":"product_cat-all","7":"product_cat-blood-collection-tube","9":"first","10":"instock","11":"shipping-taxable","12":"product-type-simple"},"acf":[],"_links":{"self":[{"href":"https:\/\/lexamedlab.com\/es\/wp-json\/wp\/v2\/product\/22623","targetHints":{"allow":["GET"]}}],"collection":[{"href":"https:\/\/lexamedlab.com\/es\/wp-json\/wp\/v2\/product"}],"about":[{"href":"https:\/\/lexamedlab.com\/es\/wp-json\/wp\/v2\/types\/product"}],"replies":[{"embeddable":true,"href":"https:\/\/lexamedlab.com\/es\/wp-json\/wp\/v2\/comments?post=22623"}],"version-history":[{"count":1,"href":"https:\/\/lexamedlab.com\/es\/wp-json\/wp\/v2\/product\/22623\/revisions"}],"predecessor-version":[{"id":22625,"href":"https:\/\/lexamedlab.com\/es\/wp-json\/wp\/v2\/product\/22623\/revisions\/22625"}],"wp:featuredmedia":[{"embeddable":true,"href":"https:\/\/lexamedlab.com\/es\/wp-json\/wp\/v2\/media\/22624"}],"wp:attachment":[{"href":"https:\/\/lexamedlab.com\/es\/wp-json\/wp\/v2\/media?parent=22623"}],"wp:term":[{"taxonomy":"product_brand","embeddable":true,"href":"https:\/\/lexamedlab.com\/es\/wp-json\/wp\/v2\/product_brand?post=22623"},{"taxonomy":"product_cat","embeddable":true,"href":"https:\/\/lexamedlab.com\/es\/wp-json\/wp\/v2\/product_cat?post=22623"},{"taxonomy":"product_tag","embeddable":true,"href":"https:\/\/lexamedlab.com\/es\/wp-json\/wp\/v2\/product_tag?post=22623"}],"curies":[{"name":"wp","href":"https:\/\/api.w.org\/{rel}","templated":true}]}}