{"id":21261,"date":"2025-05-09T14:55:37","date_gmt":"2025-05-09T14:55:37","guid":{"rendered":"https:\/\/lexamedlab.com\/?page_id=21261"},"modified":"2025-05-10T08:08:19","modified_gmt":"2025-05-10T08:08:19","slug":"terms-of-use","status":"publish","type":"page","link":"https:\/\/lexamedlab.com\/fr\/terms-of-use\/","title":{"rendered":"Conditions d&#039;utilisation"},"content":{"rendered":"<div data-elementor-type=\"wp-page\" data-elementor-id=\"21261\" class=\"elementor elementor-21261\" data-elementor-post-type=\"page\">\n\t\t\t\t<div class=\"wd-negative-gap elementor-element elementor-element-c0c7c97 e-flex e-con-boxed e-con e-parent\" data-id=\"c0c7c97\" data-element_type=\"container\">\n\t\t\t\t\t<div class=\"e-con-inner\">\n\t\t\t\t<div class=\"elementor-element elementor-element-4968077 elementor-widget elementor-widget-wd_text_block\" data-id=\"4968077\" data-element_type=\"widget\" data-widget_type=\"wd_text_block.default\">\n\t\t\t\t<div class=\"elementor-widget-container\">\n\t\t\t\t\t\t\t<div class=\"wd-text-block reset-last-child text-left\">\n\t\t\t\n\t\t\t<p data-pm-slice=\"1 1 []\"><strong>Introduction<\/strong> Bienvenue \u00e0 <a>https:\/\/lexamedlab.com\/<\/a>Les pr\u00e9sentes Conditions d&#039;utilisation r\u00e9gissent votre acc\u00e8s \u00e0 notre site web et son utilisation. En acc\u00e9dant \u00e0 notre site web, vous acceptez d&#039;\u00eatre li\u00e9 par ces conditions.<\/p><p><strong>Admissibilit\u00e9<\/strong> Vous devez avoir au moins 18 ans pour utiliser notre site web. En utilisant notre site, vous confirmez avoir l&#039;\u00e2ge requis.<\/p><p><strong>Responsabilit\u00e9s de l&#039;utilisateur<\/strong><\/p><ul data-spread=\"false\"><li><p>Utilisez le site Web de mani\u00e8re l\u00e9gale et \u00e9thique.<\/p><\/li><li><p>N&#039;acc\u00e9dez pas sans autorisation ni n&#039;utilisez abusivement nos services.<\/p><\/li><li><p>Fournir des informations exactes et \u00e0 jour lorsque cela est n\u00e9cessaire.<\/p><\/li><\/ul><p><strong>Propri\u00e9t\u00e9 intellectuelle<\/strong> L&#039;ensemble du contenu, des marques d\u00e9pos\u00e9es, des logos et des \u00e9l\u00e9ments de notre site web sont la propri\u00e9t\u00e9 de Lexamedlab ou nous sont conc\u00e9d\u00e9s sous licence. Toute utilisation non autoris\u00e9e est interdite.<\/p><p><strong>Activit\u00e9s interdites<\/strong><\/p><ul data-spread=\"false\"><li><p>Utiliser le site Web \u00e0 des fins ill\u00e9gales.<\/p><\/li><li><p>Tentative de violation de la s\u00e9curit\u00e9 du site Web.<\/p><\/li><li><p>Usurper l\u2019identit\u00e9 d\u2019une personne ou d\u2019une entit\u00e9.<\/p><\/li><\/ul><p><strong>Informations sur les produits et services<\/strong> Nous nous effor\u00e7ons de fournir des informations exactes sur nos produits et services, mais nous ne garantissons pas que tout le contenu est exempt d&#039;erreurs.<\/p><p><strong>Liens tiers<\/strong> Notre site web peut contenir des liens vers des sites web tiers. Nous d\u00e9clinons toute responsabilit\u00e9 quant \u00e0 leur contenu et \u00e0 leurs pratiques en mati\u00e8re de confidentialit\u00e9.<\/p><p><strong>Limitation de responsabilit\u00e9<\/strong> Lexamedlab n&#039;est pas responsable des dommages indirects, accessoires ou cons\u00e9cutifs r\u00e9sultant de votre utilisation de notre site Web.<\/p><p><strong>Modifications des pr\u00e9sentes conditions<\/strong> Nous nous r\u00e9servons le droit de mettre \u00e0 jour les pr\u00e9sentes Conditions d&#039;utilisation \u00e0 tout moment. Les modifications seront publi\u00e9es sur cette page avec une date de derni\u00e8re mise \u00e0 jour.<\/p>\n\t\t\t\t\t<\/div>\n\t\t\t\t\t\t<\/div>\n\t\t\t\t<\/div>\n\t\t\t\t\t<\/div>\n\t\t\t\t<\/div>\n\t\t\t\t<\/div>","protected":false},"excerpt":{"rendered":"<p>Introduction Bienvenue sur https:\/\/lexamedlab.com\/. Les pr\u00e9sentes conditions d&#039;utilisation r\u00e9gissent votre acc\u00e8s et votre utilisation de notre site Web. En acc\u00e9dant \u00e0 notre site, vous acceptez<\/p>","protected":false},"author":1,"featured_media":0,"parent":0,"menu_order":0,"comment_status":"closed","ping_status":"closed","template":"","meta":{"_acf_changed":false,"footnotes":""},"class_list":["post-21261","page","type-page","status-publish","hentry"],"acf":[],"_links":{"self":[{"href":"https:\/\/lexamedlab.com\/fr\/wp-json\/wp\/v2\/pages\/21261","targetHints":{"allow":["GET"]}}],"collection":[{"href":"https:\/\/lexamedlab.com\/fr\/wp-json\/wp\/v2\/pages"}],"about":[{"href":"https:\/\/lexamedlab.com\/fr\/wp-json\/wp\/v2\/types\/page"}],"author":[{"embeddable":true,"href":"https:\/\/lexamedlab.com\/fr\/wp-json\/wp\/v2\/users\/1"}],"replies":[{"embeddable":true,"href":"https:\/\/lexamedlab.com\/fr\/wp-json\/wp\/v2\/comments?post=21261"}],"version-history":[{"count":4,"href":"https:\/\/lexamedlab.com\/fr\/wp-json\/wp\/v2\/pages\/21261\/revisions"}],"predecessor-version":[{"id":21439,"href":"https:\/\/lexamedlab.com\/fr\/wp-json\/wp\/v2\/pages\/21261\/revisions\/21439"}],"wp:attachment":[{"href":"https:\/\/lexamedlab.com\/fr\/wp-json\/wp\/v2\/media?parent=21261"}],"curies":[{"name":"wp","href":"https:\/\/api.w.org\/{rel}","templated":true}]}}