{"id":3,"date":"2025-05-07T15:05:01","date_gmt":"2025-05-07T15:05:01","guid":{"rendered":"https:\/\/lexamedlab.com\/?page_id=3"},"modified":"2025-05-10T08:06:39","modified_gmt":"2025-05-10T08:06:39","slug":"privacy-policy","status":"publish","type":"page","link":"https:\/\/lexamedlab.com\/fr\/privacy-policy\/","title":{"rendered":"politique de confidentialit\u00e9"},"content":{"rendered":"<div data-elementor-type=\"wp-page\" data-elementor-id=\"3\" class=\"elementor elementor-3\" data-elementor-post-type=\"page\">\n\t\t\t\t<div class=\"wd-negative-gap elementor-element elementor-element-57f0b81d e-flex e-con-boxed e-con e-parent\" data-id=\"57f0b81d\" data-element_type=\"container\">\n\t\t\t\t\t<div class=\"e-con-inner\">\n\t\t\t\t<div class=\"elementor-element elementor-element-629844cd color-scheme-inherit text-left elementor-widget elementor-widget-text-editor\" data-id=\"629844cd\" data-element_type=\"widget\" data-widget_type=\"text-editor.default\">\n\t\t\t\t<div class=\"elementor-widget-container\">\n\t\t\t\t\t\t\t\t\t\n<p data-pm-slice=\"1 1 []\"><strong>Introduction<\/strong> Chez Lexamedlab, nous nous engageons \u00e0 prot\u00e9ger votre vie priv\u00e9e. Cette politique de confidentialit\u00e9 explique comment nous collectons, utilisons, divulguons et prot\u00e9geons vos informations lorsque vous visitez notre site web. <a>https:\/\/lexamedlab.com\/<\/a>.<\/p>\n<p><strong>Informations que nous collectons<\/strong><\/p>\n<ul data-spread=\"false\">\n<li>\n<p><strong>Informations personnelles :<\/strong> Nom, adresse e-mail, num\u00e9ro de t\u00e9l\u00e9phone et autres coordonn\u00e9es que vous nous avez fournies.<\/p>\n<\/li>\n<li>\n<p><strong>Informations collect\u00e9es automatiquement :<\/strong> Adresse IP, type de navigateur, syst\u00e8me d&#039;exploitation, heures d&#039;acc\u00e8s et pages consult\u00e9es.<\/p>\n<\/li>\n<li>\n<p><strong>Cookies et technologies de suivi :<\/strong> Nous utilisons des cookies pour am\u00e9liorer votre exp\u00e9rience et analyser l&#039;utilisation du site.<\/p>\n<\/li>\n<\/ul>\n<p><strong>Comment nous utilisons vos informations<\/strong><\/p>\n<ul data-spread=\"false\">\n<li>\n<p>Pour fournir, exploiter et maintenir notre site Web.<\/p>\n<\/li>\n<li>\n<p>Pour r\u00e9pondre \u00e0 vos demandes et fournir un support client.<\/p>\n<\/li>\n<li>\n<p>Pour envoyer des communications marketing et promotionnelles.<\/p>\n<\/li>\n<li>\n<p>Pour se conformer aux obligations l\u00e9gales.<\/p>\n<\/li>\n<\/ul>\n<p><strong>Partage de vos informations<\/strong> Nous ne vendons ni ne louons vos informations personnelles \u00e0 des tiers. Nous pouvons les partager avec des prestataires de services qui nous assistent dans l&#039;exploitation de notre site web, avec les autorit\u00e9s judiciaires si n\u00e9cessaire, ou avec d&#039;autres entit\u00e9s avec votre consentement.<\/p>\n<p><strong>S\u00e9curit\u00e9 des donn\u00e9es<\/strong> Nous mettons en \u0153uvre des mesures de s\u00e9curit\u00e9 raisonnables pour prot\u00e9ger vos informations personnelles.<\/p>\n<p><strong>Vos droits en mati\u00e8re de protection des donn\u00e9es<\/strong><\/p>\n<ul data-spread=\"false\">\n<li>\n<p>Acc\u00e9dez, mettez \u00e0 jour ou supprimez vos informations personnelles.<\/p>\n<\/li>\n<li>\n<p>Retirer le consentement \u00e0 tout moment lorsque nous nous appuyons sur le consentement.<\/p>\n<\/li>\n<\/ul>\n<p><strong>Modifications de la pr\u00e9sente politique de confidentialit\u00e9<\/strong> Nous sommes susceptibles de mettre \u00e0 jour cette Politique de confidentialit\u00e9 de temps \u00e0 autre. Nous vous informerons de toute modification en actualisant la date de \u00ab\u00a0Derni\u00e8re mise \u00e0 jour\u00a0\u00bb de la pr\u00e9sente politique.<\/p>\n<p><strong>Contactez-nous<\/strong> Si vous avez des questions sur cette politique de confidentialit\u00e9, veuillez nous contacter \u00e0 <a>support@lexamedlab.com<\/a>.<\/p>\t\t\t\t\t\t\t\t<\/div>\n\t\t\t\t<\/div>\n\t\t\t\t\t<\/div>\n\t\t\t\t<\/div>\n\t\t\t\t<\/div>","protected":false},"excerpt":{"rendered":"<p>Introduction Chez Lexamedlab, nous nous engageons \u00e0 prot\u00e9ger votre vie priv\u00e9e. Cette politique de confidentialit\u00e9 explique comment nous collectons, utilisons, divulguons et traitons vos donn\u00e9es.<\/p>","protected":false},"author":1,"featured_media":0,"parent":0,"menu_order":0,"comment_status":"closed","ping_status":"closed","template":"","meta":{"_acf_changed":false,"footnotes":""},"class_list":["post-3","page","type-page","status-publish","hentry"],"acf":[],"_links":{"self":[{"href":"https:\/\/lexamedlab.com\/fr\/wp-json\/wp\/v2\/pages\/3","targetHints":{"allow":["GET"]}}],"collection":[{"href":"https:\/\/lexamedlab.com\/fr\/wp-json\/wp\/v2\/pages"}],"about":[{"href":"https:\/\/lexamedlab.com\/fr\/wp-json\/wp\/v2\/types\/page"}],"author":[{"embeddable":true,"href":"https:\/\/lexamedlab.com\/fr\/wp-json\/wp\/v2\/users\/1"}],"replies":[{"embeddable":true,"href":"https:\/\/lexamedlab.com\/fr\/wp-json\/wp\/v2\/comments?post=3"}],"version-history":[{"count":4,"href":"https:\/\/lexamedlab.com\/fr\/wp-json\/wp\/v2\/pages\/3\/revisions"}],"predecessor-version":[{"id":21436,"href":"https:\/\/lexamedlab.com\/fr\/wp-json\/wp\/v2\/pages\/3\/revisions\/21436"}],"wp:attachment":[{"href":"https:\/\/lexamedlab.com\/fr\/wp-json\/wp\/v2\/media?parent=3"}],"curies":[{"name":"wp","href":"https:\/\/api.w.org\/{rel}","templated":true}]}}