{"id":21878,"date":"2025-05-17T02:23:12","date_gmt":"2025-05-17T02:23:12","guid":{"rendered":"https:\/\/lexamedlab.com\/?post_type=product&#038;p=21878"},"modified":"2025-05-27T15:11:37","modified_gmt":"2025-05-27T15:11:37","slug":"benchtop-low-speed-centrifuge-td-5","status":"publish","type":"product","link":"https:\/\/lexamedlab.com\/fr\/product\/benchtop-low-speed-centrifuge-td-5\/","title":{"rendered":"Centrifugeuse de paillasse \u00e0 basse vitesse TD-5"},"content":{"rendered":"<div class=\"layout\"><strong><span style=\"font-size: 18pt; font-family: 'times new roman', times, serif;\">&gt;&gt;Caract\u00e9ristiques<\/span><\/strong><\/div>\n<div>\n<table style=\"width: 100%; border-collapse: collapse; background-color: #35a1cc;\">\n<tbody>\n<tr>\n<td style=\"width: 50%;\">\n<h1 class=\"item-title\"><span style=\"color: #ffffff;\">Fonctions conviviales<\/span><\/h1>\n<div>\n<div><span style=\"color: #ffffff;\">&gt;jusqu&#039;\u00e0 100 programmes d\u00e9finis par l&#039;utilisateur<\/span><\/div>\n<div><span style=\"color: #ffffff;\">&gt;jusqu&#039;\u00e0 20 taux d&#039;acc\u00e9l\u00e9ration et de d\u00e9c\u00e9l\u00e9ration<\/span><\/div>\n<div><span style=\"color: #ffffff;\">&gt;Plage de minuterie jusqu&#039;\u00e0 99h59m59s<\/span><\/div>\n<div><span style=\"color: #ffffff;\">&gt;Mode de centrifugation multi-\u00e9tages jusqu&#039;\u00e0 5 \u00e9tapes disponible<\/span><\/div>\n<div><span style=\"color: #ffffff;\">&gt;L&#039;\u00e9cran LED affiche les param\u00e8tres importants<\/span><\/div>\n<div><span style=\"color: #ffffff;\">&gt;RCF peut \u00eatre d\u00e9fini directement<\/span><\/div>\n<div><span style=\"color: #ffffff;\">&gt;Clavier tactile \u00e9tanche, chaque param\u00e8tre a\u00a0<\/span><\/div>\n<div><span style=\"color: #ffffff;\">\u00a0 \u00a0bouton correspondant pour r\u00e9gler<\/span><\/div>\n<div><span style=\"color: #ffffff;\">&gt;L&#039;utilisateur peut r\u00e9initialiser les param\u00e8tres lorsque le rotor tourne<\/span><\/div>\n<\/div>\n<\/td>\n<td style=\"width: 50%;\">\n<h1 class=\"item-title\"><span style=\"color: #ffffff;\">Assurer la s\u00e9curit\u00e9<\/span><\/h1>\n<div>\n<div><span style=\"color: #ffffff;\">&gt;Contr\u00f4le par microprocesseur<\/span><\/div>\n<div><span style=\"color: #ffffff;\">&gt;Serrure de porte \u00e9lectronique motoris\u00e9e<\/span><\/div>\n<div><span style=\"color: #ffffff;\">&gt;La porte ne peut pas \u00eatre ouverte lorsque le rotor tourne<\/span><\/div>\n<div><span style=\"color: #ffffff;\">&gt;Charni\u00e8re \u00e0 gaz pour emp\u00eacher la porte de tomber<\/span><\/div>\n<div><span style=\"color: #ffffff;\">&gt;Port dans la porte pour l&#039;\u00e9talonnage et le contr\u00f4le du fonctionnement<\/span><\/div>\n<div><span style=\"color: #ffffff;\">&gt;D\u00e9verrouillage d&#039;urgence des portes<\/span><\/div>\n<\/div>\n<\/td>\n<\/tr>\n<tr>\n<td style=\"width: 50%;\">\n<h1 class=\"item-title\"><span style=\"color: #ffffff;\">De bons composants<\/span><\/h1>\n<div>\n<div><span style=\"color: #ffffff;\">&gt;Moteur : Moteur \u00e0 fr\u00e9quence variable.<\/span><\/div>\n<div><span style=\"color: #ffffff;\">\u00a0 \u00a0 \u00a0 \u00a0 \u00a0 \u00a0 \u00a0 \u00a0 fonctionnement stable, sans entretien, longue dur\u00e9e de vie<\/span><\/div>\n<div><span style=\"color: #ffffff;\">&gt;Bo\u00eetier : Acier \u00e9pais et r\u00e9sistant<\/span><\/div>\n<div><span style=\"color: #ffffff;\">&gt;Chambre : Acier inoxydable 304 de qualit\u00e9 alimentaire.<\/span><\/div>\n<div><span style=\"color: #ffffff;\">\u00a0 \u00a0 \u00a0 \u00a0 \u00a0 \u00a0 \u00a0 \u00a0 anticorrosion et facile \u00e0 nettoyer<\/span><\/div>\n<div><span style=\"color: #ffffff;\">&gt;Rotor : Rotor pivotant en acier inoxydable.<\/span><\/div>\n<div><span style=\"color: #ffffff;\">&gt;Les rotors sont autoclavables\u00a0<\/span><\/div>\n<\/div>\n<\/td>\n<td style=\"width: 50%;\"><img fetchpriority=\"high\" decoding=\"async\" class=\"alignnone wp-image-21880\" src=\"https:\/\/lexamedlab.com\/wp-content\/uploads\/2025\/05\/control-panel-2-1.webp\" alt=\"\" width=\"439\" height=\"263\" \/><\/td>\n<\/tr>\n<\/tbody>\n<\/table>\n<blockquote><p><span style=\"font-family: 'times new roman', times, serif; font-size: 18pt;\"><strong>&gt;Rotors disponibles<\/strong><\/span><\/p><\/blockquote>\n<p><img decoding=\"async\" class=\"alignnone size-full wp-image-21881\" src=\"https:\/\/lexamedlab.com\/wp-content\/uploads\/2025\/05\/td-5z-1-scaled.webp\" alt=\"\" width=\"2560\" height=\"811\" \/><img decoding=\"async\" class=\"alignnone size-full wp-image-21882\" src=\"https:\/\/lexamedlab.com\/wp-content\/uploads\/2025\/05\/td-5z-2-scaled.webp\" alt=\"\" width=\"2560\" height=\"1673\" \/><\/p>\n<\/div>","protected":false},"excerpt":{"rendered":"<div>\n<p><span style=\"font-family: 'times new roman', times, serif; font-size: 14pt;\">Le TD-5 peut \u00eatre \u00e9quip\u00e9 de diff\u00e9rents rotors oscillants pour tubes\/flacons \u00e0 centrifuger de 15 ml \u00e0 250 ml, tubes de pr\u00e9l\u00e8vement sanguin de 13 mm et plaques 96 puits. Une machine polyvalente, capable de r\u00e9pondre \u00e0 tous vos besoins. <\/span><span style=\"font-family: 'times new roman', times, serif; font-size: 14pt;\">une vari\u00e9t\u00e9 de besoins centrifuges \u00e0 basse vitesse.<\/span><\/p>\n<\/div>\n<ul>\n<li><span style=\"font-family: 'times new roman', times, serif; font-size: 14pt;\">Vitesse maximale\u00a0 \u00a0 \u00a0 \u00a0 \u00a0 \u00a0 \u00a0 \u00a0 \u00a0 \u00a0 \u00a0 <span class=\"item-val\">5000 tr\/min<\/span><\/span><\/li>\n<li><span style=\"font-family: 'times new roman', times, serif; font-size: 14pt;\">FCR maximale\u00a0 \u00a0 \u00a0 \u00a0 \u00a0 \u00a0 \u00a0 \u00a0 \u00a0 \u00a0 \u00a0 \u00a0<span class=\"item-val\">4650xg<\/span><\/span><\/li>\n<li><span style=\"font-family: 'times new roman', times, serif; font-size: 14pt;\">Capacit\u00e9 maximale\u00a0 \u00a0 \u00a0 \u00a0 \u00a0 \u00a0 \u00a0 \u00a0 \u00a0<span class=\"item-val\">4x250ml<\/span><\/span><\/li>\n<li><span style=\"font-family: 'times new roman', times, serif; font-size: 14pt;\">Plage de minuterie\u00a0 \u00a0 \u00a0 \u00a0 \u00a0 \u00a0 \u00a0 \u00a0 \u00a0 \u00a0<span class=\"item-val\">1s \u00e0 99h59m59s<\/span><\/span><\/li>\n<li><span style=\"font-family: 'times new roman', times, serif; font-size: 14pt;\">Pr\u00e9cision de la vitesse\u00a0 \u00a0 \u00a0 \u00a0 \u00a0 \u00a0 \u00a0 <span class=\"item-val\">\u00b110 tr\/min<\/span><\/span><\/li>\n<li><span style=\"font-family: 'times new roman', times, serif; font-size: 14pt;\">Bruit\u00a0 \u00a0 \u00a0 \u00a0 \u00a0 \u00a0 \u00a0 \u00a0 \u00a0 \u00a0 \u00a0 \u00a0 \u00a0 \u00a0 \u00a0<span class=\"item-val\">\u226460 dB(A)<\/span><\/span><\/li>\n<li><span style=\"font-family: 'times new roman', times, serif; font-size: 14pt;\">Consommation d&#039;\u00e9nergie\u00a0 \u00a0 \u00a0 <span class=\"item-val\">500 W<\/span><\/span><\/li>\n<li><span style=\"font-family: 'times new roman', times, serif; font-size: 14pt;\">Dimension\u00a0 \u00a0 \u00a0 \u00a0 \u00a0 \u00a0 \u00a0 \u00a0 \u00a0 \u00a0 <span class=\"item-val\">550x430x350mm<\/span><\/span><\/li>\n<li><span style=\"font-family: 'times new roman', times, serif; font-size: 14pt;\">Poids net\u00a0 \u00a0 \u00a0 \u00a0 \u00a0 \u00a0 \u00a0 \u00a0 \u00a0 \u00a0 <span class=\"item-val\">39 kg<\/span><\/span><\/li>\n<\/ul>","protected":false},"featured_media":21883,"comment_status":"open","ping_status":"closed","template":"","meta":{"_acf_changed":false},"product_brand":[],"product_cat":[20,95,80,87],"product_tag":[],"class_list":{"0":"post-21878","1":"product","2":"type-product","3":"status-publish","4":"has-post-thumbnail","6":"product_cat-all","7":"product_cat-benchtop-low-speed-centrifuge","8":"product_cat-centrifuge","9":"product_cat-low-speed-centrifuge","11":"first","12":"instock","13":"shipping-taxable","14":"product-type-simple"},"acf":[],"_links":{"self":[{"href":"https:\/\/lexamedlab.com\/fr\/wp-json\/wp\/v2\/product\/21878","targetHints":{"allow":["GET"]}}],"collection":[{"href":"https:\/\/lexamedlab.com\/fr\/wp-json\/wp\/v2\/product"}],"about":[{"href":"https:\/\/lexamedlab.com\/fr\/wp-json\/wp\/v2\/types\/product"}],"replies":[{"embeddable":true,"href":"https:\/\/lexamedlab.com\/fr\/wp-json\/wp\/v2\/comments?post=21878"}],"version-history":[{"count":2,"href":"https:\/\/lexamedlab.com\/fr\/wp-json\/wp\/v2\/product\/21878\/revisions"}],"predecessor-version":[{"id":21954,"href":"https:\/\/lexamedlab.com\/fr\/wp-json\/wp\/v2\/product\/21878\/revisions\/21954"}],"wp:featuredmedia":[{"embeddable":true,"href":"https:\/\/lexamedlab.com\/fr\/wp-json\/wp\/v2\/media\/21883"}],"wp:attachment":[{"href":"https:\/\/lexamedlab.com\/fr\/wp-json\/wp\/v2\/media?parent=21878"}],"wp:term":[{"taxonomy":"product_brand","embeddable":true,"href":"https:\/\/lexamedlab.com\/fr\/wp-json\/wp\/v2\/product_brand?post=21878"},{"taxonomy":"product_cat","embeddable":true,"href":"https:\/\/lexamedlab.com\/fr\/wp-json\/wp\/v2\/product_cat?post=21878"},{"taxonomy":"product_tag","embeddable":true,"href":"https:\/\/lexamedlab.com\/fr\/wp-json\/wp\/v2\/product_tag?post=21878"}],"curies":[{"name":"wp","href":"https:\/\/api.w.org\/{rel}","templated":true}]}}