{"id":21885,"date":"2025-05-17T02:30:49","date_gmt":"2025-05-17T02:30:49","guid":{"rendered":"https:\/\/lexamedlab.com\/?post_type=product&#038;p=21885"},"modified":"2025-05-27T15:11:37","modified_gmt":"2025-05-27T15:11:37","slug":"benchtop-low-speed-medical-clinical-blood-tube-centrifuge-td-400","status":"publish","type":"product","link":"https:\/\/lexamedlab.com\/fr\/product\/benchtop-low-speed-medical-clinical-blood-tube-centrifuge-td-400\/","title":{"rendered":"Centrifugeuse clinique m\u00e9dicale \u00e0 faible vitesse pour tubes sanguins TD-400"},"content":{"rendered":"<div style=\"width: 1280px;\" class=\"wp-video\"><!--[if lt IE 9]><script>document.createElement('video');<\/script><![endif]-->\n<video class=\"wp-video-shortcode\" id=\"video-21885-1\" width=\"1280\" height=\"720\" preload=\"metadata\" controls=\"controls\"><source type=\"video\/mp4\" src=\"https:\/\/lexamedlab.com\/wp-content\/uploads\/2025\/05\/td-400-blood-tube-centrifuge.mp4?_=1\" \/><a href=\"https:\/\/lexamedlab.com\/wp-content\/uploads\/2025\/05\/td-400-blood-tube-centrifuge.mp4\">https:\/\/lexamedlab.com\/wp-content\/uploads\/2025\/05\/td-400-blood-tube-centrifuge.mp4<\/a><\/video><\/div>\n<blockquote><p><span style=\"font-family: 'times new roman', times, serif; font-size: 18pt;\"><strong>&gt;Caract\u00e9ristiques<\/strong><\/span><\/p><\/blockquote>\n<table style=\"width: 100%; border-collapse: collapse; background-color: #35a1cc;\">\n<tbody>\n<tr>\n<td style=\"width: 50%;\">\n<div>&gt; L&#039;\u00e9cran LED affiche le r\u00e9gime\/la vitesse de rotation et l&#039;heure<\/div>\n<div>&gt;RCF peut \u00eatre d\u00e9fini directement<\/div>\n<div>Plage de minuterie &gt;1 min \u00e0 99 min<\/div>\n<div>&gt;L&#039;utilisateur peut r\u00e9initialiser les param\u00e8tres lorsque le rotor tourne<\/div>\n<div>&gt;Variateur de fr\u00e9quence du moteur<\/div>\n<div>&gt;Serrure de porte \u00e9lectronique pour assurer la s\u00e9curit\u00e9<\/div>\n<div>&gt;Bo\u00eetier en acier ; chambre en acier inoxydable 304<\/div>\n<div>&gt;Rotor \u00e0 angle fixe en alliage d&#039;aluminium autoclavable<\/div>\n<div>&gt;Compatible avec les tubes sanguins de 13 mm et 16 mm<\/div>\n<div>&gt;Peut faire fonctionner 24 tubes \u00e0 la fois<\/div>\n<\/td>\n<td style=\"width: 50%;\"><img decoding=\"async\" class=\"alignnone wp-image-21887\" src=\"https:\/\/lexamedlab.com\/wp-content\/uploads\/2025\/05\/24x10ml.webp\" alt=\"\" width=\"225\" height=\"184\" \/><\/td>\n<\/tr>\n<\/tbody>\n<\/table>","protected":false},"excerpt":{"rendered":"<div>\n<p><span style=\"font-family: 'times new roman', times, serif; font-size: 14pt;\">La TD-400 est une petite centrifugeuse \u00e0 rotor \u00e0 angle fixe, sp\u00e9cialement con\u00e7ue pour un usage m\u00e9dical ou clinique. Elle peut centrifuger 24 tubes de sang d&#039;un volume maximal de 10 ml \u00e0 une vitesse maximale de 4\u00a0200 tr\/min \/ 2\u00a0680 FCR.\u00a0<\/span><\/p>\n<\/div>\n<ul>\n<li><span style=\"font-family: 'times new roman', times, serif; font-size: 14pt;\">Vitesse maximale\u00a0 \u00a0 \u00a0 \u00a0 \u00a0 \u00a0 \u00a0 \u00a0 \u00a0 \u00a0<span class=\"item-val\">4200 tr\/min<\/span><\/span><\/li>\n<li><span style=\"font-family: 'times new roman', times, serif; font-size: 14pt;\">FCR maximale\u00a0 \u00a0 \u00a0 \u00a0 \u00a0 \u00a0 \u00a0 \u00a0 \u00a0 \u00a0 \u00a0<span class=\"item-val\">2680xg<\/span><\/span><\/li>\n<li><span style=\"font-family: 'times new roman', times, serif; font-size: 14pt;\">Capacit\u00e9 maximale\u00a0 \u00a0 \u00a0 \u00a0 \u00a0 \u00a0 \u00a0 \u00a0<span class=\"item-val\">Tube de sang 24*10 ml<\/span><\/span><\/li>\n<li><span style=\"font-family: 'times new roman', times, serif; font-size: 14pt;\">Plage de minuterie\u00a0 \u00a0 \u00a0 \u00a0 \u00a0 \u00a0 \u00a0 \u00a0 \u00a0<span class=\"item-val\">1 m \u00e0 99 m<\/span><\/span><\/li>\n<li><span style=\"font-family: 'times new roman', times, serif; font-size: 14pt;\">Pr\u00e9cision de la vitesse\u00a0 \u00a0 \u00a0 \u00a0 \u00a0 \u00a0 <span class=\"item-val\">\u00b120 tr\/min<\/span><\/span><\/li>\n<li><span style=\"font-family: 'times new roman', times, serif; font-size: 14pt;\">Bruit\u00a0 \u00a0 \u00a0 \u00a0 \u00a0 \u00a0 \u00a0 \u00a0 \u00a0 \u00a0 \u00a0 \u00a0 \u00a0 \u00a0<span class=\"item-val\">\u226460 dB(A)<\/span><\/span><\/li>\n<li><span style=\"font-family: 'times new roman', times, serif; font-size: 14pt;\">Consommation d&#039;\u00e9nergie\u00a0 \u00a0 \u00a0<span class=\"item-val\">250 W<\/span><\/span><\/li>\n<li><span style=\"font-family: 'times new roman', times, serif; font-size: 14pt;\">Dimension\u00a0 \u00a0 \u00a0 \u00a0 \u00a0 \u00a0 \u00a0 \u00a0 \u00a0 \u00a0<span class=\"item-val\">410x300x260mm<\/span><\/span><\/li>\n<li><span style=\"font-family: 'times new roman', times, serif; font-size: 14pt;\">Poids net\u00a0 \u00a0 \u00a0 \u00a0 \u00a0 \u00a0 \u00a0 \u00a0 \u00a0 \u00a0<span class=\"item-val\">17 kg<\/span><\/span><\/li>\n<\/ul>","protected":false},"featured_media":21889,"comment_status":"open","ping_status":"closed","template":"","meta":{"_acf_changed":false},"product_brand":[],"product_cat":[20,95,80,87],"product_tag":[],"class_list":{"0":"post-21885","1":"product","2":"type-product","3":"status-publish","4":"has-post-thumbnail","6":"product_cat-all","7":"product_cat-benchtop-low-speed-centrifuge","8":"product_cat-centrifuge","9":"product_cat-low-speed-centrifuge","11":"first","12":"instock","13":"shipping-taxable","14":"product-type-simple"},"acf":[],"_links":{"self":[{"href":"https:\/\/lexamedlab.com\/fr\/wp-json\/wp\/v2\/product\/21885","targetHints":{"allow":["GET"]}}],"collection":[{"href":"https:\/\/lexamedlab.com\/fr\/wp-json\/wp\/v2\/product"}],"about":[{"href":"https:\/\/lexamedlab.com\/fr\/wp-json\/wp\/v2\/types\/product"}],"replies":[{"embeddable":true,"href":"https:\/\/lexamedlab.com\/fr\/wp-json\/wp\/v2\/comments?post=21885"}],"version-history":[{"count":2,"href":"https:\/\/lexamedlab.com\/fr\/wp-json\/wp\/v2\/product\/21885\/revisions"}],"predecessor-version":[{"id":21953,"href":"https:\/\/lexamedlab.com\/fr\/wp-json\/wp\/v2\/product\/21885\/revisions\/21953"}],"wp:featuredmedia":[{"embeddable":true,"href":"https:\/\/lexamedlab.com\/fr\/wp-json\/wp\/v2\/media\/21889"}],"wp:attachment":[{"href":"https:\/\/lexamedlab.com\/fr\/wp-json\/wp\/v2\/media?parent=21885"}],"wp:term":[{"taxonomy":"product_brand","embeddable":true,"href":"https:\/\/lexamedlab.com\/fr\/wp-json\/wp\/v2\/product_brand?post=21885"},{"taxonomy":"product_cat","embeddable":true,"href":"https:\/\/lexamedlab.com\/fr\/wp-json\/wp\/v2\/product_cat?post=21885"},{"taxonomy":"product_tag","embeddable":true,"href":"https:\/\/lexamedlab.com\/fr\/wp-json\/wp\/v2\/product_tag?post=21885"}],"curies":[{"name":"wp","href":"https:\/\/api.w.org\/{rel}","templated":true}]}}