{"id":21893,"date":"2025-05-17T02:45:24","date_gmt":"2025-05-17T02:45:24","guid":{"rendered":"https:\/\/lexamedlab.com\/?post_type=product&#038;p=21893"},"modified":"2025-05-27T15:11:37","modified_gmt":"2025-05-27T15:11:37","slug":"benchtop-low-speed-medical-blood-tube-centrifuge-td-4z","status":"publish","type":"product","link":"https:\/\/lexamedlab.com\/fr\/product\/benchtop-low-speed-medical-blood-tube-centrifuge-td-4z\/","title":{"rendered":"Centrifugeuse m\u00e9dicale de paillasse \u00e0 faible vitesse pour tubes sanguins TD-4Z"},"content":{"rendered":"<div style=\"width: 1280px;\" class=\"wp-video\"><!--[if lt IE 9]><script>document.createElement('video');<\/script><![endif]-->\n<video class=\"wp-video-shortcode\" id=\"video-21893-1\" width=\"1280\" height=\"720\" preload=\"metadata\" controls=\"controls\"><source type=\"video\/mp4\" src=\"https:\/\/lexamedlab.com\/wp-content\/uploads\/2025\/05\/td-4z-low-speed-centrifuge.mp4?_=1\" \/><a href=\"https:\/\/lexamedlab.com\/wp-content\/uploads\/2025\/05\/td-4z-low-speed-centrifuge.mp4\">https:\/\/lexamedlab.com\/wp-content\/uploads\/2025\/05\/td-4z-low-speed-centrifuge.mp4<\/a><\/video><\/div>\n<table style=\"width: 100%; border-collapse: collapse; background-color: #35a1cc;\">\n<tbody>\n<tr>\n<td style=\"width: 50%;\">\n<div>&gt; L&#039;\u00e9cran LED affiche le r\u00e9gime\/la vitesse de rotation et l&#039;heure<\/div>\n<div>&gt;RCF peut \u00eatre d\u00e9fini directement<\/div>\n<div>Plage de minuterie &gt;1 min \u00e0 99 min<\/div>\n<div>&gt;L&#039;utilisateur peut r\u00e9initialiser les param\u00e8tres lorsque le rotor tourne<\/div>\n<div>&gt;Variateur de fr\u00e9quence du moteur<\/div>\n<div>&gt;Serrure de porte \u00e9lectronique pour assurer la s\u00e9curit\u00e9<\/div>\n<div>&gt;Bo\u00eetier en acier ; chambre en acier inoxydable 304<\/div>\n<div>&gt;Rotor \u00e0 angle fixe en alliage d&#039;aluminium autoclavable<\/div>\n<div>&gt;Compatible avec tube sanguin et tube 15 ml\/50 ml<\/div>\n<div>&gt;Peut faire fonctionner 12 tubes \u00e0 la fois<\/div>\n<\/td>\n<td style=\"width: 50%;\">\u00a0\u00a0<img fetchpriority=\"high\" decoding=\"async\" class=\"alignnone wp-image-21899\" src=\"https:\/\/lexamedlab.com\/wp-content\/uploads\/2025\/05\/4x50.webp\" alt=\"\" width=\"264\" height=\"232\" \/><\/td>\n<\/tr>\n<tr>\n<td style=\"width: 50%;\"><img decoding=\"async\" class=\"alignnone wp-image-21900\" src=\"https:\/\/lexamedlab.com\/wp-content\/uploads\/2025\/05\/12x7.webp\" alt=\"\" width=\"325\" height=\"266\" \/><\/td>\n<td style=\"width: 50%;\"><img decoding=\"async\" class=\"alignnone wp-image-21901\" src=\"https:\/\/lexamedlab.com\/wp-content\/uploads\/2025\/05\/12x15.webp\" alt=\"\" width=\"282\" height=\"244\" \/><\/td>\n<\/tr>\n<\/tbody>\n<\/table>","protected":false},"excerpt":{"rendered":"<div>\n<p><span style=\"font-family: 'times new roman', times, serif; font-size: 14pt;\">La TD-4Z est une centrifugeuse pratique pour les petits laboratoires et les cliniques. Un rotor \u00e0 angle fixe standard de 12 x 20 ml est inclus pour contenir divers tubes de sang et des tubes de 15 ml.<\/span><\/p>\n<\/div>\n<ul>\n<li><span style=\"font-family: 'times new roman', times, serif; font-size: 14pt;\">Vitesse maximale\u00a0 \u00a0 \u00a0 \u00a0 \u00a0 \u00a0 \u00a0 \u00a0 \u00a0<span class=\"item-val\">4200 tr\/min<\/span><\/span><\/li>\n<li><span style=\"font-family: 'times new roman', times, serif; font-size: 14pt;\">FCR maximale\u00a0 \u00a0 \u00a0 \u00a0 \u00a0 \u00a0 \u00a0 \u00a0 \u00a0 \u00a0<span class=\"item-val\">2680xg<\/span><\/span><\/li>\n<li><span style=\"font-family: 'times new roman', times, serif; font-size: 14pt;\">Capacit\u00e9 maximale\u00a0 \u00a0 \u00a0 \u00a0 \u00a0 \u00a0 \u00a0 <span class=\"item-val\">12*20ml<\/span><\/span><\/li>\n<li><span style=\"font-family: 'times new roman', times, serif; font-size: 14pt;\">Plage de minuterie\u00a0 \u00a0 \u00a0 \u00a0 \u00a0 \u00a0 \u00a0 \u00a0 <span class=\"item-val\">1 m \u00e0 99 m<\/span><\/span><\/li>\n<li><span style=\"font-family: 'times new roman', times, serif; font-size: 14pt;\">Pr\u00e9cision de la vitesse\u00a0 \u00a0 \u00a0 \u00a0 \u00a0 \u00a0<span class=\"item-val\">\u00b120 tr\/min<\/span><\/span><\/li>\n<li><span style=\"font-family: 'times new roman', times, serif; font-size: 14pt;\">Bruit\u00a0 \u00a0 \u00a0 \u00a0 \u00a0 \u00a0 \u00a0 \u00a0 \u00a0 \u00a0 \u00a0 \u00a0 \u00a0 \u00a0<span class=\"item-val\">\u226460 dB(A)<\/span><\/span><\/li>\n<li><span style=\"font-family: 'times new roman', times, serif; font-size: 14pt;\">Consommation d&#039;\u00e9nergie\u00a0 \u00a0 \u00a0<span class=\"item-val\">250 W<\/span><\/span><\/li>\n<li><span style=\"font-family: 'times new roman', times, serif; font-size: 14pt;\">Dimension\u00a0 \u00a0 \u00a0 \u00a0 \u00a0 \u00a0 \u00a0 \u00a0 \u00a0 \u00a0<span class=\"item-val\">440x340x290mm<\/span><\/span><\/li>\n<li><span style=\"font-family: 'times new roman', times, serif; font-size: 14pt;\">Poids net\u00a0 \u00a0 \u00a0 \u00a0 \u00a0 \u00a0 \u00a0 \u00a0 \u00a0 \u00a0<span class=\"item-val\">17 kg<\/span><\/span><\/li>\n<\/ul>","protected":false},"featured_media":21897,"comment_status":"open","ping_status":"closed","template":"","meta":{"_acf_changed":false},"product_brand":[],"product_cat":[20,95,80,87],"product_tag":[],"class_list":{"0":"post-21893","1":"product","2":"type-product","3":"status-publish","4":"has-post-thumbnail","6":"product_cat-all","7":"product_cat-benchtop-low-speed-centrifuge","8":"product_cat-centrifuge","9":"product_cat-low-speed-centrifuge","11":"first","12":"instock","13":"shipping-taxable","14":"product-type-simple"},"acf":[],"_links":{"self":[{"href":"https:\/\/lexamedlab.com\/fr\/wp-json\/wp\/v2\/product\/21893","targetHints":{"allow":["GET"]}}],"collection":[{"href":"https:\/\/lexamedlab.com\/fr\/wp-json\/wp\/v2\/product"}],"about":[{"href":"https:\/\/lexamedlab.com\/fr\/wp-json\/wp\/v2\/types\/product"}],"replies":[{"embeddable":true,"href":"https:\/\/lexamedlab.com\/fr\/wp-json\/wp\/v2\/comments?post=21893"}],"version-history":[{"count":1,"href":"https:\/\/lexamedlab.com\/fr\/wp-json\/wp\/v2\/product\/21893\/revisions"}],"predecessor-version":[{"id":21902,"href":"https:\/\/lexamedlab.com\/fr\/wp-json\/wp\/v2\/product\/21893\/revisions\/21902"}],"wp:featuredmedia":[{"embeddable":true,"href":"https:\/\/lexamedlab.com\/fr\/wp-json\/wp\/v2\/media\/21897"}],"wp:attachment":[{"href":"https:\/\/lexamedlab.com\/fr\/wp-json\/wp\/v2\/media?parent=21893"}],"wp:term":[{"taxonomy":"product_brand","embeddable":true,"href":"https:\/\/lexamedlab.com\/fr\/wp-json\/wp\/v2\/product_brand?post=21893"},{"taxonomy":"product_cat","embeddable":true,"href":"https:\/\/lexamedlab.com\/fr\/wp-json\/wp\/v2\/product_cat?post=21893"},{"taxonomy":"product_tag","embeddable":true,"href":"https:\/\/lexamedlab.com\/fr\/wp-json\/wp\/v2\/product_tag?post=21893"}],"curies":[{"name":"wp","href":"https:\/\/api.w.org\/{rel}","templated":true}]}}