{"id":22004,"date":"2025-05-19T11:06:58","date_gmt":"2025-05-19T11:06:58","guid":{"rendered":"https:\/\/lexamedlab.com\/?post_type=product&#038;p=22004"},"modified":"2025-05-29T03:28:27","modified_gmt":"2025-05-29T03:28:27","slug":"benchtop-high-speed-centrifuge-tg-18","status":"publish","type":"product","link":"https:\/\/lexamedlab.com\/fr\/product\/benchtop-high-speed-centrifuge-tg-18\/","title":{"rendered":"Centrifugeuse de paillasse \u00e0 grande vitesse TG-18"},"content":{"rendered":"<div style=\"width: 1280px;\" class=\"wp-video\"><!--[if lt IE 9]><script>document.createElement('video');<\/script><![endif]-->\n<video class=\"wp-video-shortcode\" id=\"video-22004-1\" width=\"1280\" height=\"720\" preload=\"metadata\" controls=\"controls\"><source type=\"video\/mp4\" src=\"https:\/\/lexamedlab.com\/wp-content\/uploads\/2025\/05\/8027e336-5b81-4746-8987-2e35c6445db5-h264-hd.mp4?_=1\" \/><a href=\"https:\/\/lexamedlab.com\/wp-content\/uploads\/2025\/05\/8027e336-5b81-4746-8987-2e35c6445db5-h264-hd.mp4\">https:\/\/lexamedlab.com\/wp-content\/uploads\/2025\/05\/8027e336-5b81-4746-8987-2e35c6445db5-h264-hd.mp4<\/a><\/video><\/div>\n<blockquote><p><strong><span style=\"font-family: 'times new roman', times, serif; font-size: 18pt;\">&gt;Caract\u00e9ristiques<\/span><\/strong><\/p><\/blockquote>\n<table style=\"width: 100%; border-collapse: collapse; background-color: #35a1cc; height: 48px;\">\n<tbody>\n<tr style=\"height: 24px;\">\n<td style=\"width: 50%; height: 24px;\">\n<div><span style=\"font-size: 18pt;\"><strong><span style=\"font-family: 'times new roman', times, serif; color: #ffffff;\">Fonction conviviale\u00a0<\/span><\/strong><\/span><\/div>\n<div><span style=\"font-family: 'times new roman', times, serif; font-size: 14pt; color: #ffffff;\">&gt;jusqu&#039;\u00e0 1000 programmes d\u00e9finis par l&#039;utilisateur<\/span><\/div>\n<div><span style=\"font-family: 'times new roman', times, serif; font-size: 14pt; color: #ffffff;\">&gt;jusqu&#039;\u00e0 1000 historiques d&#039;ex\u00e9cution, peuvent \u00eatre export\u00e9s via USB<\/span><\/div>\n<div><span style=\"font-family: 'times new roman', times, serif; font-size: 14pt; color: #ffffff;\">&gt;jusqu&#039;\u00e0 40 taux d&#039;acc\u00e9l\u00e9ration et de d\u00e9c\u00e9l\u00e9ration<\/span><\/div>\n<div><span style=\"font-family: 'times new roman', times, serif; font-size: 14pt; color: #ffffff;\">&gt;Mode de centrifugation multi-\u00e9tages jusqu&#039;\u00e0 5 \u00e9tapes disponible<\/span><\/div>\n<div><span style=\"font-family: 'times new roman', times, serif; font-size: 14pt; color: #ffffff;\">&gt;Plage de minuterie jusqu&#039;\u00e0 99h59m59s, incr\u00e9ment de 1s<\/span><\/div>\n<\/td>\n<td style=\"width: 50%; height: 24px;\">\n<div><span style=\"font-size: 18pt;\"><strong><span style=\"font-family: 'times new roman', times, serif; color: #ffffff;\">\u00e9cran tactile LCD\u00a0<\/span><\/strong><\/span><\/div>\n<div><span style=\"font-size: 14pt; font-family: 'times new roman', times, serif; color: #ffffff;\">&gt;Simple et clair pour afficher tous les param\u00e8tres<\/span><\/div>\n<div><span style=\"font-size: 14pt; font-family: 'times new roman', times, serif; color: #ffffff;\">&gt;\u00c9cran tactile, param\u00e8tres faciles \u00e0 r\u00e9gler<\/span><\/div>\n<div><span style=\"font-size: 14pt; font-family: 'times new roman', times, serif; color: #ffffff;\">&gt;RCF peut \u00eatre d\u00e9fini directement<\/span><\/div>\n<div><span style=\"font-size: 14pt; font-family: 'times new roman', times, serif; color: #ffffff;\">&gt;RPM et RCF se convertissent automatiquement<\/span><\/div>\n<div><span style=\"font-size: 14pt; font-family: 'times new roman', times, serif; color: #ffffff;\">&gt;L&#039;utilisateur peut d\u00e9finir les param\u00e8tres m\u00eame avec des gants<\/span><\/div>\n<div><span style=\"font-size: 14pt; font-family: 'times new roman', times, serif; color: #ffffff;\">&gt;L&#039;utilisateur peut r\u00e9initialiser les param\u00e8tres lorsque le rotor tourne<\/span><\/div>\n<\/td>\n<\/tr>\n<tr style=\"height: 24px;\">\n<td style=\"width: 50%; height: 24px;\">\n<div><strong><span style=\"font-family: 'times new roman', times, serif; font-size: 18pt; color: #ffffff;\">Assurer la s\u00e9curit\u00e9\u00a0<\/span><\/strong><\/div>\n<div><span style=\"font-family: 'times new roman', times, serif; font-size: 14pt; color: #ffffff;\">&gt;Reconnaissance automatique du rotor pour \u00e9viter la survitesse<\/span><\/div>\n<div><span style=\"font-family: 'times new roman', times, serif; font-size: 14pt; color: #ffffff;\">&gt;D\u00e9tection de d\u00e9s\u00e9quilibre par gyroscope \u00e0 trois axes<\/span><\/div>\n<div><span style=\"font-family: 'times new roman', times, serif; font-size: 14pt; color: #ffffff;\">&gt;Serrure de porte \u00e9lectronique motoris\u00e9e<\/span><\/div>\n<div><span style=\"font-family: 'times new roman', times, serif; font-size: 14pt; color: #ffffff;\">&gt;La porte ne peut pas \u00eatre ouverte lorsque le rotor tourne<\/span><\/div>\n<div><span style=\"font-family: 'times new roman', times, serif; font-size: 14pt; color: #ffffff;\">&gt;Charni\u00e8re \u00e0 gaz pour emp\u00eacher la porte de tomber<\/span><\/div>\n<div><span style=\"font-family: 'times new roman', times, serif; font-size: 14pt; color: #ffffff;\">&gt;Port dans la porte pour l&#039;\u00e9talonnage et le contr\u00f4le du fonctionnement<\/span><\/div>\n<div><span style=\"font-family: 'times new roman', times, serif; font-size: 14pt; color: #ffffff;\">&gt;D\u00e9verrouillage d&#039;urgence des portes<\/span><\/div>\n<div><span style=\"font-family: 'times new roman', times, serif; font-size: 14pt; color: #ffffff;\">&gt;Mot de passe pour verrouiller l&#039;appareil<\/span><\/div>\n<\/td>\n<td style=\"width: 50%; height: 24px;\">\n<div><strong><span style=\"color: #ffffff; font-size: 18pt; font-family: 'times new roman', times, serif;\">De bons composants\u00a0<\/span><\/strong><\/div>\n<div><span style=\"color: #ffffff; font-size: 14pt; font-family: 'times new roman', times, serif;\">&gt;Moteur : Moteur \u00e0 fr\u00e9quence variable.<\/span><\/div>\n<div><span style=\"color: #ffffff; font-size: 14pt; font-family: 'times new roman', times, serif;\">\u00a0 \u00a0fonctionnement stable, sans entretien, longue dur\u00e9e de vie<\/span><\/div>\n<div><span style=\"color: #ffffff; font-size: 14pt; font-family: 'times new roman', times, serif;\">&gt;Bo\u00eetier : Acier \u00e9pais et r\u00e9sistant<\/span><\/div>\n<div><span style=\"color: #ffffff; font-size: 14pt; font-family: 'times new roman', times, serif;\">&gt;Chambre : acier inoxydable 304 avec rev\u00eatement en t\u00e9flon.<\/span><\/div>\n<div><span style=\"color: #ffffff; font-size: 14pt; font-family: 'times new roman', times, serif;\">\u00a0 \u00a0anticorrosion et facile \u00e0 nettoyer<\/span><\/div>\n<div><span style=\"color: #ffffff; font-size: 14pt; font-family: 'times new roman', times, serif;\">&gt;Rotor : Rotor \u00e0 angle fixe en alliage d&#039;aluminium ;<\/span><\/div>\n<div><span style=\"color: #ffffff; font-size: 14pt; font-family: 'times new roman', times, serif;\">\u00a0 \u00a0 \u00a0 \u00a0 \u00a0 \u00a0 \u00a0Rotor pivotant en acier.<\/span><\/div>\n<div><span style=\"color: #ffffff; font-size: 14pt; font-family: 'times new roman', times, serif;\">&gt;Les rotors sont autoclavables\u00a0<\/span><\/div>\n<\/td>\n<\/tr>\n<\/tbody>\n<\/table>\n<blockquote><p><strong><span style=\"font-family: 'times new roman', times, serif; font-size: 18pt;\">&gt;Rotors disponibles<\/span><\/strong><\/p><\/blockquote>\n<table style=\"border-collapse: collapse; width: 100%;\">\n<tbody>\n<tr>\n<td style=\"width: 20%;\"><img fetchpriority=\"high\" decoding=\"async\" class=\"alignnone size-full wp-image-22005\" src=\"https:\/\/lexamedlab.com\/wp-content\/uploads\/2025\/05\/12x1-5ml-2.webp\" alt=\"\" width=\"1500\" height=\"1000\" \/><\/td>\n<td style=\"width: 20%;\"><img decoding=\"async\" class=\"alignnone size-full wp-image-22006\" src=\"https:\/\/lexamedlab.com\/wp-content\/uploads\/2025\/05\/12x5ml-1.webp\" alt=\"\" width=\"1500\" height=\"1000\" \/><\/td>\n<td style=\"width: 20%;\"><img decoding=\"async\" class=\"alignnone size-full wp-image-22008\" src=\"https:\/\/lexamedlab.com\/wp-content\/uploads\/2025\/05\/24x1-5ml-1-2.webp\" alt=\"\" width=\"1500\" height=\"1000\" \/><\/td>\n<td style=\"width: 20%;\"><img loading=\"lazy\" decoding=\"async\" class=\"alignnone size-full wp-image-22007\" src=\"https:\/\/lexamedlab.com\/wp-content\/uploads\/2025\/05\/24x1-5ml-metal-cap-1.webp\" alt=\"\" width=\"1500\" height=\"1000\" \/><\/td>\n<td style=\"width: 20%;\"><img loading=\"lazy\" decoding=\"async\" class=\"alignnone size-full wp-image-22009\" src=\"https:\/\/lexamedlab.com\/wp-content\/uploads\/2025\/05\/12x10ml-2.webp\" alt=\"\" width=\"1500\" height=\"1000\" \/><\/td>\n<\/tr>\n<tr>\n<td style=\"width: 20%;\">\n<div>Rotor : Rotor \u00e0 angle fixe<\/div>\n<div>Capacit\u00e9 : 12 \u00d7 1,5\/2,2 ml<\/div>\n<div>Vitesse maximale : 18 000 tr\/min<\/div>\n<div>FCR maximale\u00a0: 22\u00a0675\u00a0x\u00a0g<\/div>\n<div>Taille du tube : \u03a611x42mm<\/div>\n<\/td>\n<td style=\"width: 20%;\">\n<div>Rotor : Rotor \u00e0 angle fixe<\/div>\n<div>Capacit\u00e9 : 12x5ml<\/div>\n<div>Vitesse maximale : 15 000 tr\/min<\/div>\n<div>FCR maximale\u00a0: 18\u00a0287\u00a0\u00d7\u00a0g<\/div>\n<div>Taille du tube : \u03a614x54mm<\/div>\n<\/td>\n<td style=\"width: 20%;\">\n<div>Rotor : Rotor \u00e0 angle fixe<\/div>\n<div>Capacit\u00e9 : 24 \u00d7 1,5\/2,2 ml<\/div>\n<div>Vitesse maximale : 16 000 tr\/min<\/div>\n<div>FCR maximale\u00a0: 24\u00a0814\u00a0\u00d7\u00a0g<\/div>\n<div>Taille du tube : \u03a611x42mm<\/div>\n<\/td>\n<td style=\"width: 20%;\">\n<div>Rotor : Rotor \u00e0 angle fixe<\/div>\n<div>\u00a0 \u00a0 \u00a0 \u00a0 \u00a0 \u00a0 (\u00e9tanche aux a\u00e9rosols)<\/div>\n<div>Capacit\u00e9 : 24 \u00d7 1,5\/2,2 ml<\/div>\n<div>Vitesse maximale : 16 000 tr\/min<\/div>\n<div>FCR maximale\u00a0: 24\u00a0814\u00a0\u00d7\u00a0g<\/div>\n<div>Taille du tube : \u03a611x42mm<\/div>\n<\/td>\n<td style=\"width: 20%;\">\n<div>Rotor : Rotor \u00e0 angle fixe<\/div>\n<div>Capacit\u00e9 : 12 \u00d7 10 ml<\/div>\n<div>Vitesse maximale : 13 000 tr\/min<\/div>\n<div>FCR maximale\u00a0: 15\u00a0625\u00a0\u00d7\u00a0g<\/div>\n<div>Taille du tube : \u03a616 \u00d7 86 mm<\/div>\n<\/td>\n<\/tr>\n<tr>\n<td style=\"width: 20%;\"><img loading=\"lazy\" decoding=\"async\" class=\"alignnone size-full wp-image-22010\" src=\"https:\/\/lexamedlab.com\/wp-content\/uploads\/2025\/05\/36x1-5ml-2.webp\" alt=\"\" width=\"1500\" height=\"1000\" \/><\/td>\n<td style=\"width: 20%;\"><img loading=\"lazy\" decoding=\"async\" class=\"alignnone size-full wp-image-22011\" src=\"https:\/\/lexamedlab.com\/wp-content\/uploads\/2025\/05\/6x50ml-pointed-bottom-2.webp\" alt=\"\" width=\"1500\" height=\"1000\" \/><\/td>\n<td style=\"width: 20%;\"><img loading=\"lazy\" decoding=\"async\" class=\"alignnone size-full wp-image-22014\" src=\"https:\/\/lexamedlab.com\/wp-content\/uploads\/2025\/05\/6x50ml-round-bottom-4.webp\" alt=\"\" width=\"1500\" height=\"1000\" \/><\/td>\n<td style=\"width: 20%;\"><img loading=\"lazy\" decoding=\"async\" class=\"alignnone size-full wp-image-22015\" src=\"https:\/\/lexamedlab.com\/wp-content\/uploads\/2025\/05\/48x1-5ml-2.webp\" alt=\"\" width=\"1500\" height=\"1000\" \/><\/td>\n<td style=\"width: 20%;\"><img loading=\"lazy\" decoding=\"async\" class=\"alignnone size-full wp-image-22016\" src=\"https:\/\/lexamedlab.com\/wp-content\/uploads\/2025\/05\/4x100ml-1.webp\" alt=\"\" width=\"1500\" height=\"1000\" \/><\/td>\n<\/tr>\n<tr>\n<td style=\"width: 20%;\">\n<div>Rotor : Rotor \u00e0 angle fixe<\/div>\n<div>Capacit\u00e9 : 36 \u00d7 1,5\/2,2 ml<\/div>\n<div>Vitesse maximale : 13 000 tr\/min<\/div>\n<div>FCR maximale\u00a0: 15\u00a0625\u00a0\u00d7\u00a0g<\/div>\n<div>Taille du tube : \u03a611x42mm<\/div>\n<\/td>\n<td style=\"width: 20%;\">\n<div>Rotor : Rotor \u00e0 angle fixe<\/div>\n<div>Capacit\u00e9 : 6 \u00d7 50 ml fond conique<\/div>\n<div>Vitesse maximale : 12 000 tr\/min<\/div>\n<div>FCR maximale\u00a0: 15\u00a0712\u00a0\u00d7\u00a0g<\/div>\n<div>Taille du tube : \u03a629 \u00d7 116 mm<\/div>\n<\/td>\n<td style=\"width: 20%;\">\n<div>Rotor : Rotor \u00e0 angle fixe<\/div>\n<div>Capacit\u00e9 : 6 \u00d7 50 ml \u00e0 fond rond<\/div>\n<div>Vitesse maximale : 12 000 tr\/min<\/div>\n<div>FCR maximale\u00a0: 15\u00a0712\u00a0\u00d7\u00a0g<\/div>\n<div>Taille du tube : \u03a629 \u00d7 111 mm<\/div>\n<\/td>\n<td style=\"width: 20%;\">\n<div>Rotor : Rotor \u00e0 angle fixe<\/div>\n<div>Capacit\u00e9 : 48 \u00d7 1,5\/2,2 ml<\/div>\n<div>Vitesse maximale : 12 000 tr\/min<\/div>\n<div>FCR maximale\u00a0: 15\u00a0712\u00a0\u00d7\u00a0g<\/div>\n<div>Taille du tube : \u03a611 \u00d7 42 mm<\/div>\n<\/td>\n<td style=\"width: 20%;\">\n<div>Rotor : Rotor \u00e0 angle fixe<\/div>\n<div>Capacit\u00e9 : 4x100ml<\/div>\n<div>Vitesse maximale : 10 000 tr\/min<\/div>\n<div>FCR maximale\u00a0: 11\u00a0045\u00a0\u00d7\u00a0g<\/div>\n<div>Taille du tube : \u03a638x123mm<\/div>\n<\/td>\n<\/tr>\n<tr>\n<td style=\"width: 20%;\"><img loading=\"lazy\" decoding=\"async\" class=\"alignnone size-full wp-image-22017\" src=\"https:\/\/lexamedlab.com\/wp-content\/uploads\/2025\/05\/8x50ml-pointed-bottom-1.webp\" alt=\"\" width=\"1500\" height=\"1000\" \/><\/td>\n<td style=\"width: 20%;\"><img loading=\"lazy\" decoding=\"async\" class=\"alignnone size-full wp-image-22018\" src=\"https:\/\/lexamedlab.com\/wp-content\/uploads\/2025\/05\/8x50ml-round-bottom-1.webp\" alt=\"\" width=\"1500\" height=\"1000\" \/><\/td>\n<td style=\"width: 20%;\"><img loading=\"lazy\" decoding=\"async\" class=\"alignnone size-full wp-image-22019\" src=\"https:\/\/lexamedlab.com\/wp-content\/uploads\/2025\/05\/12x15ml-1.webp\" alt=\"\" width=\"1500\" height=\"1000\" \/><\/td>\n<td style=\"width: 20%;\"><img loading=\"lazy\" decoding=\"async\" class=\"alignnone size-full wp-image-22020\" src=\"https:\/\/lexamedlab.com\/wp-content\/uploads\/2025\/05\/24x10-1.webp\" alt=\"\" width=\"1500\" height=\"1000\" \/><\/td>\n<td style=\"width: 20%;\"><img loading=\"lazy\" decoding=\"async\" class=\"alignnone size-full wp-image-22021\" src=\"https:\/\/lexamedlab.com\/wp-content\/uploads\/2025\/05\/6x10ml-1.webp\" alt=\"\" width=\"1500\" height=\"1000\" \/><\/td>\n<\/tr>\n<tr>\n<td style=\"width: 20%;\">\n<div>Rotor : Rotor \u00e0 angle fixe<\/div>\n<div>Capacit\u00e9 : 8x50ml fond conique<\/div>\n<div>Vitesse maximale : 10 000 tr\/min<\/div>\n<div>FCR maximale\u00a0: 11\u00a0045\u00a0\u00d7\u00a0g<\/div>\n<div>Taille du tube : \u03a629x116mm<\/div>\n<\/td>\n<td style=\"width: 20%;\">\n<div>Rotor : Rotor \u00e0 angle fixe<\/div>\n<div>Capacit\u00e9 : 8x50ml fond rond<\/div>\n<div>Vitesse maximale : 10 000 tr\/min<\/div>\n<div>FCR maximale\u00a0: 11\u00a0045\u00a0\u00d7\u00a0g<\/div>\n<div>Taille du tube : \u03a629x111mm<\/div>\n<\/td>\n<td style=\"width: 20%;\">\n<div>Rotor : Rotor \u00e0 angle fixe<\/div>\n<div>Capacit\u00e9 : 12x15ml<\/div>\n<div>Vitesse maximale : 10 000 tr\/min<\/div>\n<div>FCR maximale\u00a0: 11\u00a0045\u00a0\u00d7\u00a0g<\/div>\n<div>Taille du tube : \u03a617x121mm<\/div>\n<\/td>\n<td style=\"width: 20%;\">\n<div>Rotor : Rotor \u00e0 angle fixe<\/div>\n<div>Capacit\u00e9 : 24 x 10 ml<\/div>\n<div>Vitesse maximale : 10 000 tr\/min<\/div>\n<div>FCR maximale\u00a0: 11\u00a0045\u00a0\u00d7\u00a0g<\/div>\n<div>Taille du tube : \u03a616x86mm<\/div>\n<\/td>\n<td style=\"width: 20%;\">\n<div>Rotor : Rotor \u00e0 angle fixe<\/div>\n<div>Capacit\u00e9 : 6x10ml<\/div>\n<div>Vitesse maximale : 16 000 tr\/min<\/div>\n<div>FCR maximale\u00a0: 1\u00a0900\u00a04\u00a0\u00d7\u00a0g<\/div>\n<div>Taille du tube : \u03a616x86mm<\/div>\n<\/td>\n<\/tr>\n<tr>\n<td style=\"width: 20%;\"><img loading=\"lazy\" decoding=\"async\" class=\"alignnone size-full wp-image-22022\" src=\"https:\/\/lexamedlab.com\/wp-content\/uploads\/2025\/05\/8x15ml-1-1.webp\" alt=\"\" width=\"1500\" height=\"1000\" \/><\/td>\n<td style=\"width: 20%;\"><img loading=\"lazy\" decoding=\"async\" class=\"alignnone size-full wp-image-22023\" src=\"https:\/\/lexamedlab.com\/wp-content\/uploads\/2025\/05\/6x30ml-1.webp\" alt=\"\" width=\"1500\" height=\"1000\" \/><\/td>\n<td style=\"width: 20%;\"><img loading=\"lazy\" decoding=\"async\" class=\"alignnone size-full wp-image-22024\" src=\"https:\/\/lexamedlab.com\/wp-content\/uploads\/2025\/05\/8x0-2ml-pcr-strip-1.webp\" alt=\"\" width=\"1500\" height=\"1000\" \/><\/td>\n<td style=\"width: 20%;\"><img loading=\"lazy\" decoding=\"async\" class=\"alignnone size-full wp-image-22025\" src=\"https:\/\/lexamedlab.com\/wp-content\/uploads\/2025\/05\/6x100ml-1.webp\" alt=\"\" width=\"1500\" height=\"1000\" \/><\/td>\n<td style=\"width: 20%;\"><img loading=\"lazy\" decoding=\"async\" class=\"alignnone size-full wp-image-22026\" src=\"https:\/\/lexamedlab.com\/wp-content\/uploads\/2025\/05\/2x2x48-1.webp\" alt=\"\" width=\"1500\" height=\"1000\" \/><\/td>\n<\/tr>\n<tr>\n<td style=\"width: 20%;\">\n<div>Rotor : Rotor \u00e0 angle fixe<\/div>\n<div>Capacit\u00e9 : 8x15ml<\/div>\n<div>Vitesse maximale : 13 000 tr\/min<\/div>\n<div>FCR maximale\u00a0: 14\u00a0945\u00a0\u00d7\u00a0g<\/div>\n<div>Taille du tube : \u03a617x121mm<\/div>\n<\/td>\n<td style=\"width: 20%;\">\n<div>Rotor : Rotor \u00e0 angle fixe<\/div>\n<div>Capacit\u00e9 : 6x30ml<\/div>\n<div>Vitesse maximale : 13 000 tr\/min<\/div>\n<div>FCR maximale\u00a0: 14\u00a0945\u00a0\u00d7\u00a0g<\/div>\n<div>Taille du tube : \u03a625,5 x 100 mm<\/div>\n<\/td>\n<td style=\"width: 20%;\">\n<div>Rotor : Rotor \u00e0 angle fixe<\/div>\n<div>Capacit\u00e9 : 8 bandelettes PCR de 0,2 ml<\/div>\n<div>Vitesse maximale : 13 000 tr\/min<\/div>\n<div>FCR maximale\u00a0: 14\u00a0643\u00a0\u00d7\u00a0g<\/div>\n<\/td>\n<td style=\"width: 20%;\">\n<div>Rotor : Rotor \u00e0 angle fixe<\/div>\n<div>Capacit\u00e9 : 6x100ml<\/div>\n<div>Vitesse maximale : 8\u00a0000 tr\/min<\/div>\n<div>FCR maximale\u00a0: 7\u00a0720\u00a0\u00d7\u00a0g<\/div>\n<div>Taille du tube : \u03a638x123mm<\/div>\n<\/td>\n<td style=\"width: 20%;\">\n<div>Rotor : Rotor pour microplaques<\/div>\n<div>Capacit\u00e9 : plaque 2\u00d72\u00d748 puits<\/div>\n<div>Vitesse maximale : 4\u00a0000 tr\/min<\/div>\n<div>FCR maximale\u00a0: 1\u00a0538\u00a0\u00d7\u00a0g<\/div>\n<div>max: 128\u00d748x60mm<\/div>\n<\/td>\n<\/tr>\n<\/tbody>\n<\/table>","protected":false},"excerpt":{"rendered":"<div>\n<p><span style=\"font-family: 'times new roman', times, serif; font-size: 14pt;\">La centrifugeuse de paillasse haute vitesse TG-18 permet d&#039;essorer des volumes d&#039;\u00e9chantillons allant jusqu&#039;\u00e0 6 tubes de 100 ml, 48 tubes de 1,5\/2,2 ml ou 8 tubes coniques de 50 ml gr\u00e2ce \u00e0 un \u00e9cran tactile LCD intelligent. Pour 24 tubes de 1,5\/2,2 ml, un rotor \u00e9tanche aux a\u00e9rosols est disponible en option. \u00a0<\/span><\/p>\n<\/div>\n<ul>\n<li><span style=\"font-family: 'times new roman', times, serif; font-size: 14pt;\">Vitesse maximale\u00a0 \u00a0 \u00a0 \u00a0 \u00a0 \u00a0 \u00a0 \u00a0 \u00a0 <span class=\"item-val\">18 000 tr\/min<\/span><\/span><\/li>\n<li><span style=\"font-family: 'times new roman', times, serif; font-size: 14pt;\">FCR maximale\u00a0 \u00a0 \u00a0 \u00a0 \u00a0 \u00a0 \u00a0 \u00a0 \u00a0 \u00a0 <span class=\"item-val\">24814xg<\/span><\/span><\/li>\n<li><span style=\"font-family: 'times new roman', times, serif; font-size: 14pt;\">Capacit\u00e9 maximale\u00a0 \u00a0 \u00a0 \u00a0 \u00a0 \u00a0 \u00a0 \u00a0<span class=\"item-val\">6*100ml<\/span><\/span><\/li>\n<li><span style=\"font-family: 'times new roman', times, serif; font-size: 14pt;\">Plage de minuterie\u00a0 \u00a0 \u00a0 \u00a0 \u00a0 \u00a0 \u00a0 \u00a0 \u00a0<span class=\"item-val\">1s \u00e0 99h59m59s<\/span><\/span><\/li>\n<li><span style=\"font-family: 'times new roman', times, serif; font-size: 14pt;\">Pr\u00e9cision de la vitesse\u00a0 \u00a0 \u00a0 \u00a0 \u00a0 \u00a0 <span class=\"item-val\">\u00b110 tr\/min<\/span><\/span><\/li>\n<li><span style=\"font-family: 'times new roman', times, serif; font-size: 14pt;\">Bruit\u00a0 \u00a0 \u00a0 \u00a0 \u00a0 \u00a0 \u00a0 \u00a0 \u00a0 \u00a0 \u00a0 \u00a0 \u00a0 \u00a0 <span class=\"item-val\">\u226460 dB(A)<\/span><\/span><\/li>\n<li><span style=\"font-family: 'times new roman', times, serif; font-size: 14pt;\">Consommation d&#039;\u00e9nergie\u00a0 \u00a0 \u00a0 <span class=\"item-val\">500 W<\/span><\/span><\/li>\n<li><span style=\"font-family: 'times new roman', times, serif; font-size: 14pt;\">Dimension\u00a0 \u00a0 \u00a0 \u00a0 \u00a0 \u00a0 \u00a0 \u00a0 \u00a0 \u00a0 <span class=\"item-val\">440x360x315mm<\/span><\/span><\/li>\n<li><span style=\"font-family: 'times new roman', times, serif; font-size: 14pt;\">Poids net\u00a0 \u00a0 \u00a0 \u00a0 \u00a0 \u00a0 \u00a0 \u00a0 \u00a0 \u00a0 <span class=\"item-val\">29 kg<\/span><\/span><\/li>\n<\/ul>","protected":false},"featured_media":22762,"comment_status":"open","ping_status":"closed","template":"","meta":{"_acf_changed":false},"product_brand":[],"product_cat":[20,80,88],"product_tag":[],"class_list":{"0":"post-22004","1":"product","2":"type-product","3":"status-publish","4":"has-post-thumbnail","6":"product_cat-all","7":"product_cat-centrifuge","8":"product_cat-high-speed-centrifuge","10":"first","11":"instock","12":"shipping-taxable","13":"product-type-simple"},"acf":[],"_links":{"self":[{"href":"https:\/\/lexamedlab.com\/fr\/wp-json\/wp\/v2\/product\/22004","targetHints":{"allow":["GET"]}}],"collection":[{"href":"https:\/\/lexamedlab.com\/fr\/wp-json\/wp\/v2\/product"}],"about":[{"href":"https:\/\/lexamedlab.com\/fr\/wp-json\/wp\/v2\/types\/product"}],"replies":[{"embeddable":true,"href":"https:\/\/lexamedlab.com\/fr\/wp-json\/wp\/v2\/comments?post=22004"}],"version-history":[{"count":1,"href":"https:\/\/lexamedlab.com\/fr\/wp-json\/wp\/v2\/product\/22004\/revisions"}],"predecessor-version":[{"id":22032,"href":"https:\/\/lexamedlab.com\/fr\/wp-json\/wp\/v2\/product\/22004\/revisions\/22032"}],"wp:featuredmedia":[{"embeddable":true,"href":"https:\/\/lexamedlab.com\/fr\/wp-json\/wp\/v2\/media\/22762"}],"wp:attachment":[{"href":"https:\/\/lexamedlab.com\/fr\/wp-json\/wp\/v2\/media?parent=22004"}],"wp:term":[{"taxonomy":"product_brand","embeddable":true,"href":"https:\/\/lexamedlab.com\/fr\/wp-json\/wp\/v2\/product_brand?post=22004"},{"taxonomy":"product_cat","embeddable":true,"href":"https:\/\/lexamedlab.com\/fr\/wp-json\/wp\/v2\/product_cat?post=22004"},{"taxonomy":"product_tag","embeddable":true,"href":"https:\/\/lexamedlab.com\/fr\/wp-json\/wp\/v2\/product_tag?post=22004"}],"curies":[{"name":"wp","href":"https:\/\/api.w.org\/{rel}","templated":true}]}}