{"id":22065,"date":"2025-05-20T05:51:57","date_gmt":"2025-05-20T05:51:57","guid":{"rendered":"https:\/\/lexamedlab.com\/?post_type=product&#038;p=22065"},"modified":"2025-05-27T15:11:37","modified_gmt":"2025-05-27T15:11:37","slug":"benchtop-high-speed-large-capacity-centrifuge-machine-tg-1850","status":"publish","type":"product","link":"https:\/\/lexamedlab.com\/fr\/product\/benchtop-high-speed-large-capacity-centrifuge-machine-tg-1850\/","title":{"rendered":"Centrifugeuse de paillasse \u00e0 grande vitesse et grande capacit\u00e9 TG-1850"},"content":{"rendered":"<div style=\"width: 1280px;\" class=\"wp-video\"><!--[if lt IE 9]><script>document.createElement('video');<\/script><![endif]-->\n<video class=\"wp-video-shortcode\" id=\"video-22065-1\" width=\"1280\" height=\"720\" preload=\"metadata\" controls=\"controls\"><source type=\"video\/mp4\" src=\"https:\/\/lexamedlab.com\/wp-content\/uploads\/2025\/05\/WeChat_20250520122737.mp4?_=1\" \/><a href=\"https:\/\/lexamedlab.com\/wp-content\/uploads\/2025\/05\/WeChat_20250520122737.mp4\">https:\/\/lexamedlab.com\/wp-content\/uploads\/2025\/05\/WeChat_20250520122737.mp4<\/a><\/video><\/div>\n<p><span style=\"font-family: 'times new roman', times, serif; font-size: 18pt;\"><strong>&gt;&gt;Caract\u00e9ristiques<\/strong><\/span><\/p>\n<table style=\"width: 100%; border-collapse: collapse; background-color: #35a1cc;\">\n<tbody>\n<tr>\n<td style=\"width: 671px;\">\n<div><span style=\"font-family: 'times new roman', times, serif; font-size: 18pt;\"><strong><span style=\"color: #ffffff;\">Fonction conviviale\u00a0<\/span><\/strong><\/span><\/div>\n<div><span style=\"color: #ffffff;\">&gt;12 programmes d\u00e9finis par l&#039;utilisateur<\/span><\/div>\n<div><span style=\"color: #ffffff;\">&gt;19 taux d&#039;acc\u00e9l\u00e9ration et de d\u00e9c\u00e9l\u00e9ration<\/span><\/div>\n<div><span style=\"color: #ffffff;\">Plage de minuterie &gt;1 m \u00e0 9999 min 59 s<\/span><\/div>\n<div><span style=\"color: #ffffff;\">&gt;L&#039;\u00e9cran LCD affiche tous les param\u00e8tres de mani\u00e8re simple et claire<\/span><\/div>\n<div><span style=\"color: #ffffff;\">&gt;RCF peut \u00eatre d\u00e9fini directement<\/span><\/div>\n<div><span style=\"color: #ffffff;\">&gt;RPM et RCF se convertissent automatiquement<\/span><\/div>\n<div><span style=\"color: #ffffff;\">&gt;L&#039;utilisateur peut r\u00e9initialiser les param\u00e8tres lorsque le rotor tourne<\/span><\/div>\n<\/td>\n<td style=\"width: 671px;\"><img decoding=\"async\" class=\"alignnone  wp-image-21843\" src=\"https:\/\/lexamedlab.com\/wp-content\/uploads\/2025\/05\/44645.webp\" alt=\"\" width=\"264\" height=\"173\" \/><\/td>\n<\/tr>\n<tr>\n<td style=\"width: 671px;\">\n<div><strong><span style=\"color: #ffffff; font-family: 'times new roman', times, serif; font-size: 18pt;\">Assurer la s\u00e9curit\u00e9<\/span><\/strong><\/div>\n<div><span style=\"color: #ffffff;\">&gt;Reconnaissance automatique du rotor pour \u00e9viter la survitesse<\/span><\/div>\n<div><span style=\"color: #ffffff;\">&gt;D\u00e9tection de d\u00e9s\u00e9quilibre par gyroscope \u00e0 trois axes<\/span><\/div>\n<div><span style=\"color: #ffffff;\">\u00a0 \u00a0arr\u00eat de la rifugation avec affichage d&#039;erreur<\/span><\/div>\n<div><span style=\"color: #ffffff;\">&gt;Serrure de porte \u00e9lectronique motoris\u00e9e<\/span><\/div>\n<div><span style=\"color: #ffffff;\">&gt;La porte ne peut pas \u00eatre ouverte lorsque le rotor tourne<\/span><\/div>\n<div><span style=\"color: #ffffff;\">&gt;Charni\u00e8re \u00e0 gaz pour emp\u00eacher la porte de tomber<\/span><\/div>\n<div><span style=\"color: #ffffff;\">&gt;Port dans la porte pour l&#039;\u00e9talonnage et le contr\u00f4le du fonctionnement<\/span><\/div>\n<div><span style=\"color: #ffffff;\">&gt;D\u00e9verrouillage d&#039;urgence des portes<\/span><\/div>\n<\/td>\n<td style=\"width: 671px;\">\n<div><span style=\"color: #ffffff; font-family: 'times new roman', times, serif; font-size: 18pt;\">De bons composants<\/span><\/div>\n<div><span style=\"color: #ffffff;\">&gt;Moteur : Moteur \u00e0 fr\u00e9quence variable.<\/span><\/div>\n<div><span style=\"color: #ffffff;\">\u00a0 \u00a0 \u00a0 \u00a0 \u00a0 \u00a0 \u00a0 \u00a0 fonctionnement stable, sans entretien, longue dur\u00e9e de vie<\/span><\/div>\n<div><span style=\"color: #ffffff;\">&gt;Bo\u00eetier : Acier \u00e9pais et r\u00e9sistant<\/span><\/div>\n<div><span style=\"color: #ffffff;\">&gt;Chambre : Acier inoxydable 304 de qualit\u00e9 alimentaire.<\/span><\/div>\n<div><span style=\"color: #ffffff;\">\u00a0 \u00a0 \u00a0 \u00a0 \u00a0 \u00a0 \u00a0 \u00a0 anticorrosion et facile \u00e0 nettoyer<\/span><\/div>\n<div><span style=\"color: #ffffff;\">&gt;Rotor : Rotor pivotant en acier\/acier inoxydable.<\/span><\/div>\n<div><span style=\"color: #ffffff;\">&gt;Les rotors sont autoclavables\u00a0<\/span><\/div>\n<\/td>\n<\/tr>\n<\/tbody>\n<\/table>\n<p><strong><span style=\"font-family: 'times new roman', times, serif; font-size: 18pt;\">&gt;&gt;Rotors disponibles<\/span><\/strong><\/p>\n<p><img fetchpriority=\"high\" decoding=\"async\" class=\"alignnone size-medium wp-image-22068\" src=\"https:\/\/lexamedlab.com\/wp-content\/uploads\/2025\/05\/tg-1850-1-scaled.webp\" alt=\"\" width=\"2560\" height=\"935\" \/> <img decoding=\"async\" class=\"alignnone size-medium wp-image-22069\" src=\"https:\/\/lexamedlab.com\/wp-content\/uploads\/2025\/05\/tg-1850-2-scaled.webp\" alt=\"\" width=\"2560\" height=\"973\" \/> <img loading=\"lazy\" decoding=\"async\" class=\"alignnone size-full wp-image-22070\" src=\"https:\/\/lexamedlab.com\/wp-content\/uploads\/2025\/05\/tg-1850-3-scaled.webp\" alt=\"\" width=\"2560\" height=\"1137\" \/><\/p>","protected":false},"excerpt":{"rendered":"<div>\n<p><span style=\"font-family: 'times new roman', times, serif; font-size: 14pt;\">Cette centrifugeuse de paillasse a \u00e9t\u00e9 con\u00e7ue pour les grands volumes d&#039;\u00e9chantillons. Elle est \u00e9quip\u00e9e de rotors oscillants et de rotors \u00e0 angle fixe. Le rotor oscillant a une capacit\u00e9 maximale de 4 flacons de 500 ml, 112 tubes de pr\u00e9l\u00e8vement sanguin, 4 plaques de 2 x 96 puits ou 40 tubes coniques de 15 ml. Le rotor \u00e0 angle fixe peut traiter de 0,2 ml \u00e0 100 ml.<\/span><\/p>\n<\/div>\n<ul>\n<li><span style=\"font-family: 'times new roman', times, serif; font-size: 14pt;\">Vitesse maximale\u00a0 \u00a0 \u00a0 \u00a0 \u00a0 \u00a0 \u00a0 \u00a0 \u00a0 <span class=\"item-val\">18 500 tr\/min<\/span><\/span><\/li>\n<li><span style=\"font-family: 'times new roman', times, serif; font-size: 14pt;\">FCR maximale\u00a0 \u00a0 \u00a0 \u00a0 \u00a0 \u00a0 \u00a0 \u00a0 \u00a0 \u00a0 <span class=\"item-val\">24760xg<\/span><\/span><\/li>\n<li><span style=\"font-family: 'times new roman', times, serif; font-size: 14pt;\">Capacit\u00e9 maximale\u00a0 \u00a0 \u00a0 \u00a0 \u00a0 \u00a0 \u00a0 <span class=\"item-val\">4x500ml<\/span><\/span><\/li>\n<li><span style=\"font-family: 'times new roman', times, serif; font-size: 14pt;\">Plage de minuterie\u00a0 \u00a0 \u00a0 \u00a0 \u00a0 \u00a0 \u00a0 \u00a0 <span class=\"item-val\">1 m \u00e0 9999 m 59 s<\/span><\/span><\/li>\n<li><span style=\"font-family: 'times new roman', times, serif; font-size: 14pt;\">Pr\u00e9cision de la vitesse\u00a0 \u00a0 \u00a0 \u00a0 \u00a0 \u00a0<span class=\"item-val\">\u00b110 tr\/min<\/span><\/span><\/li>\n<li><span style=\"font-family: 'times new roman', times, serif; font-size: 14pt;\">Bruit\u00a0 \u00a0 \u00a0 \u00a0 \u00a0 \u00a0 \u00a0 \u00a0 \u00a0 \u00a0 \u00a0 \u00a0 \u00a0 \u00a0<span class=\"item-val\">\u226460 dB(A)<\/span><\/span><\/li>\n<li><span style=\"font-family: 'times new roman', times, serif; font-size: 14pt;\">Consommation d&#039;\u00e9nergie\u00a0 \u00a0 <span class=\"item-val\">750 W<\/span><\/span><\/li>\n<li><span style=\"font-family: 'times new roman', times, serif; font-size: 14pt;\">Dimension\u00a0 \u00a0 \u00a0 \u00a0 \u00a0 \u00a0 \u00a0 \u00a0 \u00a0 <span class=\"item-val\">550x450x390mm<\/span><\/span><\/li>\n<li><span style=\"font-family: 'times new roman', times, serif; font-size: 14pt;\">Poids net\u00a0 \u00a0 \u00a0 \u00a0 \u00a0 \u00a0 \u00a0 \u00a0 \u00a0 <span class=\"item-val\">49 kg<\/span><\/span><\/li>\n<\/ul>","protected":false},"featured_media":22067,"comment_status":"open","ping_status":"closed","template":"","meta":{"_acf_changed":false},"product_brand":[],"product_cat":[20,80,88],"product_tag":[],"class_list":{"0":"post-22065","1":"product","2":"type-product","3":"status-publish","4":"has-post-thumbnail","6":"product_cat-all","7":"product_cat-centrifuge","8":"product_cat-high-speed-centrifuge","10":"first","11":"instock","12":"shipping-taxable","13":"product-type-simple"},"acf":[],"_links":{"self":[{"href":"https:\/\/lexamedlab.com\/fr\/wp-json\/wp\/v2\/product\/22065","targetHints":{"allow":["GET"]}}],"collection":[{"href":"https:\/\/lexamedlab.com\/fr\/wp-json\/wp\/v2\/product"}],"about":[{"href":"https:\/\/lexamedlab.com\/fr\/wp-json\/wp\/v2\/types\/product"}],"replies":[{"embeddable":true,"href":"https:\/\/lexamedlab.com\/fr\/wp-json\/wp\/v2\/comments?post=22065"}],"version-history":[{"count":2,"href":"https:\/\/lexamedlab.com\/fr\/wp-json\/wp\/v2\/product\/22065\/revisions"}],"predecessor-version":[{"id":22075,"href":"https:\/\/lexamedlab.com\/fr\/wp-json\/wp\/v2\/product\/22065\/revisions\/22075"}],"wp:featuredmedia":[{"embeddable":true,"href":"https:\/\/lexamedlab.com\/fr\/wp-json\/wp\/v2\/media\/22067"}],"wp:attachment":[{"href":"https:\/\/lexamedlab.com\/fr\/wp-json\/wp\/v2\/media?parent=22065"}],"wp:term":[{"taxonomy":"product_brand","embeddable":true,"href":"https:\/\/lexamedlab.com\/fr\/wp-json\/wp\/v2\/product_brand?post=22065"},{"taxonomy":"product_cat","embeddable":true,"href":"https:\/\/lexamedlab.com\/fr\/wp-json\/wp\/v2\/product_cat?post=22065"},{"taxonomy":"product_tag","embeddable":true,"href":"https:\/\/lexamedlab.com\/fr\/wp-json\/wp\/v2\/product_tag?post=22065"}],"curies":[{"name":"wp","href":"https:\/\/api.w.org\/{rel}","templated":true}]}}