{"id":22093,"date":"2025-05-20T07:14:11","date_gmt":"2025-05-20T07:14:11","guid":{"rendered":"https:\/\/lexamedlab.com\/?post_type=product&#038;p=22093"},"modified":"2025-05-27T15:11:37","modified_gmt":"2025-05-27T15:11:37","slug":"benchtop-high-speed-micro-centrifuge-h16s","status":"publish","type":"product","link":"https:\/\/lexamedlab.com\/fr\/product\/benchtop-high-speed-micro-centrifuge-h16s\/","title":{"rendered":"Microcentrifugeuse de paillasse \u00e0 grande vitesse H16S"},"content":{"rendered":"<div style=\"width: 1280px;\" class=\"wp-video\"><!--[if lt IE 9]><script>document.createElement('video');<\/script><![endif]-->\n<video class=\"wp-video-shortcode\" id=\"video-22093-1\" width=\"1280\" height=\"720\" preload=\"metadata\" controls=\"controls\"><source type=\"video\/mp4\" src=\"https:\/\/lexamedlab.com\/wp-content\/uploads\/2025\/05\/97913924-97af-4032-a078-c0a1ee36e696-h264-hd.mp4?_=1\" \/><a href=\"https:\/\/lexamedlab.com\/wp-content\/uploads\/2025\/05\/97913924-97af-4032-a078-c0a1ee36e696-h264-hd.mp4\">https:\/\/lexamedlab.com\/wp-content\/uploads\/2025\/05\/97913924-97af-4032-a078-c0a1ee36e696-h264-hd.mp4<\/a><\/video><\/div>\n<blockquote><p><span style=\"font-family: 'times new roman', times, serif; font-size: 18pt;\"><strong>&gt;Caract\u00e9ristiques<\/strong><\/span><\/p><\/blockquote>\n<table style=\"width: 100%; border-collapse: collapse; background-color: #35a1cc;\">\n<tbody>\n<tr>\n<td style=\"width: 58.1541%;\">\n<div><span style=\"font-size: 18pt;\"><strong><span style=\"color: #ffffff; font-family: 'times new roman', times, serif;\">moteur BLDC<\/span><\/strong><\/span><\/div>\n<div>\n<div><span style=\"color: #ffffff; font-size: 14pt; font-family: 'times new roman', times, serif;\">Faible augmentation de temp\u00e9rature : augmentation de temp\u00e9rature \u2264 6 \u2103<\/span><\/div>\n<div><span style=\"color: #ffffff; font-size: 14pt; font-family: 'times new roman', times, serif;\">Faible bruit : Bruit \u2264 56 dB (A)<\/span><\/div>\n<div><span style=\"color: #ffffff; font-size: 14pt; font-family: 'times new roman', times, serif;\">Sans entretien : moteur sans balais, sans entretien<\/span><\/div>\n<div><span style=\"color: #ffffff; font-size: 14pt; font-family: 'times new roman', times, serif;\">Acc\u00e9l\u00e9ration rapide : vitesse r\u00e9glable. L&#039;acc\u00e9l\u00e9ration jusqu&#039;\u00e0 la vitesse maximale au taux le plus \u00e9lev\u00e9 ne n\u00e9cessite que 10 secondes.\u00a0<\/span><\/div>\n<\/div>\n<div><span style=\"font-size: 18pt;\"><strong><span style=\"color: #ffffff; font-family: 'times new roman', times, serif;\">Plus pratique<\/span><\/strong><\/span><\/div>\n<div>\n<div><strong><span style=\"color: #ffffff; font-size: 14pt; font-family: 'times new roman', times, serif;\">\u00c9cran tactile r\u00e9sistif<\/span><\/strong><\/div>\n<div><span style=\"color: #ffffff; font-size: 14pt; font-family: 'times new roman', times, serif;\">\u00b7 \u00c9cran LCD couleur, affichage des param\u00e8tres en chiffres complets<\/span><\/div>\n<div><span style=\"color: #ffffff; font-size: 14pt; font-family: 'times new roman', times, serif;\">\u00b7 Conversion automatique entre RPM et RCF<\/span><\/div>\n<div><span style=\"color: #ffffff; font-size: 14pt; font-family: 'times new roman', times, serif;\">\u00b7 \u00c9cran tactile r\u00e9sistif, l&#039;appareil peut \u00eatre utilis\u00e9 normalement m\u00eame avec des gants<\/span><\/div>\n<div><span style=\"color: #ffffff; font-size: 14pt; font-family: 'times new roman', times, serif;\">\u00b7 Peut modifier les param\u00e8tres en cours d&#039;ex\u00e9cution<\/span><\/div>\n<div><span style=\"color: #ffffff; font-size: 14pt; font-family: 'times new roman', times, serif;\"><strong>Serrure de porte intelligente<\/strong>:Boucle de porte en acier + serrure de porte intelligente, rendant le travail centrifuge plus pratique\u00a0;<\/span><\/div>\n<div><span style=\"color: #ffffff; font-size: 14pt; font-family: 'times new roman', times, serif;\"><strong>Verrouillage automatique des portes \u00e0 induction<\/strong>, surveille activement l&#039;\u00e9tat d&#039;ouverture et de fermeture de la porte et ouvre automatiquement la porte apr\u00e8s la centrifugation, ce qui est pratique pour pr\u00e9lever des \u00e9chantillons.<\/span><\/div>\n<div><\/div>\n<div><span style=\"color: #ffffff; font-size: 14pt; font-family: 'times new roman', times, serif;\"><strong>Amortissement de la porte ouverte<\/strong>:La conception de la porte d&#039;amortissement, une fois le travail centrifuge termin\u00e9, la porte s&#039;ouvre automatiquement lentement, il n&#039;y a aucune vibration dans l&#039;ensemble du processus.<\/span><\/div>\n<div><\/div>\n<div><span style=\"color: #ffffff; font-size: 14pt; font-family: 'times new roman', times, serif;\"><strong>Base \u00e0 ventouse bionique<\/strong>:Il adopte une ventouse bionique \u00e0 forte adsorption, simple \u00e0 fixer et facile \u00e0 d\u00e9placer.<\/span><\/div>\n<div><span style=\"color: #ffffff; font-size: 14pt; font-family: 'times new roman', times, serif;\"><strong>Couvercle de rotor magn\u00e9tique<\/strong>:Le couvercle du rotor auto-adsorbant hautement magn\u00e9tique<\/span><\/div>\n<\/div>\n<p><span style=\"font-size: 18pt;\"><strong><span style=\"color: #ffffff; font-family: 'times new roman', times, serif;\">Plus s\u00fbr<\/span><\/strong><\/span><\/p>\n<div>\n<div><strong><span style=\"color: #ffffff; font-size: 14pt; font-family: 'times new roman', times, serif;\">Rev\u00eatement int\u00e9rieur en alliage d&#039;aluminium<\/span><\/strong><\/div>\n<div><span style=\"color: #ffffff; font-size: 14pt; font-family: 'times new roman', times, serif;\">Le couvercle int\u00e9rieur en alliage d&#039;aluminium ultra-dur rend l&#039;op\u00e9ration plus s\u00fbre ; en m\u00eame temps, la sortie d&#039;air interne peut dissiper rapidement la chaleur.<\/span><\/div>\n<div><\/div>\n<div><strong><span style=\"color: #ffffff; font-size: 14pt; font-family: 'times new roman', times, serif;\">Tige en acier inoxydable de 10 mm<\/span><\/strong><\/div>\n<div><span style=\"color: #ffffff; font-size: 14pt; font-family: 'times new roman', times, serif;\">La connexion entre le couvercle de la porte et le corps est constitu\u00e9e d&#039;un arbre en acier inoxydable, et la porte a \u00e9t\u00e9 ouverte et ferm\u00e9e plus de 100 000 fois sans dommage lors de l&#039;exp\u00e9rience, ce qui la rend plus s\u00fbre \u00e0 utiliser.<\/span><\/div>\n<div><\/div>\n<div><strong><span style=\"color: #ffffff; font-size: 14pt; font-family: 'times new roman', times, serif;\">Couvercle de rotor en acier inoxydable<\/span><\/strong><\/div>\n<div><span style=\"color: #ffffff; font-size: 14pt; font-family: 'times new roman', times, serif;\">Le couvercle de rotor sp\u00e9cial en acier inoxydable est \u00e9quip\u00e9 d&#039;une interface magn\u00e9tique de pr\u00e9l\u00e8vement et de placement, ce qui permet d&#039;\u00e9conomiser du temps et des efforts lors du pr\u00e9l\u00e8vement et du placement des \u00e9chantillons.<\/span><\/div>\n<\/div>\n<\/td>\n<td style=\"width: 41.8458%;\"><img fetchpriority=\"high\" decoding=\"async\" class=\"alignnone size-full wp-image-22095\" src=\"https:\/\/lexamedlab.com\/wp-content\/uploads\/2025\/05\/44-2-1.webp\" alt=\"\" width=\"1000\" height=\"1000\" \/><\/td>\n<\/tr>\n<\/tbody>\n<\/table>\n<blockquote><p><strong><span style=\"font-family: 'times new roman', times, serif; font-size: 18pt;\">&gt;Rotors disponibles\u00a0 \u00a0<\/span><\/strong><\/p><\/blockquote>\n<table style=\"border-collapse: collapse; width: 100%; height: 142px;\">\n<tbody>\n<tr style=\"height: 30px;\">\n<td style=\"width: 50%; height: 30px;\"><img decoding=\"async\" class=\"alignnone  wp-image-22096\" src=\"https:\/\/lexamedlab.com\/wp-content\/uploads\/2025\/05\/12x1-5-h15k-1.webp\" alt=\"\" width=\"359\" height=\"239\" \/><\/td>\n<td style=\"width: 50%; height: 30px;\"><img decoding=\"async\" class=\"alignnone  wp-image-22097\" src=\"https:\/\/lexamedlab.com\/wp-content\/uploads\/2025\/05\/8x5ml-h15k-1.webp\" alt=\"\" width=\"396\" height=\"264\" \/><\/td>\n<\/tr>\n<tr style=\"height: 112px;\">\n<td style=\"width: 50%; height: 112px;\">\n<div><span style=\"color: #000000; font-size: 14pt; font-family: 'times new roman', times, serif;\">Rotor : Rotor \u00e0 angle fixe (standard)<\/span><\/div>\n<div><span style=\"color: #000000; font-size: 14pt; font-family: 'times new roman', times, serif;\">Capacit\u00e9 : 12\u00d71,5\/2,2 ml<\/span><\/div>\n<div><span style=\"color: #000000; font-size: 14pt; font-family: 'times new roman', times, serif;\">Vitesse maximale : 16 500 tr\/min<\/span><\/div>\n<div><span style=\"color: #000000; font-size: 14pt; font-family: 'times new roman', times, serif;\">FCR maximale\u00a0: 18\u00a0262\u00a0\u00d7\u00a0g<\/span><\/div>\n<\/td>\n<td style=\"width: 50%; height: 112px;\">\n<div><span style=\"color: #000000; font-size: 14pt; font-family: 'times new roman', times, serif;\">Rotor : Rotor \u00e0 angle fixe (en option)<\/span><\/div>\n<div><span style=\"color: #000000; font-size: 14pt; font-family: 'times new roman', times, serif;\">Capacit\u00e9 : 8x5ml<\/span><\/div>\n<div><span style=\"color: #000000; font-size: 14pt; font-family: 'times new roman', times, serif;\">Vitesse maximale : 16 500 tr\/min<\/span><\/div>\n<div><span style=\"color: #000000; font-size: 14pt; font-family: 'times new roman', times, serif;\">FCR maximale\u00a0: 18\u00a0262\u00a0\u00d7\u00a0g<\/span><\/div>\n<\/td>\n<\/tr>\n<\/tbody>\n<\/table>","protected":false},"excerpt":{"rendered":"<div>\n<div>\n<p><span style=\"font-size: 14pt; font-family: 'times new roman', times, serif;\">La micro-centrifugeuse haute vitesse H16S est \u00e9quip\u00e9e d&#039;un rotor angulaire de 12 x 1,5\/2,2 ml (avec adaptateur 0,2\/0,5 ml). Compacte, facile \u00e0 utiliser, elle est rapide, silencieuse et offre une vitesse de levage rapide.<\/span><\/p>\n<\/div>\n<ul>\n<li><span style=\"font-size: 14pt; font-family: 'times new roman', times, serif;\">Vitesse maximale\u00a0 \u00a0 \u00a0 \u00a0 \u00a0 \u00a0 \u00a0 \u00a0 \u00a0<span class=\"item-val\">16 500 tr\/min<\/span><\/span><\/li>\n<li><span style=\"font-size: 14pt; font-family: 'times new roman', times, serif;\">FCR maximale\u00a0 \u00a0 \u00a0 \u00a0 \u00a0 \u00a0 \u00a0 \u00a0 \u00a0 <span class=\"item-val\">18262xg<\/span><\/span><\/li>\n<li><span style=\"font-size: 14pt; font-family: 'times new roman', times, serif;\">Capacit\u00e9 standard\u00a0 \u00a0 \u00a0<span class=\"item-val\">12*1,5\/2,2 ml<\/span><\/span><\/li>\n<li><span style=\"font-size: 14pt; font-family: 'times new roman', times, serif;\">Plage de minuterie\u00a0 \u00a0 \u00a0 \u00a0 \u00a0 \u00a0 \u00a0 <span class=\"item-val\">1s \u00e0 99m59s<\/span><\/span><\/li>\n<li><span style=\"font-size: 14pt; font-family: 'times new roman', times, serif;\">Pr\u00e9cision de la vitesse\u00a0 \u00a0 \u00a0 \u00a0 <span class=\"item-val\">\u00b110 tr\/min<\/span><\/span><\/li>\n<li><span style=\"font-size: 14pt; font-family: 'times new roman', times, serif;\">Bruit\u00a0 \u00a0 \u00a0 \u00a0 \u00a0 \u00a0 \u00a0 \u00a0 \u00a0 \u00a0 \u00a0 \u00a0<span class=\"item-val\">\u2264 56 dB (A)<\/span><\/span><\/li>\n<li><span style=\"font-size: 14pt; font-family: 'times new roman', times, serif;\">Alimentation \u00e9lectrique\u00a0 \u00a0 \u00a0 \u00a0 \u00a0 <span class=\"item-val\">100v-250v<\/span><\/span><\/li>\n<li><span style=\"font-size: 14pt; font-family: 'times new roman', times, serif;\">Dimension\u00a0 \u00a0 \u00a0 \u00a0 \u00a0 \u00a0 \u00a0 <span class=\"item-val\">240x220x170mm<\/span><\/span><\/li>\n<li><span style=\"font-size: 14pt; font-family: 'times new roman', times, serif;\">Poids net\u00a0 \u00a0 \u00a0 \u00a0 \u00a0 \u00a0 \u00a0 <span class=\"item-val\">3,8 kg<\/span><\/span><\/li>\n<\/ul>\n<\/div>\n<ul>\n<li><\/li>\n<\/ul>","protected":false},"featured_media":22095,"comment_status":"open","ping_status":"closed","template":"","meta":{"_acf_changed":false},"product_brand":[],"product_cat":[20,80,88],"product_tag":[],"class_list":{"0":"post-22093","1":"product","2":"type-product","3":"status-publish","4":"has-post-thumbnail","6":"product_cat-all","7":"product_cat-centrifuge","8":"product_cat-high-speed-centrifuge","10":"first","11":"instock","12":"shipping-taxable","13":"product-type-simple"},"acf":[],"_links":{"self":[{"href":"https:\/\/lexamedlab.com\/fr\/wp-json\/wp\/v2\/product\/22093","targetHints":{"allow":["GET"]}}],"collection":[{"href":"https:\/\/lexamedlab.com\/fr\/wp-json\/wp\/v2\/product"}],"about":[{"href":"https:\/\/lexamedlab.com\/fr\/wp-json\/wp\/v2\/types\/product"}],"replies":[{"embeddable":true,"href":"https:\/\/lexamedlab.com\/fr\/wp-json\/wp\/v2\/comments?post=22093"}],"version-history":[{"count":1,"href":"https:\/\/lexamedlab.com\/fr\/wp-json\/wp\/v2\/product\/22093\/revisions"}],"predecessor-version":[{"id":22098,"href":"https:\/\/lexamedlab.com\/fr\/wp-json\/wp\/v2\/product\/22093\/revisions\/22098"}],"wp:featuredmedia":[{"embeddable":true,"href":"https:\/\/lexamedlab.com\/fr\/wp-json\/wp\/v2\/media\/22095"}],"wp:attachment":[{"href":"https:\/\/lexamedlab.com\/fr\/wp-json\/wp\/v2\/media?parent=22093"}],"wp:term":[{"taxonomy":"product_brand","embeddable":true,"href":"https:\/\/lexamedlab.com\/fr\/wp-json\/wp\/v2\/product_brand?post=22093"},{"taxonomy":"product_cat","embeddable":true,"href":"https:\/\/lexamedlab.com\/fr\/wp-json\/wp\/v2\/product_cat?post=22093"},{"taxonomy":"product_tag","embeddable":true,"href":"https:\/\/lexamedlab.com\/fr\/wp-json\/wp\/v2\/product_tag?post=22093"}],"curies":[{"name":"wp","href":"https:\/\/api.w.org\/{rel}","templated":true}]}}