{"id":22442,"date":"2025-05-22T02:47:41","date_gmt":"2025-05-22T02:47:41","guid":{"rendered":"https:\/\/lexamedlab.com\/?post_type=product&#038;p=22442"},"modified":"2025-05-28T17:16:39","modified_gmt":"2025-05-28T17:16:39","slug":"floor-standing-low-speed-refrigerated-centrifuge-machine-ld-5m","status":"publish","type":"product","link":"https:\/\/lexamedlab.com\/fr\/product\/floor-standing-low-speed-refrigerated-centrifuge-machine-ld-5m\/","title":{"rendered":"Centrifugeuse r\u00e9frig\u00e9r\u00e9e basse vitesse au sol LD-5M"},"content":{"rendered":"<blockquote><p><strong><span style=\"font-family: 'times new roman', times, serif; font-size: 18pt;\">&gt;Caract\u00e9ristiques<\/span><\/strong><\/p><\/blockquote>\n<table style=\"width: 100%; border-collapse: collapse; background-color: #53a1cc; height: 48px;\">\n<tbody>\n<tr style=\"height: 24px;\">\n<td style=\"width: 50%; height: 24px;\">\n<div><span style=\"color: #ffffff; font-size: 18pt; font-family: 'times new roman', times, serif;\"><strong>Fonction conviviale\u00a0<\/strong><\/span><\/div>\n<div>\n<div><span style=\"color: #ffffff; font-size: 14pt; font-family: 'times new roman', times, serif;\">&gt;jusqu&#039;\u00e0 1000 programmes d\u00e9finis par l&#039;utilisateur<\/span><\/div>\n<div><span style=\"color: #ffffff; font-size: 14pt; font-family: 'times new roman', times, serif;\">&gt;jusqu&#039;\u00e0 100 000 historiques d&#039;ex\u00e9cution, peuvent \u00eatre export\u00e9s sous forme de fichier PDF<\/span><\/div>\n<div><span style=\"color: #ffffff; font-size: 14pt; font-family: 'times new roman', times, serif;\">&gt;jusqu&#039;\u00e0 40 taux d&#039;acc\u00e9l\u00e9ration et de d\u00e9c\u00e9l\u00e9ration, d\u00e9c\u00e9l\u00e9rations\u00a0<\/span><\/div>\n<div><span style=\"color: #ffffff; font-size: 14pt; font-family: 'times new roman', times, serif;\">\u00a0 \u00a0courber lentement de 600 tr\/min \u00e0 0 tr\/min pour \u00e9viter que les \u00e9chantillons ne tremblent<\/span><\/div>\n<div><span style=\"color: #ffffff; font-size: 14pt; font-family: 'times new roman', times, serif;\">&gt;Mode de centrifugation multi-\u00e9tages jusqu&#039;\u00e0 7 \u00e9tapes disponible<\/span><\/div>\n<div><span style=\"color: #ffffff; font-size: 14pt; font-family: 'times new roman', times, serif;\">&gt;Plage de minuterie jusqu&#039;\u00e0 99h59m59s, incr\u00e9ment de 1s<\/span><\/div>\n<div><span style=\"color: #ffffff; font-size: 14pt; font-family: 'times new roman', times, serif;\">&gt;Prend en charge l&#039;essorage court et la centrifugation continue<\/span><\/div>\n<div><span style=\"color: #ffffff; font-size: 14pt; font-family: 'times new roman', times, serif;\">&gt;\u00c9cran tactile LCD pour la visualisation et le r\u00e9glage des param\u00e8tres<\/span><\/div>\n<\/div>\n<\/td>\n<td style=\"width: 50%; height: 24px;\">\n<div><span style=\"color: #ffffff; font-size: 14pt; font-family: 'times new roman', times, serif;\"><strong><span style=\"font-size: 18pt;\">R\u00e9frig\u00e9ration<\/span>\u00a0<\/strong><\/span><\/div>\n<div>\n<div><span style=\"color: #ffffff; font-size: 14pt; font-family: 'times new roman', times, serif;\">&gt;Unit\u00e9 de compresseur de haute qualit\u00e9<\/span><\/div>\n<div><span style=\"color: #ffffff; font-size: 14pt; font-family: 'times new roman', times, serif;\">&gt;-20\u00b0C \u00e0 +40\u00b0C, incr\u00e9ment de 1\u00b0C<\/span><\/div>\n<div><span style=\"color: #ffffff; font-size: 14pt; font-family: 'times new roman', times, serif;\">Pr\u00e9cision de temp\u00e9rature \u00e9lev\u00e9e &gt;\u00b11\u2103<\/span><\/div>\n<div><span style=\"color: #ffffff; font-size: 14pt; font-family: 'times new roman', times, serif;\">&gt;R\u00e9frig\u00e9rant sans CFC<\/span><\/div>\n<div><span style=\"color: #ffffff; font-size: 14pt; font-family: 'times new roman', times, serif;\">&gt;Contr\u00f4le dynamique de la temp\u00e9rature PID<\/span><\/div>\n<div><span style=\"color: #ffffff; font-size: 14pt; font-family: 'times new roman', times, serif;\">&gt;Capteur de temp\u00e9rature \u00e0 l&#039;int\u00e9rieur de la chambre<\/span><\/div>\n<div><span style=\"color: #ffffff; font-size: 14pt; font-family: 'times new roman', times, serif;\">&gt;D\u00e9marre la r\u00e9frig\u00e9ration \u00e0 la mise sous tension<\/span><\/div>\n<div><span style=\"color: #ffffff; font-size: 14pt; font-family: 'times new roman', times, serif;\">&gt;Maintient la r\u00e9frig\u00e9ration apr\u00e8s l&#039;essorage<\/span><\/div>\n<div><span style=\"color: #ffffff; font-size: 14pt; font-family: 'times new roman', times, serif;\">&gt;Avec module d&#039;\u00e9conomie d&#039;\u00e9nergie ECO<\/span><\/div>\n<\/div>\n<\/td>\n<\/tr>\n<tr style=\"height: 24px;\">\n<td style=\"width: 50%; height: 24px;\">\n<div><span style=\"color: #ffffff; font-size: 18pt; font-family: 'times new roman', times, serif;\"><strong>Assurer la s\u00e9curit\u00e9\u00a0<\/strong><\/span><\/div>\n<div>\n<div><span style=\"color: #ffffff; font-size: 14pt; font-family: 'times new roman', times, serif;\">&gt;D\u00e9tection de d\u00e9s\u00e9quilibre par gyroscope \u00e0 trois axes<\/span><\/div>\n<div><span style=\"color: #ffffff; font-size: 14pt; font-family: 'times new roman', times, serif;\">&gt;Serrure de porte \u00e9lectronique motoris\u00e9e<\/span><\/div>\n<div><span style=\"color: #ffffff; font-size: 14pt; font-family: 'times new roman', times, serif;\">&gt;La porte ne peut pas \u00eatre ouverte lorsque le rotor tourne<\/span><\/div>\n<div><span style=\"color: #ffffff; font-size: 14pt; font-family: 'times new roman', times, serif;\">&gt;Charni\u00e8res \u00e0 gaz pour emp\u00eacher la chute de la porte<\/span><\/div>\n<div><span style=\"color: #ffffff; font-size: 14pt; font-family: 'times new roman', times, serif;\">&gt;Port dans la porte pour l&#039;\u00e9talonnage et le contr\u00f4le du fonctionnement<\/span><\/div>\n<div><span style=\"color: #ffffff; font-size: 14pt; font-family: 'times new roman', times, serif;\">&gt;D\u00e9verrouillage d&#039;urgence des portes<\/span><\/div>\n<div><span style=\"color: #ffffff; font-size: 14pt; font-family: 'times new roman', times, serif;\">&gt;Mot de passe pour verrouiller l&#039;appareil<\/span><\/div>\n<div><span style=\"color: #ffffff; font-size: 14pt; font-family: 'times new roman', times, serif;\">&gt;Diverses protections pour assurer une centrifugation en toute s\u00e9curit\u00e9<\/span><\/div>\n<div><span style=\"color: #ffffff; font-size: 14pt; font-family: 'times new roman', times, serif;\">&gt;Avec un manuel d&#039;instructions \u00e9lectronique qui ne sera jamais perdu<\/span><\/div>\n<\/div>\n<\/td>\n<td style=\"width: 50%; height: 24px;\">\n<div><span style=\"color: #ffffff; font-size: 18pt; font-family: 'times new roman', times, serif;\"><strong>De bons composants<\/strong><\/span><\/div>\n<div>\n<div><span style=\"color: #ffffff; font-size: 14pt; font-family: 'times new roman', times, serif;\">&gt;Moteur : Moteur \u00e0 fr\u00e9quence variable.<\/span><\/div>\n<div><span style=\"color: #ffffff; font-size: 14pt; font-family: 'times new roman', times, serif;\">\u00a0 \u00a0fonctionnement stable, sans entretien, longue dur\u00e9e de vie<\/span><\/div>\n<div><span style=\"color: #ffffff; font-size: 14pt; font-family: 'times new roman', times, serif;\">&gt;Bo\u00eetier : Acier \u00e9pais et r\u00e9sistant<\/span><\/div>\n<div><span style=\"color: #ffffff; font-size: 14pt; font-family: 'times new roman', times, serif;\">&gt;Chambre : Acier inoxydable 316 de qualit\u00e9 m\u00e9dicale.<\/span><\/div>\n<div><span style=\"color: #ffffff; font-size: 14pt; font-family: 'times new roman', times, serif;\">\u00a0 \u00a0anticorrosion et facile \u00e0 nettoyer<\/span><\/div>\n<div><span style=\"color: #ffffff; font-size: 14pt; font-family: 'times new roman', times, serif;\">&gt;Rotor : Rotor pivotant en acier\/acier inoxydable.<\/span><\/div>\n<div><span style=\"color: #ffffff; font-size: 14pt; font-family: 'times new roman', times, serif;\">&gt;Les rotors sont autoclavables\u00a0<\/span><\/div>\n<\/div>\n<\/td>\n<\/tr>\n<\/tbody>\n<\/table>\n<blockquote><p><span style=\"font-family: 'times new roman', times, serif;\"><strong><span style=\"font-size: 18pt;\">Rotors disponibles<\/span><\/strong><\/span><\/p>\n<p><img fetchpriority=\"high\" decoding=\"async\" class=\"alignnone size-full wp-image-22443\" src=\"https:\/\/lexamedlab.com\/wp-content\/uploads\/2025\/05\/ld-5m-1-scaled.webp\" alt=\"\" width=\"2560\" height=\"1089\" \/> <img decoding=\"async\" class=\"alignnone size-medium wp-image-22444\" src=\"https:\/\/lexamedlab.com\/wp-content\/uploads\/2025\/05\/ld-5m-2-scaled.webp\" alt=\"\" width=\"2560\" height=\"1067\" \/> <img decoding=\"async\" class=\"alignnone size-medium wp-image-22445\" src=\"https:\/\/lexamedlab.com\/wp-content\/uploads\/2025\/05\/ld-5m-3-scaled.webp\" alt=\"\" width=\"2560\" height=\"1112\" \/><\/p><\/blockquote>","protected":false},"excerpt":{"rendered":"<div>\n<div class=\"editor-text-wrap\"><span style=\"font-family: 'times new roman', times, serif; font-size: 14pt;\">La LD-5M est une centrifugeuse r\u00e9frig\u00e9r\u00e9e basse vitesse sur pied. Elle peut accueillir des rotors oscillants variables pour diff\u00e9rents tubes de 0,2 ml \u00e0 800 ml.<\/span><\/div>\n<\/div>\n<ul>\n<li><span style=\"font-family: 'times new roman', times, serif; font-size: 14pt;\">Vitesse maximale\u00a0 \u00a0 \u00a0 \u00a0 \u00a0 \u00a0 \u00a0 \u00a0 \u00a0 \u00a0 \u00a0 \u00a0 \u00a0<span class=\"item-val\">5000 tr\/min<\/span><\/span><\/li>\n<li><span style=\"font-family: 'times new roman', times, serif; font-size: 14pt;\">FCR maximale\u00a0 \u00a0 \u00a0 \u00a0 \u00a0 \u00a0 \u00a0 \u00a0 \u00a0 \u00a0 \u00a0 \u00a0 \u00a0 \u00a0<span class=\"item-val\">5200Xg<\/span><\/span><\/li>\n<li><span style=\"font-family: 'times new roman', times, serif; font-size: 14pt;\">Capacit\u00e9 maximale\u00a0 \u00a0 \u00a0 \u00a0 \u00a0 \u00a0 \u00a0 \u00a0 \u00a0 \u00a0 \u00a0<span class=\"item-val\">4*800ml (4000 tr\/min)<\/span><\/span><\/li>\n<li><span style=\"font-family: 'times new roman', times, serif; font-size: 14pt;\">Plage de temp\u00e9rature\u00a0 \u00a0 \u00a0 \u00a0 \u00a0 \u00a0<span class=\"item-val\">-20\u2103-40\u2103<\/span><\/span><\/li>\n<li><span style=\"font-family: 'times new roman', times, serif; font-size: 14pt;\">Pr\u00e9cision de la temp\u00e9rature\u00a0 \u00a0 \u00a0 <span class=\"item-val\">\u00b11\u2103<\/span><\/span><\/li>\n<li><span style=\"font-family: 'times new roman', times, serif; font-size: 14pt;\">Pr\u00e9cision de la vitesse\u00a0 \u00a0 \u00a0 \u00a0 \u00a0 \u00a0 \u00a0 \u00a0 <span class=\"item-val\">\u00b110 tr\/min<\/span><\/span><\/li>\n<li><span style=\"font-family: 'times new roman', times, serif; font-size: 14pt;\">Poids\u00a0 \u00a0 \u00a0 \u00a0 \u00a0 \u00a0 \u00a0 \u00a0 \u00a0 \u00a0 \u00a0 \u00a0 \u00a0 \u00a0 \u00a0 <span class=\"item-val\">136 kg<\/span><\/span><\/li>\n<\/ul>","protected":false},"featured_media":22447,"comment_status":"open","ping_status":"closed","template":"","meta":{"_acf_changed":false},"product_brand":[],"product_cat":[20,80,92,87,90],"product_tag":[],"class_list":{"0":"post-22442","1":"product","2":"type-product","3":"status-publish","4":"has-post-thumbnail","6":"product_cat-all","7":"product_cat-centrifuge","8":"product_cat-floorstanding-low-speed-refrigerated-centrifuge","9":"product_cat-low-speed-centrifuge","10":"product_cat-low-speed-refrigerated-centrifuge","12":"first","13":"instock","14":"shipping-taxable","15":"product-type-simple"},"acf":[],"_links":{"self":[{"href":"https:\/\/lexamedlab.com\/fr\/wp-json\/wp\/v2\/product\/22442","targetHints":{"allow":["GET"]}}],"collection":[{"href":"https:\/\/lexamedlab.com\/fr\/wp-json\/wp\/v2\/product"}],"about":[{"href":"https:\/\/lexamedlab.com\/fr\/wp-json\/wp\/v2\/types\/product"}],"replies":[{"embeddable":true,"href":"https:\/\/lexamedlab.com\/fr\/wp-json\/wp\/v2\/comments?post=22442"}],"version-history":[{"count":1,"href":"https:\/\/lexamedlab.com\/fr\/wp-json\/wp\/v2\/product\/22442\/revisions"}],"predecessor-version":[{"id":22451,"href":"https:\/\/lexamedlab.com\/fr\/wp-json\/wp\/v2\/product\/22442\/revisions\/22451"}],"wp:featuredmedia":[{"embeddable":true,"href":"https:\/\/lexamedlab.com\/fr\/wp-json\/wp\/v2\/media\/22447"}],"wp:attachment":[{"href":"https:\/\/lexamedlab.com\/fr\/wp-json\/wp\/v2\/media?parent=22442"}],"wp:term":[{"taxonomy":"product_brand","embeddable":true,"href":"https:\/\/lexamedlab.com\/fr\/wp-json\/wp\/v2\/product_brand?post=22442"},{"taxonomy":"product_cat","embeddable":true,"href":"https:\/\/lexamedlab.com\/fr\/wp-json\/wp\/v2\/product_cat?post=22442"},{"taxonomy":"product_tag","embeddable":true,"href":"https:\/\/lexamedlab.com\/fr\/wp-json\/wp\/v2\/product_tag?post=22442"}],"curies":[{"name":"wp","href":"https:\/\/api.w.org\/{rel}","templated":true}]}}